{"id":1002,"date":"2026-05-03T13:34:04","date_gmt":"2026-05-03T12:34:04","guid":{"rendered":"https:\/\/blogg.folkuniversitetet.nu\/karlch\/?page_id=1002"},"modified":"2026-05-03T13:34:04","modified_gmt":"2026-05-03T12:34:04","slug":"a1-del-2-3-maj","status":"publish","type":"page","link":"https:\/\/blogg.folkuniversitetet.nu\/karlch\/a1-del-2-3-maj\/","title":{"rendered":"A1 del 2: 3 maj"},"content":{"rendered":"<p>Vi startade lektionen med en konversations\u00f6vning. Ni planerar aktiviteter ihop.<\/p>\n<p>Efter det l\u00e4ste ni upp era texter om en k\u00e4nd person. Vi gissade vem det kan vara.<\/p>\n<p>Sedan arbetade vi med sida 74 i textboken.<\/p>\n<p>I kapitel 7 arbetade vi med sidorna 75 &#8211; 77.<\/p>\n<p>Till sist lekte vi en lek. I grupper t\u00e4nkte en person p\u00e5 en k\u00e4nd person (Jesus, Elvis Presley, Kronprinsessan Viktoria), de andra st\u00e4ller ja-\/nejfr\u00e5gor. Kan de gissa vem hen t\u00e4nker p\u00e5?<\/p>\n<p><strong>L\u00e4xa<\/strong>:<br \/>\nTextboken: L\u00e4s texten p\u00e5 sida 78 &#8211; 79 och kontrollera vokabul\u00e4r. G\u00f6r \u00f6vning A p\u00e5 sida 80.<br \/>\n\u00d6vningsboken: s. 78 &#8211; 88. Prioritera det du tycker \u00e4r mest relevant! Om du har tid att g\u00f6ra allt \u00e4r det toppen, men okej att inte g\u00f6ra 100 %.<\/p>\n","protected":false},"excerpt":{"rendered":"<p>Vi startade lektionen med en konversations\u00f6vning. Ni planerar aktiviteter ihop. Efter det l\u00e4ste ni upp era texter om en k\u00e4nd person. Vi gissade vem det kan vara. Sedan arbetade vi med sida 74 i textboken. I kapitel 7 arbetade vi med sidorna 75 &#8211; 77. Till sist lekte vi en lek. I grupper t\u00e4nkte en [&hellip;]<\/p>\n","protected":false},"author":899,"featured_media":0,"parent":0,"menu_order":0,"comment_status":"closed","ping_status":"closed","template":"","meta":{"footnotes":""},"class_list":["post-1002","page","type-page","status-publish","hentry","post-preview"],"_links":{"self":[{"href":"https:\/\/blogg.folkuniversitetet.nu\/karlch\/wp-json\/wp\/v2\/pages\/1002","targetHints":{"allow":["GET"]}}],"collection":[{"href":"https:\/\/blogg.folkuniversitetet.nu\/karlch\/wp-json\/wp\/v2\/pages"}],"about":[{"href":"https:\/\/blogg.folkuniversitetet.nu\/karlch\/wp-json\/wp\/v2\/types\/page"}],"author":[{"embeddable":true,"href":"https:\/\/blogg.folkuniversitetet.nu\/karlch\/wp-json\/wp\/v2\/users\/899"}],"replies":[{"embeddable":true,"href":"https:\/\/blogg.folkuniversitetet.nu\/karlch\/wp-json\/wp\/v2\/comments?post=1002"}],"version-history":[{"count":1,"href":"https:\/\/blogg.folkuniversitetet.nu\/karlch\/wp-json\/wp\/v2\/pages\/1002\/revisions"}],"predecessor-version":[{"id":1003,"href":"https:\/\/blogg.folkuniversitetet.nu\/karlch\/wp-json\/wp\/v2\/pages\/1002\/revisions\/1003"}],"wp:attachment":[{"href":"https:\/\/blogg.folkuniversitetet.nu\/karlch\/wp-json\/wp\/v2\/media?parent=1002"}],"curies":[{"name":"wp","href":"https:\/\/api.w.org\/{rel}","templated":true}]}}