{"id":10,"date":"2023-03-07T09:22:19","date_gmt":"2023-03-07T08:22:19","guid":{"rendered":"https:\/\/blogg.folkuniversitetet.nu\/karlch\/?page_id=10"},"modified":"2023-03-18T00:00:20","modified_gmt":"2023-03-17T23:00:20","slug":"lankar","status":"publish","type":"page","link":"https:\/\/blogg.folkuniversitetet.nu\/karlch\/lankar\/","title":{"rendered":"L\u00e4nkar"},"content":{"rendered":"<p><a href=\"https:\/\/svenska.se\/\">Svenska Akademiens ordb\u00f6cker online!\u00a0<\/a><br \/>\nS\u00f6k p\u00e5 svenska ord och f\u00e5 definition, exempel, och ordets olika former.<\/p>\n<p><a href=\"https:\/\/www.svtplay.se\/nyheter-pa-latt-svenska\">SVT play: Nyheter p\u00e5 l\u00e4tt svenska<\/a><br \/>\nLyssna och titta p\u00e5 nyhetss\u00e4ndningar p\u00e5 l\u00e4tt svenska<\/p>\n<p><a href=\"https:\/\/8sidor.se\/\">8 sidor<\/a><br \/>\nL\u00e4ttl\u00e4sta nyheter<\/p>\n<p><a href=\"http:\/\/swedia.ling.gu.se\/\">Svenska dialekter<\/a><br \/>\nLyssna p\u00e5 intervjuer med personer fr\u00e5n olika delar i Sverige. H\u00f6r du skillnaden i uttalet?<\/p>\n","protected":false},"excerpt":{"rendered":"<p>Svenska Akademiens ordb\u00f6cker online!\u00a0 S\u00f6k p\u00e5 svenska ord och f\u00e5 definition, exempel, och ordets olika former. SVT play: Nyheter p\u00e5 l\u00e4tt svenska Lyssna och titta p\u00e5 nyhetss\u00e4ndningar p\u00e5 l\u00e4tt svenska 8 sidor L\u00e4ttl\u00e4sta nyheter Svenska dialekter Lyssna p\u00e5 intervjuer med personer fr\u00e5n olika delar i Sverige. H\u00f6r du skillnaden i uttalet?<\/p>\n","protected":false},"author":107,"featured_media":0,"parent":0,"menu_order":0,"comment_status":"closed","ping_status":"closed","template":"","meta":{"footnotes":""},"class_list":["post-10","page","type-page","status-publish","hentry","post-preview"],"_links":{"self":[{"href":"https:\/\/blogg.folkuniversitetet.nu\/karlch\/wp-json\/wp\/v2\/pages\/10","targetHints":{"allow":["GET"]}}],"collection":[{"href":"https:\/\/blogg.folkuniversitetet.nu\/karlch\/wp-json\/wp\/v2\/pages"}],"about":[{"href":"https:\/\/blogg.folkuniversitetet.nu\/karlch\/wp-json\/wp\/v2\/types\/page"}],"author":[{"embeddable":true,"href":"https:\/\/blogg.folkuniversitetet.nu\/karlch\/wp-json\/wp\/v2\/users\/107"}],"replies":[{"embeddable":true,"href":"https:\/\/blogg.folkuniversitetet.nu\/karlch\/wp-json\/wp\/v2\/comments?post=10"}],"version-history":[{"count":3,"href":"https:\/\/blogg.folkuniversitetet.nu\/karlch\/wp-json\/wp\/v2\/pages\/10\/revisions"}],"predecessor-version":[{"id":70,"href":"https:\/\/blogg.folkuniversitetet.nu\/karlch\/wp-json\/wp\/v2\/pages\/10\/revisions\/70"}],"wp:attachment":[{"href":"https:\/\/blogg.folkuniversitetet.nu\/karlch\/wp-json\/wp\/v2\/media?parent=10"}],"curies":[{"name":"wp","href":"https:\/\/api.w.org\/{rel}","templated":true}]}}