{"id":25,"date":"2014-01-13T15:50:24","date_gmt":"2014-01-13T14:50:24","guid":{"rendered":"http:\/\/blogg.folkuniversitetet.nu\/jongce\/?page_id=25"},"modified":"2014-01-14T22:27:33","modified_gmt":"2014-01-14T21:27:33","slug":"sverige","status":"publish","type":"page","link":"https:\/\/blogg.folkuniversitetet.nu\/jongce\/sverige\/","title":{"rendered":"Sverige"},"content":{"rendered":"<h3>V\u00e4lkommen till <a href=\"http:\/\/www.lund.se\/Medborgare\/Uppleva--gora\/Turistbyra-och-Biljettbyra\/Turistbyran\/\" target=\"_blank\">Lund<\/a>.<\/h3>\n<p>Vad tycker du att man ska titta p\u00e5 om man \u00e4r i ny i Lund?<\/p>\n<p>&nbsp;<\/p>\n","protected":false},"excerpt":{"rendered":"<p>V\u00e4lkommen till Lund. Vad tycker du att man ska titta p\u00e5 om man \u00e4r i ny i Lund? &nbsp;<\/p>\n","protected":false},"author":97,"featured_media":0,"parent":0,"menu_order":0,"comment_status":"open","ping_status":"open","template":"","meta":{"footnotes":""},"class_list":["post-25","page","type-page","status-publish","hentry"],"_links":{"self":[{"href":"https:\/\/blogg.folkuniversitetet.nu\/jongce\/wp-json\/wp\/v2\/pages\/25","targetHints":{"allow":["GET"]}}],"collection":[{"href":"https:\/\/blogg.folkuniversitetet.nu\/jongce\/wp-json\/wp\/v2\/pages"}],"about":[{"href":"https:\/\/blogg.folkuniversitetet.nu\/jongce\/wp-json\/wp\/v2\/types\/page"}],"author":[{"embeddable":true,"href":"https:\/\/blogg.folkuniversitetet.nu\/jongce\/wp-json\/wp\/v2\/users\/97"}],"replies":[{"embeddable":true,"href":"https:\/\/blogg.folkuniversitetet.nu\/jongce\/wp-json\/wp\/v2\/comments?post=25"}],"version-history":[{"count":4,"href":"https:\/\/blogg.folkuniversitetet.nu\/jongce\/wp-json\/wp\/v2\/pages\/25\/revisions"}],"predecessor-version":[{"id":49,"href":"https:\/\/blogg.folkuniversitetet.nu\/jongce\/wp-json\/wp\/v2\/pages\/25\/revisions\/49"}],"wp:attachment":[{"href":"https:\/\/blogg.folkuniversitetet.nu\/jongce\/wp-json\/wp\/v2\/media?parent=25"}],"curies":[{"name":"wp","href":"https:\/\/api.w.org\/{rel}","templated":true}]}}