{"id":50,"date":"2022-09-13T16:38:06","date_gmt":"2022-09-13T14:38:06","guid":{"rendered":"https:\/\/blogg.folkuniversitetet.nu\/johasa\/?page_id=50"},"modified":"2026-01-25T22:03:09","modified_gmt":"2026-01-25T21:03:09","slug":"filmtips","status":"publish","type":"page","link":"https:\/\/blogg.folkuniversitetet.nu\/johasa\/filmtips\/","title":{"rendered":"Film- radio och musiktips"},"content":{"rendered":"<ul>\n<li>Blogg &#8211; Sara L\u00f6vestams blogg p\u00e5 l\u00e4tt svenska:<a href=\"https:\/\/saraslattlasta.wordpress.com\/\">https:\/\/saraslattlasta.wordpress.com\/<\/a><\/li>\n<li>Podd &#8211;<em>Livet p\u00e5 l\u00e4tt svenska<\/em>: <a href=\"https:\/\/poddtoppen.se\/podcast\/1664135550\/livet-pa-latt-svenska\">https:\/\/poddtoppen.se\/podcast\/1664135550\/livet-pa-latt-svenska<\/a><\/li>\n<li>Svenska dialekter:\u00a0<a href=\"https:\/\/urplay.se\/bladdra\/sprak\">https:\/\/urplay.se\/bladdra\/sprak<\/a><\/li>\n<li>Radioprogram &#8211; <em>Meny<\/em>:<a href=\"https:\/\/sverigesradio.se\/avsnitt\/konsten-att-hitta-fantastiska-matstallen-pa-ovantade-platser\"> https:\/\/sverigesradio.se\/avsnitt\/konsten-att-hitta-fantastiska-matstallen-pa-ovantade-platser<\/a><\/li>\n<li>\u00a0Serien <em>Den tunna bl\u00e5 linjen<\/em> som\u00a0 g\u00e5r p\u00e5 SVTplay. Den handlar om livet som polis i Malm\u00f6: <a href=\"https:\/\/www.svtplay.se\/tunna-bla-linjen\">https:\/\/www.svtplay.se\/tunna-bla-linjen<\/a><\/li>\n<li>TV-serie p\u00e5 URplay &#8211; Hitta hem:\u00a0<a href=\"https:\/\/urplay.se\/serie\/217851-hitta-hem\">https:\/\/urplay.se\/serie\/217851-hitta-hem<\/a><\/li>\n<li>Gift vid f\u00f6rsta \u00f6gonkastet:\u00a0<a href=\"https:\/\/www.svtplay.se\/gift-vid-forsta-ogonkastet\">https:\/\/www.svtplay.se\/gift-vid-forsta-ogonkastet<\/a><\/li>\n<li>De f\u00f6rsta fem:\u00a0<a href=\"https:\/\/www.svtplay.se\/video\/ep3YgxB\/forsta-fem-pionjarerna-som-tog-plats-i-riksdagen\">https:\/\/www.svtplay.se\/video\/ep3YgxB\/forsta-fem-pionjarerna-som-tog-plats-i-riksdagen<\/a><\/li>\n<li>Ernst Thiel:<a href=\"https:\/\/www.svtplay.se\/video\/KVkEyrE\/den-besynnerlige-bankiren\">https:\/\/www.svtplay.se\/video\/KVkEyrE\/den-besynnerlige-bankiren<\/a><\/li>\n<li>Hilma af Klint:\u00a0<a href=\"https:\/\/urplay.se\/program\/220434-bildningsbyran-tanka-mot-strommen-hilma-af-klint-konstnar-och-medium\">https:\/\/urplay.se\/program\/220434-bildningsbyran-tanka-mot-strommen-hilma-af-klint-konstnar-och-medium<\/a><\/li>\n<li>Skogskyrkog\u00e5rden:\u00a0<a href=\"https:\/\/www.svtplay.se\/video\/KXYvGBE\/skogskyrkogarden?video=visa&amp;position=2123\">https:\/\/www.svtplay.se\/video\/KXYvGBE\/skogskyrkogarden?video=visa&amp;position=2123<\/a><\/li>\n<li>\u00a0Fr\u00e5ga doktorn: <a href=\"https:\/\/www.svtplay.se\/fraga-doktorn\">https:\/\/www.svtplay.se\/fraga-doktorn<\/a><\/li>\n<li>Humorserie:<a href=\"https:\/\/www.svtplay.se\/kiosken\">https:\/\/www.svtplay.se\/kiosken<\/a><\/li>\n<li>Humorserie:<a href=\"https:\/\/www.svtplay.se\/populara-problem\">https:\/\/www.svtplay.se\/populara-problem<\/a><\/li>\n<li>Realityserie:\u00a0<a href=\"https:\/\/www.svtplay.se\/shaolin-heroes\">https:\/\/www.svtplay.se\/shaolin-heroes<\/a><\/li>\n<li>Nutidshistoria:\u00a0<a href=\"https:\/\/www.svtplay.se\/sa-byggdes-sverige\">https:\/\/www.svtplay.se\/sa-byggdes-sverige<\/a><\/li>\n<li>Fotbollspodd med Erik Niva:\u00a0<a href=\"https:\/\/poddtoppen.se\/podcast\/1484354859\/when-we-were-kings\">https:\/\/poddtoppen.se\/podcast\/1484354859\/when-we-were-kings<\/a><\/li>\n<li>Alex och Sigge:\u00a0<a href=\"https:\/\/poddtoppen.se\/podcast\/534137041\/alex-sigges-podcast\">https:\/\/poddtoppen.se\/podcast\/534137041\/alex-sigges-podcast<\/a><\/li>\n<\/ul>\n","protected":false},"excerpt":{"rendered":"<p>Blogg &#8211; Sara L\u00f6vestams blogg p\u00e5 l\u00e4tt svenska:https:\/\/saraslattlasta.wordpress.com\/ Podd &#8211;Livet p\u00e5 l\u00e4tt svenska: https:\/\/poddtoppen.se\/podcast\/1664135550\/livet-pa-latt-svenska Svenska dialekter:\u00a0https:\/\/urplay.se\/bladdra\/sprak Radioprogram &#8211; Meny: https:\/\/sverigesradio.se\/avsnitt\/konsten-att-hitta-fantastiska-matstallen-pa-ovantade-platser \u00a0Serien Den tunna bl\u00e5 linjen som\u00a0 g\u00e5r p\u00e5 SVTplay. Den handlar om livet som polis i Malm\u00f6: https:\/\/www.svtplay.se\/tunna-bla-linjen TV-serie p\u00e5 URplay &#8211; Hitta hem:\u00a0https:\/\/urplay.se\/serie\/217851-hitta-hem Gift vid f\u00f6rsta \u00f6gonkastet:\u00a0https:\/\/www.svtplay.se\/gift-vid-forsta-ogonkastet De f\u00f6rsta fem:\u00a0https:\/\/www.svtplay.se\/video\/ep3YgxB\/forsta-fem-pionjarerna-som-tog-plats-i-riksdagen Ernst Thiel:https:\/\/www.svtplay.se\/video\/KVkEyrE\/den-besynnerlige-bankiren Hilma af [&hellip;]<\/p>\n","protected":false},"author":882,"featured_media":0,"parent":0,"menu_order":0,"comment_status":"closed","ping_status":"closed","template":"","meta":{"footnotes":""},"class_list":["post-50","page","type-page","status-publish","hentry","post-preview"],"_links":{"self":[{"href":"https:\/\/blogg.folkuniversitetet.nu\/johasa\/wp-json\/wp\/v2\/pages\/50","targetHints":{"allow":["GET"]}}],"collection":[{"href":"https:\/\/blogg.folkuniversitetet.nu\/johasa\/wp-json\/wp\/v2\/pages"}],"about":[{"href":"https:\/\/blogg.folkuniversitetet.nu\/johasa\/wp-json\/wp\/v2\/types\/page"}],"author":[{"embeddable":true,"href":"https:\/\/blogg.folkuniversitetet.nu\/johasa\/wp-json\/wp\/v2\/users\/882"}],"replies":[{"embeddable":true,"href":"https:\/\/blogg.folkuniversitetet.nu\/johasa\/wp-json\/wp\/v2\/comments?post=50"}],"version-history":[{"count":65,"href":"https:\/\/blogg.folkuniversitetet.nu\/johasa\/wp-json\/wp\/v2\/pages\/50\/revisions"}],"predecessor-version":[{"id":2308,"href":"https:\/\/blogg.folkuniversitetet.nu\/johasa\/wp-json\/wp\/v2\/pages\/50\/revisions\/2308"}],"wp:attachment":[{"href":"https:\/\/blogg.folkuniversitetet.nu\/johasa\/wp-json\/wp\/v2\/media?parent=50"}],"curies":[{"name":"wp","href":"https:\/\/api.w.org\/{rel}","templated":true}]}}