{"id":2360,"date":"2026-02-11T15:53:09","date_gmt":"2026-02-11T14:53:09","guid":{"rendered":"https:\/\/blogg.folkuniversitetet.nu\/johasa\/?page_id=2360"},"modified":"2026-02-11T21:29:41","modified_gmt":"2026-02-11T20:29:41","slug":"lektion-11-februari","status":"publish","type":"page","link":"https:\/\/blogg.folkuniversitetet.nu\/johasa\/lektion-11-februari\/","title":{"rendered":"Lektion 11 februari"},"content":{"rendered":"<p><strong><a href=\"http:\/\/blogg.folkuniversitetet.nu\/johasa\/files\/2026\/02\/Bild-11-feb.jpg\"><img loading=\"lazy\" decoding=\"async\" class=\"alignnone size-medium wp-image-2363\" src=\"http:\/\/blogg.folkuniversitetet.nu\/johasa\/files\/2026\/02\/Bild-11-feb-300x225.jpg\" alt=\"\" width=\"300\" height=\"225\" srcset=\"https:\/\/blogg.folkuniversitetet.nu\/johasa\/files\/2026\/02\/Bild-11-feb-300x225.jpg 300w, https:\/\/blogg.folkuniversitetet.nu\/johasa\/files\/2026\/02\/Bild-11-feb-1024x768.jpg 1024w, https:\/\/blogg.folkuniversitetet.nu\/johasa\/files\/2026\/02\/Bild-11-feb-768x576.jpg 768w, https:\/\/blogg.folkuniversitetet.nu\/johasa\/files\/2026\/02\/Bild-11-feb-1536x1152.jpg 1536w, https:\/\/blogg.folkuniversitetet.nu\/johasa\/files\/2026\/02\/Bild-11-feb-2048x1536.jpg 2048w, https:\/\/blogg.folkuniversitetet.nu\/johasa\/files\/2026\/02\/Bild-11-feb-676x507.jpg 676w\" sizes=\"auto, (max-width: 300px) 100vw, 300px\" \/><\/a><\/strong><\/p>\n<p><strong>P\u00e5 lektionen:<\/strong><\/p>\n<ul>\n<li>Vi pratar om l\u00e4xan.<\/li>\n<li>Vi g\u00f6r klart kapitel 9.<\/li>\n<\/ul>\n<p><strong>L\u00e4xa till\u00a0 16 februari:<\/strong><\/p>\n<ul>\n<li>Prepositioner f\u00f6r plats, \u00d6B s.120<\/li>\n<li>Presens som presens futurum med tidsadverb, \u00d6B s.121<\/li>\n<li>Tidsprepositioner: N\u00e4r i d\u00e5tid och framtid, \u00d6B s. 121<\/li>\n<li>Prepositioner: i eller p\u00e5? \u00d6B s.122<\/li>\n<li>L\u00e4s texten &#8221;Sverige &#8211; Bad, storstad och natur&#8221; TB s. 108<\/li>\n<li>G\u00f6r skriv uppgiften i TB p\u00e5 s. 111 &#8211; Skriv om en resa i Sverige som du skulle vilja g\u00f6ra.<\/li>\n<\/ul>\n","protected":false},"excerpt":{"rendered":"<p>P\u00e5 lektionen: Vi pratar om l\u00e4xan. Vi g\u00f6r klart kapitel 9. L\u00e4xa till\u00a0 16 februari: Prepositioner f\u00f6r plats, \u00d6B s.120 Presens som presens futurum med tidsadverb, \u00d6B s.121 Tidsprepositioner: N\u00e4r i d\u00e5tid och framtid, \u00d6B s. 121 Prepositioner: i eller p\u00e5? \u00d6B s.122 L\u00e4s texten &#8221;Sverige &#8211; Bad, storstad och natur&#8221; TB s. 108 G\u00f6r [&hellip;]<\/p>\n","protected":false},"author":882,"featured_media":0,"parent":0,"menu_order":0,"comment_status":"closed","ping_status":"closed","template":"","meta":{"footnotes":""},"class_list":["post-2360","page","type-page","status-publish","hentry","post-preview"],"_links":{"self":[{"href":"https:\/\/blogg.folkuniversitetet.nu\/johasa\/wp-json\/wp\/v2\/pages\/2360","targetHints":{"allow":["GET"]}}],"collection":[{"href":"https:\/\/blogg.folkuniversitetet.nu\/johasa\/wp-json\/wp\/v2\/pages"}],"about":[{"href":"https:\/\/blogg.folkuniversitetet.nu\/johasa\/wp-json\/wp\/v2\/types\/page"}],"author":[{"embeddable":true,"href":"https:\/\/blogg.folkuniversitetet.nu\/johasa\/wp-json\/wp\/v2\/users\/882"}],"replies":[{"embeddable":true,"href":"https:\/\/blogg.folkuniversitetet.nu\/johasa\/wp-json\/wp\/v2\/comments?post=2360"}],"version-history":[{"count":2,"href":"https:\/\/blogg.folkuniversitetet.nu\/johasa\/wp-json\/wp\/v2\/pages\/2360\/revisions"}],"predecessor-version":[{"id":2364,"href":"https:\/\/blogg.folkuniversitetet.nu\/johasa\/wp-json\/wp\/v2\/pages\/2360\/revisions\/2364"}],"wp:attachment":[{"href":"https:\/\/blogg.folkuniversitetet.nu\/johasa\/wp-json\/wp\/v2\/media?parent=2360"}],"curies":[{"name":"wp","href":"https:\/\/api.w.org\/{rel}","templated":true}]}}