{"id":2204,"date":"2025-11-30T18:10:14","date_gmt":"2025-11-30T17:10:14","guid":{"rendered":"https:\/\/blogg.folkuniversitetet.nu\/johasa\/?page_id=2204"},"modified":"2025-12-03T17:29:16","modified_gmt":"2025-12-03T16:29:16","slug":"lektion-1-december","status":"publish","type":"page","link":"https:\/\/blogg.folkuniversitetet.nu\/johasa\/lektion-1-december\/","title":{"rendered":"Lektion 1 december"},"content":{"rendered":"<p><a href=\"http:\/\/blogg.folkuniversitetet.nu\/johasa\/files\/2025\/12\/Bild-1-dec.jpg\"><img loading=\"lazy\" decoding=\"async\" class=\"alignnone size-medium wp-image-2213\" src=\"http:\/\/blogg.folkuniversitetet.nu\/johasa\/files\/2025\/12\/Bild-1-dec-300x225.jpg\" alt=\"\" width=\"300\" height=\"225\" \/><\/a><\/p>\n<p><strong>P\u00e5 lektionen:<\/strong><\/p>\n<ul>\n<li>Vi pratade om l\u00e4xan (substantiv i obest\u00e4md och best\u00e4md form).<\/li>\n<li>Vi b\u00f6rjade jobba med kapitel\u00a0 3 (s.27-33).<\/li>\n<\/ul>\n<p><strong>L\u00e4xa till 3\/12<\/strong><\/p>\n<ul>\n<li>Fr\u00e5geord, \u00d6B s. 26-27<\/li>\n<li>Fr\u00e5ga om tid \u00d6B s. 28<\/li>\n<li>Ordkort<\/li>\n<\/ul>\n","protected":false},"excerpt":{"rendered":"<p>P\u00e5 lektionen: Vi pratade om l\u00e4xan (substantiv i obest\u00e4md och best\u00e4md form). Vi b\u00f6rjade jobba med kapitel\u00a0 3 (s.27-33). L\u00e4xa till 3\/12 Fr\u00e5geord, \u00d6B s. 26-27 Fr\u00e5ga om tid \u00d6B s. 28 Ordkort<\/p>\n","protected":false},"author":882,"featured_media":0,"parent":0,"menu_order":0,"comment_status":"closed","ping_status":"closed","template":"","meta":{"footnotes":""},"class_list":["post-2204","page","type-page","status-publish","hentry","post-preview"],"_links":{"self":[{"href":"https:\/\/blogg.folkuniversitetet.nu\/johasa\/wp-json\/wp\/v2\/pages\/2204","targetHints":{"allow":["GET"]}}],"collection":[{"href":"https:\/\/blogg.folkuniversitetet.nu\/johasa\/wp-json\/wp\/v2\/pages"}],"about":[{"href":"https:\/\/blogg.folkuniversitetet.nu\/johasa\/wp-json\/wp\/v2\/types\/page"}],"author":[{"embeddable":true,"href":"https:\/\/blogg.folkuniversitetet.nu\/johasa\/wp-json\/wp\/v2\/users\/882"}],"replies":[{"embeddable":true,"href":"https:\/\/blogg.folkuniversitetet.nu\/johasa\/wp-json\/wp\/v2\/comments?post=2204"}],"version-history":[{"count":5,"href":"https:\/\/blogg.folkuniversitetet.nu\/johasa\/wp-json\/wp\/v2\/pages\/2204\/revisions"}],"predecessor-version":[{"id":2215,"href":"https:\/\/blogg.folkuniversitetet.nu\/johasa\/wp-json\/wp\/v2\/pages\/2204\/revisions\/2215"}],"wp:attachment":[{"href":"https:\/\/blogg.folkuniversitetet.nu\/johasa\/wp-json\/wp\/v2\/media?parent=2204"}],"curies":[{"name":"wp","href":"https:\/\/api.w.org\/{rel}","templated":true}]}}