{"id":127,"date":"2022-10-10T16:05:53","date_gmt":"2022-10-10T14:05:53","guid":{"rendered":"https:\/\/blogg.folkuniversitetet.nu\/johasa\/?page_id=127"},"modified":"2025-10-04T09:28:33","modified_gmt":"2025-10-04T07:28:33","slug":"grammatikfilmer-och-lankar","status":"publish","type":"page","link":"https:\/\/blogg.folkuniversitetet.nu\/johasa\/grammatikfilmer-och-lankar\/","title":{"rendered":"Grammatikfilmer och l\u00e4nkar"},"content":{"rendered":"<hr \/>\n<p><strong>A1<\/strong><\/p>\n<ul>\n<li>Film om verb:\u00a0<a href=\"https:\/\/www.youtube.com\/watch?v=BiqotnSjVYc&amp;ab_channel=MarieEdstr%C3%B6m\">https:\/\/www.youtube.com\/watch?v=BiqotnSjVYc&amp;ab_channel=MarieEdstr%C3%B6m<\/a><\/li>\n<li>Film om ordf\u00f6ljd:\u00a0<a href=\"https:\/\/www.google.com\/search?rlz=1C1FHFK_svSE1035SE1035&amp;{google:acceptedSuggestion}oq=FILM+och+omv%C3%A4nd+ordf%C3%B6ljd&amp;{google:instantFieldTri\">https:\/\/www.google.com\/search?rlz=1C1FHFK_svSE1035SE1035&amp;{google:acceptedSuggestion}oq=FILM+och+omv%C3%A4nd+ordf%C3%B6ljd&amp;{google:instantFieldTri<\/a><\/li>\n<li>Film om substantiv: \u00a0<a href=\"https:\/\/www.youtube.com\/watch?v=EheFmAzQTyg&amp;ab_channel=AnitaPihlSfiHowtolearnswedish\">https:\/\/www.youtube.com\/watch?v=EheFmAzQTyg&amp;ab_channel=AnitaPihlSfiHowtolearnswedish<\/a><\/li>\n<li>Film om imperativ:\u00a0<a href=\"http:\/\/www.learnify.se\/learnifyer\/ObjectResources\/75bf61de-efee-4d0d-bad6-2590345450f3\/index.html\">http:\/\/www.learnify.se\/learnifyer\/ObjectResources\/75bf61de-efee-4d0d-bad6-2590345450f3\/index.html<\/a><\/li>\n<li>Subjekt, verb och ordf\u00f6ljd:<a href=\"https:\/\/www.youtube.com\/watch?v=aekE3jIf0Rw&amp;ab_channel=AnitaPihlSfiHowtolearnswedish\">https:\/\/www.youtube.com\/watch?v=aekE3jIf0Rw&amp;ab_channel=AnitaPihlSfiHowtolearnswedish<\/a><\/li>\n<li>Film om hj\u00e4lpverb + infinitiv :\u00a0<a href=\"https:\/\/www.youtube.com\/watch?v=Q29Sy5nmhtc\">Hj\u00e4lpverb och infinitiv \u2013 grammatik f\u00f6r sfi \u2013 YouTube<\/a><\/li>\n<li>Film om substantiv i obest\u00e4md form plural :\u00a0<a href=\"https:\/\/www.youtube.com\/watch?v=imBjYAksXPY\">Substantiv plural obest\u00e4md form \u2013 YouTube<\/a><\/li>\n<li>Film om demonstrativa pronomen + substantiv :\u00a0<a href=\"https:\/\/www.youtube.com\/watch?v=t4n8k4g1Hr0\">Demonstrativa pronomen \u2013 YouTube<\/a><\/li>\n<li>Framtid &#8211; ska eller kommer att:\u00a0<a href=\"https:\/\/www.youtube.com\/watch?v=JX8cPRBPIVw&amp;list=PLqxvmVzTPSbq2vyspNxYBKq809wazoEx_&amp;index=17&amp;t=68s\">https:\/\/www.youtube.com\/watch?v=JX8cPRBPIVw&amp;list=PLqxvmVzTPSbq2vyspNxYBKq809wazoEx_&amp;index=17&amp;t=68s<\/a><\/li>\n<li>Tycker om\/tycker om att (och lite till) :\u00a0<a href=\"https:\/\/www.youtube.com\/watch?v=EkdR59F8WqI\">https:\/\/www.youtube.com\/watch?v=EkdR59F8WqI<\/a><\/li>\n<li>Adverb f\u00f6r frekvens:\u00a0<a href=\"https:\/\/www.youtube.com\/watch?v=Y5d7BVmseQE\">https:\/\/www.youtube.com\/watch?v=Y5d7BVmseQE<\/a><\/li>\n<li>Adjektiv (en, ett, plural): <a href=\"https:\/\/www.youtube.com\/watch?v=Nc91pXXwtdQ&amp;t=4s\">https:\/\/www.youtube.com\/watch?v=Nc91pXXwtdQ&amp;t=4s<\/a><\/li>\n<li>Adjektiv i meningar:\u00a0<a href=\"https:\/\/www.youtube.com\/watch?v=keLAWNIHxt8\">https:\/\/www.youtube.com\/watch?v=keLAWNIHxt8<\/a><\/li>\n<li>PRETERITUM Vad gjorde du i helgen? <a href=\"https:\/\/www.youtube.com\/watch?v=_gU_63khPMo\">https:\/\/www.youtube.com\/watch?v=_gU_63khPMo<\/a><\/li>\n<li>Personliga pronomen (subjekt\/objekt):\u00a0<a href=\"https:\/\/www.youtube.com\/watch?v=-YDCyDr6kEE&amp;ab_channel=PeterSFI\">https:\/\/www.youtube.com\/watch?v=-YDCyDr6kEE&amp;ab_channel=PeterSFI<\/a><\/li>\n<li>Som (relativt pronomen):\u00a0<a href=\"https:\/\/www.youtube.com\/watch?v=G-SodAEoBYA&amp;ab_channel=BinogiSverige\">https:\/\/www.youtube.com\/watch?v=G-SodAEoBYA&amp;ab_channel=BinogiSverige<\/a><\/li>\n<li>Possessiva pronomen:\u00a0<a href=\"https:\/\/www.youtube.com\/watch?v=G-SodAEoBYA&amp;ab_channel=BinogiSverig\">https:\/\/www.youtube.com\/watch?v=G-SodAEoBYA&amp;ab_channel=BinogiSverige<\/a><\/li>\n<li>Adjektiv efter verb:\u00a0<a href=\"https:\/\/www.youtube.com\/watch?v=MmRcKGDPmU8&amp;ab_channel=SandraGustafsson\">https:\/\/www.youtube.com\/watch?v=MmRcKGDPmU8&amp;ab_channel=SandraGustafsson<\/a><\/li>\n<li>Substantiv:\u00a0<a href=\"https:\/\/www.youtube.com\/watch?v=OrXBoQ6Deyc&amp;ab_channel=AnitaPihlSfiHowtolearnswedish\">https:\/\/www.youtube.com\/watch?v=OrXBoQ6Deyc&amp;ab_channel=AnitaPihlSfiHowtolearnswedish<\/a><\/li>\n<li>Indefinita pronomen: N\u00e5gon, n\u00e5got, n\u00e5gra:\u00a0<a href=\"https:\/\/www.youtube.com\/watch?v=3kuIRI_6tBg&amp;ab_channel=PeterSFI\">https:\/\/www.youtube.com\/watch?v=3kuIRI_6tBg&amp;ab_channel=PeterSFI<\/a><\/li>\n<li>Indefinita pronomen: Ingen, inget, inga:\u00a0<a href=\"https:\/\/www.youtube.com\/watch?v=3kuIRI_6tBg&amp;ab_channel=PeterSFI\">https:\/\/www.youtube.com\/watch?v=3kuIRI_6tBg&amp;ab_channel=PeterSFI<\/a><\/li>\n<li>Adjektivkomparation:\u00a0<a href=\"https:\/\/www.youtube.com\/watch?v=h2V7WUBVfKs&amp;ab_channel=SandraGustafsson\">https:\/\/www.youtube.com\/watch?v=h2V7WUBVfKs&amp;ab_channel=SandraGustafsson<\/a><\/li>\n<li>Verb: presens, perfekt, futurum:\u00a0<a href=\"https:\/\/www.youtube.com\/watch?v=kZ0Dfjg2AVE&amp;ab_channel=PeterSFI\">https:\/\/www.youtube.com\/watch?v=kZ0Dfjg2AVE&amp;ab_channel=PeterSFI<\/a><\/li>\n<li>Verb: g\u00e5r eller \u00e5ker:\u00a0<a href=\"https:\/\/www.youtube.com\/watch?v=Z9v_ybdiXVo&amp;ab_channel=SandraGustafsson\">https:\/\/www.youtube.com\/watch?v=Z9v_ybdiXVo&amp;ab_channel=SandraGustafsson<\/a><\/li>\n<\/ul>\n<p><strong>A2<\/strong><\/p>\n<ul>\n<li>Huvudsats och bisats:<a href=\"https:\/\/urplay.se\/program\/217835-skrivjouren-huvudsatser-och-bisatser\">https:\/\/urplay.se\/program\/217835-skrivjouren-huvudsatser-och-bisatser<\/a><\/li>\n<li>Satsschema: <a href=\"https:\/\/www.youtube.com\/watch?v=rcEo82AUXvE\">https:\/\/www.youtube.com\/watch?v=rcEo82AUXvE<\/a><\/li>\n<li>Huvudsatser:<a href=\"https:\/\/www.youtube.com\/watch?v=qzhmADFRUOo&amp;list=PLqxvmVzTPSboD25ze-Vi6vXYWmrpENlgd&amp;index=8\">https:\/\/www.youtube.com\/watch?v=qzhmADFRUOo&amp;list=PLqxvmVzTPSboD25ze-Vi6vXYWmrpENlgd&amp;index=8<\/a><\/li>\n<li>Bisatser:\u00a0<a href=\"https:\/\/www.youtube.com\/watch?v=Jyguc4l6bRw&amp;list=PLqxvmVzTPSboD25ze-Vi6vXYWmrpENlgd&amp;index=9\">https:\/\/www.youtube.com\/watch?v=Jyguc4l6bRw&amp;list=PLqxvmVzTPSboD25ze-Vi6vXYWmrpENlgd&amp;index=9<\/a><\/li>\n<li><a href=\"https:\/\/www.youtube.com\/watch?v=6XeXijjg-V8\">PRONOMEN, reflexiv, possessiv, possessiv reflexiv (SFI) &#8211; YouTube<\/a><\/li>\n<li><a href=\"https:\/\/www.youtube.com\/watch?v=vc7l5MfzVmQ\">Uttrycken genom att utan att \u00e4ven om &#8211; YouTube<\/a><\/li>\n<li>Som : \u00a0<a href=\"https:\/\/www.youtube.com\/watch?v=oOswjehC0Xg\">https:\/\/www.youtube.com\/watch?v=oOswjehC0Xg<\/a><\/li>\n<li>En mening med som:\u00a0<a href=\"https:\/\/www.youtube.com\/watch?v=UbH6wRyWk3M\">https:\/\/www.youtube.com\/watch?v=UbH6wRyWk3M<\/a><\/li>\n<li>Ska och kommer att :\u00a0<a href=\"https:\/\/www.youtube.com\/watch?v=JX8cPRBPIVw\">https:\/\/www.youtube.com\/watch?v=JX8cPRBPIVw<\/a><\/li>\n<li>Att r\u00e4tta en text:<a href=\"https:\/\/www.youtube.com\/watch?v=xitezDMIA-8\">https:\/\/www.youtube.com\/watch?v=xitezDMIA-8<\/a><\/li>\n<li>Ordet &#8221;som&#8221; och hur det kan anv\u00e4ndas:\u00a0<a href=\"http:\/\/www.vanligaord.se\/som.php\">http:\/\/www.vanligaord.se\/som.php<\/a><\/li>\n<li>En liten film om &#8221;som&#8221;: <a href=\"https:\/\/youtu.be\/3VAfT9rR5qg\">https:\/\/youtu.be\/3VAfT9rR5qg<\/a><\/li>\n<li>Prepositioner &#8221;p\u00e5&#8221; och &#8221;i&#8221;\u00a0<a href=\"https:\/\/www.youtube.com\/watch?v=nlWu7o852Kw\">https:\/\/www.youtube.com\/watch?v=nlWu7o852Kw<\/a><\/li>\n<li>Adjektiv: <a href=\"https:\/\/www.youtube.com\/watch?v=keLAWNIHxt8&amp;list=PLqxvmVzTPSbo5r9D20fRrzgby_aJBg12V&amp;index=2\">Adjektiv (i meningar) &#8211; YouTube<\/a><\/li>\n<li>Adjektiv: <a href=\"https:\/\/www.youtube.com\/watch?v=Zhg5mSbbWc0\">N\u00e4r anv\u00e4nder man adjektiv i best\u00e4md och obest\u00e4md form? SFI &#8211; YouTube<\/a><\/li>\n<li>De och dem: <a href=\"https:\/\/www.youtube.com\/watch?v=8VbjWPL0HIA\">De, dem, (dom) &#8211; YouTube<\/a><\/li>\n<li>Adverb: <a href=\"https:\/\/www.youtube.com\/watch?v=QMFuiL8z1Ww&amp;t=25s\">Adverb (sfi) &#8211; YouTube<\/a><\/li>\n<li>Adverb: <a href=\"https:\/\/www.youtube.com\/watch?v=q45LAMPiP4s\">Adverb (vad \u00e4r det?) &#8211; YouTube<\/a><\/li>\n<li>\u00d6vning: <a href=\"https:\/\/www.youtube.com\/watch?v=_G2N--73Mto\">Adjektiv eller adverb (\u00f6vning) &#8211; YouTube<\/a><\/li>\n<\/ul>\n<p><strong>B1 &#8211; del 1 (kap 1-3)<\/strong><\/p>\n<ul>\n<li>Skillnad adverb\/adverbial: <a href=\"https:\/\/www.youtube.com\/watch?v=mVki_VHIfVo\">Skillnaden mellan adverb och adverbial (era fr\u00e5gor) &#8211; YouTube<\/a><\/li>\n<li>Satsschema:\u00a0<a href=\"https:\/\/www.youtube.com\/watch?v=rcEo82AUXvE\">https:\/\/www.youtube.com\/watch?v=rcEo82AUXvE<\/a><\/li>\n<li>Mer satsschema (del 1):\u00a0<a href=\"https:\/\/www.youtube.com\/watch?v=N1umgFdS4O0&amp;t=9s\">https:\/\/www.youtube.com\/watch?v=N1umgFdS4O0&amp;t=9s<\/a><\/li>\n<li>Mer satsschema (del 2):\u00a0<a href=\"https:\/\/www.youtube.com\/watch?v=ZDYwvx_4fNw\">https:\/\/www.youtube.com\/watch?v=ZDYwvx_4fNw<\/a><\/li>\n<li>Huvudsatser: <a href=\"https:\/\/www.youtube.com\/watch?v=qzhmADFRUOo&amp;list=PLqxvmVzTPSboD25ze-Vi6vXYWmrpENlgd&amp;index=7\">Huvudsatser &#8211; YouTube<\/a><\/li>\n<li>Bisatser: <a href=\"https:\/\/www.youtube.com\/watch?v=Jyguc4l6bRw&amp;list=PLqxvmVzTPSboD25ze-Vi6vXYWmrpENlgd&amp;index=8\">Bisatser (bisatsschema) &#8211; YouTube<\/a><\/li>\n<li>Bisatser (olika plats i meningen) <a href=\"https:\/\/www.youtube.com\/watch?v=C2Sfm20Bh5s&amp;list=PLqxvmVzTPSboD25ze-Vi6vXYWmrpENlgd&amp;index=9\">Bisatser (olika plats i meningen) &#8211; YouTube<\/a><\/li>\n<li><a href=\"https:\/\/www.youtube.com\/watch?v=9ke8LHhr_tg\">Tv\u00e5 huvudsatser och bisats i bisats (satsschema) SFI &#8211; YouTube<\/a><\/li>\n<li><a href=\"https:\/\/www.youtube.com\/watch?v=hB5tgtzLFEc&amp;list=PLqxvmVzTPSbpOBpPGtIE73yeI_onnRCDr&amp;index=3\">Swedish main and subordinate clause (in english) &#8211; YouTube<\/a><\/li>\n<li>Bisatsinledare (del 1) :\u00a0<a href=\"https:\/\/www.youtube.com\/watch?v=HO5NjH7kKPI&amp;list=PLqxvmVzTPSboD25ze-Vi6vXYWmrpENlgd&amp;index=10\">https:\/\/www.youtube.com\/watch?v=HO5NjH7kKPI&amp;list=PLqxvmVzTPSboD25ze-Vi6vXYWmrpENlgd&amp;index=10<\/a><\/li>\n<li>Bisatsinledare (del 2):\u00a0<a href=\"https:\/\/www.youtube.com\/watch?v=TE2PZblU4cE&amp;list=PLqxvmVzTPSboD25ze-Vi6vXYWmrpENlgd&amp;index=11\">https:\/\/www.youtube.com\/watch?v=TE2PZblU4cE&amp;list=PLqxvmVzTPSboD25ze-Vi6vXYWmrpENlgd&amp;index=11<\/a><\/li>\n<li>Konjunktioner (b\u00e5de&#8230;och, antingen&#8230;eller, varken&#8230;eller): <a href=\"https:\/\/www.youtube.com\/watch?v=dY29bG1pLss&amp;t=12s\">Konjunktioner (b\u00e5de&#8230;och, varken&#8230;eller, antingen&#8230;eller) &#8211; YouTube<\/a><\/li>\n<li>Det svenska uttrycket &#8221;Ju&#8230;desto&#8230;&#8221;: <a href=\"https:\/\/www.youtube.com\/watch?v=r9j_bzAQrxo\">Ju&#8230;&#8230;..desto&#8230;&#8230; Sfi kurs c kurs d &#8211; YouTube<\/a><\/li>\n<\/ul>\n<p><strong>B1 -del 2 (kap 4-6)<\/strong><\/p>\n<ul>\n<li>Presens particip: <a href=\"https:\/\/www.youtube.com\/watch?v=Vu5Wl9Ubmys&amp;ab_channel=PeterSFI\">https:\/\/www.youtube.com\/watch?v=Vu5Wl9Ubmys&amp;ab_channel=PeterS<\/a><\/li>\n<li>Adverb f\u00f6r riktning och plats:\u00a0<a href=\"https:\/\/www.youtube.com\/watch?v=cgoehgb1nVM&amp;t=518s\">https:\/\/www.youtube.com\/watch?v=cgoehgb1nVM&amp;t=518s<\/a><\/li>\n<li>Rumsadverb\u00f6vning:<a href=\"https:\/\/www.youtube.com\/watch?v=Z62ygLBzWtI\">https:\/\/www.youtube.com\/watch?v=Z62ygLBzWtI<\/a><\/li>\n<li>Indirekt tal och indirekt fr\u00e5ga:\u00a0<a href=\"https:\/\/www.youtube.com\/watch?v=cgoehgb1nVM&amp;t=518s\">https:\/\/www.youtube.com\/watch?v=cgoehgb1nVM&amp;t=518s<\/a><\/li>\n<li>Konditionalis 1 (och 2):\u00a0<a href=\"https:\/\/www.youtube.com\/watch?v=y0jgj8AvZ78\">https:\/\/www.youtube.com\/watch?v=y0jgj8AvZ78<\/a><\/li>\n<li>ska + kommer att:\u00a0<a href=\"https:\/\/www.youtube.com\/watch?v=JX8cPRBPIVw\">https:\/\/www.youtube.com\/watch?v=JX8cPRBPIVw<\/a><\/li>\n<li>tycker, t\u00e4nker, tror (vad \u00e4r skillnaden?) :<a href=\"https:\/\/www.youtube.com\/watch?v=b0xMntEV50k\">https:\/\/www.youtube.com\/watch?v=b0xMntEV50k<\/a><\/li>\n<\/ul>\n<p><strong>B1 + (kap 7-9)<\/strong><\/p>\n<ul>\n<li>Alla\/hela:\u00a0<a href=\"https:\/\/www.youtube.com\/watch?v=faiRsdcVETo\">https:\/\/www.youtube.com\/watch?v=faiRsdcVETo<\/a><\/li>\n<li>Uttal accent 1-ord:\u00a0<a href=\"https:\/\/www.youtube.com\/watch?v=uoYNV9MxJPY\">https:\/\/www.youtube.com\/watch?v=uoYNV9MxJPY<\/a><\/li>\n<li>Uttal accent 2-ord:\u00a0<a href=\"https:\/\/www.youtube.com\/watch?v=h8ECMvGWFQs\">https:\/\/www.youtube.com\/watch?v=h8ECMvGWFQs<\/a><\/li>\n<li>Perfekt particip (introduktion):\u00a0<a href=\"https:\/\/www.youtube.com\/watch?v=3d2rlEBlsl4\">https:\/\/www.youtube.com\/watch?v=3d2rlEBlsl4<\/a><\/li>\n<li>Perfekt particip och verbgrupper:\u00a0<a href=\"https:\/\/www.youtube.com\/watch?v=3ezqhJWR1Uc\">https:\/\/www.youtube.com\/watch?v=3ezqhJWR1Uc<\/a><\/li>\n<li>J\u00e4mf\u00f6relse presens particip och perfekt particip:\u00a0<a href=\"https:\/\/www.youtube.com\/watch?v=3r1PNqTCSPI\">https:\/\/www.youtube.com\/watch?v=3r1PNqTCSPI<\/a><\/li>\n<li>Peter SFI &#8221;Fyra olika d\u00e5tider&#8221;:<a href=\"https:\/\/www.youtube.com\/watch?v=VYIldg5WjQY\">https:\/\/www.youtube.com\/watch?v=VYIldg5WjQY<\/a><\/li>\n<li>Film om prepositionen &#8221;f\u00f6r&#8221;: <a href=\"https:\/\/www.youtube.com\/watch?v=JH8wRgYnY2A\">https:\/\/www.youtube.com\/watch?v=JH8wRgYnY2A<\/a><\/li>\n<li>Film om prepositionen &#8221;av&#8221;: <a href=\"https:\/\/www.youtube.com\/watch?v=Rv9Cgzl-K68\">https:\/\/www.youtube.com\/watch?v=Rv9Cgzl-K68<\/a><\/li>\n<li>Film om prepositionen &#8221;med&#8221;:\u00a0<a href=\"https:\/\/www.youtube.com\/watch?v=QFuSoyqVhTQ\">https:\/\/www.youtube.com\/watch?v=QFuSoyqVhTQ<\/a><\/li>\n<li>Peter SFI &#8221;spellista prepositioner&#8221;:\u00a0<a href=\"https:\/\/www.youtube.com\/@petersfi6089\/search?query=OM%20preposition\">https:\/\/www.youtube.com\/@petersfi6089\/search?query=OM%20preposition<\/a><\/li>\n<\/ul>\n<p><strong>B2 &#8211; del 1 (kap 10-12)<\/strong><\/p>\n<ul>\n<li>Verb i passiv form:\u00a0<a href=\"https:\/\/www.youtube.com\/watch?v=1rV_g0kcRlg\">https:\/\/www.youtube.com\/watch?v=1rV_g0kcRlg<\/a><\/li>\n<\/ul>\n<p>&nbsp;<\/p>\n","protected":false},"excerpt":{"rendered":"<p>A1 Film om verb:\u00a0https:\/\/www.youtube.com\/watch?v=BiqotnSjVYc&amp;ab_channel=MarieEdstr%C3%B6m Film om ordf\u00f6ljd:\u00a0https:\/\/www.google.com\/search?rlz=1C1FHFK_svSE1035SE1035&amp;{google:acceptedSuggestion}oq=FILM+och+omv%C3%A4nd+ordf%C3%B6ljd&amp;{google:instantFieldTri Film om substantiv: \u00a0https:\/\/www.youtube.com\/watch?v=EheFmAzQTyg&amp;ab_channel=AnitaPihlSfiHowtolearnswedish Film om imperativ:\u00a0http:\/\/www.learnify.se\/learnifyer\/ObjectResources\/75bf61de-efee-4d0d-bad6-2590345450f3\/index.html Subjekt, verb och ordf\u00f6ljd:https:\/\/www.youtube.com\/watch?v=aekE3jIf0Rw&amp;ab_channel=AnitaPihlSfiHowtolearnswedish Film om hj\u00e4lpverb + infinitiv :\u00a0Hj\u00e4lpverb och infinitiv \u2013 grammatik f\u00f6r sfi \u2013 YouTube Film om substantiv i obest\u00e4md form plural :\u00a0Substantiv plural obest\u00e4md form \u2013 YouTube Film om demonstrativa pronomen + substantiv :\u00a0Demonstrativa pronomen \u2013 YouTube [&hellip;]<\/p>\n","protected":false},"author":882,"featured_media":0,"parent":0,"menu_order":0,"comment_status":"closed","ping_status":"closed","template":"","meta":{"footnotes":""},"class_list":["post-127","page","type-page","status-publish","hentry","post-preview"],"_links":{"self":[{"href":"https:\/\/blogg.folkuniversitetet.nu\/johasa\/wp-json\/wp\/v2\/pages\/127","targetHints":{"allow":["GET"]}}],"collection":[{"href":"https:\/\/blogg.folkuniversitetet.nu\/johasa\/wp-json\/wp\/v2\/pages"}],"about":[{"href":"https:\/\/blogg.folkuniversitetet.nu\/johasa\/wp-json\/wp\/v2\/types\/page"}],"author":[{"embeddable":true,"href":"https:\/\/blogg.folkuniversitetet.nu\/johasa\/wp-json\/wp\/v2\/users\/882"}],"replies":[{"embeddable":true,"href":"https:\/\/blogg.folkuniversitetet.nu\/johasa\/wp-json\/wp\/v2\/comments?post=127"}],"version-history":[{"count":61,"href":"https:\/\/blogg.folkuniversitetet.nu\/johasa\/wp-json\/wp\/v2\/pages\/127\/revisions"}],"predecessor-version":[{"id":1991,"href":"https:\/\/blogg.folkuniversitetet.nu\/johasa\/wp-json\/wp\/v2\/pages\/127\/revisions\/1991"}],"wp:attachment":[{"href":"https:\/\/blogg.folkuniversitetet.nu\/johasa\/wp-json\/wp\/v2\/media?parent=127"}],"curies":[{"name":"wp","href":"https:\/\/api.w.org\/{rel}","templated":true}]}}