{"id":12,"date":"2022-09-06T13:02:57","date_gmt":"2022-09-06T11:02:57","guid":{"rendered":"https:\/\/blogg.folkuniversitetet.nu\/johasa\/?page_id=12"},"modified":"2025-08-11T08:08:38","modified_gmt":"2025-08-11T06:08:38","slug":"lankar","status":"publish","type":"page","link":"https:\/\/blogg.folkuniversitetet.nu\/johasa\/lankar\/","title":{"rendered":"L\u00e4nkar"},"content":{"rendered":"<ul>\n<li><a href=\"https:\/\/www.svtplay.se\/\">Svtplay<\/a><\/li>\n<li><a href=\"http:\/\/sprakplay.svt.se\/svt-sprakplay\/\">SVT Spr\u00e5kplay<\/a><\/li>\n<li><a href=\"https:\/\/sverigesradio.se\/radioswedenpalattsvenska\">Ny<\/a><a href=\"https:\/\/sverigesradio.se\/radioswedenpalattsvenska\">heter p\u00e5 l\u00e4tt svenska<\/a><\/li>\n<li><a href=\"https:\/\/open.spotify.com\/show\/6qFwI9Sm317GrVorN6MfV1\">Simple Swedish Podcast | Podd p\u00e5 Spotify<\/a><\/li>\n<li>SFI-podd\u00a0<a href=\"https:\/\/sfipodd.se\/\">https:\/\/sfipodd.se\/<\/a><\/li>\n<li>8-sidor, tidningsnyheter p\u00e5 l\u00e4tt svenska:\u00a0<a href=\"https:\/\/8sidor.se\/\">https:\/\/8sidor.se\/<\/a><\/li>\n<li><a href=\"https:\/\/biblioteket.stockholm.se\/\">Stockholms stadsbibliotek<\/a><\/li>\n<li>Lexin-lexikon p\u00e5 n\u00e4tet: <a href=\"https:\/\/lexin.nada.kth.se\/lexin\/\">Lexin (kth.se)<\/a><\/li>\n<li>Svenska akademiens ordbok: <a href=\"https:\/\/svenska.se\/\">svenska.se \u2013 Akademiens ordb\u00f6cker<\/a><\/li>\n<li>Korp Spr\u00e5kbanken:\u00a0<a href=\"https:\/\/spraakbanken.gu.se\/korp\/#?corpus=attasidor,da,svt-2004,svt-2005,svt-2006,svt-2007,svt-2008,svt-2009,svt-2010,svt-2011,svt-2012,svt-2013,svt-2014,svt-2015,svt-2016,svt-2017,svt-2018,svt-2019,svt-2020,svt-2021,svt-2022,svt-2023,svt-nodate\">https:\/\/spraakbanken.gu.se\/korp\/#?corpus=attasidor,da,svt-2004,svt-2005,svt-2006,svt-2007,svt-2008,svt-2009,svt-2010,svt-2011,svt-2012,svt-2013,svt-2014,svt-2015,svt-2016,svt-2017,svt-2018,svt-2019,svt-2020,svt-2021,svt-2022,svt-2023,svt-nodate<\/a><\/li>\n<li>Natur och Kulturs svenska ordbok.<\/li>\n<li>Form i fokus A : <a href=\"https:\/\/www.studentapan.se\/kurslitteratur\/form-i-fokus-a-9789174343977?utm_source=bing&amp;utm_medium=cpc&amp;utm_campaign=Bing%20Shopping%20-%20Studentapan&amp;utm_term=4588055870123983&amp;utm_content=Bing%20Shopping\">Form i fokus A &#8211; Upplaga 1 | Studentapan<\/a><\/li>\n<li>Zita &#8211; Folkets Bio, biograf med m\u00e5nga &#8221;smala&#8221; filmer: <a href=\"https:\/\/zita.se\/\">Zita Folkets Bio<\/a><\/li>\n<li>SFAnytime:\u00a0<a href=\"https:\/\/www.sfanytime.com\/sv\/search\">https:\/\/www.sfanytime.com\/sv\/search<\/a><\/li>\n<li><strong>Tips p\u00e5 svenska filmer som finns p\u00e5 SFanytime<\/strong> (Obs! Inte \u00c4ta sova d\u00f6): <em>Sameblod, Gr\u00e4ns, \u00c4ta sova d\u00f6, L\u00e5t den r\u00e4tte komma in, Fucking \u00c5m\u00e5l.<\/em><\/li>\n<li>Str\u00f6mma film gratis: <a href=\"https:\/\/www.cineasterna.com\/sv\/\">Cineasterna<\/a><\/li>\n<li>L\u00e4ttl\u00e4st p\u00e5 svenska:\u00a0<a href=\"https:\/\/www.nyponochviljaforlag.se\/lattlast-for-unga-vuxna-och-vuxna\/lattlast-pa-svenska\/deckare\/top-dogg\/\">https:\/\/www.nyponochviljaforlag.se\/lattlast-for-unga-vuxna-och-vuxna\/lattlast-pa-svenska\/deckare\/top-dogg\/<\/a><\/li>\n<li>Quizlet.com:\u00a0<a href=\"https:\/\/quizlet.com\/\">https:\/\/quizlet.com\/<\/a><\/li>\n<li>Skriva CV och personligt brev:\u00a0<a href=\"https:\/\/arbetsformedlingen.se\/\">https:\/\/arbetsformedlingen.se\/<\/a><\/li>\n<li><a href=\"https:\/\/www.informationsverige.se\/sv\/jag-ar-asylsokande\/lara-svenska.html\">https:\/\/www.informationsverige.se\/sv\/jag-ar-asylsokande\/lara-svenska.html<\/a><\/li>\n<li>Information fr\u00e5n AF p\u00e5 ukrainska:\u00a0<a href=\"https:\/\/arbetsformedlingen.se\/other-languages\/ukrainska-ukrainska\/vi-z-ukraini\">https:\/\/arbetsformedlingen.se\/other-languages\/ukrainska-ukrainska\/vi-z-ukraini<\/a><\/li>\n<li>Sveriges radio, nyheter p\u00e5 ukrainska:\u00a0<a href=\"https:\/\/sverigesradio.se\/radioswedenukrainian\">https:\/\/sverigesradio.se\/radioswedenukrainian<\/a><\/li>\n<\/ul>\n","protected":false},"excerpt":{"rendered":"<p>Svtplay SVT Spr\u00e5kplay Nyheter p\u00e5 l\u00e4tt svenska Simple Swedish Podcast | Podd p\u00e5 Spotify SFI-podd\u00a0https:\/\/sfipodd.se\/ 8-sidor, tidningsnyheter p\u00e5 l\u00e4tt svenska:\u00a0https:\/\/8sidor.se\/ Stockholms stadsbibliotek Lexin-lexikon p\u00e5 n\u00e4tet: Lexin (kth.se) Svenska akademiens ordbok: svenska.se \u2013 Akademiens ordb\u00f6cker Korp Spr\u00e5kbanken:\u00a0https:\/\/spraakbanken.gu.se\/korp\/#?corpus=attasidor,da,svt-2004,svt-2005,svt-2006,svt-2007,svt-2008,svt-2009,svt-2010,svt-2011,svt-2012,svt-2013,svt-2014,svt-2015,svt-2016,svt-2017,svt-2018,svt-2019,svt-2020,svt-2021,svt-2022,svt-2023,svt-nodate Natur och Kulturs svenska ordbok. Form i fokus A : Form i fokus A &#8211; Upplaga 1 | Studentapan [&hellip;]<\/p>\n","protected":false},"author":882,"featured_media":0,"parent":0,"menu_order":0,"comment_status":"closed","ping_status":"closed","template":"","meta":{"footnotes":""},"class_list":["post-12","page","type-page","status-publish","hentry","post-preview"],"_links":{"self":[{"href":"https:\/\/blogg.folkuniversitetet.nu\/johasa\/wp-json\/wp\/v2\/pages\/12","targetHints":{"allow":["GET"]}}],"collection":[{"href":"https:\/\/blogg.folkuniversitetet.nu\/johasa\/wp-json\/wp\/v2\/pages"}],"about":[{"href":"https:\/\/blogg.folkuniversitetet.nu\/johasa\/wp-json\/wp\/v2\/types\/page"}],"author":[{"embeddable":true,"href":"https:\/\/blogg.folkuniversitetet.nu\/johasa\/wp-json\/wp\/v2\/users\/882"}],"replies":[{"embeddable":true,"href":"https:\/\/blogg.folkuniversitetet.nu\/johasa\/wp-json\/wp\/v2\/comments?post=12"}],"version-history":[{"count":42,"href":"https:\/\/blogg.folkuniversitetet.nu\/johasa\/wp-json\/wp\/v2\/pages\/12\/revisions"}],"predecessor-version":[{"id":1820,"href":"https:\/\/blogg.folkuniversitetet.nu\/johasa\/wp-json\/wp\/v2\/pages\/12\/revisions\/1820"}],"wp:attachment":[{"href":"https:\/\/blogg.folkuniversitetet.nu\/johasa\/wp-json\/wp\/v2\/media?parent=12"}],"curies":[{"name":"wp","href":"https:\/\/api.w.org\/{rel}","templated":true}]}}