{"id":86,"date":"2015-04-09T07:57:33","date_gmt":"2015-04-09T07:57:33","guid":{"rendered":"http:\/\/blogg.folkuniversitetet.nu\/japanska2\/?page_id=86"},"modified":"2024-05-10T09:19:23","modified_gmt":"2024-05-10T09:19:23","slug":"vara-kurser","status":"publish","type":"page","link":"https:\/\/blogg.folkuniversitetet.nu\/japanska2\/vara-kurser\/","title":{"rendered":"V\u00e5ra kurser och niv\u00e5er"},"content":{"rendered":"<p>Uppdaterad: 2023-08-22<\/p>\n<p>FU Sthlm har 19 niv\u00e5er fr\u00e5n A1del1 nyb\u00f6rjarkurs till C1.<\/p>\n<h4><a href=\"http:\/\/blogg.folkuniversitetet.nu\/japanska2\/files\/2023\/09\/Screenshot-2023-09-18-at-09.03.06.png\"><img loading=\"lazy\" decoding=\"async\" class=\"aligncenter size-full wp-image-394\" src=\"http:\/\/blogg.folkuniversitetet.nu\/japanska2\/files\/2023\/09\/Screenshot-2023-09-18-at-09.03.06.png\" alt=\"\" width=\"1788\" height=\"404\" srcset=\"https:\/\/blogg.folkuniversitetet.nu\/japanska2\/files\/2023\/09\/Screenshot-2023-09-18-at-09.03.06.png 1788w, https:\/\/blogg.folkuniversitetet.nu\/japanska2\/files\/2023\/09\/Screenshot-2023-09-18-at-09.03.06-300x68.png 300w, https:\/\/blogg.folkuniversitetet.nu\/japanska2\/files\/2023\/09\/Screenshot-2023-09-18-at-09.03.06-1024x231.png 1024w, https:\/\/blogg.folkuniversitetet.nu\/japanska2\/files\/2023\/09\/Screenshot-2023-09-18-at-09.03.06-768x174.png 768w, https:\/\/blogg.folkuniversitetet.nu\/japanska2\/files\/2023\/09\/Screenshot-2023-09-18-at-09.03.06-1536x347.png 1536w, https:\/\/blogg.folkuniversitetet.nu\/japanska2\/files\/2023\/09\/Screenshot-2023-09-18-at-09.03.06-500x113.png 500w\" sizes=\"auto, (max-width: 1788px) 100vw, 1788px\" \/><\/a><\/h4>\n<h4>Q1: Hur l\u00e4nge tar det?<\/h4>\n<p>A1: Eftersom japanska inte \u00e4r som europeiska spr\u00e5k ni studerat tidigare, tar det l\u00e5ng tid tyv\u00e4rr!<\/p>\n<p><strong><span style=\"color: #ff0000\">FK:<\/span> <\/strong>J\u00e4mf\u00f6relsen mellan<a href=\"http:\/\/www.jlpt.jp\/e\/about\/levelsummary.html\" target=\"_blank\" rel=\"noopener noreferrer\">\u00a0Japanese Language Proficiency Test (JLPT)<\/a>\/<a href=\"https:\/\/www.folkuniversitetet.se\/Las-mer-om-sprak\/vilken-niva-ska-jag-valja\/\" target=\"_blank\" rel=\"noopener noreferrer\">Europar\u00e5dets referensram f\u00f6r spr\u00e5k (CEFR)<\/a>\u00a0och FU Stockholms japanska.<\/p>\n<p><a href=\"http:\/\/blogg.folkuniversitetet.nu\/japanska2\/files\/2024\/05\/Screenshot-2024-05-10-at-11.18.11.png\"><img loading=\"lazy\" decoding=\"async\" class=\"aligncenter size-full wp-image-396\" src=\"http:\/\/blogg.folkuniversitetet.nu\/japanska2\/files\/2024\/05\/Screenshot-2024-05-10-at-11.18.11.png\" alt=\"\" width=\"1826\" height=\"276\" srcset=\"https:\/\/blogg.folkuniversitetet.nu\/japanska2\/files\/2024\/05\/Screenshot-2024-05-10-at-11.18.11.png 1826w, https:\/\/blogg.folkuniversitetet.nu\/japanska2\/files\/2024\/05\/Screenshot-2024-05-10-at-11.18.11-300x45.png 300w, https:\/\/blogg.folkuniversitetet.nu\/japanska2\/files\/2024\/05\/Screenshot-2024-05-10-at-11.18.11-1024x155.png 1024w, https:\/\/blogg.folkuniversitetet.nu\/japanska2\/files\/2024\/05\/Screenshot-2024-05-10-at-11.18.11-768x116.png 768w, https:\/\/blogg.folkuniversitetet.nu\/japanska2\/files\/2024\/05\/Screenshot-2024-05-10-at-11.18.11-1536x232.png 1536w, https:\/\/blogg.folkuniversitetet.nu\/japanska2\/files\/2024\/05\/Screenshot-2024-05-10-at-11.18.11-500x76.png 500w\" sizes=\"auto, (max-width: 1826px) 100vw, 1826px\" \/><\/a><\/p>\n<h4>Q2: Jag \u00e4r inte icke-nyb\u00f6rjare. Hur kan jag bed\u00f6ma vilken kurs som passar mig?<\/h4>\n<p>A2: T.ex. du som redan studerat f\u00e4rdigt &#8220;<a href=\"http:\/\/www.3anet.co.jp\/english\/books\/text_e_m_main.html\" target=\"_blank\" rel=\"noopener noreferrer\">Minna-no Nihongo vol.1<\/a>&#8221; i Japan, d\u00e5 kan du starta med A2del2 eller h\u00f6gre.<\/p>\n<p>Du kan kontakta <span style=\"color: #333333\"><a href=\"https:\/\/www.linkedin.com\/in\/suesussi\/\">Sue Sugizaki<\/a> f\u00f6r inplacering<\/span>.<\/p>\n<p>e-post:\u00a0<a href=\"mailto:sue.sugizaki@folkuniversitetet.se\">sue.sugizaki@folkuniversitetet.se<\/a><\/p>\n<p><a href=\"http:\/\/blogg.folkuniversitetet.nu\/japanska2\/files\/2023\/08\/Screenshot-2023-08-22-at-09.50.47.png\"><img loading=\"lazy\" decoding=\"async\" class=\"aligncenter size-full wp-image-366\" src=\"http:\/\/blogg.folkuniversitetet.nu\/japanska2\/files\/2023\/08\/Screenshot-2023-08-22-at-09.50.47.png\" alt=\"\" width=\"1666\" height=\"166\" srcset=\"https:\/\/blogg.folkuniversitetet.nu\/japanska2\/files\/2023\/08\/Screenshot-2023-08-22-at-09.50.47.png 1666w, https:\/\/blogg.folkuniversitetet.nu\/japanska2\/files\/2023\/08\/Screenshot-2023-08-22-at-09.50.47-300x30.png 300w, https:\/\/blogg.folkuniversitetet.nu\/japanska2\/files\/2023\/08\/Screenshot-2023-08-22-at-09.50.47-1024x102.png 1024w, https:\/\/blogg.folkuniversitetet.nu\/japanska2\/files\/2023\/08\/Screenshot-2023-08-22-at-09.50.47-768x77.png 768w, https:\/\/blogg.folkuniversitetet.nu\/japanska2\/files\/2023\/08\/Screenshot-2023-08-22-at-09.50.47-1536x153.png 1536w, https:\/\/blogg.folkuniversitetet.nu\/japanska2\/files\/2023\/08\/Screenshot-2023-08-22-at-09.50.47-500x50.png 500w\" sizes=\"auto, (max-width: 1666px) 100vw, 1666px\" \/><\/a><\/p>\n<p><strong>Q3: Hur ser inneh\u00e5llet av Japanese for Busy People vol.1 och vol.2 (3rd edition)?<\/strong><\/p>\n<p>A2: Man kan anv\u00e4nda checklistan nedan.<\/p>\n<p><a href=\"https:\/\/www.mlcjapanese.co.jp\/level_check_grammar_btopi_kana.html\">https:\/\/www.mlcjapanese.co.jp\/level_check_grammar_btopi_kana.html<\/a><\/p>\n","protected":false},"excerpt":{"rendered":"<p>Uppdaterad: 2023-08-22 FU Sthlm har 19 niv\u00e5er fr\u00e5n A1del1 nyb\u00f6rjarkurs till C1. Q1: Hur l\u00e4nge tar det? A1: Eftersom japanska inte \u00e4r som europeiska spr\u00e5k ni studerat tidigare, tar det l\u00e5ng tid tyv\u00e4rr! FK: J\u00e4mf\u00f6relsen mellan\u00a0Japanese Language Proficiency Test (JLPT)\/Europar\u00e5dets &hellip; <a href=\"https:\/\/blogg.folkuniversitetet.nu\/japanska2\/vara-kurser\/\">Continue reading <span class=\"meta-nav\">&rarr;<\/span><\/a><\/p>\n","protected":false},"author":4,"featured_media":0,"parent":0,"menu_order":0,"comment_status":"closed","ping_status":"open","template":"","meta":{"footnotes":""},"class_list":["post-86","page","type-page","status-publish","hentry"],"_links":{"self":[{"href":"https:\/\/blogg.folkuniversitetet.nu\/japanska2\/wp-json\/wp\/v2\/pages\/86","targetHints":{"allow":["GET"]}}],"collection":[{"href":"https:\/\/blogg.folkuniversitetet.nu\/japanska2\/wp-json\/wp\/v2\/pages"}],"about":[{"href":"https:\/\/blogg.folkuniversitetet.nu\/japanska2\/wp-json\/wp\/v2\/types\/page"}],"author":[{"embeddable":true,"href":"https:\/\/blogg.folkuniversitetet.nu\/japanska2\/wp-json\/wp\/v2\/users\/4"}],"replies":[{"embeddable":true,"href":"https:\/\/blogg.folkuniversitetet.nu\/japanska2\/wp-json\/wp\/v2\/comments?post=86"}],"version-history":[{"count":24,"href":"https:\/\/blogg.folkuniversitetet.nu\/japanska2\/wp-json\/wp\/v2\/pages\/86\/revisions"}],"predecessor-version":[{"id":398,"href":"https:\/\/blogg.folkuniversitetet.nu\/japanska2\/wp-json\/wp\/v2\/pages\/86\/revisions\/398"}],"wp:attachment":[{"href":"https:\/\/blogg.folkuniversitetet.nu\/japanska2\/wp-json\/wp\/v2\/media?parent=86"}],"curies":[{"name":"wp","href":"https:\/\/api.w.org\/{rel}","templated":true}]}}