{"id":76,"date":"2015-03-31T10:50:21","date_gmt":"2015-03-31T10:50:21","guid":{"rendered":"http:\/\/blogg.folkuniversitetet.nu\/japanska2\/?page_id=76"},"modified":"2025-08-26T07:44:35","modified_gmt":"2025-08-26T07:44:35","slug":"a1del3-checklista","status":"publish","type":"page","link":"https:\/\/blogg.folkuniversitetet.nu\/japanska2\/a1del3\/a1del3-checklista\/","title":{"rendered":"A1del3 checklista"},"content":{"rendered":"<p><span style=\"color: #ff0000\"><strong>OBS!<\/strong><\/span> Denna checklista \u00e4r baserad p\u00e5 3rd edition. S\u00e5 sm\u00e5ningom uppdateras inneh\u00e5llet enligt 4th edition!<\/p>\n<p>Kolla vad du kan efter kursens slut.<\/p>\n<h4><\/h4>\n<h4>Grammatik:<\/h4>\n<h5><span style=\"text-decoration: underline\"><em>L12<\/em><\/span><\/h5>\n<ol>\n<li>i-adj. och na-adj.(presens) och skillnaden mellan i- och na-adj.<br \/>\nt.ex. ookii desu\/ookikunai desu, shizuka desu\/shizuka ja-arimasen<\/li>\n<\/ol>\n<h5><span style=\"text-decoration: underline\"><em>L14<\/em><\/span><\/h5>\n<ol>\n<li>i-adj. och na-adj.(imperfekt)<br \/>\nt.ex. ookikatta desu\/ookikunakatta desu, shizuka deshita\/shizuka ja-arimasen-deshita<\/li>\n<\/ol>\n<h5><span style=\"text-decoration: underline\"><em>L13<\/em><\/span><\/h5>\n<ol>\n<li>~wa\u00a0~ni agemasu.<br \/>\nt.ex. Watashi wa, tanj\u00f3bi ni tomodachi ni hon o agemashita.<\/li>\n<li>~wa\u00a0~ni\u00a0moraimasu.<br \/>\nt.ex. Watashi wa, Barentain\u00a0ni\u00a0tomodachi ni chokor\u0113to o moraimashita.<\/li>\n<\/ol>\n<h5><span style=\"text-decoration: underline\"><em>L15<\/em><\/span><\/h5>\n<ol>\n<li>~masen-ka<br \/>\nt.ex. Ashita, hanami o shimasu. Issho-ni ikimasen-ka.<\/li>\n<li>~mash\u014d<br \/>\nt.ex. Hajimemash\u014d.<\/li>\n<li>~mash\u014d-ka #1<br \/>\nt.ex. Tanaka-san no tanj\u00f3bi ni nani o kaimash\u00f3-ka.<\/li>\n<li>[plats]de [h\u00e4ndelse]ga arimasu.<br \/>\nt.ex. 2020nen ni T\u00f3ky\u014d de natsu-no orinpikku ga arimasu.<\/li>\n<\/ol>\n<h5><span style=\"text-decoration: underline\"><em>L16<\/em><\/span><\/h5>\n<ol>\n<li>~mash\u014d-ka #2<br \/>\nt.ex. Shio o torimash\u00f3-ka.<\/li>\n<li>~wa\u00a0~ga arimasu\/imasu.<br \/>\nt.ex. Suzuki-san wa, \u014dkii uchi ga arimasu.<\/li>\n<\/ol>\n<h5><span style=\"text-decoration: underline\"><em>L18<\/em><\/span><\/h5>\n<ol>\n<li>~te-kudasai.<br \/>\nt.ex. Koko ni namae o kaite-kudasai<\/li>\n<li>verb-gruppering<\/li>\n<li>te-f.<\/li>\n<\/ol>\n<h4>Funktioner:<\/h4>\n<ol>\n<li>Jag kan beskriva saker med adjektiv, hur de \u00e4r\/var.<\/li>\n<li>Jag kan ber\u00e4tta om presenter, t.ex. vad man fick n\u00e4r.<\/li>\n<li>Jag kan bjuda n\u00e5gon att g\u00f6ra n\u00e5got tillsammans, t.ex. ska vi inte g\u00f6ra&#8230;?<\/li>\n<li>Jag kan tala om h\u00e4ndelser enkelt, n\u00e4r och var det h\u00e4nde.<\/li>\n<li>Jag kan be n\u00e5gon att g\u00f6ra n\u00e5got sn\u00e4llt, t.ex. v\u00e4nligen \u00f6ppna d\u00f6rren.<\/li>\n<li>Jag kan visa v\u00e4gen, t.ex g\u00e5 rakt, sv\u00e4ng till h\u00f6gre vid h\u00f6rnet.<\/li>\n<\/ol>\n","protected":false},"excerpt":{"rendered":"<p>OBS! Denna checklista \u00e4r baserad p\u00e5 3rd edition. S\u00e5 sm\u00e5ningom uppdateras inneh\u00e5llet enligt 4th edition! Kolla vad du kan efter kursens slut. Grammatik: L12 i-adj. och na-adj.(presens) och skillnaden mellan i- och na-adj. t.ex. ookii desu\/ookikunai desu, shizuka desu\/shizuka ja-arimasen &hellip; <a href=\"https:\/\/blogg.folkuniversitetet.nu\/japanska2\/a1del3\/a1del3-checklista\/\">Continue reading <span class=\"meta-nav\">&rarr;<\/span><\/a><\/p>\n","protected":false},"author":4,"featured_media":0,"parent":23,"menu_order":0,"comment_status":"closed","ping_status":"open","template":"","meta":{"footnotes":""},"class_list":["post-76","page","type-page","status-publish","hentry"],"_links":{"self":[{"href":"https:\/\/blogg.folkuniversitetet.nu\/japanska2\/wp-json\/wp\/v2\/pages\/76","targetHints":{"allow":["GET"]}}],"collection":[{"href":"https:\/\/blogg.folkuniversitetet.nu\/japanska2\/wp-json\/wp\/v2\/pages"}],"about":[{"href":"https:\/\/blogg.folkuniversitetet.nu\/japanska2\/wp-json\/wp\/v2\/types\/page"}],"author":[{"embeddable":true,"href":"https:\/\/blogg.folkuniversitetet.nu\/japanska2\/wp-json\/wp\/v2\/users\/4"}],"replies":[{"embeddable":true,"href":"https:\/\/blogg.folkuniversitetet.nu\/japanska2\/wp-json\/wp\/v2\/comments?post=76"}],"version-history":[{"count":14,"href":"https:\/\/blogg.folkuniversitetet.nu\/japanska2\/wp-json\/wp\/v2\/pages\/76\/revisions"}],"predecessor-version":[{"id":402,"href":"https:\/\/blogg.folkuniversitetet.nu\/japanska2\/wp-json\/wp\/v2\/pages\/76\/revisions\/402"}],"up":[{"embeddable":true,"href":"https:\/\/blogg.folkuniversitetet.nu\/japanska2\/wp-json\/wp\/v2\/pages\/23"}],"wp:attachment":[{"href":"https:\/\/blogg.folkuniversitetet.nu\/japanska2\/wp-json\/wp\/v2\/media?parent=76"}],"curies":[{"name":"wp","href":"https:\/\/api.w.org\/{rel}","templated":true}]}}