{"id":267,"date":"2017-02-02T15:03:27","date_gmt":"2017-02-02T15:03:27","guid":{"rendered":"http:\/\/blogg.folkuniversitetet.nu\/japanska2\/?page_id=267"},"modified":"2019-02-22T06:25:01","modified_gmt":"2019-02-22T06:25:01","slug":"a2del4-checklista","status":"publish","type":"page","link":"https:\/\/blogg.folkuniversitetet.nu\/japanska2\/a2del4\/a2del4-checklista\/","title":{"rendered":"A2del4 checklista"},"content":{"rendered":"<p>Kolla vad du kan efter kursens slut.<\/p>\n<p><span style=\"color: #ffcc00\"><strong>OBS! <\/strong><\/span><\/p>\n<ul>\n<li>Efter JBP vol.2 anv\u00e4nds Genki vol.2.<\/li>\n<li>I Genki vol. 2 g\u00e5r vi inte genom grammatik som redan presenteras i JBP vol.2.<\/li>\n<\/ul>\n<p><strong>Grammatik:<\/strong><\/p>\n<p><em><span style=\"text-decoration: underline\">JBP vol.2 L12 &amp; L13<\/span><\/em><\/p>\n<p>1. ~kamoshiremasen<\/p>\n<p>2. ~tara<\/p>\n<p style=\"padding-left: 30px\">1) ~tara #1(om\/konditionalis #1) L12<br \/>\n2) ~temo<br \/>\n3) ~tara #2(n\u00e4r) L13<\/p>\n<p><em><span style=\"text-decoration: underline\">L14<\/span><\/em><\/p>\n<p>1.~ba (konditionalis #2) +~ba yokatta desu<\/p>\n<p>2. ~nakereba-narimasen\/~nakutemo ii desu<\/p>\n<p>3. ~te-shimaimasu<\/p>\n<p><em><span style=\"text-decoration: underline\">L15<\/span><\/em><\/p>\n<p>1. tr.V vs. itr.V intro<\/p>\n<p>2. ~to, ~ (konditionalis #3)<\/p>\n<p>&nbsp;<\/p>\n<p><em><span style=\"text-decoration: underline\">Genki 2 L13<\/span><\/em><\/p>\n<p>1. ~shi~shi<\/p>\n<p>2. [adj.]s\u014d desu\/~nasa-s\u014d desu<\/p>\n<p>&nbsp;<\/p>\n<p><strong>Funktioner:<\/strong><\/p>\n<ol>\n<li>Jag kan uttrycka os\u00e4kerhet, t.ex. kanske kan det vara&#8230;<\/li>\n<li>Jag kan beskriva vad som redan h\u00e4nt och kan inte \u00e5terh\u00e4mta resultatet.<\/li>\n<li>Jag kan spekulera om vad som kan h\u00e4nda, vad som kan ha h\u00e4nt och vad vi skulle vilja h\u00e4nda.<\/li>\n<li>Jag kan ber\u00e4tta om \u201dm\u00e5ste\u201d<\/li>\n<li>Jag kan ber\u00e4tta om naturlig konsekvens<\/li>\n<li>Jag kan beskriva sammanhang, t.ex. det ser ~ ut som.<\/li>\n<\/ol>\n","protected":false},"excerpt":{"rendered":"<p>Kolla vad du kan efter kursens slut. OBS! Efter JBP vol.2 anv\u00e4nds Genki vol.2. I Genki vol. 2 g\u00e5r vi inte genom grammatik som redan presenteras i JBP vol.2. Grammatik: JBP vol.2 L12 &amp; L13 1. ~kamoshiremasen 2. ~tara 1) &hellip; <a href=\"https:\/\/blogg.folkuniversitetet.nu\/japanska2\/a2del4\/a2del4-checklista\/\">Continue reading <span class=\"meta-nav\">&rarr;<\/span><\/a><\/p>\n","protected":false},"author":4,"featured_media":0,"parent":33,"menu_order":0,"comment_status":"closed","ping_status":"closed","template":"","meta":{"footnotes":""},"class_list":["post-267","page","type-page","status-publish","hentry"],"_links":{"self":[{"href":"https:\/\/blogg.folkuniversitetet.nu\/japanska2\/wp-json\/wp\/v2\/pages\/267","targetHints":{"allow":["GET"]}}],"collection":[{"href":"https:\/\/blogg.folkuniversitetet.nu\/japanska2\/wp-json\/wp\/v2\/pages"}],"about":[{"href":"https:\/\/blogg.folkuniversitetet.nu\/japanska2\/wp-json\/wp\/v2\/types\/page"}],"author":[{"embeddable":true,"href":"https:\/\/blogg.folkuniversitetet.nu\/japanska2\/wp-json\/wp\/v2\/users\/4"}],"replies":[{"embeddable":true,"href":"https:\/\/blogg.folkuniversitetet.nu\/japanska2\/wp-json\/wp\/v2\/comments?post=267"}],"version-history":[{"count":7,"href":"https:\/\/blogg.folkuniversitetet.nu\/japanska2\/wp-json\/wp\/v2\/pages\/267\/revisions"}],"predecessor-version":[{"id":333,"href":"https:\/\/blogg.folkuniversitetet.nu\/japanska2\/wp-json\/wp\/v2\/pages\/267\/revisions\/333"}],"up":[{"embeddable":true,"href":"https:\/\/blogg.folkuniversitetet.nu\/japanska2\/wp-json\/wp\/v2\/pages\/33"}],"wp:attachment":[{"href":"https:\/\/blogg.folkuniversitetet.nu\/japanska2\/wp-json\/wp\/v2\/media?parent=267"}],"curies":[{"name":"wp","href":"https:\/\/api.w.org\/{rel}","templated":true}]}}