{"id":265,"date":"2017-02-02T15:03:08","date_gmt":"2017-02-02T15:03:08","guid":{"rendered":"http:\/\/blogg.folkuniversitetet.nu\/japanska2\/?page_id=265"},"modified":"2025-08-27T03:03:17","modified_gmt":"2025-08-27T03:03:17","slug":"a2del2-checklista","status":"publish","type":"page","link":"https:\/\/blogg.folkuniversitetet.nu\/japanska2\/a2del2\/a2del2-checklista\/","title":{"rendered":"A2del2 checklista"},"content":{"rendered":"<p><span style=\"color: #ff0000\"><strong>OBS!<\/strong><\/span> Denna checklista \u00e4r baserad p\u00e5 3rd edition. S\u00e5 sm\u00e5ningom uppdateras inneh\u00e5llet enligt 4th edition!<\/p>\n<p>Kolla vad du kan efter kursens slut.<\/p>\n<p><strong>Grammatik:<\/strong><\/p>\n<p><em><span style=\"text-decoration: underline\">L5<\/span><\/em><\/p>\n<p>1. [ta-f.]koto ga arimasu+ nan-kai ka\/nan-kai mo\/1kai-mo+neg.<\/p>\n<p>2. [past]+n desu<\/p>\n<p style=\"padding-left: 30px\">1) V\/plain-f.<br \/>\n2) casual style (past)<br \/>\n3) [past]+n desu<\/p>\n<p><em><span style=\"text-decoration: underline\">L6<\/span><\/em><\/p>\n<p>1. [i-adj.]+ku\/[na-adj.]+~ni<\/p>\n<p>2. m\u014d~mashita\/mada~te-imasen+ m\u014d~ta-n desu-ka???<\/p>\n<p>3. ~te-kimasu (vs.L3 ~ni ikimasu)<\/p>\n<p>4. \u00a0~ta\/~nai h\u014d ga ii desu<\/p>\n<p><em><span style=\"text-decoration: underline\">L7<\/span><\/em><\/p>\n<p>1. [d-f.]mae-ni; [te-f.]te-kara<\/p>\n<p>2. ~no\/[i-adj.]\/[na-adj.]+na toki<\/p>\n<p>&nbsp;<\/p>\n<p><strong>Funktioner:<\/strong><\/p>\n<ol>\n<li>Jag kan tala med kompisar om d\u00e5tiden (casual style).<\/li>\n<li>Jag kan ber\u00e4tta om erfarenheter, om man gjort, hur m\u00e5nga g\u00e5nger man gjort.<\/li>\n<li>Jag beskriva hur man g\u00f6r, t.ex. snabbt\/sakta, stort\/litet, tidigt\/sent<\/li>\n<li>Jag kan r\u00e5dgiva n\u00e5gon, t.ex. det vore b\u00e4st att g\u00f6ra ngt.<\/li>\n<li>Jag kan ber\u00e4tta om sjukdom symptom<\/li>\n<li>Jag kan beskriva \u00e4ndringar, t.ex. det blev gammalt.<\/li>\n<li>Jag kan rapportera vad en sagt till en annan.<\/li>\n<\/ol>\n","protected":false},"excerpt":{"rendered":"<p>OBS! Denna checklista \u00e4r baserad p\u00e5 3rd edition. S\u00e5 sm\u00e5ningom uppdateras inneh\u00e5llet enligt 4th edition! Kolla vad du kan efter kursens slut. Grammatik: L5 1. [ta-f.]koto ga arimasu+ nan-kai ka\/nan-kai mo\/1kai-mo+neg. 2. [past]+n desu 1) V\/plain-f. 2) casual style (past) &hellip; <a href=\"https:\/\/blogg.folkuniversitetet.nu\/japanska2\/a2del2\/a2del2-checklista\/\">Continue reading <span class=\"meta-nav\">&rarr;<\/span><\/a><\/p>\n","protected":false},"author":4,"featured_media":0,"parent":29,"menu_order":0,"comment_status":"closed","ping_status":"closed","template":"","meta":{"footnotes":""},"class_list":["post-265","page","type-page","status-publish","hentry"],"_links":{"self":[{"href":"https:\/\/blogg.folkuniversitetet.nu\/japanska2\/wp-json\/wp\/v2\/pages\/265","targetHints":{"allow":["GET"]}}],"collection":[{"href":"https:\/\/blogg.folkuniversitetet.nu\/japanska2\/wp-json\/wp\/v2\/pages"}],"about":[{"href":"https:\/\/blogg.folkuniversitetet.nu\/japanska2\/wp-json\/wp\/v2\/types\/page"}],"author":[{"embeddable":true,"href":"https:\/\/blogg.folkuniversitetet.nu\/japanska2\/wp-json\/wp\/v2\/users\/4"}],"replies":[{"embeddable":true,"href":"https:\/\/blogg.folkuniversitetet.nu\/japanska2\/wp-json\/wp\/v2\/comments?post=265"}],"version-history":[{"count":7,"href":"https:\/\/blogg.folkuniversitetet.nu\/japanska2\/wp-json\/wp\/v2\/pages\/265\/revisions"}],"predecessor-version":[{"id":404,"href":"https:\/\/blogg.folkuniversitetet.nu\/japanska2\/wp-json\/wp\/v2\/pages\/265\/revisions\/404"}],"up":[{"embeddable":true,"href":"https:\/\/blogg.folkuniversitetet.nu\/japanska2\/wp-json\/wp\/v2\/pages\/29"}],"wp:attachment":[{"href":"https:\/\/blogg.folkuniversitetet.nu\/japanska2\/wp-json\/wp\/v2\/media?parent=265"}],"curies":[{"name":"wp","href":"https:\/\/api.w.org\/{rel}","templated":true}]}}