{"id":213,"date":"2015-05-04T12:06:55","date_gmt":"2015-05-04T12:06:55","guid":{"rendered":"http:\/\/blogg.folkuniversitetet.nu\/japanska2\/?page_id=213"},"modified":"2019-06-27T06:38:41","modified_gmt":"2019-06-27T06:38:41","slug":"a2del3-checklista","status":"publish","type":"page","link":"https:\/\/blogg.folkuniversitetet.nu\/japanska2\/a2del3\/a2del3-checklista\/","title":{"rendered":"A2del3 checklista"},"content":{"rendered":"<p>Kolla vad du kan efter kursens slut.<\/p>\n<p><span style=\"color: #ffcc00\"><strong>OBS! \u00a0<\/strong><\/span>JBP vol.2 anv\u00e4nds i denna kurs.<\/p>\n<h4>Grammatik:<\/h4>\n<h5><span style=\"text-decoration: underline\"><em>L8<\/em><\/span><\/h5>\n<ol>\n<li>[i-adj.]+\u304f\/[na-adj.]+\u306b\u3000\u306a\u308a\u307e\u3059<br \/>\nt.ex. \u306f\u308b\u304c\u3000\u304d\u3066\u3001\u3042\u305f\u305f\u304b\u304f\u306a\u308a\u307e\u3059\u3002\u307e\u3061\u304c\u3000\u306b\u304e\u3084\u304b\u306b\u306a\u308a\u307e\u3059\u3002<\/li>\n<li>\uff5e\u3068\u3000\u3044\u3063\u3066\u3044\u307e\u3057\u305f<br \/>\nt.ex. \u3042\u3057\u305f\u3001\u304a\u305d\u304f\u3000\u304b\u3044\u3057\u3083\u306b\u3000\u304f\u308b\u3068\u3000\u3044\u3063\u3066\u3044\u307e\u3057\u305f\u3002<\/li>\n<li>\uff5e\u3068\u3000\u304a\u3082\u3044\u307e\u3059<br \/>\nt.ex. \u30d7\u30ec\u30bc\u30f3\u30c8\u306f\u3000\u30ef\u30a4\u30f3\u304c\u3000\u3044\u3044\u3068\u3000\u304a\u3082\u3044\u307e\u3059\u3002<\/li>\n<li>[d-f.]\/[ta-f.]\/+\u3068\u304d\u3001\uff5e<br \/>\nt.ex. \u3054\u306f\u3093\u3092\u3000\u305f\u3079\u308b\u3068\u304d\u3001\u300c\u3044\u305f\u3060\u304d\u307e\u3059\u300d\u3068\u3000\u3044\u3044\u307e\u3059\u3002<br \/>\n\u3054\u306f\u3093\u3092\u3000\u305f\u3079\u305f\u3068\u304d\u3001\u300c\u3054\u3061\u305d\u3046\u3055\u307e\u3067\u3057\u305f\u300d\u3068\u3000\u3044\u3044\u307e\u3059\u3002<\/li>\n<\/ol>\n<h5><span style=\"text-decoration: underline\"><em>L9<\/em><\/span><\/h5>\n<ol>\n<li>Nour-modifier (= relativ sats)<br \/>\nt.ex. \u3053\u308c\u306f\u3001\u305f\u3093\u3058\u3087\u3046\u3073\u306b\u3000\u3068\u3082\u3060\u3061\u306b\u3000\u3082\u3089\u3063\u305f\u307b\u3093\u3067\u3059\u3002<br \/>\n\u305f\u3093\u3058\u3087\u3046\u3073\u306b\u3000\u3068\u3082\u3060\u3061\u306b\u3000\u3082\u3089\u3063\u305f\u307b\u3093\u306f\u3001\u304a\u3082\u3057\u308d\u304b\u3063\u305f\u3067\u3059\u3002<\/li>\n<li>[d-f.]\u306e\u304c\u3000\uff08\u3059\u304d\uff09\u3067\u3059<br \/>\nt.ex. \u304c\u3044\u3053\u304f\u3054\u3092\u3000\u3079\u3093\u304d\u3087\u3046\u3059\u308b\u306e\u304c\u3000\u3059\u304d\u3067\u3059\u3002<\/li>\n<li>[d-f.]\u306e\u306f\u3001\uff08\u304a\u3082\u3057\u308d\u3044\uff09\u3067\u3059<br \/>\nt.ex.\u00a0\u304c\u3044\u3053\u304f\u3054\u3092\u3000\u3079\u3093\u304d\u3087\u3046\u3059\u308b\u306e\u306f\u3001\u304a\u3082\u3057\u308d\u3044\u3067\u3059\u3002<\/li>\n<\/ol>\n<h5><span style=\"text-decoration: underline\"><em>L10<\/em><\/span><\/h5>\n<ol>\n<li>\uff5e\u306f\u3001\uff5e\u304c\u3000[can-f.]\/\uff5e\u304c\u3067\u304d\u307e\u3059<br \/>\nt.ex. \u306b\u307b\u3093\u306e\u30b3\u30f3\u30d3\u30cb\u3067\u3000\u30d3\u30fc\u30eb\u304c\u3000\u304b\u3048\u307e\u3059\u3002<br \/>\n\u30b3\u30d4\u30fc\u304c\u3067\u304d\u307e\u3059\u3002<\/li>\n<li>\uff5e\u306e\u3067\u3001\uff5e<br \/>\nt.ex. \u3042\u305f\u307e\u304c\u3000\u3044\u305f\u3044\u306e\u3067\u3001\u304d\u3087\u3046\u306f\u3000\u306f\u3084\u304f\u3000\u304b\u3048\u3063\u3066\u3082\u3044\u3044\u3067\u3059\u304b\u3002<\/li>\n<\/ol>\n<h5><span style=\"text-decoration: underline\"><em>L11<\/em><\/span><\/h5>\n<ol>\n<li>[volitional-f.]+\u3068\u3000\u304a\u3082\u3063\u3066\u3044\u307e\u3059\n<ol>\n<li>volitional-f.<br \/>\nt.ex. \u3053\u3068\u3057\u306f\u3000\u30b9\u30dd\u30fc\u30c4\u30af\u30e9\u30d6\u306b\u3000\u306f\u3044\u3063\u3066\u3001\u3082\u3063\u3068\u3000\u3046\u3093\u3069\u3046\u3057\u3088\u3046\u3068\u3000\u304a\u3082\u3063\u3066\u3044\u307e\u3059\u3002<\/li>\n<\/ol>\n<\/li>\n<li style=\"text-align: left\">sannolikhets grad: \uff5e\u305f\u3044\u3067\u3059&gt; [volitional-f.]+\u3068\u3000\u304a\u3082\u3063\u3066\u3044\u307e\u3059&gt; [d-f.]+\u3064\u3082\u308a\u3067\u3059&gt; [d-f.]+\u3088\u3066\u3044\u3067\u3059&gt; \uff5e\u307e\u3059<\/li>\n<\/ol>\n<h4><\/h4>\n<p>&nbsp;<\/p>\n<h4>Funktioner:<\/h4>\n<ol>\n<li>Jag kan beskriva \u00e4ndringar enkelt.<\/li>\n<li>Jag kan rapportera vad ngn annan sagt.<\/li>\n<li>Jag kan ber\u00e4tta om mina \u00e5sikter enkelt.<\/li>\n<li>Jag kan ber\u00e4tta om svenska seder enkelt, t.ex. n\u00e4r man\u00a0kommer in i huset, tar man av skona.<\/li>\n<li>Jag kan ber\u00e4tta om min hobby, t.ex. jag gillar att g\u00f6ra vad, om det \u00e4r intressant att g\u00f6ra det.<\/li>\n<li>Jag kan beskriva\u00a0f\u00f6rm\u00e5gan och m\u00f6jlighet, t.ex. jag kan tala franska.<\/li>\n<li>Jag kan tala om urs\u00e4kter, t.ex. varf\u00f6r det h\u00e4nt.<\/li>\n<li>Jag kan\u00a0uttrycka avsikter, t.ex. jag t\u00e4nker att g\u00f6ra vad.<\/li>\n<\/ol>\n","protected":false},"excerpt":{"rendered":"<p>Kolla vad du kan efter kursens slut. OBS! \u00a0JBP vol.2 anv\u00e4nds i denna kurs. Grammatik: L8 [i-adj.]+\u304f\/[na-adj.]+\u306b\u3000\u306a\u308a\u307e\u3059 t.ex. \u306f\u308b\u304c\u3000\u304d\u3066\u3001\u3042\u305f\u305f\u304b\u304f\u306a\u308a\u307e\u3059\u3002\u307e\u3061\u304c\u3000\u306b\u304e\u3084\u304b\u306b\u306a\u308a\u307e\u3059\u3002 \uff5e\u3068\u3000\u3044\u3063\u3066\u3044\u307e\u3057\u305f t.ex. \u3042\u3057\u305f\u3001\u304a\u305d\u304f\u3000\u304b\u3044\u3057\u3083\u306b\u3000\u304f\u308b\u3068\u3000\u3044\u3063\u3066\u3044\u307e\u3057\u305f\u3002 \uff5e\u3068\u3000\u304a\u3082\u3044\u307e\u3059 t.ex. \u30d7\u30ec\u30bc\u30f3\u30c8\u306f\u3000\u30ef\u30a4\u30f3\u304c\u3000\u3044\u3044\u3068\u3000\u304a\u3082\u3044\u307e\u3059\u3002 [d-f.]\/[ta-f.]\/+\u3068\u304d\u3001\uff5e t.ex. \u3054\u306f\u3093\u3092\u3000\u305f\u3079\u308b\u3068\u304d\u3001\u300c\u3044\u305f\u3060\u304d\u307e\u3059\u300d\u3068\u3000\u3044\u3044\u307e\u3059\u3002 \u3054\u306f\u3093\u3092\u3000\u305f\u3079\u305f\u3068\u304d\u3001\u300c\u3054\u3061\u305d\u3046\u3055\u307e\u3067\u3057\u305f\u300d\u3068\u3000\u3044\u3044\u307e\u3059\u3002 L9 Nour-modifier (= relativ sats) t.ex. \u3053\u308c\u306f\u3001\u305f\u3093\u3058\u3087\u3046\u3073\u306b\u3000\u3068\u3082\u3060\u3061\u306b\u3000\u3082\u3089\u3063\u305f\u307b\u3093\u3067\u3059\u3002 \u305f\u3093\u3058\u3087\u3046\u3073\u306b\u3000\u3068\u3082\u3060\u3061\u306b\u3000\u3082\u3089\u3063\u305f\u307b\u3093\u306f\u3001\u304a\u3082\u3057\u308d\u304b\u3063\u305f\u3067\u3059\u3002 [d-f.]\u306e\u304c\u3000\uff08\u3059\u304d\uff09\u3067\u3059 t.ex. \u304c\u3044\u3053\u304f\u3054\u3092\u3000\u3079\u3093\u304d\u3087\u3046\u3059\u308b\u306e\u304c\u3000\u3059\u304d\u3067\u3059\u3002 &hellip; <a href=\"https:\/\/blogg.folkuniversitetet.nu\/japanska2\/a2del3\/a2del3-checklista\/\">Continue reading <span class=\"meta-nav\">&rarr;<\/span><\/a><\/p>\n","protected":false},"author":4,"featured_media":0,"parent":31,"menu_order":0,"comment_status":"closed","ping_status":"closed","template":"","meta":{"footnotes":""},"class_list":["post-213","page","type-page","status-publish","hentry"],"_links":{"self":[{"href":"https:\/\/blogg.folkuniversitetet.nu\/japanska2\/wp-json\/wp\/v2\/pages\/213","targetHints":{"allow":["GET"]}}],"collection":[{"href":"https:\/\/blogg.folkuniversitetet.nu\/japanska2\/wp-json\/wp\/v2\/pages"}],"about":[{"href":"https:\/\/blogg.folkuniversitetet.nu\/japanska2\/wp-json\/wp\/v2\/types\/page"}],"author":[{"embeddable":true,"href":"https:\/\/blogg.folkuniversitetet.nu\/japanska2\/wp-json\/wp\/v2\/users\/4"}],"replies":[{"embeddable":true,"href":"https:\/\/blogg.folkuniversitetet.nu\/japanska2\/wp-json\/wp\/v2\/comments?post=213"}],"version-history":[{"count":8,"href":"https:\/\/blogg.folkuniversitetet.nu\/japanska2\/wp-json\/wp\/v2\/pages\/213\/revisions"}],"predecessor-version":[{"id":331,"href":"https:\/\/blogg.folkuniversitetet.nu\/japanska2\/wp-json\/wp\/v2\/pages\/213\/revisions\/331"}],"up":[{"embeddable":true,"href":"https:\/\/blogg.folkuniversitetet.nu\/japanska2\/wp-json\/wp\/v2\/pages\/31"}],"wp:attachment":[{"href":"https:\/\/blogg.folkuniversitetet.nu\/japanska2\/wp-json\/wp\/v2\/media?parent=213"}],"curies":[{"name":"wp","href":"https:\/\/api.w.org\/{rel}","templated":true}]}}