{"id":153,"date":"2015-04-20T13:04:37","date_gmt":"2015-04-20T13:04:37","guid":{"rendered":"http:\/\/blogg.folkuniversitetet.nu\/japanska2\/?page_id=153"},"modified":"2025-09-05T09:22:34","modified_gmt":"2025-09-05T09:22:34","slug":"a1del4-checklista","status":"publish","type":"page","link":"https:\/\/blogg.folkuniversitetet.nu\/japanska2\/a1del4\/a1del4-checklista\/","title":{"rendered":"A1del4 checklista"},"content":{"rendered":"<p><span style=\"color: #ff0000\"><strong>OBS!<\/strong><\/span> Denna checklista \u00e4r baserad p\u00e5 3rd edition. S\u00e5 sm\u00e5ningom uppdateras inneh\u00e5llet enligt 4th edition!<\/p>\n<p>Kolla vad du kan efter kursens slut.<\/p>\n<h4><\/h4>\n<h4>Grammatik:<\/h4>\n<h5><span style=\"text-decoration: underline\"><em>L17<\/em><\/span><\/h5>\n<ol>\n<li>~te,\u00a0~<br \/>\nt.ex. Watashi-tachi wa, Ky\u00f3to ni itte, o-tera ya jinja o mimashita.<\/li>\n<\/ol>\n<h5><span style=\"text-decoration: underline\"><em>L18<\/em><\/span><\/h5>\n<ol>\n<li>~te-kudasai.<br \/>\nt.ex. Koko ni namae o kaite-kudasai<\/p>\n<ol>\n<li>te-f.<\/li>\n<li>verb-gruppering<\/li>\n<li>repetition av klassrumsuttryck med ~te-kudasai (A1del1)<\/li>\n<\/ol>\n<\/li>\n<\/ol>\n<h5><span style=\"text-decoration: underline\"><em>L19<\/em><\/span><\/h5>\n<ol>\n<li>~wa~ni norimasu\/tsukimasu\/hairimasu.<br \/>\nt.ex. Smith-san wa, hajimete shinkansen ni norimashita.<\/li>\n<li>~wa~o orimasu\/demasu.<br \/>\nt.ex. Shinkansen wa, 10ji ni T\u00f3ky\u00f3-eki o demasu.<\/li>\n<li>~kara~made [fordon]de\u00a0[tid\/l\u00e4ngd] kakarimasu.<br \/>\nt.ex. T\u00f3ky\u00f3 kara \u00d3saka made shinkansen de 2jikan kakarimasu.<\/li>\n<\/ol>\n<h5><span style=\"text-decoration: underline\"><em>L20<\/em><\/span><\/h5>\n<ol>\n<li>~temo-ii desu\/(~tewa ikemasen).<br \/>\nt.ex. Koko ni kuruma o tometemo-ii desu.<\/li>\n<\/ol>\n<h5><\/h5>\n<h5><span style=\"text-decoration: underline\"><em>L21<\/em><\/span><\/h5>\n<ol>\n<li>~no-mae ni\/~no-ato de<br \/>\nt.ex. Jugy\u00f3-no mae ni shukudai o shimasu.<br \/>\nJugy\u00f3-no ato de kurasum\u00e9to to ocha shimashita.<\/li>\n<li>~naide-kudasai.\n<ol>\n<li>nai-f.<br \/>\nt.ex. Koko de tabako o suwanaide-kudasai.<\/li>\n<\/ol>\n<\/li>\n<\/ol>\n<h5><span style=\"text-decoration: underline\"><em>L22<\/em><\/span><\/h5>\n<ol>\n<li>~te-imasu (p\u00e5g\u00e5ende)<br \/>\nt.ex. Tanaka-san wa, ima o-kyakusan to denwa de hanashite-imasu.<\/li>\n<\/ol>\n<h5><span style=\"text-decoration: underline\"><em>L23<\/em><\/span><\/h5>\n<ol>\n<li>~wa [plats]ni sunde-imasu.<br \/>\nt.ex. Smith-san wa, Nihon ni sunde-imasu.<\/li>\n<li>~wa [arbetsplats]ni tsutomete-imasu.<br \/>\nt.ex. Smith-san wa, ABC-Foods ni tsutomete-imasu.<\/li>\n<li>~wa~o shitte-imasu\/shirimasen<br \/>\nt.ex. Tanaka-san no denwa bang\u00f3 o shitte-imasu ka.<\/li>\n<\/ol>\n<h5><span style=\"text-decoration: underline\"><em>L24<\/em><\/span><\/h5>\n<ol>\n<li>~wa~ga suki\/kirai\/j\u014dzu\/heta\/(tokui) desu.<br \/>\nt.ex. Watashi wa, uta ga heta desu.<\/li>\n<li>~wa [V\/dictionary-f.]no ga (suki) desu. \u00a0 \u00a0 \u00a0 \u00a0 \u00a0<span style=\"color: #ff0000\">(JBP1 4th L15)<\/span>\n<ol>\n<li>dictionary-f.<br \/>\nt.ex. Watashi wa, hon o yomu no ga suki desu.<\/li>\n<\/ol>\n<\/li>\n<li>[V\/dictionary-f.]no wa, (omoshiroi) desu.<\/li>\n<li>~wa~ga\u00a0wakarimasu.<br \/>\nt.ex. Furansu-go ga warimasu-ka.<\/li>\n<\/ol>\n<h5><span style=\"text-decoration: underline\"><em>L25<\/em><\/span><\/h5>\n<ol>\n<li>~wa\u00a0[masu-f.]tai desu.<br \/>\nt.ex. Natsu-yasumi ni Nihon ni iki-tai desu.<\/p>\n<ol>\n<li>~wa~ga hoshii desu.<br \/>\nt.ex. Kurisumasu ni atarashii sumaho ga hoshii desu.<\/li>\n<\/ol>\n<\/li>\n<\/ol>\n<h4><\/h4>\n<h4>Funktioner:<\/h4>\n<ol>\n<li>Jag kan be n\u00e5gon att g\u00f6ra ngt, t.ex. \u00f6ppna d\u00f6rren.<\/li>\n<li>Jag kan visa v\u00e4gen, t.ex g\u00e5 rakt, sv\u00e4ng till h\u00f6gre vid h\u00f6rnet.<\/li>\n<li>Jag kan ber\u00e4tta om till\u00e5telse\/f\u00f6rbud.<\/li>\n<li>Jag kan ber\u00e4tta om resan, t.ex. vad jag\u00a0tog, n\u00e4r flyget l\u00e4mnade flygplatsen osv..<\/li>\n<li>Jag kan be n\u00e5gon att inte g\u00f6ra ngt, t.ex. \u00f6ppna inte d\u00f6rren.<\/li>\n<li>Jag kan beskriva p\u00e5g\u00e5ende sammanhang, vad man g\u00f6r just nu.<\/li>\n<li>Jag kan ber\u00e4tta om min hobby mer detaljerad, t.ex. min hobby \u00e4r att (g\u00f6ra), jag gillar att (g\u00f6ra), det \u00e4r intressant att (g\u00f6ra)<\/li>\n<li>Jag kan ber\u00e4tta om sitt \u00f6nskem\u00e5l, vad man vill g\u00f6ra.<\/li>\n<\/ol>\n","protected":false},"excerpt":{"rendered":"<p>OBS! Denna checklista \u00e4r baserad p\u00e5 3rd edition. S\u00e5 sm\u00e5ningom uppdateras inneh\u00e5llet enligt 4th edition! Kolla vad du kan efter kursens slut. Grammatik: L17 ~te,\u00a0~ t.ex. Watashi-tachi wa, Ky\u00f3to ni itte, o-tera ya jinja o mimashita. L18 ~te-kudasai. t.ex. Koko &hellip; <a href=\"https:\/\/blogg.folkuniversitetet.nu\/japanska2\/a1del4\/a1del4-checklista\/\">Continue reading <span class=\"meta-nav\">&rarr;<\/span><\/a><\/p>\n","protected":false},"author":4,"featured_media":0,"parent":25,"menu_order":0,"comment_status":"closed","ping_status":"open","template":"","meta":{"footnotes":""},"class_list":["post-153","page","type-page","status-publish","hentry"],"_links":{"self":[{"href":"https:\/\/blogg.folkuniversitetet.nu\/japanska2\/wp-json\/wp\/v2\/pages\/153","targetHints":{"allow":["GET"]}}],"collection":[{"href":"https:\/\/blogg.folkuniversitetet.nu\/japanska2\/wp-json\/wp\/v2\/pages"}],"about":[{"href":"https:\/\/blogg.folkuniversitetet.nu\/japanska2\/wp-json\/wp\/v2\/types\/page"}],"author":[{"embeddable":true,"href":"https:\/\/blogg.folkuniversitetet.nu\/japanska2\/wp-json\/wp\/v2\/users\/4"}],"replies":[{"embeddable":true,"href":"https:\/\/blogg.folkuniversitetet.nu\/japanska2\/wp-json\/wp\/v2\/comments?post=153"}],"version-history":[{"count":13,"href":"https:\/\/blogg.folkuniversitetet.nu\/japanska2\/wp-json\/wp\/v2\/pages\/153\/revisions"}],"predecessor-version":[{"id":405,"href":"https:\/\/blogg.folkuniversitetet.nu\/japanska2\/wp-json\/wp\/v2\/pages\/153\/revisions\/405"}],"up":[{"embeddable":true,"href":"https:\/\/blogg.folkuniversitetet.nu\/japanska2\/wp-json\/wp\/v2\/pages\/25"}],"wp:attachment":[{"href":"https:\/\/blogg.folkuniversitetet.nu\/japanska2\/wp-json\/wp\/v2\/media?parent=153"}],"curies":[{"name":"wp","href":"https:\/\/api.w.org\/{rel}","templated":true}]}}