{"id":135,"date":"2015-04-20T11:10:49","date_gmt":"2015-04-20T11:10:49","guid":{"rendered":"http:\/\/blogg.folkuniversitetet.nu\/japanska2\/?page_id=135"},"modified":"2025-03-24T07:01:06","modified_gmt":"2025-03-24T07:01:06","slug":"a1del1-nyborjarkurs-checklista","status":"publish","type":"page","link":"https:\/\/blogg.folkuniversitetet.nu\/japanska2\/a1del1\/a1del1-nyborjarkurs-checklista\/","title":{"rendered":"A1del1 nyb\u00f6rjarkurs checklista"},"content":{"rendered":"<p>Kolla vad du kan efter kursens slut.<\/p>\n<h4><\/h4>\n<h4>Grammatik:<\/h4>\n<h5><span style=\"text-decoration: underline\"><em>L1<\/em><\/span><\/h5>\n<ol>\n<li>~wa~desu\/ja-arimasen. +nationalitet, yrke<br \/>\nt.ex. Smith-san wa, Amerika-jin desu.<\/li>\n<li>~ka~ka<br \/>\nt.ex. Smith-san wa, Amerika-jin desu-ka, Igirisu-jin desu-ka.<\/li>\n<li>dare\/doko\/nan\/nani-jin<\/li>\n<\/ol>\n<h5><span style=\"text-decoration: underline\"><em>extra<\/em><\/span><\/h5>\n<ol>\n<li>siffror: 1~99<\/li>\n<li>~to~<br \/>\nt.ex. Smith-san to Suzuki-san wa, kaishain desu.<\/li>\n<li>~mo<br \/>\nt.ex. Smith-san wa, kaishain desu. Suzuki-san mo kaishain desu.<\/li>\n<\/ol>\n<h5><span style=\"text-decoration: underline\"><em>L24<\/em><\/span><\/h5>\n<ol>\n<li>~wa~ga suki desu\/suki ja-arimasen\/dai-suki desu.<br \/>\nt.ex. Watashi wa, manga to anime ga daisuki desu.<\/li>\n<\/ol>\n<h5 style=\"text-align: left\"><span style=\"text-decoration: underline\"><em>L2<\/em><\/span><\/h5>\n<ol>\n<li>kore\/sore\/are<br \/>\nt.ex. Are wa, Skytree Tower desu.<\/li>\n<li>[\u00e4gare]no[egendom}<br \/>\nt.ex. Sumimasen, sore wa watashi-no kasa desu.<\/li>\n<\/ol>\n<h5 style=\"text-align: left\"><span style=\"text-decoration: underline\"><em>L3<\/em><\/span><\/h5>\n<ol>\n<li>klockslag<br \/>\nt.ex. Ima, 1ji han desu.<\/li>\n<li>\u00f6ppettid<br \/>\nt.ex. Gink\u00f3 wa, 9ji kara 3ji made desu.<\/li>\n<\/ol>\n<h5 style=\"text-align: left\"><span style=\"text-decoration: underline\"><em>L4<\/em><\/span><\/h5>\n<ol>\n<li>stora siffror: 100~<\/li>\n<li>pris<br \/>\nt.ex. Shinbun wa, 120en desu.<\/li>\n<\/ol>\n<h5 style=\"text-align: left\"><span style=\"text-decoration: underline\"><em>L5<\/em><\/span><\/h5>\n<ol>\n<li>kono\/sono\/ano+ [substantiv]<br \/>\nt.ex. Sono T-shatsu wa, ikura desu-ka.<\/li>\n<li>counters<br \/>\nt.ex. ichimai, ippon, hitotsu, hitori osv..<\/li>\n<\/ol>\n<h4>Uttryck:<\/h4>\n<ul>\n<li><em>H\u00e4lsningsuttryck<\/em><\/li>\n<li>O-genki desu-ka.<\/li>\n<li><em>Klassrumsuttryck<\/em>: tatte-\/suwatte-\/mite-\/kiite-\/kaite-\/yonde-\/hanashite-\/kite-kudasai.<\/li>\n<li>M\u014d ichi-do\/yukkuri onegaishimasu.<\/li>\n<li>Chotto matte-kudasai.<\/li>\n<li>Wakarimasen.<\/li>\n<\/ul>\n<h4>Funktioner:<\/h4>\n<ol>\n<li>Jag kan grundl\u00e4ggande h\u00e4lsningsfraser.<\/li>\n<li>Jag kan presentera mig p\u00e5 japanska.<\/li>\n<li>Jag kan fr\u00e5ga, Vad heter du? Vilket land kommer du fr\u00e5n? Vad \u00e4r ditt yrke? Vad \u00e4r din hobby?<\/li>\n<li>Jag kan presentera A till B.<\/li>\n<li>Jag kan ta emot japansk g\u00e4st och bjuda kaffe enkelt.<\/li>\n<li>Jag kan tala enkelt om v\u00e4dret.<\/li>\n<li>Jag kan ber\u00e4tta om mig enkelt, t.ex. namn, nationalitet, yrke, hobby<\/li>\n<li>Jag kan ber\u00e4tta vad jag gillar\/\u00e4lskar, vad jag inte gillar.<\/li>\n<li>Jag kan best\u00e4lla n\u00e5got p\u00e5 restaurang.<\/li>\n<li>Jag kan fr\u00e5ga om \u00f6ppettid.<\/li>\n<li>Jag kan shoppa enkelt.<\/li>\n<\/ol>\n<p>&nbsp;<\/p>\n","protected":false},"excerpt":{"rendered":"<p>Kolla vad du kan efter kursens slut. Grammatik: L1 ~wa~desu\/ja-arimasen. +nationalitet, yrke t.ex. Smith-san wa, Amerika-jin desu. ~ka~ka t.ex. Smith-san wa, Amerika-jin desu-ka, Igirisu-jin desu-ka. dare\/doko\/nan\/nani-jin extra siffror: 1~99 ~to~ t.ex. Smith-san to Suzuki-san wa, kaishain desu. ~mo t.ex. Smith-san &hellip; <a href=\"https:\/\/blogg.folkuniversitetet.nu\/japanska2\/a1del1\/a1del1-nyborjarkurs-checklista\/\">Continue reading <span class=\"meta-nav\">&rarr;<\/span><\/a><\/p>\n","protected":false},"author":4,"featured_media":0,"parent":19,"menu_order":0,"comment_status":"closed","ping_status":"open","template":"","meta":{"footnotes":""},"class_list":["post-135","page","type-page","status-publish","hentry"],"_links":{"self":[{"href":"https:\/\/blogg.folkuniversitetet.nu\/japanska2\/wp-json\/wp\/v2\/pages\/135","targetHints":{"allow":["GET"]}}],"collection":[{"href":"https:\/\/blogg.folkuniversitetet.nu\/japanska2\/wp-json\/wp\/v2\/pages"}],"about":[{"href":"https:\/\/blogg.folkuniversitetet.nu\/japanska2\/wp-json\/wp\/v2\/types\/page"}],"author":[{"embeddable":true,"href":"https:\/\/blogg.folkuniversitetet.nu\/japanska2\/wp-json\/wp\/v2\/users\/4"}],"replies":[{"embeddable":true,"href":"https:\/\/blogg.folkuniversitetet.nu\/japanska2\/wp-json\/wp\/v2\/comments?post=135"}],"version-history":[{"count":9,"href":"https:\/\/blogg.folkuniversitetet.nu\/japanska2\/wp-json\/wp\/v2\/pages\/135\/revisions"}],"predecessor-version":[{"id":399,"href":"https:\/\/blogg.folkuniversitetet.nu\/japanska2\/wp-json\/wp\/v2\/pages\/135\/revisions\/399"}],"up":[{"embeddable":true,"href":"https:\/\/blogg.folkuniversitetet.nu\/japanska2\/wp-json\/wp\/v2\/pages\/19"}],"wp:attachment":[{"href":"https:\/\/blogg.folkuniversitetet.nu\/japanska2\/wp-json\/wp\/v2\/media?parent=135"}],"curies":[{"name":"wp","href":"https:\/\/api.w.org\/{rel}","templated":true}]}}