{"id":709,"date":"2014-09-25T08:18:54","date_gmt":"2014-09-25T07:18:54","guid":{"rendered":"http:\/\/blogg.folkuniversitetet.nu\/japanska\/?page_id=709"},"modified":"2015-10-06T21:54:39","modified_gmt":"2015-10-06T20:54:39","slug":"material-vt14","status":"publish","type":"page","link":"https:\/\/blogg.folkuniversitetet.nu\/japanska\/b1del2\/material-vt14\/","title":{"rendered":"B1del2 Material HT14"},"content":{"rendered":"<h4>L\u00e4nk till n\u00e4tbaserade \u00f6vningar<\/h4>\n<p>&nbsp;<\/p>\n<h4>Veckans material<\/h4>\n<p><span style=\"color: #ff0000\"><strong>OBS!<\/strong><\/span>\u00a0Klicka p\u00e5 mappen.<\/p>\n<p><a href=\"http:\/\/fcweb.folkuniversitetet.se\/sue_test2\/FOV1-0008A186\/?1-20\">http:\/\/fcweb.folkuniversitetet.se\/sue_test2\/FOV1-0008A186\/?1-20<\/a><\/p>\n<p>&nbsp;<\/p>\n<h4><strong>Veckans movie &amp; ljudfil<\/strong><\/h4>\n<p>JBP vol.3<\/p>\n<ul>\n<li><a href=\"http:\/\/youtu.be\/UG1amTy7d68\">L10 humble- intro<\/a><\/li>\n<li><a href=\"http:\/\/youtu.be\/sQL8OxiTjfg\">L10 humble (vocab.)<\/a><\/li>\n<li><a href=\"http:\/\/youtu.be\/gq1_cZ3d3a8\">L10 humble (vocab.#2)<\/a><\/li>\n<li><a href=\"http:\/\/www.dailymotion.com\/video\/xsebvw_chapter-50_shortfilms\">L10 humble (Miller-san)<\/a><\/li>\n<li><a href=\"http:\/\/youtu.be\/YN5U3YomvOo\">TV-drama &#8220;Nihonjin no shiranai Nihongo&#8221; episod 2 om &#8220;keigo&#8221;<\/a><\/li>\n<\/ul>\n<p>&nbsp;<\/p>\n<p>Watashi-no mitsuketa Nihon<\/p>\n<p><em>Ljudfil<\/em><\/p>\n<p><em><span style=\"text-decoration: underline\">L1<\/span><\/em><\/p>\n<ul>\n<li><a href=\"http:\/\/utp.pot.co.jp\/myeyes\/audio\/\">Ljudfil<\/a><\/li>\n<li><a href=\"https:\/\/soundcloud.com\/suesussi\/sounds-from-thursday-morning\">Warm-up text LC Qs<\/a><\/li>\n<li><a href=\"https:\/\/soundcloud.com\/suesussi\/wmn1_gesture\">minimini-speech &#8220;gesture&#8221;<\/a><\/li>\n<\/ul>\n<p>&nbsp;<\/p>\n<p><em>Video<\/em><\/p>\n<p><em><span style=\"text-decoration: underline\">L1<\/span><\/em><\/p>\n<ul>\n<li><a href=\"http:\/\/www.dailymotion.com\/vid\u2026\/xsebul_chapter-46_shortfilms\">~hazu desu\u00a0<\/a><\/li>\n<li><a href=\"http:\/\/youtu.be\/FFILKl3ckLg\">~mono desu<\/a><\/li>\n<li><a href=\"http:\/\/youtu.be\/Q7rxsIzf8f0\">~mono\/wake desu<\/a><\/li>\n<\/ul>\n<p>L3<\/p>\n<ul>\n<li><a href=\"http:\/\/www.dailymotion.com\/video\/x28iv3o_\u305f\u3051\u3057\u306e\u6559\u79d1\u66f8\u306b\u8f09\u3089\u306a\u3044\u65e5\u672c\u4eba\u306e\u8b0e_tv\">\u300e\u305f\u3051\u3057\u306e\u304d\u3087\u3046\u304b\u3057\u3087\u306b\u3000\u306e\u3089\u306a\u3044\u65e5\u672c\u4eba\u306e\u306a\u305e\u300f<\/a><\/li>\n<\/ul>\n","protected":false},"excerpt":{"rendered":"<p>L\u00e4nk till n\u00e4tbaserade \u00f6vningar &nbsp; Veckans material OBS!\u00a0Klicka p\u00e5 mappen. http:\/\/fcweb.folkuniversitetet.se\/sue_test2\/FOV1-0008A186\/?1-20 &nbsp; Veckans movie &amp; ljudfil JBP vol.3 L10 humble- intro L10 humble (vocab.) L10 humble (vocab.#2) L10 humble (Miller-san) TV-drama &#8220;Nihonjin no shiranai Nihongo&#8221; episod 2 om &#8220;keigo&#8221; &nbsp; &hellip; <a href=\"https:\/\/blogg.folkuniversitetet.nu\/japanska\/b1del2\/material-vt14\/\">Continue reading <span class=\"meta-nav\">&rarr;<\/span><\/a><\/p>\n","protected":false},"author":4,"featured_media":0,"parent":704,"menu_order":0,"comment_status":"open","ping_status":"closed","template":"","meta":{"footnotes":""},"class_list":["post-709","page","type-page","status-publish","hentry"],"_links":{"self":[{"href":"https:\/\/blogg.folkuniversitetet.nu\/japanska\/wp-json\/wp\/v2\/pages\/709","targetHints":{"allow":["GET"]}}],"collection":[{"href":"https:\/\/blogg.folkuniversitetet.nu\/japanska\/wp-json\/wp\/v2\/pages"}],"about":[{"href":"https:\/\/blogg.folkuniversitetet.nu\/japanska\/wp-json\/wp\/v2\/types\/page"}],"author":[{"embeddable":true,"href":"https:\/\/blogg.folkuniversitetet.nu\/japanska\/wp-json\/wp\/v2\/users\/4"}],"replies":[{"embeddable":true,"href":"https:\/\/blogg.folkuniversitetet.nu\/japanska\/wp-json\/wp\/v2\/comments?post=709"}],"version-history":[{"count":16,"href":"https:\/\/blogg.folkuniversitetet.nu\/japanska\/wp-json\/wp\/v2\/pages\/709\/revisions"}],"predecessor-version":[{"id":2450,"href":"https:\/\/blogg.folkuniversitetet.nu\/japanska\/wp-json\/wp\/v2\/pages\/709\/revisions\/2450"}],"up":[{"embeddable":true,"href":"https:\/\/blogg.folkuniversitetet.nu\/japanska\/wp-json\/wp\/v2\/pages\/704"}],"wp:attachment":[{"href":"https:\/\/blogg.folkuniversitetet.nu\/japanska\/wp-json\/wp\/v2\/media?parent=709"}],"curies":[{"name":"wp","href":"https:\/\/api.w.org\/{rel}","templated":true}]}}