{"id":572,"date":"2014-09-13T07:41:29","date_gmt":"2014-09-13T06:41:29","guid":{"rendered":"http:\/\/blogg.folkuniversitetet.nu\/japanska\/?page_id=572"},"modified":"2014-09-13T07:49:17","modified_gmt":"2014-09-13T06:49:17","slug":"sprakresor-osv","status":"publish","type":"page","link":"https:\/\/blogg.folkuniversitetet.nu\/japanska\/nyttiga-lankar\/sprakresor-osv\/","title":{"rendered":"Spr\u00e5kresor osv."},"content":{"rendered":"<h4 style=\"color: #141823\"><i>Spr\u00e5kresor<\/i><\/h4>\n<p style=\"color: #141823\"><a style=\"color: #3b5998\" href=\"http:\/\/www.blueberrysprak.nu\/studieorter\/japanska\/\" target=\"_blank\" rel=\"nofollow\">http:\/\/www.blueberrysprak.nu\/studieorter\/japanska\/<\/a><\/p>\n<p style=\"color: #141823\"><a style=\"color: #3b5998\" href=\"http:\/\/www.is.se\/Page1057.aspx\" target=\"_blank\" rel=\"nofollow\">http:\/\/www.is.se\/Page1057.aspx<\/a><\/p>\n<h4 style=\"color: #141823\"><\/h4>\n<h4 style=\"color: #141823\"><i>Utbytesprogram<\/i><\/h4>\n<p style=\"color: #141823\"><a style=\"color: #3b5998\" href=\"http:\/\/www.afs.se\/Bli-utbytesstudent\/Lander\/display-program\/?destination=44&amp;category=184\" target=\"_blank\" rel=\"nofollow\">http:\/\/www.afs.se\/Bli-utbytesstudent\/Lander\/display-program\/?destination=44&amp;category=184<\/a><\/p>\n<p style=\"color: #141823\"><a style=\"color: #3b5998\" href=\"http:\/\/l.facebook.com\/l.php?u=http%3A%2F%2Fwww.yfu.se%2Fcontent%2Fcountry%2F%C3%A5k-till-japan&amp;h=iAQFvHE_R&amp;s=1\" target=\"_blank\" rel=\"nofollow\">http:\/\/www.yfu.se\/content\/country\/\u00e5k-till-japan<\/a><\/p>\n<p style=\"color: #141823\"><a style=\"color: #3b5998\" href=\"http:\/\/l.facebook.com\/l.php?u=http%3A%2F%2Fwww.rotarystudent.se%2Fettaarsutbyte.aspx&amp;h=SAQED6Mdc&amp;s=1\" target=\"_blank\" rel=\"nofollow\">http:\/\/www.rotarystudent.se\/ettaarsutbyte.aspx<\/a><\/p>\n<p style=\"color: #141823\"><a style=\"color: #3b5998\" href=\"http:\/\/www.ef.se\/highschool\/\" target=\"_blank\" rel=\"nofollow\">http:\/\/www.ef.se\/highschool\/<\/a><\/p>\n<p style=\"color: #141823\"><i>\u00a0<\/i><\/p>\n<h4 style=\"color: #141823\"><i>Studier och stipendier<\/i><\/h4>\n<p style=\"color: #141823\"><a style=\"color: #3b5998\" href=\"http:\/\/www.se.emb-japan.go.jp\/studier.htm\" target=\"_blank\" rel=\"nofollow\">http:\/\/www.se.emb-japan.go.jp\/studier.htm<\/a><\/p>\n<p style=\"color: #141823\"><a style=\"color: #3b5998\" href=\"http:\/\/l.facebook.com\/l.php?u=http%3A%2F%2Fwww.eu-japan.eu%2Findustrial-placements-students&amp;h=DAQGdAyBU&amp;s=1\" target=\"_blank\" rel=\"nofollow\">http:\/\/www.eu-japan.eu\/industrial-placements-students<\/a><\/p>\n<p style=\"color: #141823\"><a style=\"color: #3b5998\" href=\"http:\/\/l.facebook.com\/l.php?u=http%3A%2F%2Fwww.eu-japan.eu%2Fbusiness-programmes&amp;h=rAQHBy3Jp&amp;s=1\" target=\"_blank\" rel=\"nofollow\">http:\/\/www.eu-japan.eu\/business-programmes<\/a><\/p>\n<p style=\"color: #141823\">\n<h4 style=\"color: #141823\"><i>Japanska i h\u00f6gre utbildning<\/i><\/h4>\n<p style=\"color: #141823\">Lunds universitet (mest rekommenderad)<\/p>\n<p style=\"color: #141823\">Stockholms universitet<\/p>\n<p style=\"color: #141823\">G\u00f6teborgs universitet<\/p>\n<p style=\"color: #141823\">H\u00f6gskolan Dalarna<\/p>\n<p style=\"color: #141823\">\n<p style=\"color: #141823\"><a href=\"http:\/\/blogg.folkuniversitetet.nu\/japanska\/files\/2014\/09\/obs.gif\"><img loading=\"lazy\" decoding=\"async\" class=\"alignleft size-full wp-image-581\" src=\"http:\/\/blogg.folkuniversitetet.nu\/japanska\/files\/2014\/09\/obs.gif\" alt=\"obs\" width=\"28\" height=\"11\" \/><\/a>\u00a0Alla universitet anv\u00e4nder Genki series.<\/p>\n<p style=\"color: #141823\"><a style=\"color: #3b5998\" href=\"http:\/\/l.facebook.com\/l.php?u=http%3A%2F%2Fgenki.japantimes.co.jp%2Findex_en&amp;h=mAQHW-JuB&amp;s=1\" target=\"_blank\" rel=\"nofollow\">http:\/\/genki.japantimes.co.jp\/index_en<\/a><\/p>\n","protected":false},"excerpt":{"rendered":"<p>Spr\u00e5kresor http:\/\/www.blueberrysprak.nu\/studieorter\/japanska\/ http:\/\/www.is.se\/Page1057.aspx Utbytesprogram http:\/\/www.afs.se\/Bli-utbytesstudent\/Lander\/display-program\/?destination=44&amp;category=184 http:\/\/www.yfu.se\/content\/country\/\u00e5k-till-japan http:\/\/www.rotarystudent.se\/ettaarsutbyte.aspx http:\/\/www.ef.se\/highschool\/ \u00a0 Studier och stipendier http:\/\/www.se.emb-japan.go.jp\/studier.htm http:\/\/www.eu-japan.eu\/industrial-placements-students http:\/\/www.eu-japan.eu\/business-programmes Japanska i h\u00f6gre utbildning Lunds universitet (mest rekommenderad) Stockholms universitet G\u00f6teborgs universitet H\u00f6gskolan Dalarna \u00a0Alla universitet anv\u00e4nder Genki series. http:\/\/genki.japantimes.co.jp\/index_en<\/p>\n","protected":false},"author":4,"featured_media":0,"parent":569,"menu_order":0,"comment_status":"open","ping_status":"open","template":"","meta":{"footnotes":""},"class_list":["post-572","page","type-page","status-publish","hentry"],"_links":{"self":[{"href":"https:\/\/blogg.folkuniversitetet.nu\/japanska\/wp-json\/wp\/v2\/pages\/572","targetHints":{"allow":["GET"]}}],"collection":[{"href":"https:\/\/blogg.folkuniversitetet.nu\/japanska\/wp-json\/wp\/v2\/pages"}],"about":[{"href":"https:\/\/blogg.folkuniversitetet.nu\/japanska\/wp-json\/wp\/v2\/types\/page"}],"author":[{"embeddable":true,"href":"https:\/\/blogg.folkuniversitetet.nu\/japanska\/wp-json\/wp\/v2\/users\/4"}],"replies":[{"embeddable":true,"href":"https:\/\/blogg.folkuniversitetet.nu\/japanska\/wp-json\/wp\/v2\/comments?post=572"}],"version-history":[{"count":3,"href":"https:\/\/blogg.folkuniversitetet.nu\/japanska\/wp-json\/wp\/v2\/pages\/572\/revisions"}],"predecessor-version":[{"id":582,"href":"https:\/\/blogg.folkuniversitetet.nu\/japanska\/wp-json\/wp\/v2\/pages\/572\/revisions\/582"}],"up":[{"embeddable":true,"href":"https:\/\/blogg.folkuniversitetet.nu\/japanska\/wp-json\/wp\/v2\/pages\/569"}],"wp:attachment":[{"href":"https:\/\/blogg.folkuniversitetet.nu\/japanska\/wp-json\/wp\/v2\/media?parent=572"}],"curies":[{"name":"wp","href":"https:\/\/api.w.org\/{rel}","templated":true}]}}