{"id":5488,"date":"2018-02-21T10:56:21","date_gmt":"2018-02-21T09:56:21","guid":{"rendered":"http:\/\/blogg.folkuniversitetet.nu\/japanska\/?page_id=5488"},"modified":"2018-02-21T10:56:21","modified_gmt":"2018-02-21T09:56:21","slug":"i-adjektivs-bojning-varfor-konstigt","status":"publish","type":"page","link":"https:\/\/blogg.folkuniversitetet.nu\/japanska\/i-adjektivs-bojning-varfor-konstigt\/","title":{"rendered":"i-adjektivs b\u00f6jning- varf\u00f6r konstigt?"},"content":{"rendered":"<div class=\"_2cuy _3dgx\">\n<div class=\"_1mf _1mj\"><span>Kanske kan det k\u00e4nnas lite konstigt att uppt\u00e4cka i-adjektivs b\u00f6jnings sker f\u00f6re \u201cdesu\u201d eller?<\/span><\/div>\n<div><\/div>\n<\/div>\n<div class=\"_2cuy _3dgx\">\n<div class=\"_1mf _1mj\"><span>Jag hade gl\u00f6mt bort en sak.<\/span><\/div>\n<div><\/div>\n<div class=\"_1mf _1mj\"><span>Vi inom <\/span><strong>TJFL<\/strong><span> (Teaching Japanese as a Foreign Language) <\/span><span>brukade undervisa en annan b\u00f6jning f\u00f6rr<\/span><span>.<\/span><\/div>\n<\/div>\n<div class=\"_2cuy _3dgx\">\n<div class=\"_1mf _1mj\"><span>Innan jag flyttade till Sverige (fr\u00e5n Nya Zeeland), undervisade jag som nedan.<\/span><\/div>\n<div><\/div>\n<\/div>\n<div class=\"_2cuy _3dgx\">\n<div class=\"_1mf _1mj\"><span>presens)<\/span><\/div>\n<\/div>\n<ul class=\"_1bv0\">\n<li class=\"_2cuy _509q _3kpz _3kq0 _3kq1 _3kq6\">\n<div class=\"_1mf _1mj\"><span>ookii desu<\/span><\/div>\n<\/li>\n<li class=\"_2cuy _509q _3kpz _3kq1 _3kq6\">\n<div class=\"_1mf _1mj\"><span>ooki\u23a3ku-arimasen<\/span><\/div>\n<\/li>\n<\/ul>\n<div class=\"_2cuy _3dgx\">\n<div class=\"_1mf _1mj\"><span>imperfekt)<\/span><\/div>\n<\/div>\n<ul class=\"_1bv0\">\n<li class=\"_2cuy _509q _3kpz _3kq0 _3kq1 _3kq6\">\n<div class=\"_1mf _1mj\"><span>ooki\u23a3katta desu<\/span><\/div>\n<\/li>\n<li class=\"_2cuy _509q _3kpz _3kq1 _3kq6\">\n<div class=\"_1mf _1mj\"><span>ooki\u23a3ku-arimasendeshita<\/span><\/div>\n<\/li>\n<\/ul>\n<div class=\"_2cuy _3dgx\">\n<div class=\"_1mf _1mj\"><span>&#8220;imperfekt-negation&#8221; ser \u00e4nd\u00e5 annorlunda ut i detta fall.<\/span><\/div>\n<\/div>\n<div class=\"_2cuy _3dgx\">\n<div class=\"_1mf _1mj\"><span>Eftersom &#8220;<\/span><span style=\"text-decoration: underline\"><strong>kokugo<\/strong> \u56fd\u8a9e (japanska f\u00f6r inf\u00f6dda talare<\/span><span><span style=\"text-decoration: underline\">)<\/span>*&#8221; samt klassiskt japanska inte \u00e4r mitt omr\u00e5de, utan &#8220;<\/span><span>Nihongo \u65e5\u672c\u8a9e (japanska f\u00f6r icke-inf\u00f6dda talare)<\/span><span>&#8220;, har jag inte bra kunskap om historia av &#8220;kokugo&#8221;. <\/span><\/div>\n<\/div>\n<div class=\"_2cuy _3dgx\">\n<div><\/div>\n<div class=\"_1mf _1mj\"><span>* Om man s\u00e4ger \u201ckokugo\u201d d\u00e5 menar man ett \u00e4mne f\u00f6r inf\u00f6dda japaner i skolan. Ordet \u201cNihongo\u201d refererar till japanska som fr\u00e4mmande spr\u00e5k. <\/span><\/div>\n<\/div>\n<div class=\"_2cuy _3dgx\">\n<div><\/div>\n<div class=\"_1mf _1mj\"><span>S\u00e5 jag ska forts\u00e4tta unders\u00f6ka detta.<\/span><\/div>\n<\/div>\n<div class=\"_2cuy _3dgx\">\n<div class=\"_1mf _1mj\"><span>\u00a0<\/span><\/div>\n<\/div>\n<div class=\"_2cuy _3dgx\">\n<div class=\"_1mf _1mj\"><span style=\"color: #ff0000\"><strong>FK. <\/strong><\/span><\/div>\n<\/div>\n<div class=\"_2cuy _3dgx\">\n<div class=\"_1mf _1mj\"><span>Q: Vad s\u00e4gs om det nedan?<\/span><\/div>\n<\/div>\n<div class=\"_2cuy _3dgx\">\n<div><\/div>\n<div class=\"_1mf _1mj\"><span>Det \u00e4r i-adjektivs b\u00f6jning p\u00e5 lite klassisk &#8220;polite style&#8221;.<\/span><\/div>\n<\/div>\n<div class=\"_2cuy _3dgx\">\n<div><\/div>\n<div class=\"_1mf _1mj\"><span>Q2: \u00c4r det inte regelbundet???<\/span><\/div>\n<\/div>\n<div class=\"_2cuy _3dgx\">\n<div class=\"_1mf _1mj\"><span>\u00a0<\/span><\/div>\n<\/div>\n<div class=\"_2cuy _3dgx\">\n<div class=\"_1mf _1mj\"><span>presens) <\/span><\/div>\n<\/div>\n<ul class=\"_1bv0\">\n<li class=\"_2cuy _509q _3kpz _3kq0 _3kq1 _3kq6\">\n<div class=\"_1mf _1mj\"><span>ooky\u016b gozaimasu= ookii desu<\/span><\/div>\n<\/li>\n<li class=\"_2cuy _509q _3kpz _3kq1 _3kq6\">\n<div class=\"_1mf _1mj\"><span>ooky\u016b gozaimasen<\/span><\/div>\n<\/li>\n<\/ul>\n<div class=\"_2cuy _3dgx\">\n<div class=\"_1mf _1mj\"><span>imperfekt)<\/span><\/div>\n<\/div>\n<ul class=\"_1bv0\">\n<li class=\"_2cuy _509q _3kpz _3kq0 _3kq1 _3kq6\">\n<div class=\"_1mf _1mj\"><span>ooky\u016b gozaimashita<\/span><\/div>\n<\/li>\n<li class=\"_2cuy _509q _3kpz _3kq1 _3kq6\">\n<div class=\"_1mf _1mj\"><span>ooky\u016b gozaimasendeshita<\/span><\/div>\n<\/li>\n<\/ul>\n","protected":false},"excerpt":{"rendered":"<p>Kanske kan det k\u00e4nnas lite konstigt att uppt\u00e4cka i-adjektivs b\u00f6jnings sker f\u00f6re \u201cdesu\u201d eller? Jag hade gl\u00f6mt bort en sak. Vi inom TJFL (Teaching Japanese as a Foreign Language) brukade undervisa en annan b\u00f6jning f\u00f6rr. Innan jag flyttade till Sverige &hellip; <a href=\"https:\/\/blogg.folkuniversitetet.nu\/japanska\/i-adjektivs-bojning-varfor-konstigt\/\">Continue reading <span class=\"meta-nav\">&rarr;<\/span><\/a><\/p>\n","protected":false},"author":4,"featured_media":0,"parent":0,"menu_order":0,"comment_status":"closed","ping_status":"closed","template":"","meta":{"footnotes":""},"class_list":["post-5488","page","type-page","status-publish","hentry"],"_links":{"self":[{"href":"https:\/\/blogg.folkuniversitetet.nu\/japanska\/wp-json\/wp\/v2\/pages\/5488","targetHints":{"allow":["GET"]}}],"collection":[{"href":"https:\/\/blogg.folkuniversitetet.nu\/japanska\/wp-json\/wp\/v2\/pages"}],"about":[{"href":"https:\/\/blogg.folkuniversitetet.nu\/japanska\/wp-json\/wp\/v2\/types\/page"}],"author":[{"embeddable":true,"href":"https:\/\/blogg.folkuniversitetet.nu\/japanska\/wp-json\/wp\/v2\/users\/4"}],"replies":[{"embeddable":true,"href":"https:\/\/blogg.folkuniversitetet.nu\/japanska\/wp-json\/wp\/v2\/comments?post=5488"}],"version-history":[{"count":1,"href":"https:\/\/blogg.folkuniversitetet.nu\/japanska\/wp-json\/wp\/v2\/pages\/5488\/revisions"}],"predecessor-version":[{"id":5490,"href":"https:\/\/blogg.folkuniversitetet.nu\/japanska\/wp-json\/wp\/v2\/pages\/5488\/revisions\/5490"}],"wp:attachment":[{"href":"https:\/\/blogg.folkuniversitetet.nu\/japanska\/wp-json\/wp\/v2\/media?parent=5488"}],"curies":[{"name":"wp","href":"https:\/\/api.w.org\/{rel}","templated":true}]}}