{"id":5209,"date":"2017-11-24T15:49:04","date_gmt":"2017-11-24T14:49:04","guid":{"rendered":"http:\/\/blogg.folkuniversitetet.nu\/japanska\/?page_id=5209"},"modified":"2017-11-24T15:49:04","modified_gmt":"2017-11-24T14:49:04","slug":"du-som-vill-plugga-sjalv-under-pausen-och-hoppa-over-en-kurs-for-vt18","status":"publish","type":"page","link":"https:\/\/blogg.folkuniversitetet.nu\/japanska\/du-som-vill-plugga-sjalv-under-pausen-och-hoppa-over-en-kurs-for-vt18\/","title":{"rendered":"@Du som vill plugga sj\u00e4lv under pausen och hoppa \u00f6ver en kurs f\u00f6r VT18"},"content":{"rendered":"<div class=\"_2cuy _3dgx _2vxa\"><em><span style=\"text-decoration: underline\"><span class=\"_4yxp _4yxr\">Du kan studera som nedan:<\/span><\/span><\/em><\/div>\n<h3 class=\"_2cuy _50a1 _2vxa\">A1del3<\/h3>\n<ul class=\"_5a_q _5yj1\">\n<li class=\"_2cuy _509q _2vxa\">Startar med kpl.12.<\/li>\n<li class=\"_2cuy _509q _2vxa\">Studera kpl.6~ 10. <span class=\"_4yxo\" style=\"color: #ff0000\"><strong>FK:<\/strong> <\/span>Vi studerar kpl.11 i A1del3.<\/li>\n<\/ul>\n<h3 class=\"_2cuy _50a1 _2vxa\">A1del4<\/h3>\n<ul class=\"_5a_q _5yj1\">\n<li class=\"_2cuy _509q _2vxa\">Startar med repetition av te-form i kpl.18 och sedan kpl.17.<\/li>\n<li class=\"_2cuy _509q _2vxa\">Studera kpl.12~ 16 och 18.<\/li>\n<\/ul>\n<h3 class=\"_2cuy _50a1 _2vxa\">A2del1<\/h3>\n<ul class=\"_5a_q _5yj1\">\n<li class=\"_2cuy _509q _2vxa\">Startar med JBP vol.2.<\/li>\n<li class=\"_2cuy _509q _2vxa\">Studera klart med JBP1 innan.<\/li>\n<\/ul>\n<h3 class=\"_2cuy _50a1 _2vxa\">A2del2<\/h3>\n<ul class=\"_5a_q _5yj1\">\n<li class=\"_2cuy _509q _2vxa\">Startar med repetition av plain-f. i kpl.4 och sedan kpl.5.<\/li>\n<li class=\"_2cuy _509q _2vxa\">Studera JBP2 kpl.1~ 4.<\/li>\n<\/ul>\n<h3 class=\"_2cuy _50a1 _2vxa\">A2del3<\/h3>\n<ul class=\"_5a_q _5yj1\">\n<li class=\"_2cuy _509q _2vxa\">Startar med kpl.9.<\/li>\n<li class=\"_2cuy _509q _2vxa\">Studera kpl.5~ 8.<\/li>\n<\/ul>\n<h3 class=\"_2cuy _50a1 _2vxa\">A2del5<\/h3>\n<ul class=\"_5a_q _5yj1\">\n<li class=\"_2cuy _509q _2vxa\">Startar med Genki II.<\/li>\n<\/ul>\n<div class=\"_2cuy _3dgx _2vxa\"><span style=\"color: #ff0000\"><strong><span class=\"_4yxo\">OBS!<\/span><\/strong><\/span> Eftersom en del redan gjorts med JBP2, studerar vi inte allt i Genki II.<\/div>\n<div class=\"grammarly-disable-indicator\"><\/div>\n","protected":false},"excerpt":{"rendered":"<p>Du kan studera som nedan: A1del3 Startar med kpl.12. Studera kpl.6~ 10. FK: Vi studerar kpl.11 i A1del3. A1del4 Startar med repetition av te-form i kpl.18 och sedan kpl.17. Studera kpl.12~ 16 och 18. A2del1 Startar med JBP vol.2. Studera &hellip; <a href=\"https:\/\/blogg.folkuniversitetet.nu\/japanska\/du-som-vill-plugga-sjalv-under-pausen-och-hoppa-over-en-kurs-for-vt18\/\">Continue reading <span class=\"meta-nav\">&rarr;<\/span><\/a><\/p>\n","protected":false},"author":4,"featured_media":0,"parent":0,"menu_order":0,"comment_status":"closed","ping_status":"closed","template":"","meta":{"footnotes":""},"class_list":["post-5209","page","type-page","status-publish","hentry"],"_links":{"self":[{"href":"https:\/\/blogg.folkuniversitetet.nu\/japanska\/wp-json\/wp\/v2\/pages\/5209","targetHints":{"allow":["GET"]}}],"collection":[{"href":"https:\/\/blogg.folkuniversitetet.nu\/japanska\/wp-json\/wp\/v2\/pages"}],"about":[{"href":"https:\/\/blogg.folkuniversitetet.nu\/japanska\/wp-json\/wp\/v2\/types\/page"}],"author":[{"embeddable":true,"href":"https:\/\/blogg.folkuniversitetet.nu\/japanska\/wp-json\/wp\/v2\/users\/4"}],"replies":[{"embeddable":true,"href":"https:\/\/blogg.folkuniversitetet.nu\/japanska\/wp-json\/wp\/v2\/comments?post=5209"}],"version-history":[{"count":1,"href":"https:\/\/blogg.folkuniversitetet.nu\/japanska\/wp-json\/wp\/v2\/pages\/5209\/revisions"}],"predecessor-version":[{"id":5211,"href":"https:\/\/blogg.folkuniversitetet.nu\/japanska\/wp-json\/wp\/v2\/pages\/5209\/revisions\/5211"}],"wp:attachment":[{"href":"https:\/\/blogg.folkuniversitetet.nu\/japanska\/wp-json\/wp\/v2\/media?parent=5209"}],"curies":[{"name":"wp","href":"https:\/\/api.w.org\/{rel}","templated":true}]}}