{"id":3426,"date":"2016-06-04T20:53:51","date_gmt":"2016-06-04T19:53:51","guid":{"rendered":"http:\/\/blogg.folkuniversitetet.nu\/japanska\/?page_id=3426"},"modified":"2016-06-04T21:03:11","modified_gmt":"2016-06-04T20:03:11","slug":"3426-2","status":"publish","type":"page","link":"https:\/\/blogg.folkuniversitetet.nu\/japanska\/mini-grammatik\/3426-2\/","title":{"rendered":"Lite om partiklar (A1del3 eller h\u00f6gre)"},"content":{"rendered":"<p>Uppdaterad: 2016-05-01<\/p>\n<ul>\n<li>&#8220;made&#8221; har lagts in.<\/li>\n<\/ul>\n<ol>\n<li>&#8220;Partikel&#8221; motsvarar &#8220;postposition&#8221; eller &#8220;kasus-mark\u00f6r&#8221;.<\/li>\n<li>Det \u00e4r inte s\u00e5 att en partikel har <u>bara en betydelse, utan fler<\/u>.<\/li>\n<li>Partiklar kommer mest efter substantiv p\u00e5 A1. I andra ord, markerar <u>partiklar substantiv just f\u00f6re dem<\/u>, inte efter.<\/li>\n<\/ol>\n<h4><u><i><b><\/b><\/i><b><\/b><\/u>Grundl\u00e4ggande partiklar:<\/h4>\n<p>1) wa&#8230; subjekt-mark\u00f6r (det g\u00e5r inte att \u00f6vers\u00e4tta), t.ex. watashi wa, su\u00e9den-jin desu.<\/p>\n<p>2) wa&#8230; \u00e4mne-mark\u00f6r= ang\u00e5ende~<\/p>\n<p>3) o&#8230; objekt-mark\u00f6r, anv\u00e4nds tillsammans med vanliga verb (det g\u00e5r inte att \u00f6vers\u00e4tta), t.ex. K\u00f3h\u00ed o nomimasu.<\/p>\n<p>4) [destination] ni&#8230; till~<\/p>\n<p>5) [tid] ni&#8230; markerar tid (klockslag, datum, veckodagar)<\/p>\n<p>6) [plats] ni&#8230; markerar platsen ngt finns, anv\u00e4nds tillsammans med &#8220;arimasu\/imasu&#8221; som i eller p\u00e5, t.ex. Tokyo ni taishikan ga arimasu.<\/p>\n<p>7) [plats] de&#8230; markerar platsen man g\u00f6r ngn aktivitet, anv\u00e4nds tillsammans med vanliga verb som &#8220;tabemasu&#8221; &#8220;yomimasu&#8221; som i eller p\u00e5, t.ex. Tokyo de sushi o tabemashita.<\/p>\n<p>8) ~o orimasu\/demasu&#8230; &#8220;o&#8221; fungerar som ur container<\/p>\n<p>9) ~o watarimasu\/toorimasu&#8230; &#8220;o&#8221; markerar platsen man g\u00e5r genom<\/p>\n<p>10) no&#8230; ~s<\/p>\n<p>11) [metod] de&#8230; med (sak), t.ex. densha de ikimasu<\/p>\n<p>12) [companion] to&#8230; med (companion), t.ex. tomodachi to ikimasu<\/p>\n<p>13) kara&#8230; fr\u00e5n~<\/p>\n<p>14) made&#8230; till~, men inneb\u00e4r &#8220;upp till denna punkt&#8221;<\/p>\n<p>t.ex. Nara ni ikimashita. Ky\u00f3to <u>made<\/u> skinkansen de ikimashita. Sorekaka, Ky\u00f3to kara basu de ikimashita.<\/p>\n","protected":false},"excerpt":{"rendered":"<p>Uppdaterad: 2016-05-01 &#8220;made&#8221; har lagts in. &#8220;Partikel&#8221; motsvarar &#8220;postposition&#8221; eller &#8220;kasus-mark\u00f6r&#8221;. Det \u00e4r inte s\u00e5 att en partikel har bara en betydelse, utan fler. Partiklar kommer mest efter substantiv p\u00e5 A1. I andra ord, markerar partiklar substantiv just f\u00f6re dem, &hellip; <a href=\"https:\/\/blogg.folkuniversitetet.nu\/japanska\/mini-grammatik\/3426-2\/\">Continue reading <span class=\"meta-nav\">&rarr;<\/span><\/a><\/p>\n","protected":false},"author":4,"featured_media":0,"parent":3420,"menu_order":0,"comment_status":"closed","ping_status":"closed","template":"","meta":{"footnotes":""},"class_list":["post-3426","page","type-page","status-publish","hentry"],"_links":{"self":[{"href":"https:\/\/blogg.folkuniversitetet.nu\/japanska\/wp-json\/wp\/v2\/pages\/3426","targetHints":{"allow":["GET"]}}],"collection":[{"href":"https:\/\/blogg.folkuniversitetet.nu\/japanska\/wp-json\/wp\/v2\/pages"}],"about":[{"href":"https:\/\/blogg.folkuniversitetet.nu\/japanska\/wp-json\/wp\/v2\/types\/page"}],"author":[{"embeddable":true,"href":"https:\/\/blogg.folkuniversitetet.nu\/japanska\/wp-json\/wp\/v2\/users\/4"}],"replies":[{"embeddable":true,"href":"https:\/\/blogg.folkuniversitetet.nu\/japanska\/wp-json\/wp\/v2\/comments?post=3426"}],"version-history":[{"count":7,"href":"https:\/\/blogg.folkuniversitetet.nu\/japanska\/wp-json\/wp\/v2\/pages\/3426\/revisions"}],"predecessor-version":[{"id":3435,"href":"https:\/\/blogg.folkuniversitetet.nu\/japanska\/wp-json\/wp\/v2\/pages\/3426\/revisions\/3435"}],"up":[{"embeddable":true,"href":"https:\/\/blogg.folkuniversitetet.nu\/japanska\/wp-json\/wp\/v2\/pages\/3420"}],"wp:attachment":[{"href":"https:\/\/blogg.folkuniversitetet.nu\/japanska\/wp-json\/wp\/v2\/media?parent=3426"}],"curies":[{"name":"wp","href":"https:\/\/api.w.org\/{rel}","templated":true}]}}