{"id":292,"date":"2014-09-07T18:49:12","date_gmt":"2014-09-07T17:49:12","guid":{"rendered":"http:\/\/blogg.folkuniversitetet.nu\/japanska\/?page_id=292"},"modified":"2017-03-21T22:27:13","modified_gmt":"2017-03-21T21:27:13","slug":"material","status":"publish","type":"page","link":"https:\/\/blogg.folkuniversitetet.nu\/japanska\/a2del5\/material\/","title":{"rendered":"A2del5 Material"},"content":{"rendered":"<p><img decoding=\"async\" title=\"\" src=\"http:\/\/sw.folkuniversitetet.se\/bluefield.templates\/cke_3.1\/plugins\/smiley\/images\/lightbulb.gif\" alt=\"\" \/>\u00a0<span style=\"color: #ee82ee\">Klicka p\u00e5 l\u00e4nkar.<\/span><\/p>\n<p><strong>L\u00e4nk till quizsidan<\/strong><\/p>\n<table style=\"border-collapse: collapse;font-size: inherit;width: 673px\" border=\"1\" cellspacing=\"1\" cellpadding=\"1\">\n<tbody>\n<tr>\n<td style=\"text-align: center;padding: 0px;margin: 0px\">vocab.Qs<\/td>\n<td style=\"text-align: center;padding: 0px;margin: 0px\">grammar Qs<\/td>\n<td style=\"text-align: center;padding: 0px;margin: 0px\">video, ljudfil<\/td>\n<\/tr>\n<tr>\n<td style=\"padding: 0px;margin: 0px\"><span style=\"color: #0072aa\">onomatopoeia (anv\u00e4ndes f\u00f6r A2del5 HT13)<\/span><a style=\"color: #004262\" href=\"http:\/\/www.ninjal.ac.jp\/archives\/Onomatope\/category.html\" target=\"_blank\">http:\/\/www.ninjal.ac.jp\/archives\/Onomatope\/category.html<\/a><br style=\"color: #0072aa\" \/>\u308f\u304f\u308f\u304f<br \/>\n<a style=\"color: #004262\" href=\"http:\/\/www.ninjal.ac.jp\/archives\/Onomatope\/manga\/dokidoki.html\" target=\"_blank\">http:\/\/www.ninjal.ac.jp\/archives\/Onomatope\/manga\/wakuwaku.html<\/a><br style=\"color: #0072aa\" \/>\u3069\u304d\u3069\u304d<br \/>\n<a style=\"color: #004262\" href=\"http:\/\/www.ninjal.ac.jp\/archives\/Onomatope\/manga\/dokidoki.html\" target=\"_blank\">http:\/\/www.ninjal.ac.jp\/archives\/Onomatope\/manga\/dokidoki.html<\/a><br style=\"color: #0072aa\" \/>\u306f\u3089\u306f\u3089<br \/>\n<a style=\"color: #004262\" href=\"http:\/\/www.ninjal.ac.jp\/archives\/Onomatope\/manga\/harahara_2.html\" target=\"_blank\">http:\/\/www.ninjal.ac.jp\/archives\/Onomatope\/manga\/harahara_2.html<\/a><br style=\"color: #0072aa\" \/>\u3073\u3063\u304f\u308a<br \/>\n<a style=\"color: #004262\" href=\"http:\/\/www.ninjal.ac.jp\/archives\/Onomatope\/manga\/bikkuri2.html\" target=\"_blank\">http:\/\/www.ninjal.ac.jp\/archives\/Onomatope\/manga\/bikkuri2.html<\/a>\u304c\u3063\u304b\u308a<br \/>\n<a style=\"color: #004262\" href=\"http:\/\/www.ninjal.ac.jp\/archives\/Onomatope\/manga\/gakkari2.html\" target=\"_blank\">http:\/\/www.ninjal.ac.jp\/archives\/Onomatope\/manga\/gakkari2.html<\/a><\/td>\n<td style=\"padding: 0px;margin: 0px\"><\/td>\n<td style=\"padding: 0px;margin: 0px\"><em><span style=\"text-decoration: underline\">JBP vol.3 (~VT13)<\/span><\/em><\/p>\n<ul>\n<li><a href=\"http:\/\/youtu.be\/f_L7fatLI8k\" target=\"_blank\">L4 ~te\/naide intro<\/a><\/li>\n<li><a href=\"http:\/\/youtu.be\/SLXQ0A9MdVs\" target=\"_blank\">L4 ~te\/naide role play anime<\/a><\/li>\n<li><a href=\"http:\/\/youtu.be\/Kuf-sXTrwjQ\" target=\"_blank\">L4 ~yo-ni<\/a><\/li>\n<li><a href=\"http:\/\/youtu.be\/TlIVqkkw2_Q\" target=\"_blank\">L5 ~tari~tari<\/a><\/li>\n<li><a href=\"http:\/\/youtu.be\/epZL0fF4OlQ\" target=\"_blank\">L5 minimini-speech om &#8220;allla helgons dag&#8221;<\/a><\/li>\n<li><a href=\"http:\/\/youtu.be\/W_JOg450eJY\" target=\"_blank\">L6 V+koto ni shimasu<\/a><\/li>\n<li><a href=\"http:\/\/youtu.be\/JJP9gGFHyII\" target=\"_blank\">L4- 6 dialogue<\/a><\/li>\n<li><a href=\"http:\/\/youtu.be\/dc42pRx2Cmk\" target=\"_blank\">L6 WB s.31<\/a><\/li>\n<li><a href=\"http:\/\/youtu.be\/YqjlqBFQMhM\" target=\"_blank\">L6_nara listening comp.<\/a><\/li>\n<\/ul>\n<p><em><span style=\"text-decoration: underline\">Genki 2 (HT14~)<\/span><\/em><\/p>\n<ul>\n<li>L15 ~yo to omotte-imasu, ~tsumori desu, ~yotei desu.<br \/>\n<a href=\"http:\/\/fcweb.folkuniversitetet.se\/sue_test2\/FOV1-0008A1C6\/probability.htm\">http:\/\/fcweb.folkuniversitetet.se\/sue_test2\/FOV1-0008A1C6\/probability.htm<\/a><\/li>\n<\/ul>\n<\/td>\n<\/tr>\n<\/tbody>\n<\/table>\n<p>&nbsp;<\/p>\n<p><strong>Veckans material<\/strong><\/p>\n<p><strong style=\"font-style: inherit;font-weight: bold\"><span style=\"color: #ff0000\">OBS!<\/span><\/strong>\u00a0Klicka p\u00e5 mappen.<\/p>\n<p><strong><span style=\"color: #ff0000\">FK:<\/span><\/strong>\u00a0Jag har inte uppdaterat inneh\u00e5llet l\u00e4nge, urs\u00e4kta.<\/p>\n<p><a href=\"http:\/\/fcweb.folkuniversitetet.se\/sue_test2\/FOV1-00085066\/?1-20\" target=\"_blank\">http:\/\/fcweb.folkuniversitetet.se\/sue_test2\/FOV1-00085066\/?1-20<\/a><\/p>\n<p>&nbsp;<\/p>\n<p><strong style=\"font-style: inherit;font-weight: bold\">Veckans movie &amp; ljudfil<\/strong><\/p>\n<p>JBP vol.3 (~VT14)<\/p>\n<ul>\n<li><a href=\"http:\/\/genki.japantimes.co.jp\/site\/self\/mov\/L21.wmv\" target=\"_blank\">L4 \u3069\u308d\u307c\u3046\u304c\u3000\u306f\u3044\u3089\u306a\u3044\u3088\u3046\u306b\u3000\u304b\u304e\u304c\u3000\u304b\u3051\u3066\u3042\u308a\u307e\u3057\u305f\u304b\u3002<\/a><\/li>\n<\/ul>\n<p>JBP vol.2 (VT16)<\/p>\n<ul>\n<li><a href=\"https:\/\/youtu.be\/U4OXkM3FahM\" target=\"_blank\">L14 ~ba<\/a><\/li>\n<li><a href=\"https:\/\/youtu.be\/fGy5lzADLTI\" target=\"_blank\">L14 ~tara vs. ~ba<\/a><\/li>\n<li><a href=\"http:\/\/vk.com\/wall-57150904?offset=360&amp;q=%23\u042f\u043f\u043e\u043d\u0438\u044f&amp;z=video-57150904_168806892%2F9542bccfaf33239b93%2Fpl_post_-57150904_5292\" target=\"_blank\">L14 ~te-shimaimashita<\/a><\/li>\n<\/ul>\n<p>Genki 2 (HT14~)<\/p>\n<ul>\n<li><a href=\"https:\/\/youtu.be\/9NtZQPVtcrY\" target=\"_blank\">L13 ~s\u00f3 desu<\/a><\/li>\n<li>L13 ~shi~shi (~nagara, volitional-f.) &#8220;Gude-tama&#8221;<br \/>\n<a href=\"https:\/\/youtu.be\/TqsHdYO2RPk?list=PLCUNF--_h4Ox8Pm_-6SUjTQQmKNzBKMKZ\" target=\"_blank\">https:\/\/youtu.be\/TqsHdYO2RPk<\/a><\/li>\n<li>L14 hoshii, kamoshirenai<br \/>\n<a href=\"http:\/\/genki.japantimes.co.jp\/site\/self\/mov\/L14.wmv\">http:\/\/genki.japantimes.co.jp\/site\/self\/mov\/L14.wmv<\/a><\/li>\n<li>L14 hoshii to itte-imasu<br \/>\n<a href=\"http:\/\/youtu.be\/5mSBLcPs0I4\">http:\/\/youtu.be\/5mSBLcPs0I4<\/a><\/li>\n<li>L14 ~kamoshiremasen<br \/>\n<a href=\"https:\/\/www.erin.ne.jp\/en\/lesson14\/basic\/index.html\">https:\/\/www.erin.ne.jp\/en\/lesson14\/basic\/index.html<\/a><\/li>\n<li>L14 kuremasu intro<br \/>\n<a href=\"http:\/\/youtu.be\/uON7QS0DEbI\">http:\/\/youtu.be\/uON7QS0DEbI<\/a><\/li>\n<li>L14 kureru-n desu-ka<br \/>\n<a href=\"http:\/\/youtu.be\/EQOy8ZoXVC8\" target=\"_blank\" rel=\"nofollow\">http:\/\/youtu.be\/EQOy8ZoXVC8<\/a><\/li>\n<li>L14 ~mo, ~shika+neg.<br \/>\n<a href=\"http:\/\/youtu.be\/bSNsuQhWPRg\">http:\/\/youtu.be\/bSNsuQhWPRg<\/a><\/li>\n<li>L15 Genki movie<br \/>\n<a href=\"http:\/\/genki.japantimes.co.jp\/site\/self\/mov\/L15.wmv\"><span class=\"_2ou\">http:\/\/genki.japantimes.co.jp\/site\/self\/mov\/L15.wmv<\/span><\/a><\/li>\n<li>L15 ~te-okimasu<br \/>\n<a href=\"http:\/\/youtu.be\/3zhhRZR1Jfc\">http:\/\/youtu.be\/3zhhRZR1Jfc<\/a><\/li>\n<li>L15 ~yotei\/tsumori desu<\/li>\n<li><a href=\"https:\/\/soundcloud.com\/suesussi\/genki2-l15-intension\">https:\/\/soundcloud.com\/suesussi\/genki2-l15-intension<\/a><\/li>\n<li>L15 ~yo<br \/>\n<a href=\"https:\/\/www.facebook.com\/tbs.jp\/videos\/1032026466853820\/?fref=nf\" target=\"_blank\">https:\/\/www.facebook.com\/tbs.jp\/videos\/1032026466853820\/?fref=nf<\/a><\/li>\n<li>L15 Genki 2 video<br \/>\n<a href=\"http:\/\/genki.japantimes.co.jp\/site\/self\/mov\/L15.wmv\">http:\/\/genki.japantimes.co.jp\/site\/self\/mov\/L15.wmv<\/a><\/li>\n<li>L15 Japan resa, minimini-speech<br \/>\n<a href=\"https:\/\/soundcloud.com\/suesussi\/japantrip\">https:\/\/soundcloud.com\/suesussi\/japantrip<\/a><\/li>\n<li>L16 ~te-agemasu\/moraimasu (intro)<br \/>\n<a href=\"http:\/\/youtu.be\/1Ll7n1YnpeU\">http:\/\/youtu.be\/1Ll7n1YnpeU<\/a><\/li>\n<li>L16 ~te-kuremasu<br \/>\n<a href=\"http:\/\/youtu.be\/QFpUjy8Qr6U\" rel=\"nofollow\">http:\/\/youtu.be\/QFpUjy8Qr6U<\/a><\/li>\n<li>L16 ~te-kuremasu, ljudfil<br \/>\n<a href=\"https:\/\/soundcloud.com\/suesussi\/iii-l7-p133-rdg-te-kurete-arigato-1\/s-stoCs\" target=\"_blank\">https:\/\/soundcloud.com\/suesussi\/iii-l7-p133-rdg-te-kurete-arigato-1\/s-stoCs<br \/>\nhttps:\/\/soundcloud.com\/suesussi\/iii-l7-p133-rdg-te-kurete-arigato-slow\/s-G7vXz<\/a><br \/>\n<a href=\"https:\/\/soundcloud.com\/suesussi\/genki16_tekureru\">https:\/\/soundcloud.com\/suesussi\/genki16_tekureru<br \/>\n<\/a><\/li>\n<li>L16 ~te-kurete arigato<br \/>\n<a href=\"https:\/\/youtu.be\/CTjNCQBOZQA\" target=\"_blank\">https:\/\/youtu.be\/CTjNCQBOZQA<\/a><\/li>\n<li>L16 ~te-itadakemasen-ka<br \/>\n<a href=\"https:\/\/drive.google.com\/file\/d\/0B6ONVhwYNC9ZU3ltUFlnNFpQUE0\/view\">https:\/\/drive.google.com\/file\/d\/0B6ONVhwYNC9ZU3ltUFlnNFpQUE0\/view<\/a><\/li>\n<li>L16 Genki video<br \/>\n<a href=\"http:\/\/genki.japantimes.co.jp\/site\/self\/mov\/L16.wmv\" target=\"_blank\" rel=\"nofollow\">http:\/\/genki.japantimes.co.jp\/site\/self\/mov\/L16.wmv<\/a><\/li>\n<li>L17 ~so desu\/reported speech (intro)<br \/>\n<a href=\"http:\/\/youtu.be\/d3ThndSEJ2E\">http:\/\/youtu.be\/d3ThndSEJ2E<\/a><\/li>\n<li>L17 MNN L47 video<br \/>\n<a href=\"https:\/\/drive.google.com\/file\/d\/0B6ONVhwYNC9ZS1ZtckVNdVFBUkE\/view\">https:\/\/drive.google.com\/file\/d\/0B6ONVhwYNC9ZS1ZtckVNdVFBUkE\/view<\/a><\/li>\n<li>L17 ~mitai desu (intro)<br \/>\n<a href=\"http:\/\/youtu.be\/mw4ThN_6bRU\">http:\/\/youtu.be\/mw4ThN_6bRU<\/a><\/li>\n<li>L17 ~mitai desu (casual)<br \/>\n<a href=\"https:\/\/youtu.be\/ojChnq2yuxE\">https:\/\/youtu.be\/ojChnq2yuxE<\/a><\/li>\n<li>L17 ~mitai desu; ~mitai-na; ~mitai-ni<br \/>\n<a href=\"https:\/\/youtu.be\/3BrIxI4NZeg\">https:\/\/youtu.be\/3BrIxI4NZeg<\/a><\/li>\n<\/ul>\n","protected":false},"excerpt":{"rendered":"<p>\u00a0Klicka p\u00e5 l\u00e4nkar. L\u00e4nk till quizsidan vocab.Qs grammar Qs video, ljudfil onomatopoeia (anv\u00e4ndes f\u00f6r A2del5 HT13)http:\/\/www.ninjal.ac.jp\/archives\/Onomatope\/category.html\u308f\u304f\u308f\u304f http:\/\/www.ninjal.ac.jp\/archives\/Onomatope\/manga\/wakuwaku.html\u3069\u304d\u3069\u304d http:\/\/www.ninjal.ac.jp\/archives\/Onomatope\/manga\/dokidoki.html\u306f\u3089\u306f\u3089 http:\/\/www.ninjal.ac.jp\/archives\/Onomatope\/manga\/harahara_2.html\u3073\u3063\u304f\u308a http:\/\/www.ninjal.ac.jp\/archives\/Onomatope\/manga\/bikkuri2.html\u304c\u3063\u304b\u308a http:\/\/www.ninjal.ac.jp\/archives\/Onomatope\/manga\/gakkari2.html JBP vol.3 (~VT13) L4 ~te\/naide intro L4 ~te\/naide role play anime L4 ~yo-ni L5 ~tari~tari L5 minimini-speech om &#8220;allla &hellip; <a href=\"https:\/\/blogg.folkuniversitetet.nu\/japanska\/a2del5\/material\/\">Continue reading <span class=\"meta-nav\">&rarr;<\/span><\/a><\/p>\n","protected":false},"author":4,"featured_media":0,"parent":90,"menu_order":0,"comment_status":"open","ping_status":"closed","template":"","meta":{"footnotes":""},"class_list":["post-292","page","type-page","status-publish","hentry"],"_links":{"self":[{"href":"https:\/\/blogg.folkuniversitetet.nu\/japanska\/wp-json\/wp\/v2\/pages\/292","targetHints":{"allow":["GET"]}}],"collection":[{"href":"https:\/\/blogg.folkuniversitetet.nu\/japanska\/wp-json\/wp\/v2\/pages"}],"about":[{"href":"https:\/\/blogg.folkuniversitetet.nu\/japanska\/wp-json\/wp\/v2\/types\/page"}],"author":[{"embeddable":true,"href":"https:\/\/blogg.folkuniversitetet.nu\/japanska\/wp-json\/wp\/v2\/users\/4"}],"replies":[{"embeddable":true,"href":"https:\/\/blogg.folkuniversitetet.nu\/japanska\/wp-json\/wp\/v2\/comments?post=292"}],"version-history":[{"count":38,"href":"https:\/\/blogg.folkuniversitetet.nu\/japanska\/wp-json\/wp\/v2\/pages\/292\/revisions"}],"predecessor-version":[{"id":4427,"href":"https:\/\/blogg.folkuniversitetet.nu\/japanska\/wp-json\/wp\/v2\/pages\/292\/revisions\/4427"}],"up":[{"embeddable":true,"href":"https:\/\/blogg.folkuniversitetet.nu\/japanska\/wp-json\/wp\/v2\/pages\/90"}],"wp:attachment":[{"href":"https:\/\/blogg.folkuniversitetet.nu\/japanska\/wp-json\/wp\/v2\/media?parent=292"}],"curies":[{"name":"wp","href":"https:\/\/api.w.org\/{rel}","templated":true}]}}