{"id":2892,"date":"2016-02-02T09:40:29","date_gmt":"2016-02-02T08:40:29","guid":{"rendered":"http:\/\/blogg.folkuniversitetet.nu\/japanska\/?page_id=2892"},"modified":"2016-05-08T07:09:19","modified_gmt":"2016-05-08T06:09:19","slug":"b1del2-material","status":"publish","type":"page","link":"https:\/\/blogg.folkuniversitetet.nu\/japanska\/b1del2-material\/","title":{"rendered":"B1del3 Material"},"content":{"rendered":"<h4>L\u00e4nk till n\u00e4tbaserade \u00f6vningar<\/h4>\n<p>&nbsp;<\/p>\n<h4>Veckans material<\/h4>\n<p>&nbsp;<\/p>\n<h4><strong>Veckans movie &amp; ljudfil<\/strong><\/h4>\n<p><span style=\"text-decoration: underline\"><em>Genki 2<\/em><\/span><\/p>\n<ul>\n<li><a href=\"http:\/\/@B1del3 \u304d\u3087\u3046\u306e\u304b\u3093\u3058\u3068\u3053\u3068\u3070\u306e\u3084\u3055\u3057\u3044\u30af\u30a4\u30ba\u3067\u3059\u3002 http:\/\/www.proprofs.com\/quiz-school\/story.php?title=mtqxnjc3nq2vrd\" target=\"_blank\">L13 RW Q<\/a><\/li>\n<li><a href=\"https:\/\/docs.google.com\/document\/d\/1sCIjtLT1aKEUhjf52EZUrpufJ1oe2KDMLeCApj5E_mc\/edit?usp=sharing\" target=\"_blank\">L13 RW II \u00f6vers\u00e4ttning<br \/>\n<\/a><\/li>\n<li><a href=\"https:\/\/youtu.be\/sbBX7nKzTT8\">L18 RW presentation<\/a><\/li>\n<li><a href=\"https:\/\/youtu.be\/wFiwM5do4GI\">L18 RW dialogue<\/a><\/li>\n<li><a href=\"https:\/\/youtu.be\/CTjNCQBOZQA\">L16 RW ~te-kurete arigato<\/a><\/li>\n<li><a href=\"https:\/\/youtu.be\/sbBX7nKzTT8\">L18 RW presentation<\/a><\/li>\n<\/ul>\n","protected":false},"excerpt":{"rendered":"<p>L\u00e4nk till n\u00e4tbaserade \u00f6vningar &nbsp; Veckans material &nbsp; Veckans movie &amp; ljudfil Genki 2 L13 RW Q L13 RW II \u00f6vers\u00e4ttning L18 RW presentation L18 RW dialogue L16 RW ~te-kurete arigato L18 RW presentation<\/p>\n","protected":false},"author":4,"featured_media":0,"parent":0,"menu_order":0,"comment_status":"closed","ping_status":"closed","template":"","meta":{"footnotes":""},"class_list":["post-2892","page","type-page","status-publish","hentry"],"_links":{"self":[{"href":"https:\/\/blogg.folkuniversitetet.nu\/japanska\/wp-json\/wp\/v2\/pages\/2892","targetHints":{"allow":["GET"]}}],"collection":[{"href":"https:\/\/blogg.folkuniversitetet.nu\/japanska\/wp-json\/wp\/v2\/pages"}],"about":[{"href":"https:\/\/blogg.folkuniversitetet.nu\/japanska\/wp-json\/wp\/v2\/types\/page"}],"author":[{"embeddable":true,"href":"https:\/\/blogg.folkuniversitetet.nu\/japanska\/wp-json\/wp\/v2\/users\/4"}],"replies":[{"embeddable":true,"href":"https:\/\/blogg.folkuniversitetet.nu\/japanska\/wp-json\/wp\/v2\/comments?post=2892"}],"version-history":[{"count":9,"href":"https:\/\/blogg.folkuniversitetet.nu\/japanska\/wp-json\/wp\/v2\/pages\/2892\/revisions"}],"predecessor-version":[{"id":3326,"href":"https:\/\/blogg.folkuniversitetet.nu\/japanska\/wp-json\/wp\/v2\/pages\/2892\/revisions\/3326"}],"wp:attachment":[{"href":"https:\/\/blogg.folkuniversitetet.nu\/japanska\/wp-json\/wp\/v2\/media?parent=2892"}],"curies":[{"name":"wp","href":"https:\/\/api.w.org\/{rel}","templated":true}]}}