{"id":288,"date":"2014-09-07T18:48:26","date_gmt":"2014-09-07T17:48:26","guid":{"rendered":"http:\/\/blogg.folkuniversitetet.nu\/japanska\/?page_id=288"},"modified":"2018-03-16T12:26:34","modified_gmt":"2018-03-16T11:26:34","slug":"material","status":"publish","type":"page","link":"https:\/\/blogg.folkuniversitetet.nu\/japanska\/a2del4\/material\/","title":{"rendered":"A2del4 Material"},"content":{"rendered":"<p><strong>L\u00e4nk till quizsidan<\/strong><\/p>\n<table style=\"border-collapse: collapse;font-size: inherit;width: 673px\" border=\"1\" cellspacing=\"1\" cellpadding=\"1\">\n<tbody>\n<tr>\n<td style=\"text-align: center;padding: 0px;margin: 0px\">vocab.Qs<\/td>\n<td style=\"text-align: center;padding: 0px;margin: 0px\">grammar Qs<\/td>\n<td style=\"text-align: center;padding: 0px;margin: 0px\">f\u00f6r sj\u00e4lvstudier<\/td>\n<\/tr>\n<tr>\n<td style=\"padding: 0px;margin: 0px\">\n<ul>\n<li><a href=\"http:\/\/www.proprofs.com\/quiz-school\/story.php?title=ii-l12-vocabq\" target=\"_blank\" rel=\"noopener\">L12 vocab.Q<\/a><\/li>\n<li><a href=\"https:\/\/quizlet.com\/suesussi\/folders\/a2del4\">Quizlet<\/a><\/li>\n<\/ul>\n<\/td>\n<td style=\"padding: 0px;margin: 0px\"><\/td>\n<td style=\"padding: 0px;margin: 0px\"><\/td>\n<\/tr>\n<\/tbody>\n<\/table>\n<p>&nbsp;<\/p>\n<p><strong>Veckans material<\/strong><\/p>\n<p><span style=\"color: #ff0000\"><strong style=\"font-style: inherit;font-weight: bold\">OBS!<\/strong><\/span>\u00a0Klicka p\u00e5 mappen.<\/p>\n<p><strong><span style=\"color: #ff0000\">FK:<\/span><\/strong>\u00a0Jag har inte uppdaterat inneh\u00e5llet l\u00e4nge, urs\u00e4kta.<\/p>\n<p><a href=\"http:\/\/fcweb.folkuniversitetet.se\/sue_test2\/FOV1-0007CA78\/?1-20\" target=\"_blank\" rel=\"noopener\">http:\/\/fcweb.folkuniversitetet.se\/sue_test2\/FOV1-0007CA78\/?1-20<\/a><\/p>\n<p>&nbsp;<\/p>\n<p><strong style=\"font-style: inherit;font-weight: bold\">Veckans movie och ljudfil<\/strong><\/p>\n<ul>\n<li><a href=\"https:\/\/youtu.be\/yYC6AONCYgk\" target=\"_blank\" rel=\"noopener\">II L11 ~kadoka (presens) intro<\/a><\/li>\n<li><a href=\"https:\/\/youtu.be\/rh2ppIq7DWA\">II L12 ~tara#2 telephone YT<\/a><\/li>\n<li><a href=\"https:\/\/edpuzzle.com\/media\/59e30764b1c40740d70c2b8a\">II L12 ~tara#2 EdP<\/a><\/li>\n<li><a href=\"https:\/\/docs.google.com\/forms\/d\/e\/1FAIpQLSdBUNTUyHZmXRkquoqO5aNDg5LsxSIFi8gh3oFqLzDsZ22K0w\/viewform?fbzx=-1210369327065477400\">II L12 ~tara#2 G-form<\/a><\/li>\n<li><a href=\"https:\/\/youtu.be\/crt2nuvckLw\">II L12 ~tara#2-2 telephone YT<\/a><\/li>\n<li><a href=\"http:\/\/youtu.be\/MqLeqdTjMfg\" target=\"_blank\" rel=\"noopener\">II L13 ~tara<\/a><\/li>\n<li><a href=\"https:\/\/drive.google.com\/file\/d\/0B6ONVhwYNC9ZZlhNeFQ3S3VJVDA\/view\">II L13 ~temo Miller-san&#8217;s farewell party<\/a><\/li>\n<li><a href=\"http:\/\/youtu.be\/WxWE_BbNLQM\" target=\"_blank\" rel=\"noopener\">II L14 ~te-shimaimashita<\/a><\/li>\n<li><a href=\"http:\/\/genki.japantimes.co.jp\/site\/self\/mov\/L18.wmv\" target=\"_blank\" rel=\"noopener\">II L14 ~te-shimaimashita #2<\/a><\/li>\n<li><a href=\"http:\/\/youtu.be\/CvtQg5SSYGg\" target=\"_blank\" rel=\"noopener\">II L14 ~ba, intro<\/a><\/li>\n<li><a href=\"https:\/\/soundcloud.com\/suesussi\/vol2_14_ba_advice\" target=\"_blank\" rel=\"noopener\">II L14 ~ba (advice)<\/a><\/li>\n<li><a href=\"http:\/\/youtu.be\/ArU6a--UXpc\" target=\"_blank\" rel=\"noopener\">II L15 m\u00e5ste\/beh\u00f6ver inte<\/a><\/li>\n<li><a href=\"http:\/\/rutube.ru\/video\/fdb638d149e59e8e02f302284b0af31d\/\" target=\"_blank\" rel=\"noopener\">II L15 m\u00e5ste<\/a><\/li>\n<li><a href=\"https:\/\/soundcloud.com\/suesussi\/vol2_15_nakereba\" target=\"_blank\" rel=\"noopener\">II L15 m\u00e5ste (quiz)<\/a><\/li>\n<\/ul>\n<ol>\n<li>\u30b9\u30a6\u30a7\u30fc\u30c7\u30f3\u3067\u306f\u300150\uff05\u306e\u305c\u3044\u304d\u3093(skatt)\u3092 \u306f\u3089\u308f\u306a\u3051\u308c\u3070\u306a\u308a\u307e\u305b\u3093\u3002<\/li>\n<li>\u305d\u3064\u304e\u3087\u3046\u3057\u304d\u3067 \u3053\u3063\u304b(national s\u00e5ng)\u3092 \u3046\u305f\u308f\u306a\u3051\u308c\u3070\u306a\u308a\u307e\u305b\u3093\u3002<\/li>\n<li>\u304d\u3087\u3046\u304b\u3044\u3067 \u307c\u3046\u3057\u3092 \u3068\u3089\u306a\u3051\u308c\u3070\u306a\u308a\u307e\u305b\u3093\u3002<\/li>\n<\/ol>\n<ul>\n<li><a href=\"http:\/\/youtu.be\/jrgiO_LOLj4\" target=\"_blank\" rel=\"noopener\">II L15 ~to (konditionalis)<\/a><\/li>\n<li><a href=\"http:\/\/youtu.be\/j5bIjWfqXWI\" target=\"_blank\" rel=\"noopener\">II L15 ~to (konditionalis) intro<\/a><\/li>\n<\/ul>\n<ul>\n<li><a href=\"http:\/\/youtu.be\/fGy5lzADLTI\" target=\"_blank\" rel=\"noopener\">II L13\/14 ~ba\/tara<\/a><\/li>\n<li><a href=\"http:\/\/youtu.be\/9NtZQPVtcrY\" target=\"_blank\" rel=\"noopener\">Genki II L13 ~so desu#1 (lunch)<\/a><\/li>\n<li><a href=\"http:\/\/genki.japantimes.co.jp\/site\/self\/mov\/L13.wmv\" target=\"_blank\" rel=\"noopener\">Genki II L13 ~so desu#2<\/a><\/li>\n<li><a href=\"http:\/\/youtu.be\/20e7JZOLfkM\" target=\"_blank\" rel=\"noopener\">Genki II L13 ~so desu video Qs<\/a><\/li>\n<li><a href=\"https:\/\/youtu.be\/WprD1UXpRPo\">Genki II L15 tsumori YT<\/a><\/li>\n<li><a href=\"https:\/\/soundcloud.com\/suesussi\/genki-2-l15-tsumori\/s-N76Iy\">Genki II L15 tsumori SC<\/a><\/li>\n<\/ul>\n<ul>\n<li><a href=\"http:\/\/wpgenki.whitebase.co.jp\/site\/self\/mov\/L17.wmv\" target=\"_blank\" rel=\"noopener\">L1 reported speech<\/a><\/li>\n<\/ul>\n","protected":false},"excerpt":{"rendered":"<p>L\u00e4nk till quizsidan vocab.Qs grammar Qs f\u00f6r sj\u00e4lvstudier L12 vocab.Q Quizlet &nbsp; Veckans material OBS!\u00a0Klicka p\u00e5 mappen. FK:\u00a0Jag har inte uppdaterat inneh\u00e5llet l\u00e4nge, urs\u00e4kta. http:\/\/fcweb.folkuniversitetet.se\/sue_test2\/FOV1-0007CA78\/?1-20 &nbsp; Veckans movie och ljudfil II L11 ~kadoka (presens) intro II L12 ~tara#2 telephone YT &hellip; <a href=\"https:\/\/blogg.folkuniversitetet.nu\/japanska\/a2del4\/material\/\">Continue reading <span class=\"meta-nav\">&rarr;<\/span><\/a><\/p>\n","protected":false},"author":4,"featured_media":0,"parent":88,"menu_order":0,"comment_status":"open","ping_status":"closed","template":"","meta":{"footnotes":""},"class_list":["post-288","page","type-page","status-publish","hentry"],"_links":{"self":[{"href":"https:\/\/blogg.folkuniversitetet.nu\/japanska\/wp-json\/wp\/v2\/pages\/288","targetHints":{"allow":["GET"]}}],"collection":[{"href":"https:\/\/blogg.folkuniversitetet.nu\/japanska\/wp-json\/wp\/v2\/pages"}],"about":[{"href":"https:\/\/blogg.folkuniversitetet.nu\/japanska\/wp-json\/wp\/v2\/types\/page"}],"author":[{"embeddable":true,"href":"https:\/\/blogg.folkuniversitetet.nu\/japanska\/wp-json\/wp\/v2\/users\/4"}],"replies":[{"embeddable":true,"href":"https:\/\/blogg.folkuniversitetet.nu\/japanska\/wp-json\/wp\/v2\/comments?post=288"}],"version-history":[{"count":21,"href":"https:\/\/blogg.folkuniversitetet.nu\/japanska\/wp-json\/wp\/v2\/pages\/288\/revisions"}],"predecessor-version":[{"id":5590,"href":"https:\/\/blogg.folkuniversitetet.nu\/japanska\/wp-json\/wp\/v2\/pages\/288\/revisions\/5590"}],"up":[{"embeddable":true,"href":"https:\/\/blogg.folkuniversitetet.nu\/japanska\/wp-json\/wp\/v2\/pages\/88"}],"wp:attachment":[{"href":"https:\/\/blogg.folkuniversitetet.nu\/japanska\/wp-json\/wp\/v2\/media?parent=288"}],"curies":[{"name":"wp","href":"https:\/\/api.w.org\/{rel}","templated":true}]}}