{"id":280,"date":"2014-10-01T18:46:55","date_gmt":"2014-10-01T17:46:55","guid":{"rendered":"http:\/\/blogg.folkuniversitetet.nu\/japanska\/?page_id=280"},"modified":"2018-05-01T16:42:02","modified_gmt":"2018-05-01T15:42:02","slug":"material","status":"publish","type":"page","link":"https:\/\/blogg.folkuniversitetet.nu\/japanska\/a2del2\/material\/","title":{"rendered":"A2del2 Material"},"content":{"rendered":"<p><img decoding=\"async\" title=\"\" src=\"http:\/\/sw.folkuniversitetet.se\/bluefield.templates\/cke_3.1\/plugins\/smiley\/images\/lightbulb.gif\" alt=\"\" \/>\u00a0<span style=\"color: #ee82ee\">Klicka p\u00e5 l\u00e4nkar.<\/span><\/p>\n<p>&nbsp;<\/p>\n<p><strong>L\u00e4nk till quizsidan<\/strong><\/p>\n<table style=\"border-collapse: collapse;font-size: inherit;width: 673px\" border=\"1\" cellspacing=\"1\" cellpadding=\"1\">\n<tbody>\n<tr>\n<td style=\"text-align: center;padding: 0px;margin: 0px\">vocab.Qs<\/td>\n<td style=\"text-align: center;padding: 0px;margin: 0px\">grammar Qs<\/td>\n<td style=\"text-align: center;padding: 0px;margin: 0px\">f\u00f6r sj\u00e4lvstudier<\/td>\n<\/tr>\n<tr>\n<td style=\"padding: 0px;margin: 0px\">\n<ul style=\"padding: 0px 0px 0px 18px;margin: 0px 0px 0px 18px\">\n<li><a href=\"http:\/\/fcweb.folkuniversitetet.se\/sue_test2\/FOV1-0005FB78\/L3_L4vocabQ.htm\" target=\"_blank\" rel=\"noopener\">L3&amp;4 vocab.Q<\/a><\/li>\n<li><a href=\"http:\/\/fcweb.folkuniversitetet.se\/sue_test2\/FOV1-00069D84\/L5_vocabQ.htm\" target=\"_blank\" rel=\"noopener\">L5 vocab.Q<\/a><\/li>\n<li><a href=\"https:\/\/quizlet.com\/suesussi\/folders\/a2del2\">Quizlet<\/a><\/li>\n<\/ul>\n<\/td>\n<td style=\"padding: 0px;margin: 0px\">\n<ul>\n<li>L4 plain-f.Qs\n<ul>\n<li><a href=\"http:\/\/fcweb.folkuniversitetet.se\/sue_test2\/FOV1-00069D84\/d-f_Q1.htm\">verb (presens\/jakande= d-f.)<\/a><\/li>\n<li><a href=\"http:\/\/fcweb.folkuniversitetet.se\/sue_test2\/FOV1-00069D84\/ta-f_Q1.htm\">verb (imperfekt\/jakande= ta-f.)<\/a><\/li>\n<li><a style=\"color: #225e9b\" href=\"http:\/\/fcweb.folkuniversitetet.se\/sue_test2\/FOV1-00069D21\/nai-f_Q1.htm\" target=\"_blank\" rel=\"noopener\">verb (presens\/nekande= nai-f.)<\/a><\/li>\n<li>adj. (<a style=\"color: #225e9b\" href=\"http:\/\/fcweb.folkuniversitetet.se\/sue_test2\/FOV1-0005FAE8\/GQ1_adj1.htm\" target=\"_blank\" rel=\"noopener\">rev: presens)<\/a>\u00a0(<a style=\"color: #225e9b\" href=\"http:\/\/fcweb.folkuniversitetet.se\/sue_test2\/FOV1-0005FAE8\/GQ2_1.htm\" target=\"_blank\" rel=\"noopener\">rev.: imperfekt)<\/a><\/li>\n<\/ul>\n<\/li>\n<\/ul>\n<ul style=\"padding: 0px 0px 0px 18px;margin: 0px 0px 0px 18px\">\n<li style=\"padding: 0px;margin: 0px\"><a href=\"http:\/\/fcweb.folkuniversitetet.se\/sue_test2\/FOV1-00069D84\/ta-f_Q1.htm\" target=\"_blank\" rel=\"noopener\">ta-f.Q<\/a><\/li>\n<li style=\"padding: 0px;margin: 0px\"><a href=\"http:\/\/fcweb.folkuniversitetet.se\/sue_test2\/FOV1-00069D21\/nai-f_Q1.htm\" target=\"_blank\" rel=\"noopener\">nai-f.Q<\/a>\u00a0rev.<\/li>\n<\/ul>\n<\/td>\n<td style=\"padding: 0px;margin: 0px\"><\/td>\n<\/tr>\n<\/tbody>\n<\/table>\n<p>&nbsp;<\/p>\n<p><strong>Veckans material<\/strong><\/p>\n<p><span style=\"color: #ff0000\"><strong style=\"font-style: inherit;font-weight: bold\">OBS!<\/strong>\u00a0<\/span>Klicka p\u00e5 mappen.<\/p>\n<p><strong><span style=\"color: #ff0000\">FK:<\/span><\/strong>\u00a0Jag har inte uppdaterat inneh\u00e5llet l\u00e4nge, urs\u00e4kta.<\/p>\n<p><a href=\"http:\/\/fcweb.folkuniversitetet.se\/sue_test2\/FOV1-0007C66A\/?1-20\" target=\"_blank\" rel=\"noopener\">http:\/\/fcweb.folkuniversitetet.se\/sue_test2\/FOV1-0007C66A\/?1-20<\/a><\/p>\n<p>&nbsp;<\/p>\n<p><strong style=\"font-style: inherit;font-weight: bold\">Veckans movie &amp; ljudfil<\/strong><\/p>\n<ul>\n<li><a style=\"line-height: 1.231\" href=\"http:\/\/youtu.be\/s4mbaproeo4\" target=\"_blank\" rel=\"noopener\">L3 ~te\/de<\/a><\/li>\n<li><a href=\"http:\/\/youtu.be\/2OrwvhOJ5ic\" target=\"_blank\" rel=\"noopener\">L3 V+ni ikimasu vs.~te-kimasu<\/a><\/li>\n<li><a href=\"http:\/\/youtu.be\/RMURk8cDVDU\" target=\"_blank\" rel=\"noopener\">mini-dialog<\/a><\/li>\n<li><a href=\"https:\/\/youtu.be\/F1CQ2LnwAG4\" target=\"_blank\" rel=\"noopener\">L4 ~n desu intro<\/a><\/li>\n<li><a href=\"https:\/\/youtu.be\/ATz1CknKFlg\" target=\"_blank\" rel=\"noopener\">L4 frequency &amp; ~n desu<\/a><\/li>\n<li><a href=\"http:\/\/youtu.be\/dj8HxVxgQfw\" target=\"_blank\" rel=\"noopener\">L4 plain-f.(casual style\/presens)<\/a><\/li>\n<li><a href=\"http:\/\/youtu.be\/NNLxUsT3erU\" target=\"_blank\" rel=\"noopener\">L4 plain-f. (casual style #2)<br \/>\n<\/a><\/li>\n<li><a href=\"http:\/\/youtu.be\/9Mqg8glSPg8\">L4 frekvens (~ni~kai) intro<\/a><\/li>\n<li><a href=\"http:\/\/youtu.be\/Z1lsr4zQtiY\">L4\u00a01(sh\u00fakan)ni~kai<\/a><\/li>\n<li><a href=\"http:\/\/youtu.be\/RC1kAQgqUdQ\">L5 ~ta koto ga arimasu (intro)<\/a><\/li>\n<li><a href=\"https:\/\/www.erin.ne.jp\/en\/lesson20\/basic\/index.html\" target=\"_blank\" rel=\"noopener\">L5 att tala om sin erfarenhet<\/a><\/li>\n<li><a href=\"http:\/\/wpgenki.whitebase.co.jp\/site\/self\/mov\/L11.wmv\" target=\"_blank\" rel=\"noopener\">L5 att tala om sin erfarenhet #2<br \/>\n<\/a><\/li>\n<li><a href=\"https:\/\/www.youtube.com\/watch?v=6-6vlO3hRBk\">L5 ~ta koto ga arimasu<\/a><\/li>\n<li><a href=\"http:\/\/genki.japantimes.co.jp\/site\/self\/mov\/L09.wmv\" target=\"_blank\" rel=\"noopener\">L5 mada~te-imasen osv.<\/a><\/li>\n<li><a href=\"http:\/\/@A2del2 https:\/\/youtu.be\/YIYvEcD7Ba0\" target=\"_blank\" rel=\"noopener\">L5 plain-f.(casual style\/imperfekt)<\/a><\/li>\n<li><a href=\"https:\/\/youtu.be\/1N0tyZ5FkO8\">L6 ~ku, ~ni intro<\/a><\/li>\n<li><a href=\"http:\/\/youtu.be\/_y0TBPReb2o\" target=\"_blank\" rel=\"noopener\">L6 mo\/mada WB s.47<\/a><\/li>\n<li><a href=\"https:\/\/youtu.be\/t1s0mi30Sqc\">L6 mo\/mada, mo~ta-n desu-ka YT<\/a><\/li>\n<li><a href=\"http:\/\/youtu.be\/ZahInFb0rSQ?list=PLv-tDCNWiNF0-pCVi_62_PbX8CEc-zANd\">L6 ~te-kimasu<\/a><\/li>\n<li><a href=\"https:\/\/youtu.be\/uSG5m-ByWHw\">L6 ~te-kimasu v.2 YT<\/a><\/li>\n<li><a href=\"http:\/\/vk.com\/video3102426_167667798\" target=\"_blank\" rel=\"noopener\">L6 ~ta h\u00f3 ga ii desu<\/a><\/li>\n<li><a href=\"https:\/\/youtu.be\/NmKWgWM_78U\">L6 ~ku, mada~te-imasen &amp; ~ta-ho ga ii desu YT<\/a><\/li>\n<li><a href=\"http:\/\/youtu.be\/COeZBBplXDk\">L7 vocab.Q<\/a><\/li>\n<li><a href=\"http:\/\/youtu.be\/0hpxA_8WrMk\">L7 ~mae-ni\/~te-kara (intro)<\/a><\/li>\n<li><a href=\"https:\/\/youtu.be\/LLLVlCf_J4s\">L7 ~mae-ni\/~te-kara (casual style) YT<\/a><\/li>\n<li><a href=\"https:\/\/youtu.be\/GMjIsCj0GWI\">L7 ~mae-ni\/~te-kara (desu-masu) YT<\/a><\/li>\n<li><a href=\"http:\/\/youtu.be\/OedkTuU8duc\">L7 ~toki (intro)<\/a><\/li>\n<li><a href=\"https:\/\/drive.google.com\/file\/d\/0B6ONVhwYNC9ZNFRhZ1BUc0JYWk0\/view\">L7 ~te-kara (MNNL18 Shumi)<\/a><\/li>\n<li><a href=\"https:\/\/soundcloud.com\/suesussi\/jbp2-l7-miniminispeech\">L7 minimini-speech<\/a><\/li>\n<li><a href=\"https:\/\/www.erin.ne.jp\/en\/lesson11\/basic\/index.html\">L7 Erin L11 video<\/a><\/li>\n<li><a href=\"https:\/\/www.youtube.com\/watch?v=8Rr-Xw6R7GY\">L8 ~ku\/ni-narimasu intro<\/a><\/li>\n<li><a href=\"http:\/\/youtu.be\/BB-kl-2XbLk\" target=\"_blank\" rel=\"noopener\">L8 ~ku\/ni-narimasu #2<\/a><\/li>\n<li><a href=\"http:\/\/a2.marugotoweb.jp\/en\/grammar\/lesson3\/practice1.html\">L8 ~ku\/ni-narimasu MARUGOTO A2 Topic2<\/a><\/li>\n<li><a href=\"http:\/\/youtu.be\/TzB05g5R9Ks\">L8 ~to itte-imasu<\/a><\/li>\n<li><a href=\"http:\/\/youtu.be\/XrZo_srdbc0\">L8 ~te-itte-imasu #2<\/a><\/li>\n<li><a href=\"https:\/\/soundcloud.com\/suesussi\/ii-l11-text\/s-Ymqrv\">L8 RC text SC<\/a><\/li>\n<\/ul>\n","protected":false},"excerpt":{"rendered":"<p>\u00a0Klicka p\u00e5 l\u00e4nkar. &nbsp; L\u00e4nk till quizsidan vocab.Qs grammar Qs f\u00f6r sj\u00e4lvstudier L3&amp;4 vocab.Q L5 vocab.Q Quizlet L4 plain-f.Qs verb (presens\/jakande= d-f.) verb (imperfekt\/jakande= ta-f.) verb (presens\/nekande= nai-f.) adj. (rev: presens)\u00a0(rev.: imperfekt) ta-f.Q nai-f.Q\u00a0rev. &nbsp; Veckans material OBS!\u00a0Klicka p\u00e5 mappen. &hellip; <a href=\"https:\/\/blogg.folkuniversitetet.nu\/japanska\/a2del2\/material\/\">Continue reading <span class=\"meta-nav\">&rarr;<\/span><\/a><\/p>\n","protected":false},"author":4,"featured_media":0,"parent":84,"menu_order":0,"comment_status":"open","ping_status":"closed","template":"","meta":{"footnotes":""},"class_list":["post-280","page","type-page","status-publish","hentry"],"_links":{"self":[{"href":"https:\/\/blogg.folkuniversitetet.nu\/japanska\/wp-json\/wp\/v2\/pages\/280","targetHints":{"allow":["GET"]}}],"collection":[{"href":"https:\/\/blogg.folkuniversitetet.nu\/japanska\/wp-json\/wp\/v2\/pages"}],"about":[{"href":"https:\/\/blogg.folkuniversitetet.nu\/japanska\/wp-json\/wp\/v2\/types\/page"}],"author":[{"embeddable":true,"href":"https:\/\/blogg.folkuniversitetet.nu\/japanska\/wp-json\/wp\/v2\/users\/4"}],"replies":[{"embeddable":true,"href":"https:\/\/blogg.folkuniversitetet.nu\/japanska\/wp-json\/wp\/v2\/comments?post=280"}],"version-history":[{"count":44,"href":"https:\/\/blogg.folkuniversitetet.nu\/japanska\/wp-json\/wp\/v2\/pages\/280\/revisions"}],"predecessor-version":[{"id":5745,"href":"https:\/\/blogg.folkuniversitetet.nu\/japanska\/wp-json\/wp\/v2\/pages\/280\/revisions\/5745"}],"up":[{"embeddable":true,"href":"https:\/\/blogg.folkuniversitetet.nu\/japanska\/wp-json\/wp\/v2\/pages\/84"}],"wp:attachment":[{"href":"https:\/\/blogg.folkuniversitetet.nu\/japanska\/wp-json\/wp\/v2\/media?parent=280"}],"curies":[{"name":"wp","href":"https:\/\/api.w.org\/{rel}","templated":true}]}}