{"id":276,"date":"2014-09-07T18:46:10","date_gmt":"2014-09-07T17:46:10","guid":{"rendered":"http:\/\/blogg.folkuniversitetet.nu\/japanska\/?page_id=276"},"modified":"2018-05-01T17:11:44","modified_gmt":"2018-05-01T16:11:44","slug":"material","status":"publish","type":"page","link":"https:\/\/blogg.folkuniversitetet.nu\/japanska\/a2del1\/material\/","title":{"rendered":"A2del1 Material"},"content":{"rendered":"<p><img decoding=\"async\" title=\"\" src=\"http:\/\/sw.folkuniversitetet.se\/bluefield.templates\/cke_3.1\/plugins\/smiley\/images\/lightbulb.gif\" alt=\"\" \/>\u00a0<span style=\"color: #ee82ee\">Klicka p\u00e5 l\u00e4nkar.<\/span><\/p>\n<p><strong>L\u00e4nk till quizsidan<\/strong><\/p>\n<table style=\"border-collapse: collapse;font-size: inherit;width: 673px\" border=\"1\" cellspacing=\"1\" cellpadding=\"1\">\n<tbody>\n<tr>\n<td style=\"text-align: center;padding: 0px;margin: 0px\">vocab.Qs<\/td>\n<td style=\"text-align: center;padding: 0px;margin: 0px\">grammar Qs<\/td>\n<td style=\"text-align: center;padding: 0px;margin: 0px\">extra \u00f6vningar<\/td>\n<\/tr>\n<tr>\n<td style=\"padding: 0px;margin: 0px\">\n<ul style=\"padding: 0px 0px 0px 18px;margin: 0px 0px 0px 18px\">\n<li><a href=\"http:\/\/fcweb.folkuniversitetet.se\/sue_test2\/FOV1-0005FB78\/L1vocabQ.htm\" target=\"_blank\" rel=\"noopener noreferrer\">L1 vocab.Q<\/a><\/li>\n<li><a style=\"font-size: inherit\" href=\"http:\/\/fcweb.folkuniversitetet.se\/sue_test2\/FOV1-0005FB78\/L2vocabQ.htm\" target=\"_blank\" rel=\"noopener noreferrer\">L2 vocab.Q<\/a><\/li>\n<li><a href=\"http:\/\/fcweb.folkuniversitetet.se\/sue_test2\/FOV1-0005FB78\/L3_L4vocabQ.htm\" target=\"_blank\" rel=\"noopener noreferrer\">L3&amp;4 vocab.Q<\/a><\/li>\n<li><a href=\"https:\/\/quizlet.com\/suesussi\/folders\/a2del1\">Quizlet<\/a><\/li>\n<\/ul>\n<\/td>\n<td style=\"padding: 0px;margin: 0px\">\n<ul>\n<li><a href=\"http:\/\/fcweb.folkuniversitetet.se\/sue_test2\/FOV1-0005FB78\/L1grQ_vocab.htm\" target=\"_blank\" rel=\"noopener noreferrer\">L1 grammar Q(vocab.)<\/a><\/li>\n<li><a href=\"http:\/\/www.proprofs.com\/quiz-school\/story.php?title=NTUxNTg3\" target=\"_blank\" rel=\"noopener noreferrer\">L1 grammar Q2<\/a><\/li>\n<li>L4 plain-f.Qs\n<ul>\n<li>verb (<a style=\"font-size: inherit\" href=\"http:\/\/fcweb.folkuniversitetet.se\/sue_test2\/FOV1-00069D84\/ta-f_Q1.htm\" target=\"_blank\" rel=\"noopener noreferrer\">presens\/imperfekt &#8220;affirmative&#8221;)<\/a><\/li>\n<li><a href=\"http:\/\/fcweb.folkuniversitetet.se\/sue_test2\/FOV1-00069D21\/nai-f_Q1.htm\" target=\"_blank\" rel=\"noopener noreferrer\">verb (presens\/nekande= nai-f.)<\/a><\/li>\n<li>adj. (<a href=\"http:\/\/fcweb.folkuniversitetet.se\/sue_test2\/FOV1-0005FAE8\/GQ1_adj1.htm\" target=\"_blank\" rel=\"noopener noreferrer\">rev: presens)<\/a>\u00a0(<a href=\"http:\/\/fcweb.folkuniversitetet.se\/sue_test2\/FOV1-0005FAE8\/GQ2_1.htm\" target=\"_blank\" rel=\"noopener noreferrer\">rev.: imperfekt)<\/a><\/li>\n<\/ul>\n<\/li>\n<\/ul>\n<\/td>\n<td style=\"padding: 0px;margin: 0px\"><\/td>\n<\/tr>\n<\/tbody>\n<\/table>\n<p><strong>Veckans material<\/strong><\/p>\n<p><span style=\"color: #ff0000\"><strong style=\"font-style: inherit;font-weight: bold\">OBS!<\/strong><\/span>\u00a0Klicka p\u00e5 mappen.<\/p>\n<p><strong><span style=\"color: #ff0000\">FK:<\/span><\/strong>\u00a0Jag har inte uppdaterat inneh\u00e5llet l\u00e4nge, urs\u00e4kta.<\/p>\n<p><a href=\"http:\/\/fcweb.folkuniversitetet.se\/sue_test2\/FOV1-00075E8D\/\" target=\"_blank\" rel=\"noopener noreferrer\">http:\/\/fcweb.folkuniversitetet.se\/sue_test2\/FOV1-00075E8D\/<\/a><\/p>\n<p>&nbsp;<\/p>\n<p><strong style=\"font-style: inherit;font-weight: bold\">Veckans movie &amp; ljudfil<\/strong><\/p>\n<p><em><span style=\"text-decoration: underline\">JBP vol.1<\/span><\/em><\/p>\n<ul>\n<li><a href=\"https:\/\/youtu.be\/GT5HnbtAw3s\" target=\"_blank\" rel=\"noopener noreferrer\">L24 ~wa~ga suki\/jozu desu<\/a><\/li>\n<li><a href=\"https:\/\/youtu.be\/C2j-YgU2h2Y\">L24 &amp; 25 suki\/jozu, ~tai desu R<\/a><\/li>\n<\/ul>\n<p>&nbsp;<\/p>\n<p><em><span style=\"text-decoration: underline\">JBP vol.2<\/span><\/em><\/p>\n<ul>\n<li><a href=\"http:\/\/youtu.be\/t-PuihbqNZ4\" target=\"_blank\" rel=\"noopener noreferrer\">L1 nani-ka dialog<\/a><\/li>\n<li><a href=\"http:\/\/youtu.be\/etqSrk3rB7Q\" target=\"_blank\" rel=\"noopener noreferrer\">L1 nani ga ii desu-ka<\/a><\/li>\n<li><a href=\"http:\/\/youtu.be\/0AhXdFe6ssw\" target=\"_blank\" rel=\"noopener noreferrer\">L1 nani ga ii desho-ka<\/a><\/li>\n<li><a href=\"http:\/\/youtu.be\/vQ3UYPoikDg\" target=\"_blank\" rel=\"noopener noreferrer\">L1 nani ga ii desho-ka dialogue<\/a><\/li>\n<li><a href=\"https:\/\/www.erin.ne.jp\/en\/lesson18\/basic\/index.html\" target=\"_blank\" rel=\"noopener noreferrer\">L1 komparativ<br \/>\n<\/a><\/li>\n<li><a href=\"https:\/\/youtu.be\/foyVHYTDdH0\" target=\"_blank\" rel=\"noopener noreferrer\">L1 \u301c\u306e\u307b\u3046\u304c RP<\/a><\/li>\n<li><a href=\"https:\/\/youtu.be\/bnsa4SZsmKs\">L1 superlative RP<\/a><\/li>\n<li><a href=\"http:\/\/youtu.be\/9-i4a48mYmw\" target=\"_blank\" rel=\"noopener noreferrer\">L1 ~te-mimasu<\/a><\/li>\n<li><a href=\"http:\/\/youtu.be\/Tq2n1z_pZjM\" target=\"_blank\" rel=\"noopener noreferrer\">L2 \u3082\u3063\u3068\u301c\u306e\u306f\uff1f<\/a><\/li>\n<li><a href=\"https:\/\/youtu.be\/FgIa1-NnjV8\">L2 \u3082\u3063\u3068\u301c\u306e\u306f\uff1f v.2 YT<\/a><\/li>\n<li><a href=\"http:\/\/youtu.be\/oYgTT9wdOPc\" target=\"_blank\" rel=\"noopener noreferrer\">L2 komparativ, superlativ Qs<\/a><\/li>\n<li><a href=\"http:\/\/fcweb.folkuniversitetet.se\/sue_test2\/FOV1-0005FD2C\/SW_L14_adjpast.html\" target=\"_blank\" rel=\"noopener noreferrer\">L2 \u304d\u3087\u3046\u3068\u3067\u3000\u3044\u3061\u3070\u3093<\/a><\/li>\n<li><a href=\"http:\/\/youtu.be\/1wwybDdr_RE\" target=\"_blank\" rel=\"noopener noreferrer\">L2 ~ni shimasu video Qs<\/a><\/li>\n<li><a href=\"https:\/\/youtu.be\/URmjct0xBHM\">L2 ~ni shimasu YT ogorimasu<\/a><\/li>\n<li><a href=\"http:\/\/youtu.be\/UItvVeu4ttQ\" target=\"_blank\" rel=\"noopener noreferrer\">L2 plain-f. (presens\/positive) G2&amp;G3<\/a><\/li>\n<li><a href=\"http:\/\/youtu.be\/-BWujyzbq-4\" target=\"_blank\" rel=\"noopener noreferrer\">L2&amp;4 ~n-desu(ka)<\/a><\/li>\n<li><a href=\"https:\/\/www.erin.ne.jp\/en\/lesson07\/basic\/index.html\" target=\"_blank\" rel=\"noopener noreferrer\">L2&amp;4 plain-f.(casual style\/presens) #2<\/a><br \/>\n<span style=\"line-height: 1.231\"><span style=\"color: #ff0000\"><strong>Observera<\/strong> <\/span>&#8220;~n desu\/~n da&#8221; och &#8220;~n desu-ka\/~no?&#8221; (II L2&amp;4) anv\u00e4nds i dialogen!<\/span><\/li>\n<\/ul>\n<ul>\n<li><a style=\"line-height: 1.231\" href=\"http:\/\/youtu.be\/s4mbaproeo4\" target=\"_blank\" rel=\"noopener noreferrer\">L3 ~te\/de<\/a><\/li>\n<li><a href=\"http:\/\/youtu.be\/2OrwvhOJ5ic\" target=\"_blank\" rel=\"noopener noreferrer\">L3 V+ni ikimasu vs.~te-kimasu<br \/>\n<\/a><\/li>\n<li><a href=\"http:\/\/youtu.be\/RMURk8cDVDU\" target=\"_blank\" rel=\"noopener noreferrer\">mini-dialog<\/a><\/li>\n<li><a href=\"https:\/\/youtu.be\/91CWng05au8?list=PLv-tDCNWiNF0J61hJLnFtcDW2SxcRngSL\" target=\"_blank\" rel=\"noopener noreferrer\">L3\u00a0~te\/de dialog<\/a><\/li>\n<li><a href=\"https:\/\/youtu.be\/9Mqg8glSPg8\">L4 frekvens#2 intro<\/a><\/li>\n<li><a href=\"http:\/\/youtu.be\/dj8HxVxgQfw\" target=\"_blank\" rel=\"noopener noreferrer\">L4 plain-f.(casual style\/presens)<\/a><\/li>\n<li><a href=\"http:\/\/youtu.be\/NNLxUsT3erU\" target=\"_blank\" rel=\"noopener noreferrer\">L4 plain-f. (casual style #2)<\/a><\/li>\n<li><a href=\"https:\/\/youtu.be\/CnLmwoZm6-c\">L4 casual style intro YT<\/a><\/li>\n<li><a href=\"https:\/\/youtu.be\/WvRT0PupKwA\">L4 ~N desu (presens) intro v.2 YT<\/a><\/li>\n<\/ul>\n","protected":false},"excerpt":{"rendered":"<p>\u00a0Klicka p\u00e5 l\u00e4nkar. L\u00e4nk till quizsidan vocab.Qs grammar Qs extra \u00f6vningar L1 vocab.Q L2 vocab.Q L3&amp;4 vocab.Q Quizlet L1 grammar Q(vocab.) L1 grammar Q2 L4 plain-f.Qs verb (presens\/imperfekt &#8220;affirmative&#8221;) verb (presens\/nekande= nai-f.) adj. (rev: presens)\u00a0(rev.: imperfekt) Veckans material OBS!\u00a0Klicka p\u00e5 &hellip; <a href=\"https:\/\/blogg.folkuniversitetet.nu\/japanska\/a2del1\/material\/\">Continue reading <span class=\"meta-nav\">&rarr;<\/span><\/a><\/p>\n","protected":false},"author":4,"featured_media":0,"parent":82,"menu_order":0,"comment_status":"open","ping_status":"closed","template":"","meta":{"footnotes":""},"class_list":["post-276","page","type-page","status-publish","hentry"],"_links":{"self":[{"href":"https:\/\/blogg.folkuniversitetet.nu\/japanska\/wp-json\/wp\/v2\/pages\/276","targetHints":{"allow":["GET"]}}],"collection":[{"href":"https:\/\/blogg.folkuniversitetet.nu\/japanska\/wp-json\/wp\/v2\/pages"}],"about":[{"href":"https:\/\/blogg.folkuniversitetet.nu\/japanska\/wp-json\/wp\/v2\/types\/page"}],"author":[{"embeddable":true,"href":"https:\/\/blogg.folkuniversitetet.nu\/japanska\/wp-json\/wp\/v2\/users\/4"}],"replies":[{"embeddable":true,"href":"https:\/\/blogg.folkuniversitetet.nu\/japanska\/wp-json\/wp\/v2\/comments?post=276"}],"version-history":[{"count":20,"href":"https:\/\/blogg.folkuniversitetet.nu\/japanska\/wp-json\/wp\/v2\/pages\/276\/revisions"}],"predecessor-version":[{"id":5746,"href":"https:\/\/blogg.folkuniversitetet.nu\/japanska\/wp-json\/wp\/v2\/pages\/276\/revisions\/5746"}],"up":[{"embeddable":true,"href":"https:\/\/blogg.folkuniversitetet.nu\/japanska\/wp-json\/wp\/v2\/pages\/82"}],"wp:attachment":[{"href":"https:\/\/blogg.folkuniversitetet.nu\/japanska\/wp-json\/wp\/v2\/media?parent=276"}],"curies":[{"name":"wp","href":"https:\/\/api.w.org\/{rel}","templated":true}]}}