{"id":265,"date":"2015-02-01T18:38:27","date_gmt":"2015-02-01T17:38:27","guid":{"rendered":"http:\/\/blogg.folkuniversitetet.nu\/japanska\/?page_id=265"},"modified":"2017-05-03T22:26:15","modified_gmt":"2017-05-03T21:26:15","slug":"veckans-material","status":"publish","type":"page","link":"https:\/\/blogg.folkuniversitetet.nu\/japanska\/b1del1\/veckans-material\/","title":{"rendered":"B1del1 Material"},"content":{"rendered":"<h4>L\u00e4nk till textsajten<\/h4>\n<p><a href=\"https:\/\/sites.google.com\/a\/swo.se\/japanska-b1del1-vt15\/home\" target=\"_blank\" rel=\"noopener noreferrer\">https:\/\/sites.google.com\/a\/swo.se\/japanska-b1del1-vt15\/home<\/a><\/p>\n<h4><\/h4>\n<h4>L\u00e4nk till n\u00e4tbaserade \u00f6vningar<\/h4>\n<p>&nbsp;<\/p>\n<h4>Veckans material<\/h4>\n<p><span style=\"color: #ff0000\"><strong>OBS!<\/strong><\/span>\u00a0Klicka p\u00e5 mappen.<\/p>\n<p><strong><span style=\"color: #ff0000\">FK:<\/span><\/strong>\u00a0Jag har inte uppdaterat inneh\u00e5llet l\u00e4nge, urs\u00e4kta.<\/p>\n<p><a href=\"http:\/\/fcweb.folkuniversitetet.se\/sue_test2\/FOV1-0008A661\/?1-20\" target=\"_blank\" rel=\"noopener noreferrer\">http:\/\/fcweb.folkuniversitetet.se\/sue_test2\/FOV1-0008A661\/?1-20<\/a><\/p>\n<p>&nbsp;<\/p>\n<h4><strong>Veckans movie &amp; ljudfil<\/strong><\/h4>\n<p><span style=\"color: #ff0000\"><strong>FK:<\/strong><\/span> <a href=\"http:\/\/blogg.folkuniversitetet.nu\/japanska\/a2del5\/material\/\">A2del5 material<\/a><\/p>\n<ul>\n<li><a href=\"http:\/\/genki.japantimes.co.jp\/self\/genki-movie\" target=\"_blank\" rel=\"noopener noreferrer\">Genki series video<\/a><\/li>\n<li><a href=\"http:\/\/youtu.be\/M47hVF04sY0\" target=\"_blank\" rel=\"noopener noreferrer\">L18 ~nagara intro<\/a><\/li>\n<li><a href=\"http:\/\/www.dailymotion.com\/video\/xsebrd_chapter-28_shortfilms\" target=\"_blank\" rel=\"noopener noreferrer\">L18 ~demo~nagara~masen-ka<\/a><\/li>\n<li><a href=\"http:\/\/youtu.be\/hfvQKsOdRbc\" target=\"_blank\" rel=\"noopener noreferrer\">L19 honorific<\/a><\/li>\n<li><a href=\"https:\/\/drive.google.com\/file\/d\/0B6ONVhwYNC9ZMUs3OXVZeU5qdDg\/view\">L19 honorific video<\/a><\/li>\n<li><a href=\"http:\/\/sfj.intersc.tsukuba.ac.jp\/\">L19 SFJ L6 o~kudasai<\/a><\/li>\n<li><a href=\"https:\/\/youtu.be\/5IZ8z1x-Aqo\" target=\"_blank\" rel=\"noopener noreferrer\">L19 ~hazu desu video<\/a><\/li>\n<li><a href=\"https:\/\/drive.google.com\/file\/d\/0B6ONVhwYNC9ZMUs3OXVZeU5qdDg\/view\">L19 ~hazu desu MNNL49<\/a><\/li>\n<li><a href=\"https:\/\/youtu.be\/YWe5_makSsk\" target=\"_blank\" rel=\"noopener noreferrer\">L19 ~hazu desu anime<\/a><\/li>\n<li><a href=\"http:\/\/youtu.be\/UG1amTy7d68\">L20 humble- intro<\/a><\/li>\n<li><a href=\"http:\/\/youtu.be\/sQL8OxiTjfg\">L20 humble (vocab.)<\/a><\/li>\n<li><a href=\"http:\/\/youtu.be\/gq1_cZ3d3a8\">L20 humble (vocab.#2)<\/a><\/li>\n<li><a href=\"http:\/\/www.dailymotion.com\/video\/xsebvw_chapter-50_shortfilms\">L20 humble (Miller-san)<\/a><\/li>\n<li><a href=\"http:\/\/youtu.be\/YN5U3YomvOo\">TV-drama \u201cNihonjin no shiranai Nihongo\u201d episod 2 om \u201ckeigo\u201d<\/a><\/li>\n<li><a href=\"https:\/\/youtu.be\/nAuaxR0hG6c\" target=\"_blank\" rel=\"noopener noreferrer\">L21 passive#1 intro<\/a>\n<ul>\n<li>Q: hur s\u00e4ger man p\u00e5 japanska?<br \/>\n1. Detta tempel byggdes 1700.<br \/>\n2. Pojken blev ber\u00f6md av sin pappa.<br \/>\n3. Tanaka blev vald till borgm\u00e4stare.<br \/>\n4. Internet anv\u00e4nds i hela v\u00e4rlden.<\/li>\n<\/ul>\n<\/li>\n<li><a href=\"http:\/\/www.dailymotion.com\/video\/xsebto_chapter-37_shortfilms\" target=\"_blank\" rel=\"noopener noreferrer\">L21 passive#1 video<\/a><\/li>\n<li><a href=\"https:\/\/soundcloud.com\/suesussi\/vol3_8_passive1\/s-Yi8so\">L21 passive #1 LC<\/a><\/li>\n<\/ul>\n","protected":false},"excerpt":{"rendered":"<p>L\u00e4nk till textsajten https:\/\/sites.google.com\/a\/swo.se\/japanska-b1del1-vt15\/home L\u00e4nk till n\u00e4tbaserade \u00f6vningar &nbsp; Veckans material OBS!\u00a0Klicka p\u00e5 mappen. FK:\u00a0Jag har inte uppdaterat inneh\u00e5llet l\u00e4nge, urs\u00e4kta. http:\/\/fcweb.folkuniversitetet.se\/sue_test2\/FOV1-0008A661\/?1-20 &nbsp; Veckans movie &amp; ljudfil FK: A2del5 material Genki series video L18 ~nagara intro L18 ~demo~nagara~masen-ka L19 honorific &hellip; <a href=\"https:\/\/blogg.folkuniversitetet.nu\/japanska\/b1del1\/veckans-material\/\">Continue reading <span class=\"meta-nav\">&rarr;<\/span><\/a><\/p>\n","protected":false},"author":4,"featured_media":0,"parent":92,"menu_order":0,"comment_status":"open","ping_status":"closed","template":"","meta":{"footnotes":""},"class_list":["post-265","page","type-page","status-publish","hentry"],"_links":{"self":[{"href":"https:\/\/blogg.folkuniversitetet.nu\/japanska\/wp-json\/wp\/v2\/pages\/265","targetHints":{"allow":["GET"]}}],"collection":[{"href":"https:\/\/blogg.folkuniversitetet.nu\/japanska\/wp-json\/wp\/v2\/pages"}],"about":[{"href":"https:\/\/blogg.folkuniversitetet.nu\/japanska\/wp-json\/wp\/v2\/types\/page"}],"author":[{"embeddable":true,"href":"https:\/\/blogg.folkuniversitetet.nu\/japanska\/wp-json\/wp\/v2\/users\/4"}],"replies":[{"embeddable":true,"href":"https:\/\/blogg.folkuniversitetet.nu\/japanska\/wp-json\/wp\/v2\/comments?post=265"}],"version-history":[{"count":24,"href":"https:\/\/blogg.folkuniversitetet.nu\/japanska\/wp-json\/wp\/v2\/pages\/265\/revisions"}],"predecessor-version":[{"id":4605,"href":"https:\/\/blogg.folkuniversitetet.nu\/japanska\/wp-json\/wp\/v2\/pages\/265\/revisions\/4605"}],"up":[{"embeddable":true,"href":"https:\/\/blogg.folkuniversitetet.nu\/japanska\/wp-json\/wp\/v2\/pages\/92"}],"wp:attachment":[{"href":"https:\/\/blogg.folkuniversitetet.nu\/japanska\/wp-json\/wp\/v2\/media?parent=265"}],"curies":[{"name":"wp","href":"https:\/\/api.w.org\/{rel}","templated":true}]}}