{"id":2448,"date":"2015-10-06T21:54:11","date_gmt":"2015-10-06T20:54:11","guid":{"rendered":"http:\/\/blogg.folkuniversitetet.nu\/japanska\/?page_id=2448"},"modified":"2016-05-22T08:06:00","modified_gmt":"2016-05-22T07:06:00","slug":"b1del2-material-ht15","status":"publish","type":"page","link":"https:\/\/blogg.folkuniversitetet.nu\/japanska\/b1del2\/b1del2-material-ht15\/","title":{"rendered":"B1del2 Material HT15"},"content":{"rendered":"<h4>L\u00e4nk till n\u00e4tbaserade \u00f6vningar<\/h4>\n<p>&nbsp;<\/p>\n<h4>Veckans material<\/h4>\n<p>&nbsp;<\/p>\n<h4><\/h4>\n<h4><strong>Veckans movie &amp; ljudfil<\/strong><\/h4>\n<p><a href=\"http:\/\/blogg.folkuniversitetet.nu\/japanska\/b1del1\/veckans-material\/\" target=\"_blank\">JBP vol.3<\/a><\/p>\n<p><em><span style=\"text-decoration: underline\">Genki 2<\/span><\/em><\/p>\n<ul>\n<li><a href=\"http:\/\/genki.japantimes.co.jp\/site\/self\/mov\/L22.wmv\" target=\"_blank\">L22 video<\/a><\/li>\n<li><a href=\"https:\/\/youtu.be\/zqHflTDw4pw https:\/\/youtu.be\/CbZ70lqQzDo\" target=\"_blank\">L22 causative1 video1 Skolliv<\/a><\/li>\n<li><a href=\"https:\/\/youtu.be\/CbZ70lqQzDo\" target=\"_blank\">L22 causative1 video2 Skollunch<\/a><\/li>\n<li><a href=\"https:\/\/youtu.be\/OproxoozAgw\" target=\"_blank\">L22 causative1 video3 Skolaktiviteter<\/a><\/li>\n<li><a href=\"https:\/\/youtu.be\/qquzlKdOzAM\" target=\"_blank\">L22 causative-passive &#8220;mysterious tour&#8221;<\/a><\/li>\n<li><a href=\"http:\/\/zapt.io\/t5pzmpk6\" target=\"_blank\">L22 extra imperative<\/a><\/li>\n<\/ul>\n","protected":false},"excerpt":{"rendered":"<p>L\u00e4nk till n\u00e4tbaserade \u00f6vningar &nbsp; Veckans material &nbsp; Veckans movie &amp; ljudfil JBP vol.3 Genki 2 L22 video L22 causative1 video1 Skolliv L22 causative1 video2 Skollunch L22 causative1 video3 Skolaktiviteter L22 causative-passive &#8220;mysterious tour&#8221; L22 extra imperative<\/p>\n","protected":false},"author":4,"featured_media":0,"parent":704,"menu_order":0,"comment_status":"closed","ping_status":"closed","template":"","meta":{"footnotes":""},"class_list":["post-2448","page","type-page","status-publish","hentry"],"_links":{"self":[{"href":"https:\/\/blogg.folkuniversitetet.nu\/japanska\/wp-json\/wp\/v2\/pages\/2448","targetHints":{"allow":["GET"]}}],"collection":[{"href":"https:\/\/blogg.folkuniversitetet.nu\/japanska\/wp-json\/wp\/v2\/pages"}],"about":[{"href":"https:\/\/blogg.folkuniversitetet.nu\/japanska\/wp-json\/wp\/v2\/types\/page"}],"author":[{"embeddable":true,"href":"https:\/\/blogg.folkuniversitetet.nu\/japanska\/wp-json\/wp\/v2\/users\/4"}],"replies":[{"embeddable":true,"href":"https:\/\/blogg.folkuniversitetet.nu\/japanska\/wp-json\/wp\/v2\/comments?post=2448"}],"version-history":[{"count":9,"href":"https:\/\/blogg.folkuniversitetet.nu\/japanska\/wp-json\/wp\/v2\/pages\/2448\/revisions"}],"predecessor-version":[{"id":3376,"href":"https:\/\/blogg.folkuniversitetet.nu\/japanska\/wp-json\/wp\/v2\/pages\/2448\/revisions\/3376"}],"up":[{"embeddable":true,"href":"https:\/\/blogg.folkuniversitetet.nu\/japanska\/wp-json\/wp\/v2\/pages\/704"}],"wp:attachment":[{"href":"https:\/\/blogg.folkuniversitetet.nu\/japanska\/wp-json\/wp\/v2\/media?parent=2448"}],"curies":[{"name":"wp","href":"https:\/\/api.w.org\/{rel}","templated":true}]}}