{"id":1453,"date":"2015-05-15T11:18:49","date_gmt":"2015-05-15T10:18:49","guid":{"rendered":"http:\/\/blogg.folkuniversitetet.nu\/japanska\/?page_id=1453"},"modified":"2015-05-26T20:07:00","modified_gmt":"2015-05-26T19:07:00","slug":"nyttiga-plugins","status":"publish","type":"page","link":"https:\/\/blogg.folkuniversitetet.nu\/japanska\/nyttiga-lankar\/nyttiga-plugins\/","title":{"rendered":"Nyttiga plugins p\u00e5 din webbl\u00e4sare och n\u00e4tbaserade verktyg"},"content":{"rendered":"<p>Uppdaterad: 2015-05-26<\/p>\n<ul>\n<li>&#8220;Google Input Tools&#8221; \u00e4r tillagd.<\/li>\n<\/ul>\n<p>&nbsp;<\/p>\n<h4><b>1. plugins<\/b><\/h4>\n<h5><b>1) lexikon<\/b><\/h5>\n<p><span style=\"text-decoration: underline\"><i>Chrome<br \/>\n<\/i><\/span>Rikaikun<\/p>\n<p><a href=\"https:\/\/chrome.google.com\/webstore\/detail\/rikaikun\/jipdnfibhldikgcjhfnomkfpcebammhp\" target=\"_blank\" rel=\"nofollow\">https:\/\/chrome.google.com\/webstore\/detail\/rikaikun\/jipdnfibhldikgcjhfnomkfpcebammhp<\/a><\/p>\n<p><span style=\"text-decoration: underline\"><i>Firefox<br \/>\n<\/i><\/span>Rikaichan<\/p>\n<p><a href=\"https:\/\/addons.mozilla.org\/sv-se\/firefox\/addon\/rikaichan\/\" target=\"_blank\" rel=\"nofollow\">https:\/\/addons.mozilla.org\/sv-se\/firefox\/addon\/rikaichan\/<\/a><\/p>\n<p><em><span style=\"text-decoration: underline\">Safari<br \/>\n<\/span><\/em>Rikaitan<\/p>\n<p><a href=\"https:\/\/extensions.apple.com\/details\/?id=com.jordenhill.rikaitan-773ZK9CN4J\" target=\"_blank\">https:\/\/extensions.apple.com\/details\/?id=com.jordenhill.rikaitan-773ZK9CN4J<\/a><\/p>\n<h4><\/h4>\n<h4><b>2. n\u00e4tbaserade verktyg<\/b><\/h4>\n<h5><b>1) Google Input Tools<\/b><\/h5>\n<p><u><i>Skriva japanska utan att installera japanska p\u00e5 datorn.<\/i><\/u><\/p>\n<p><a href=\"http:\/\/www.google.com\/inputtools\/try\/\" target=\"_blank\">http:\/\/www.google.com\/inputtools\/try\/<\/a><u><i><br \/>\n<\/i><\/u><\/p>\n<p>&nbsp;<\/p>\n<p><u><i>Manual<\/i><\/u><\/p>\n<p><a title=\"Link: null\" href=\"http:\/\/issuu.com\/suesussi\/docs\/word-processing_v5?e=0\" target=\"_blank\">http:\/\/issuu.com\/suesussi\/docs\/word-processing_v5?e=0<\/a><\/p>\n<h5><\/h5>\n<h5><b>2) furigana converter<\/b><\/h5>\n<p><u><i>Kanji Converter to Hiragana, Romaji, English<\/i><\/u><\/p>\n<p><a href=\"http:\/\/nihongo.j-talk.com\" target=\"_blank\">http:\/\/nihongo.j-talk.com<\/a><\/p>\n<p>&nbsp;<\/p>\n<p><span style=\"text-decoration: underline\"><em>Tatoeba<\/em><\/span><\/p>\n<p><a href=\"http:\/\/tatoeba.org\/eng\/tools\/romaji_furigana\" target=\"_blank\" rel=\"nofollow\">http:\/\/tatoeba.org\/eng\/tools\/romaji_furigana<\/a><\/p>\n","protected":false},"excerpt":{"rendered":"<p>Uppdaterad: 2015-05-26 &#8220;Google Input Tools&#8221; \u00e4r tillagd. &nbsp; 1. plugins 1) lexikon Chrome Rikaikun https:\/\/chrome.google.com\/webstore\/detail\/rikaikun\/jipdnfibhldikgcjhfnomkfpcebammhp Firefox Rikaichan https:\/\/addons.mozilla.org\/sv-se\/firefox\/addon\/rikaichan\/ Safari Rikaitan https:\/\/extensions.apple.com\/details\/?id=com.jordenhill.rikaitan-773ZK9CN4J 2. n\u00e4tbaserade verktyg 1) Google Input Tools Skriva japanska utan att installera japanska p\u00e5 datorn. http:\/\/www.google.com\/inputtools\/try\/ &nbsp; Manual http:\/\/issuu.com\/suesussi\/docs\/word-processing_v5?e=0 &hellip; <a href=\"https:\/\/blogg.folkuniversitetet.nu\/japanska\/nyttiga-lankar\/nyttiga-plugins\/\">Continue reading <span class=\"meta-nav\">&rarr;<\/span><\/a><\/p>\n","protected":false},"author":4,"featured_media":0,"parent":569,"menu_order":0,"comment_status":"open","ping_status":"open","template":"","meta":{"footnotes":""},"class_list":["post-1453","page","type-page","status-publish","hentry"],"_links":{"self":[{"href":"https:\/\/blogg.folkuniversitetet.nu\/japanska\/wp-json\/wp\/v2\/pages\/1453","targetHints":{"allow":["GET"]}}],"collection":[{"href":"https:\/\/blogg.folkuniversitetet.nu\/japanska\/wp-json\/wp\/v2\/pages"}],"about":[{"href":"https:\/\/blogg.folkuniversitetet.nu\/japanska\/wp-json\/wp\/v2\/types\/page"}],"author":[{"embeddable":true,"href":"https:\/\/blogg.folkuniversitetet.nu\/japanska\/wp-json\/wp\/v2\/users\/4"}],"replies":[{"embeddable":true,"href":"https:\/\/blogg.folkuniversitetet.nu\/japanska\/wp-json\/wp\/v2\/comments?post=1453"}],"version-history":[{"count":8,"href":"https:\/\/blogg.folkuniversitetet.nu\/japanska\/wp-json\/wp\/v2\/pages\/1453\/revisions"}],"predecessor-version":[{"id":2032,"href":"https:\/\/blogg.folkuniversitetet.nu\/japanska\/wp-json\/wp\/v2\/pages\/1453\/revisions\/2032"}],"up":[{"embeddable":true,"href":"https:\/\/blogg.folkuniversitetet.nu\/japanska\/wp-json\/wp\/v2\/pages\/569"}],"wp:attachment":[{"href":"https:\/\/blogg.folkuniversitetet.nu\/japanska\/wp-json\/wp\/v2\/media?parent=1453"}],"curies":[{"name":"wp","href":"https:\/\/api.w.org\/{rel}","templated":true}]}}