{"id":1371,"date":"2015-02-04T09:39:21","date_gmt":"2015-02-04T08:39:21","guid":{"rendered":"http:\/\/blogg.folkuniversitetet.nu\/japanska\/?page_id=1371"},"modified":"2015-04-02T11:32:11","modified_gmt":"2015-04-02T10:32:11","slug":"b2del1-material","status":"publish","type":"page","link":"https:\/\/blogg.folkuniversitetet.nu\/japanska\/b2del1-material\/","title":{"rendered":"B1del3 Material"},"content":{"rendered":"<h4>L\u00e4nk till\u00a0textsajten<\/h4>\n<p><a href=\"https:\/\/sites.google.com\/a\/swo.se\/japanska-b2del1-vt15\/\" target=\"_blank\" rel=\"nofollow\">https:\/\/sites.google.com\/a\/swo.se\/japanska-b2del1-vt15\/<\/a><\/p>\n<h4><\/h4>\n<h4>L\u00e4nk till n\u00e4tbaserade \u00f6vningar<\/h4>\n<p><em><span style=\"text-decoration: underline\">L8<\/span><\/em><\/p>\n<ul>\n<li><a href=\"http:\/\/www.proprofs.com\/quiz-school\/story.php?title=mnnchu-1-l8-vocabq\" target=\"_blank\">vocab.Q1<\/a><\/li>\n<\/ul>\n<p>&nbsp;<\/p>\n<p><em><span style=\"text-decoration: underline\">L12<\/span><\/em><\/p>\n<ul>\n<li><a href=\"http:\/\/www.proprofs.com\/quiz-school\/story.php?title=mnnchu-1-l12\" target=\"_blank\">Gr.Q<\/a><\/li>\n<\/ul>\n<p>&nbsp;<\/p>\n<p><em><span style=\"text-decoration: underline\">L13<\/span><\/em><\/p>\n<ul>\n<li><a href=\"http:\/\/www.proprofs.com\/quiz-school\/story.php?title=mmnchu-l131-vocabq1\" target=\"_blank\">vocab.Q #1<\/a><\/li>\n<li><a href=\"http:\/\/www.nhk.or.jp\/kininaru-blog\/130671.html\" target=\"_blank\">referensmaterial &#8220;gekkyoku\/tsukigime&#8221;<\/a><\/li>\n<li><a href=\"http:\/\/www.proprofs.com\/quiz-school\/story.php?title=mnn-chu-l13\" target=\"_blank\">\u3069\u3063\u304b\u3044<\/a><\/li>\n<\/ul>\n<p>&nbsp;<\/p>\n<p><span style=\"text-decoration: underline\"><em>L14<\/em><\/span><\/p>\n<ul>\n<li><a href=\"http:\/\/www.proprofs.com\/quiz-school\/story.php?title=l14-p20\" target=\"_blank\">p.20 \u3084\u3055\u3057\u3044\u30d0\u30fc\u30b8\u30e7\u30f3\u3001\u3069\u3063\u304b\u3044<\/a><\/li>\n<\/ul>\n<h4><\/h4>\n<h4>Veckans material<\/h4>\n<p><span style=\"color: #ff0000\"><strong>OBS!<\/strong><\/span>\u00a0Klicka p\u00e5 mappen.<\/p>\n<p><a href=\"http:\/\/fcweb.folkuniversitetet.se\/sue_test2\/FOV1-0008A666\/?1-20\" target=\"_blank\">http:\/\/fcweb.folkuniversitetet.se\/sue_test2\/FOV1-0008A666\/?1-20<\/a><\/p>\n<p>&nbsp;<\/p>\n<h4><strong>Veckans movie &amp; ljudfil<\/strong><\/h4>\n<ul>\n<li><a href=\"https:\/\/youtu.be\/eZ6-wfOqsKI\" target=\"_blank\">L5 \u9053\u6848\u5185\uff08\u65b0\u65e5\u672c\u8a9e\u306e\u4e2d\u7d1a\u30d3\u30c7\u30aa\u304b\u3089\uff09<\/a>\u00a0ca.25:42~29<\/li>\n<li><a href=\"http:\/\/youtu.be\/pq6mdpihkhM\" target=\"_blank\">L8 \u8ff7\u5b50\u306e\u304a\u77e5\u3089\u305b\uff08YouTube\u304b\u3089\uff09<\/a><\/li>\n<li><a href=\"http:\/\/youtu.be\/ZfssFWihWuQ\" target=\"_blank\">L8 \u8ff7\u5b50\u306e\u30ed\u30fc\u30eb\u30d7\u30ec\u30a4<\/a><\/li>\n<\/ul>\n","protected":false},"excerpt":{"rendered":"<p>L\u00e4nk till\u00a0textsajten https:\/\/sites.google.com\/a\/swo.se\/japanska-b2del1-vt15\/ L\u00e4nk till n\u00e4tbaserade \u00f6vningar L8 vocab.Q1 &nbsp; L12 Gr.Q &nbsp; L13 vocab.Q #1 referensmaterial &#8220;gekkyoku\/tsukigime&#8221; \u3069\u3063\u304b\u3044 &nbsp; L14 p.20 \u3084\u3055\u3057\u3044\u30d0\u30fc\u30b8\u30e7\u30f3\u3001\u3069\u3063\u304b\u3044 Veckans material OBS!\u00a0Klicka p\u00e5 mappen. http:\/\/fcweb.folkuniversitetet.se\/sue_test2\/FOV1-0008A666\/?1-20 &nbsp; Veckans movie &amp; ljudfil L5 \u9053\u6848\u5185\uff08\u65b0\u65e5\u672c\u8a9e\u306e\u4e2d\u7d1a\u30d3\u30c7\u30aa\u304b\u3089\uff09\u00a0ca.25:42~29 L8 \u8ff7\u5b50\u306e\u304a\u77e5\u3089\u305b\uff08YouTube\u304b\u3089\uff09 L8 \u8ff7\u5b50\u306e\u30ed\u30fc\u30eb\u30d7\u30ec\u30a4<\/p>\n","protected":false},"author":4,"featured_media":0,"parent":0,"menu_order":0,"comment_status":"open","ping_status":"open","template":"","meta":{"footnotes":""},"class_list":["post-1371","page","type-page","status-publish","hentry"],"_links":{"self":[{"href":"https:\/\/blogg.folkuniversitetet.nu\/japanska\/wp-json\/wp\/v2\/pages\/1371","targetHints":{"allow":["GET"]}}],"collection":[{"href":"https:\/\/blogg.folkuniversitetet.nu\/japanska\/wp-json\/wp\/v2\/pages"}],"about":[{"href":"https:\/\/blogg.folkuniversitetet.nu\/japanska\/wp-json\/wp\/v2\/types\/page"}],"author":[{"embeddable":true,"href":"https:\/\/blogg.folkuniversitetet.nu\/japanska\/wp-json\/wp\/v2\/users\/4"}],"replies":[{"embeddable":true,"href":"https:\/\/blogg.folkuniversitetet.nu\/japanska\/wp-json\/wp\/v2\/comments?post=1371"}],"version-history":[{"count":13,"href":"https:\/\/blogg.folkuniversitetet.nu\/japanska\/wp-json\/wp\/v2\/pages\/1371\/revisions"}],"predecessor-version":[{"id":1742,"href":"https:\/\/blogg.folkuniversitetet.nu\/japanska\/wp-json\/wp\/v2\/pages\/1371\/revisions\/1742"}],"wp:attachment":[{"href":"https:\/\/blogg.folkuniversitetet.nu\/japanska\/wp-json\/wp\/v2\/media?parent=1371"}],"curies":[{"name":"wp","href":"https:\/\/api.w.org\/{rel}","templated":true}]}}