{"id":115,"date":"2014-03-02T20:31:28","date_gmt":"2014-03-02T19:31:28","guid":{"rendered":"http:\/\/blogg.folkuniversitetet.nu\/japanska\/?page_id=115"},"modified":"2017-10-30T22:13:54","modified_gmt":"2017-10-30T21:13:54","slug":"material","status":"publish","type":"page","link":"https:\/\/blogg.folkuniversitetet.nu\/japanska\/a1del4\/material\/","title":{"rendered":"A1del4 Material"},"content":{"rendered":"<p><strong style=\"font-style: normal;line-height: 1.231\">L\u00e4nk till\u00a0L\u00e4s\u00f6vningssajten<\/strong><\/p>\n<p><a href=\"https:\/\/sites.google.com\/a\/swo.se\/japanska-a1del4-material\/laesoevningar\" target=\"_blank\" rel=\"noopener\">https:\/\/sites.google.com\/a\/swo.se\/japanska-a1del4-material\/laesoevningar<\/a><\/p>\n<p>&nbsp;<\/p>\n<p><strong>L\u00e4nk till quizsidan<\/strong><\/p>\n<table style=\"border-collapse: collapse;font-size: inherit;width: 673px\" border=\"1\" cellspacing=\"1\" cellpadding=\"1\">\n<tbody>\n<tr>\n<td style=\"text-align: center;padding: 0px;margin: 0px\">vocab.Qs<\/td>\n<td style=\"text-align: center;padding: 0px;margin: 0px\">grammar Qs<\/td>\n<td style=\"text-align: center;padding: 0px;margin: 0px\">extra \u00f6vningar<\/td>\n<\/tr>\n<tr>\n<td style=\"padding: 0px;margin: 0px\">\n<ul style=\"padding: 0px 0px 0px 18px;margin: 0px 0px 0px 18px\">\n<li><a href=\"http:\/\/fcweb.folkuniversitetet.se\/sue_test2\/FOV1-00069D21\/L19_1.htm\" target=\"_blank\" rel=\"noopener\">L19 rev.vocab.Q<\/a><\/li>\n<li><a href=\"http:\/\/fcweb.folkuniversitetet.se\/sue_test2\/FOV1-00069D21\/L21_vocab.Q.htm\" target=\"_blank\" rel=\"noopener\">L21 vocab.Q<\/a><\/li>\n<li><a href=\"https:\/\/quizlet.com\/suesussi\/folders\/a1del4\">Quizlet<\/a><\/li>\n<\/ul>\n<\/td>\n<td style=\"padding: 0px;margin: 0px\">\n<ul style=\"padding: 0px 0px 0px 18px;margin: 0px 0px 0px 18px\">\n<li><a href=\"http:\/\/fcweb.folkuniversitetet.se\/sue_test2\/FOV1-00069D21\/te-f_Q1.htm\" target=\"_blank\" rel=\"noopener\">te-f.rev.Q<\/a><\/li>\n<li><a href=\"http:\/\/fcweb.folkuniversitetet.se\/sue_test2\/FOV1-00069D21\/GQ1_particles.htm\" target=\"_blank\" rel=\"noopener\">L19 rev.particle Q<\/a><\/li>\n<li><a href=\"http:\/\/youtu.be\/2UVT5nLB85M\" target=\"_blank\" rel=\"noopener\">L20 f\u00e5r\/f\u00e5r inte intro<\/a><\/li>\n<li><a href=\"http:\/\/fcweb.folkuniversitetet.se\/sue_test2\/FOV1-00069D21\/nai-f_Q1.htm\" target=\"_blank\" rel=\"noopener\">L21 nai-f.Q<\/a><\/li>\n<li><a href=\"http:\/\/youtu.be\/iCEO8kFjKg4\" target=\"_blank\" rel=\"noopener\">L21 nai-f.Q #2<\/a><\/li>\n<li><a href=\"http:\/\/youtu.be\/fbLcwX5qV-E\" target=\"_blank\" rel=\"noopener\">L24 d-f.Q<\/a><\/li>\n<\/ul>\n<ul>\n<li><a href=\"http:\/\/www.proprofs.com\/quiz-school\/story.php?title=NTczMTAz\" target=\"_blank\" rel=\"noopener\">verb-gruppering<\/a><\/li>\n<li><a href=\"http:\/\/www.proprofs.com\/quiz-school\/story.php?title=NTczMTEz\" target=\"_blank\" rel=\"noopener\">verb-gruppering 2<\/a><\/li>\n<li><a href=\"http:\/\/youtu.be\/vg5_8ijVvM4\" target=\"_blank\" rel=\"noopener\">L25 ta-f.<\/a><\/li>\n<\/ul>\n<\/td>\n<td style=\"padding: 0px;margin: 0px\"><\/td>\n<\/tr>\n<\/tbody>\n<\/table>\n<p>&nbsp;<\/p>\n<p><strong>Veckans material<\/strong><\/p>\n<p><strong style=\"font-style: inherit;font-weight: bold\"><span style=\"color: #ff0000\">OBS!<\/span><\/strong>\u00a0Klicka p\u00e5 mappen.<\/p>\n<p><strong><span style=\"color: #ff0000\">FK:<\/span><\/strong>\u00a0Jag har inte uppdaterat inneh\u00e5llet l\u00e4nge, urs\u00e4kta.<\/p>\n<p><a href=\"http:\/\/fcweb.folkuniversitetet.se\/sue_test2\/FOV1-0007C669\/?1-20\" target=\"_blank\" rel=\"noopener\">http:\/\/fcweb.folkuniversitetet.se\/sue_test2\/FOV1-0007C669\/?1-20<\/a><\/p>\n<p>&nbsp;<\/p>\n<p><strong>Veckans ljudfil<\/strong><\/p>\n<ul>\n<li><a href=\"https:\/\/soundcloud.com\/suesussi\/i-l20-temodemo-ii-desu\">L20 ~temo\/demo ii desu<\/a><\/li>\n<li><a href=\"http:\/\/fcweb.folkuniversitetet.se\/sue_test2\/FOV1-00069D2D\/SW_LC_L21.html\" target=\"_blank\" rel=\"noopener\">L21 ~naide-kudasai<\/a><\/li>\n<li><a href=\"http:\/\/youtu.be\/IsZ-tj0HYqo\" target=\"_blank\" rel=\"noopener\">L22 telefonsamtal<\/a><\/li>\n<li><a href=\"http:\/\/youtu.be\/GT5HnbtAw3s\" target=\"_blank\" rel=\"noopener\">L24 ~wa~ga suki desu<\/a><\/li>\n<li><a href=\"http:\/\/youtu.be\/qIh-CJPdRS4\" target=\"_blank\" rel=\"noopener\">L25 uttryck om sjukdom<\/a><\/li>\n<\/ul>\n<p>&nbsp;<\/p>\n<p><strong style=\"font-style: inherit;font-weight: bold\">Veckans movie<\/strong><\/p>\n<ul>\n<li><a href=\"http:\/\/vk.com\/video343024_148159830\" target=\"_blank\" rel=\"noopener\">L17 att fr\u00e5ga hur man anv\u00e4nder ATM<\/a><\/li>\n<li><a href=\"https:\/\/www.erin.ne.jp\/en\/lesson13\/advanced\/index.html\" target=\"_blank\" rel=\"noopener\">L19 att fr\u00e5ga hur man \u00e5ker till [destination]<\/a><\/li>\n<li><a href=\"https:\/\/youtu.be\/0O59vPU1GRQ\" target=\"_blank\" rel=\"noopener\">L19 ~ni\/o Vmasu intro<\/a><\/li>\n<li><a href=\"https:\/\/youtu.be\/_YU62OCgSXI\" target=\"_blank\" rel=\"noopener\">L19 kakarimasu intro<\/a><\/li>\n<li><a href=\"https:\/\/youtu.be\/YU0TJ8Bjg00\" target=\"_blank\" rel=\"noopener\">L19 kakarimasu<\/a><\/li>\n<li><a href=\"https:\/\/youtu.be\/5PE5ZUm8h9I\">L19 kakarimasu (at Tokyo station)<\/a><\/li>\n<li><a href=\"https:\/\/www.erin.ne.jp\/en\/lesson10\/explanation\/index.html\" target=\"_blank\" rel=\"noopener\">L20 ~temo ii desu-ka #1<\/a><\/li>\n<li><a href=\"https:\/\/www.erin.ne.jp\/en\/lesson10\/explanation\/howtouse.html\" target=\"_blank\" rel=\"noopener\">L20 ~temo ii desu-ka\u00a0#2<\/a><\/li>\n<li><a href=\"https:\/\/youtu.be\/XHsHvK74hTU\" target=\"_blank\" rel=\"noopener\">L20 ~temo ii desu-ka vs. [Noun]+demo ii desu-ka.<\/a><\/li>\n<li><a href=\"https:\/\/youtu.be\/VR2vabaJxQM\" target=\"_blank\" rel=\"noopener\">L21 ~naide-kudasai intro<\/a><\/li>\n<li><a href=\"https:\/\/youtu.be\/w7hA-rnc73E\">L21 ~naide-kudasai YT<\/a><\/li>\n<li><a href=\"https:\/\/drive.google.com\/file\/d\/0B6ONVhwYNC9ZQTVzeTJmaElQVlE\/view\">L21 att g\u00e5 till sjukhus<\/a><\/li>\n<li><a href=\"https:\/\/youtu.be\/_IKdOYt62p8\" target=\"_blank\" rel=\"noopener\">L22 ~te-imasu intro<\/a><\/li>\n<li><a href=\"https:\/\/youtu.be\/w3u1Tait2bw\" target=\"_blank\" rel=\"noopener\">L22 ~te-imasu (p\u00e5 kontoret)<\/a><\/li>\n<li><a href=\"https:\/\/www.erin.ne.jp\/en\/lesson09\/advanced\/index.html\" target=\"_blank\" rel=\"noopener\">L22 att tr\u00e4na p\u00e5 gymmet<\/a><\/li>\n<li><a href=\"https:\/\/youtu.be\/zjspp8sL-Qk\" target=\"_blank\" rel=\"noopener\">L23 sunde\/tsutomete-imasu intro<\/a><\/li>\n<li><a href=\"http:\/\/vk.com\/video?gid=9577271&amp;z=video-9577271_165139280%2Fclub9577271%2Calbum-9577271%2Fpl_-9577271\" target=\"_blank\" rel=\"noopener\">L23 att tala om sin familj<\/a><\/li>\n<li><a href=\"https:\/\/www.erin.ne.jp\/en\/lesson15\/basic\/index.html\" target=\"_blank\" rel=\"noopener\">L25 ~tai desu #1<\/a><\/li>\n<li><a href=\"https:\/\/www.erin.ne.jp\/en\/lesson15\/advanced\/index.html\" target=\"_blank\" rel=\"noopener\">L25 ~tai desu #2<\/a><\/li>\n<li><a href=\"https:\/\/www.erin.ne.jp\/en\/lesson16\/basic\/index.html\" target=\"_blank\" rel=\"noopener\">L25 ont i foten<\/a><\/li>\n<li><a href=\"https:\/\/youtu.be\/C2j-YgU2h2Y\">L24 &amp; 25 (MNN1 R L9)<\/a><\/li>\n<\/ul>\n","protected":false},"excerpt":{"rendered":"<p>L\u00e4nk till\u00a0L\u00e4s\u00f6vningssajten https:\/\/sites.google.com\/a\/swo.se\/japanska-a1del4-material\/laesoevningar &nbsp; L\u00e4nk till quizsidan vocab.Qs grammar Qs extra \u00f6vningar L19 rev.vocab.Q L21 vocab.Q Quizlet te-f.rev.Q L19 rev.particle Q L20 f\u00e5r\/f\u00e5r inte intro L21 nai-f.Q L21 nai-f.Q #2 L24 d-f.Q verb-gruppering verb-gruppering 2 L25 ta-f. &nbsp; Veckans material &hellip; <a href=\"https:\/\/blogg.folkuniversitetet.nu\/japanska\/a1del4\/material\/\">Continue reading <span class=\"meta-nav\">&rarr;<\/span><\/a><\/p>\n","protected":false},"author":4,"featured_media":0,"parent":80,"menu_order":0,"comment_status":"open","ping_status":"closed","template":"","meta":{"footnotes":""},"class_list":["post-115","page","type-page","status-publish","hentry"],"_links":{"self":[{"href":"https:\/\/blogg.folkuniversitetet.nu\/japanska\/wp-json\/wp\/v2\/pages\/115","targetHints":{"allow":["GET"]}}],"collection":[{"href":"https:\/\/blogg.folkuniversitetet.nu\/japanska\/wp-json\/wp\/v2\/pages"}],"about":[{"href":"https:\/\/blogg.folkuniversitetet.nu\/japanska\/wp-json\/wp\/v2\/types\/page"}],"author":[{"embeddable":true,"href":"https:\/\/blogg.folkuniversitetet.nu\/japanska\/wp-json\/wp\/v2\/users\/4"}],"replies":[{"embeddable":true,"href":"https:\/\/blogg.folkuniversitetet.nu\/japanska\/wp-json\/wp\/v2\/comments?post=115"}],"version-history":[{"count":26,"href":"https:\/\/blogg.folkuniversitetet.nu\/japanska\/wp-json\/wp\/v2\/pages\/115\/revisions"}],"predecessor-version":[{"id":5133,"href":"https:\/\/blogg.folkuniversitetet.nu\/japanska\/wp-json\/wp\/v2\/pages\/115\/revisions\/5133"}],"up":[{"embeddable":true,"href":"https:\/\/blogg.folkuniversitetet.nu\/japanska\/wp-json\/wp\/v2\/pages\/80"}],"wp:attachment":[{"href":"https:\/\/blogg.folkuniversitetet.nu\/japanska\/wp-json\/wp\/v2\/media?parent=115"}],"curies":[{"name":"wp","href":"https:\/\/api.w.org\/{rel}","templated":true}]}}