{"id":113,"date":"2014-03-02T20:30:59","date_gmt":"2014-03-02T19:30:59","guid":{"rendered":"http:\/\/blogg.folkuniversitetet.nu\/japanska\/?page_id=113"},"modified":"2018-04-17T09:46:47","modified_gmt":"2018-04-17T08:46:47","slug":"material","status":"publish","type":"page","link":"https:\/\/blogg.folkuniversitetet.nu\/japanska\/a1del3\/material\/","title":{"rendered":"A1del3 Material"},"content":{"rendered":"<p><strong style=\"font-style: normal;line-height: 1.231\">L\u00e4nk till\u00a0L\u00e4s\u00f6vningssajten<\/strong><\/p>\n<p><a href=\"https:\/\/sites.google.com\/a\/swo.se\/japanska-a1del3-material\/laesoevningar\" target=\"_blank\" rel=\"noopener\">https:\/\/sites.google.com\/a\/swo.se\/japanska-a1del3-material\/laesoevningar<\/a><\/p>\n<p>&nbsp;<\/p>\n<p><strong style=\"font-style: normal;line-height: 1.231\">L\u00e4nk till quizsidan<\/strong><\/p>\n<table style=\"border-collapse: collapse;font-size: inherit;width: 673px\" border=\"1\" cellspacing=\"1\" cellpadding=\"1\">\n<tbody>\n<tr>\n<td style=\"text-align: center;padding: 0px;margin: 0px\">vocab.Qs<\/td>\n<td style=\"text-align: center;padding: 0px;margin: 0px\">grammar Qs<\/td>\n<td style=\"text-align: center;padding: 0px;margin: 0px\">extra \u00f6vningar<\/td>\n<\/tr>\n<tr>\n<td style=\"padding: 0px;margin: 0px\">\n<ul style=\"padding: 0px 0px 0px 18px;margin: 0px 0px 0px 18px\">\n<li><a style=\"color: #004262\" href=\"http:\/\/fcweb.folkuniversitetet.se\/sue_test2\/FOV1-0005FAE8\/adj_1.htm\" target=\"_blank\" rel=\"noopener\">L12 adj. vocab.Q<\/a><\/li>\n<li><a style=\"color: #004262\" href=\"http:\/\/fcweb.folkuniversitetet.se\/sue_test2\/FOV1-0005FAE8\/VQ2_1.htm\" target=\"_blank\" rel=\"noopener\">L13 vocab.Q<\/a><\/li>\n<li><a style=\"color: #004262\" href=\"http:\/\/fcweb.folkuniversitetet.se\/sue_test2\/FOV1-0005FAE8\/VQ3.htm\" target=\"_blank\" rel=\"noopener\">L15 vocab.Q<\/a><\/li>\n<li><a href=\"http:\/\/fcweb.folkuniversitetet.se\/sue_test2\/FOV1-0005FAE8\/VQ4.htm\" target=\"_blank\" rel=\"noopener\">L16 vocab. Q<\/a><\/li>\n<li><a href=\"https:\/\/quizlet.com\/suesussi\/folders\/a1del3\">Quizlet<\/a><\/li>\n<\/ul>\n<\/td>\n<td style=\"padding: 0px;margin: 0px\">\n<ul style=\"padding: 0px 0px 0px 18px;margin: 0px 0px 0px 18px\">\n<li style=\"padding: 0px;margin: 0px\"><a style=\"color: #004262\" href=\"http:\/\/fcweb.folkuniversitetet.se\/sue_test2\/FOV1-0005FAE8\/GQ1_adj1.htm\" target=\"_blank\" rel=\"noopener\">L12 adj. grammar Q\u00a0<\/a><\/li>\n<li style=\"padding: 0px;margin: 0px\"><a style=\"color: #004262\" href=\"http:\/\/fcweb.folkuniversitetet.se\/sue_test2\/FOV1-0005FAE8\/GQ2_1.htm\" target=\"_blank\" rel=\"noopener\">L14 adj.(imperfekt) grammar Q<\/a><\/li>\n<li style=\"padding: 0px;margin: 0px\"><a href=\"http:\/\/fcweb.folkuniversitetet.se\/sue_test2\/FOV1-0005FAE8\/L15_particleQ.htm\" target=\"_blank\" rel=\"noopener\">L15 rev. particle Q<\/a><\/li>\n<li style=\"padding: 0px;margin: 0px\"><a style=\"color: #004262\" href=\"http:\/\/fcweb.folkuniversitetet.se\/sue_test2\/FOV1-0005FAE8\/GQ3.htm\" target=\"_blank\" rel=\"noopener\">L15 grammar Q<\/a><\/li>\n<li style=\"padding: 0px;margin: 0px\"><a href=\"http:\/\/www.proprofs.com\/quiz-school\/story.php?title=l18-teform\" target=\"_blank\" rel=\"noopener\">L18 te-f.Q<\/a><\/li>\n<\/ul>\n<\/td>\n<td style=\"padding: 0px;margin: 0px\">\n<ul>\n<li>\u00a0<a href=\"\/\/www.proprofs.com\/quiz-school\/story.php?title=kanji-s16\" target=\"_blank\" rel=\"noopener\">L\u00e4s\u00f6vning L10 kanji<\/a><\/li>\n<\/ul>\n<\/td>\n<\/tr>\n<\/tbody>\n<\/table>\n<p>&nbsp;<\/p>\n<p><strong>Veckans material<\/strong><\/p>\n<p><strong style=\"font-style: inherit;font-weight: bold\"><span style=\"color: #ff0000\">OBS!<\/span><\/strong>\u00a0Klicka p\u00e5 mappen.<\/p>\n<p><strong><span style=\"color: #ff0000\">FK:<\/span><\/strong>\u00a0Jag har inte uppdaterat inneh\u00e5llet l\u00e4nge, urs\u00e4kta.<\/p>\n<p><a href=\"http:\/\/fcweb.folkuniversitetet.se\/sue_test2\/FOV1-0007C668\/?1-20\" target=\"_blank\" rel=\"noopener\">http:\/\/fcweb.folkuniversitetet.se\/sue_test2\/FOV1-0007C668\/?1-20<\/a><\/p>\n<p><strong style=\"font-style: inherit;font-weight: bold\"><br \/>\nVeckans movie &amp; ljudfil<\/strong><\/p>\n<ul>\n<li><a href=\"http:\/\/youtu.be\/fiJFpVZFCbQ\">L12 adj.(present) positive\/negative<\/a><\/li>\n<li><a href=\"http:\/\/youtu.be\/aoJOV7nc62I\">L12 adj.(presens)\u00a0#1<\/a><\/li>\n<li><a href=\"https:\/\/drive.google.com\/file\/d\/0B6ONVhwYNC9ZTmV4TWFRM0RoOUk\/view\">L12 adj.(presens) #2 MNNL8<\/a>\n<ul>\n<li><a href=\"http:\/\/japanese.about.com\/library\/weekly\/aa012801b.htm\">mer nyttiga uttryck<\/a><\/li>\n<\/ul>\n<\/li>\n<li><a href=\"https:\/\/www.erin.ne.jp\/jp\/lesson04\/letstry\/index.html\">L12&amp;14 adj.- Erin onigiri<\/a><\/li>\n<li><a href=\"http:\/\/youtu.be\/aBwKl4OoWE8\">L14 adj.(imperfekt) intro<\/a><\/li>\n<li><a href=\"https:\/\/drive.google.com\/file\/d\/0B6ONVhwYNC9ZTldYbmR5MGdrQ1U\/view\">L14 adj.(imperfekt) video Mike Miller<\/a><\/li>\n<li><a href=\"https:\/\/youtu.be\/QK4HXvpz6Do\">L14 adj.(imperfekt) Iceland trip<\/a><\/li>\n<li><a href=\"https:\/\/edpuzzle.com\/media\/59d4ee7c69ac614045d28371\">L14 adj.(imperfekt) Iceland trip ed-puzzle<\/a><\/li>\n<li><a href=\"http:\/\/youtu.be\/nrlHebpLM-I\">L13 agemaru\/moraimasu (intro)<\/a><\/li>\n<li><a href=\"https:\/\/youtu.be\/G3XCG6k-1xk\" target=\"_blank\" rel=\"noopener\">L13 agemasu\/moraimasu birthday present<\/a><\/li>\n<li><a href=\"http:\/\/wpgenki.whitebase.co.jp\/site\/self\/mov\/L14.wmv\" target=\"_blank\" rel=\"noopener\">L13 valentine&#8217;s day<br \/>\n<\/a><\/li>\n<li><a href=\"https:\/\/youtu.be\/rubiQvHkI_c\" target=\"_blank\" rel=\"noopener\">L13 agemasu\/moraimasu manga summary<\/a><\/li>\n<li><a href=\"https:\/\/drive.google.com\/file\/d\/0B6ONVhwYNC9ZWE5fMmZJWWxmUG8\/view\">L13 MNNL7 video- moraimashita<\/a><\/li>\n<li><a href=\"https:\/\/soundcloud.com\/suesussi\/l13-ws-text-sound\/s-u3Os7\">L13 WS text sound file SC<\/a><\/li>\n<li><a href=\"http:\/\/youtu.be\/U_YQynJIm6I\">L15 ~de~ga arimasu (intro)<br \/>\n<\/a><\/li>\n<li><a href=\"http:\/\/youtu.be\/QExi8ax4aRI\">L15 ~masen-ka\/~masho-ka\/~masho (intro)<\/a><\/li>\n<li><a href=\"https:\/\/drive.google.com\/file\/d\/0B6ONVhwYNC9ZajR6Z0JZVGtyMDA\/view\">L15 ~masen-ka\/~masho(-ka)<\/a><\/li>\n<li><a href=\"http:\/\/a1.marugotoweb.jp\/grammar_topic6_12_1.php\">L15 ~masen-ka\/~masho(-ka) Marugoto gr.topic 6<\/a><\/li>\n<li><a href=\"http:\/\/youtu.be\/kmgbaXi9UY4\">L16 ~masho-ka #2 (intro)<\/a><\/li>\n<li><a href=\"http:\/\/youtu.be\/-4msgLH99cI\" target=\"_blank\" rel=\"noopener\">L16 ~masho-ka #2<\/a><\/li>\n<li><a href=\"https:\/\/youtu.be\/WMQ97iyNIYM\">L16 ~masho-ka #2 YT<\/a><\/li>\n<li><a href=\"http:\/\/youtu.be\/UUlGHz0QOas\">L16 ~wa~ga arimasu\/imasu (intro)<\/a><\/li>\n<li><a href=\"https:\/\/drive.google.com\/file\/d\/0B6ONVhwYNC9ZRXdTZm11V1FOdWM\/view\">L15, 16 MNN L9 ~masen-ka, ~ga arimasu<\/a><\/li>\n<li><a href=\"http:\/\/youtu.be\/D2dQTzHoN50\" target=\"_blank\" rel=\"noopener\">L16 Unit 3 review kaiwa<\/a><\/li>\n<li><a href=\"https:\/\/youtu.be\/B7oVnvnLByI\">L18 te-form &amp; verb-b\u00f6jning<\/a><\/li>\n<li><a href=\"http:\/\/youtu.be\/h60BOEpzmyo\" target=\"_blank\" rel=\"noopener\">L18 te-form<\/a><\/li>\n<li><a href=\"http:\/\/youtu.be\/T7-ZCwCXV10\" target=\"_blank\" rel=\"noopener\">L18 video Qs<\/a><\/li>\n<li><a href=\"https:\/\/drive.google.com\/file\/d\/0B6ONVhwYNC9ZRFF5RExsUEZYU28\/view\">L18 visa v\u00e4gen MNN2 L14<\/a><\/li>\n<li><a href=\"http:\/\/youtu.be\/Tklx71CSMFM\" target=\"_blank\" rel=\"noopener\">L18 visa v\u00e4gen Quiz<\/a><\/li>\n<li><a href=\"https:\/\/youtu.be\/DtM_6LF4-KE\">L18 visa v\u00e4gen YT<\/a><\/li>\n<\/ul>\n","protected":false},"excerpt":{"rendered":"<p>L\u00e4nk till\u00a0L\u00e4s\u00f6vningssajten https:\/\/sites.google.com\/a\/swo.se\/japanska-a1del3-material\/laesoevningar &nbsp; L\u00e4nk till quizsidan vocab.Qs grammar Qs extra \u00f6vningar L12 adj. vocab.Q L13 vocab.Q L15 vocab.Q L16 vocab. Q Quizlet L12 adj. grammar Q\u00a0 L14 adj.(imperfekt) grammar Q L15 rev. particle Q L15 grammar Q L18 te-f.Q &hellip; <a href=\"https:\/\/blogg.folkuniversitetet.nu\/japanska\/a1del3\/material\/\">Continue reading <span class=\"meta-nav\">&rarr;<\/span><\/a><\/p>\n","protected":false},"author":4,"featured_media":0,"parent":78,"menu_order":0,"comment_status":"open","ping_status":"closed","template":"","meta":{"footnotes":""},"class_list":["post-113","page","type-page","status-publish","hentry"],"_links":{"self":[{"href":"https:\/\/blogg.folkuniversitetet.nu\/japanska\/wp-json\/wp\/v2\/pages\/113","targetHints":{"allow":["GET"]}}],"collection":[{"href":"https:\/\/blogg.folkuniversitetet.nu\/japanska\/wp-json\/wp\/v2\/pages"}],"about":[{"href":"https:\/\/blogg.folkuniversitetet.nu\/japanska\/wp-json\/wp\/v2\/types\/page"}],"author":[{"embeddable":true,"href":"https:\/\/blogg.folkuniversitetet.nu\/japanska\/wp-json\/wp\/v2\/users\/4"}],"replies":[{"embeddable":true,"href":"https:\/\/blogg.folkuniversitetet.nu\/japanska\/wp-json\/wp\/v2\/comments?post=113"}],"version-history":[{"count":39,"href":"https:\/\/blogg.folkuniversitetet.nu\/japanska\/wp-json\/wp\/v2\/pages\/113\/revisions"}],"predecessor-version":[{"id":5694,"href":"https:\/\/blogg.folkuniversitetet.nu\/japanska\/wp-json\/wp\/v2\/pages\/113\/revisions\/5694"}],"up":[{"embeddable":true,"href":"https:\/\/blogg.folkuniversitetet.nu\/japanska\/wp-json\/wp\/v2\/pages\/78"}],"wp:attachment":[{"href":"https:\/\/blogg.folkuniversitetet.nu\/japanska\/wp-json\/wp\/v2\/media?parent=113"}],"curies":[{"name":"wp","href":"https:\/\/api.w.org\/{rel}","templated":true}]}}