{"id":111,"date":"2014-03-02T20:30:31","date_gmt":"2014-03-02T19:30:31","guid":{"rendered":"http:\/\/blogg.folkuniversitetet.nu\/japanska\/?page_id=111"},"modified":"2017-11-01T14:24:17","modified_gmt":"2017-11-01T13:24:17","slug":"material","status":"publish","type":"page","link":"https:\/\/blogg.folkuniversitetet.nu\/japanska\/a1del2-2\/material\/","title":{"rendered":"A1del2 Material"},"content":{"rendered":"<p><img decoding=\"async\" title=\"\" src=\"http:\/\/sw.folkuniversitetet.se\/bluefield.templates\/cke_3.1\/plugins\/smiley\/images\/lightbulb.gif\" alt=\"\" \/>\u00a0<span style=\"color: #ee82ee\">Klicka p\u00e5 l\u00e4nkar.<\/span><\/p>\n<p><strong>L\u00e4nk till quizsidan<\/strong><\/p>\n<table style=\"border-collapse: collapse;font-size: inherit;width: 673px\" border=\"1\" cellspacing=\"1\" cellpadding=\"1\">\n<tbody>\n<tr>\n<td style=\"text-align: center;padding: 0px;margin: 0px\">vocab.Qs<\/td>\n<td style=\"text-align: center;padding: 0px;margin: 0px\">grammar Qs<\/td>\n<td style=\"text-align: center;padding: 0px;margin: 0px\">kana- \u00f6vningar <strong><span style=\"color: #f00\">OBS!<\/span><\/strong> f\u00f6r sj\u00e4lvstudier<\/td>\n<\/tr>\n<tr>\n<td style=\"padding: 0px;margin: 0px\">\n<ul style=\"padding: 0px 0px 0px 18px;margin: 0px 0px 0px 18px\">\n<li><a style=\"color: #004262\" href=\"http:\/\/fcweb.folkuniversitetet.se\/sue_test2\/FOV1-0005FADD\/1_transportation.htm\" target=\"_blank\" rel=\"noopener noreferrer\">L6 vocab.Q<\/a><\/li>\n<li><a style=\"color: #004262\" href=\"http:\/\/fcweb.folkuniversitetet.se\/sue_test2\/FOV1-0005FADD\/dates_1.htm\" target=\"_blank\" rel=\"noopener noreferrer\">L7 datum Q<\/a><\/li>\n<li><a style=\"color: #004262\" href=\"http:\/\/fcweb.folkuniversitetet.se\/sue_test2\/FOV1-0005FADD\/vocabQ_past.htm\" target=\"_blank\" rel=\"noopener noreferrer\">L6-7 vocab.Q<\/a><\/li>\n<li><a href=\"http:\/\/fcweb.folkuniversitetet.se\/sue_test2\/FOV1-0005FADD\/vocab.Q_wk6_1.htm\" target=\"_blank\" rel=\"noopener noreferrer\">L10 vocab.Q<\/a><\/li>\n<li><a style=\"color: #004262\" href=\"http:\/\/fcweb.folkuniversitetet.se\/sue_test2\/FOV1-0005FADD\/vocab.Q4_1.htm\" target=\"_blank\" rel=\"noopener noreferrer\">L8 vocab.Q<\/a><\/li>\n<li><a href=\"https:\/\/quizlet.com\/suesussi\/folders\/a1del2\">Quizlet<\/a><\/li>\n<\/ul>\n<\/td>\n<td style=\"padding: 0px;margin: 0px\">\n<ul style=\"padding: 0px 0px 0px 18px;margin: 0px 0px 0px 18px\">\n<li style=\"padding: 0px;margin: 0px\"><a style=\"color: #004262\" href=\"http:\/\/fcweb.folkuniversitetet.se\/sue_test2\/FOV1-0005FADD\/particleQ1.htm\" target=\"_blank\" rel=\"noopener noreferrer\">L6 particle Q<\/a><\/li>\n<li style=\"padding: 0px;margin: 0px\"><a href=\"http:\/\/fcweb.folkuniversitetet.se\/sue_test2\/FOV1-0005FADD\/particleQ2.htm\" target=\"_blank\" rel=\"noopener noreferrer\">L7 particle Q<\/a><\/li>\n<li><a style=\"color: #004262\" href=\"http:\/\/fcweb.folkuniversitetet.se\/sue_test2\/FOV1-0005FADD\/GQ2_1.htm\" target=\"_blank\" rel=\"noopener noreferrer\">L7 imperfekt Q<\/a><\/li>\n<li><a style=\"color: #004262\" href=\"http:\/\/fcweb.folkuniversitetet.se\/sue_test2\/FOV1-0005FADD\/particleQ3.htm\" target=\"_blank\" rel=\"noopener noreferrer\">L6-7 particle Q<\/a><\/li>\n<li style=\"padding: 0px;margin: 0px\"><a href=\"http:\/\/fcweb.folkuniversitetet.se\/sue_test2\/FOV1-0005FADD\/particleQ3.htm\" target=\"_blank\" rel=\"noopener noreferrer\">L10 particle Q<\/a><\/li>\n<li style=\"padding: 0px;margin: 0px\"><a style=\"color: #004262\" href=\"http:\/\/fcweb.folkuniversitetet.se\/sue_test2\/FOV1-0005FADD\/grammarQ3.htm\" target=\"_blank\" rel=\"noopener noreferrer\">L8 particle Q<\/a><\/li>\n<\/ul>\n<\/td>\n<td style=\"padding: 0px;margin: 0px\">\n<p style=\"color: #0072aa\"><span style=\"font-size: inherit\">kana worksheets)<\/span><\/p>\n<ul>\n<li><a style=\"color: #004262\" href=\"http:\/\/fcweb.folkuniversitetet.se\/sue_test2\/FOV1-00063D63\/\" target=\"_blank\" rel=\"noopener noreferrer\">worksheets<\/a><\/li>\n<\/ul>\n<p>hiragana)<\/p>\n<ul>\n<li><a style=\"color: #004262\" href=\"http:\/\/fcweb.folkuniversitetet.se\/sue_test2\/FOV1-0005FC05\/veckanshiragana_specialsounds.html\" target=\"_blank\" rel=\"noopener noreferrer\">l\u00e5ng vokal\/dubbelkonsonant<\/a><\/li>\n<\/ul>\n<p>&nbsp;<\/p>\n<p>katakana)<\/p>\n<ul>\n<li><a style=\"color: #004262\" href=\"http:\/\/fcweb.folkuniversitetet.se\/sue_test2\/FOV1-0005FC05\/veckanskatakana1.html\" target=\"_blank\" rel=\"noopener noreferrer\">a~ta<\/a><\/li>\n<li><a style=\"color: #004262\" href=\"http:\/\/fcweb.folkuniversitetet.se\/sue_test2\/FOV1-0005FC05\/veckanskatakana2.html\" target=\"_blank\" rel=\"noopener noreferrer\">na~ma<\/a><\/li>\n<li><a style=\"color: #004262\" href=\"http:\/\/fcweb.folkuniversitetet.se\/sue_test2\/FOV1-0005FC05\/veckanskatakana3.html\" target=\"_blank\" rel=\"noopener noreferrer\">ya~N<\/a><\/li>\n<li><a href=\"http:\/\/blogg.folkuniversitetet.nu\/japanska\/files\/2014\/03\/kata_longVdoubleC.pdf\">l\u00e5ng vokal\/dubbelkonsonant<\/a><\/li>\n<\/ul>\n<p>n\u00e4tbaserade \u00f6vningar)<\/p>\n<ul>\n<li><a style=\"color: #004262\" href=\"http:\/\/fcweb.folkuniversitetet.se\/sue_test2\/FOV1-0005FC05\/katakana_task1.htm\" target=\"_blank\" rel=\"noopener noreferrer\">Q1<\/a><\/li>\n<\/ul>\n<\/td>\n<\/tr>\n<\/tbody>\n<\/table>\n<p><strong>Veckans material<\/strong><\/p>\n<p><strong style=\"font-style: inherit;font-weight: bold\"><span style=\"color: #ff0000\">OBS!<\/span><\/strong>\u00a0Klicka p\u00e5 mappen.<\/p>\n<p><strong><span style=\"color: #ff0000\">FK:<\/span><\/strong>\u00a0Jag har inte uppdaterat inneh\u00e5llet l\u00e4nge, urs\u00e4kta.<\/p>\n<p><a href=\"http:\/\/fcweb.folkuniversitetet.se\/sue_test2\/FOV1-0007C667\/?1-20\" target=\"_blank\" rel=\"noopener noreferrer\">http:\/\/fcweb.folkuniversitetet.se\/sue_test2\/FOV1-0007C667\/?1-20<\/a><\/p>\n<p>&nbsp;<\/p>\n<p><strong style=\"font-style: inherit;font-weight: bold\">Veckans movie och ljudfil<\/strong><\/p>\n<ul>\n<li><a href=\"http:\/\/youtu.be\/Sc3LHZ1fBWY\">L6 nya ord intro<\/a><\/li>\n<li><a href=\"http:\/\/youtu.be\/Rh-73aCOW6c\">L6 ikimasu\/kimasu\/kaerimasu intro<\/a><\/li>\n<li><a href=\"http:\/\/youtu.be\/8DBW7C36mOI\">L6 ikimasu\/kimasu\/kaerimasu Q<\/a><\/li>\n<li><a href=\"https:\/\/soundcloud.com\/suesussi\/l6-video-listening-comprehension-qs\">L6\u00a0video h\u00f6rf\u00f6rst\u00e5ese-fr\u00e5gor<\/a>\n<ul>\n<li><a href=\"https:\/\/www.facebook.com\/plugins\/video.php?href=https%3A%2F%2Fwww.facebook.com%2F65194309403%2Fvideos%2F88382205901%2F\">L6 att \u00e5ka t\u00e5g<\/a><\/li>\n<\/ul>\n<\/li>\n<li><a href=\"http:\/\/youtu.be\/LLkYYOzM0XM\">L6 att \u00e5ka buss<\/a><\/li>\n<li><a href=\"http:\/\/youtu.be\/facfhJSpf_Q\">L7 datum, intro<\/a><\/li>\n<li><a href=\"http:\/\/youtu.be\/SLPuTLWHIWU\">L7 datum, Su\u00e9den-no Kurisumasu<\/a><\/li>\n<li><a href=\"https:\/\/youtu.be\/yiRuZnHhskM\">L7 datum meeting<\/a><\/li>\n<li><a href=\"http:\/\/youtu.be\/kDDeGXBAfBs\">L7 [tid]ni [fordon]de ikimasu, intro<\/a><\/li>\n<li><a href=\"http:\/\/youtu.be\/Lr5ymDIxZVk\" target=\"_blank\" rel=\"noopener noreferrer\">L7 att \u00e5ka till flygplatsen och h\u00e4mta pappan<\/a><\/li>\n<li><a href=\"http:\/\/youtu.be\/aaHaUqa2MsE\" target=\"_blank\" rel=\"noopener noreferrer\">L7 Japan resa<\/a><\/li>\n<li><a href=\"http:\/\/youtu.be\/SLPuTLWHIWU\">L7 julen i Sverige<\/a><\/li>\n<li><a href=\"http:\/\/youtu.be\/ZWQsNO5tMHE\">L7 imperfekt (intro)<\/a><\/li>\n<li><a href=\"http:\/\/youtu.be\/tRnMu2c8Cqo\">L7 imperfekt- semester<\/a><\/li>\n<li><a href=\"http:\/\/youtu.be\/t1ScN0lDjoI\" target=\"_blank\" rel=\"noopener noreferrer\">L10 ordinary verbs #1<\/a><\/li>\n<li><a href=\"http:\/\/youtu.be\/WNl5Elo7HW8\" target=\"_blank\" rel=\"noopener noreferrer\">L10 ordinary verbs #2<\/a><\/li>\n<li><a href=\"http:\/\/youtu.be\/pPr_dBfRtio\">L10 [plats]de~masu (intro)<\/a><\/li>\n<li><a href=\"http:\/\/youtu.be\/QKcNmM9xa_w\">L10 dialog #1<\/a><\/li>\n<li><a href=\"http:\/\/youtu.be\/1gOazxFeuOE\" target=\"_blank\" rel=\"noopener noreferrer\">L10 hamami- listening comprehension Qs<\/a>\n<ul>\n<li><a href=\"http:\/\/vk.com\/video?gid=9577271&amp;z=video-9577271_165139152%2Fclub9577271%2Calbum-9577271%2Fpl_-9577271\" target=\"_blank\" rel=\"noopener noreferrer\">L10 hanami<\/a><\/li>\n<\/ul>\n<\/li>\n<li><a href=\"https:\/\/youtu.be\/yIWPkdLEzeQ\">L10 issho-ni ikimasen-ka YT<\/a><\/li>\n<li><a href=\"http:\/\/youtu.be\/F8o8bgS3uq8\">L8 ~ni~ga arimasu\/imasu (intro)<\/a><\/li>\n<li><a href=\"http:\/\/youtu.be\/hIxWXX4LGlQ\">L8 ~no-ue\/shita ni (intro)<\/a><\/li>\n<li><a href=\"http:\/\/youtu.be\/ZAJ0-JxYkrE\" target=\"_blank\" rel=\"noopener noreferrer\">L8, 10 weekend trip<\/a><\/li>\n<li><a href=\"https:\/\/edpuzzle.com\/media\/59016aae8657d52d40e898ab\">L8, 10 weekend trip (video Q)<\/a><\/li>\n<li><a href=\"http:\/\/youtu.be\/Vbq_Sb2oqB4\" target=\"_blank\" rel=\"noopener noreferrer\">L8 ~ni~ga arimasu (konstig bild)<\/a><\/li>\n<li><a href=\"http:\/\/youtu.be\/HZ1XGfIsUdE\" target=\"_blank\" rel=\"noopener noreferrer\">L8 nani-ka, doko-mo (dialog)<\/a><\/li>\n<li><a href=\"http:\/\/youtu.be\/4_v0MQk7eM4\">L9 ~wa~ni arimasu\/imasu (intro)<\/a><\/li>\n<li><a href=\"https:\/\/drive.google.com\/file\/d\/0B6ONVhwYNC9ZOGczczd0ZEpaNms\/view\">L9 att leta efter chilli s\u00e5s i aff\u00e4ren<\/a><\/li>\n<li><a href=\"http:\/\/youtu.be\/6_HnGGO0Ouw\" target=\"_blank\" rel=\"noopener noreferrer\">L9 att leta efter en parkeringsplats<\/a><\/li>\n<\/ul>\n","protected":false},"excerpt":{"rendered":"<p>\u00a0Klicka p\u00e5 l\u00e4nkar. L\u00e4nk till quizsidan vocab.Qs grammar Qs kana- \u00f6vningar OBS! f\u00f6r sj\u00e4lvstudier L6 vocab.Q L7 datum Q L6-7 vocab.Q L10 vocab.Q L8 vocab.Q Quizlet L6 particle Q L7 particle Q L7 imperfekt Q L6-7 particle Q L10 particle &hellip; <a href=\"https:\/\/blogg.folkuniversitetet.nu\/japanska\/a1del2-2\/material\/\">Continue reading <span class=\"meta-nav\">&rarr;<\/span><\/a><\/p>\n","protected":false},"author":4,"featured_media":0,"parent":170,"menu_order":0,"comment_status":"open","ping_status":"open","template":"","meta":{"footnotes":""},"class_list":["post-111","page","type-page","status-publish","hentry"],"_links":{"self":[{"href":"https:\/\/blogg.folkuniversitetet.nu\/japanska\/wp-json\/wp\/v2\/pages\/111","targetHints":{"allow":["GET"]}}],"collection":[{"href":"https:\/\/blogg.folkuniversitetet.nu\/japanska\/wp-json\/wp\/v2\/pages"}],"about":[{"href":"https:\/\/blogg.folkuniversitetet.nu\/japanska\/wp-json\/wp\/v2\/types\/page"}],"author":[{"embeddable":true,"href":"https:\/\/blogg.folkuniversitetet.nu\/japanska\/wp-json\/wp\/v2\/users\/4"}],"replies":[{"embeddable":true,"href":"https:\/\/blogg.folkuniversitetet.nu\/japanska\/wp-json\/wp\/v2\/comments?post=111"}],"version-history":[{"count":40,"href":"https:\/\/blogg.folkuniversitetet.nu\/japanska\/wp-json\/wp\/v2\/pages\/111\/revisions"}],"predecessor-version":[{"id":5149,"href":"https:\/\/blogg.folkuniversitetet.nu\/japanska\/wp-json\/wp\/v2\/pages\/111\/revisions\/5149"}],"up":[{"embeddable":true,"href":"https:\/\/blogg.folkuniversitetet.nu\/japanska\/wp-json\/wp\/v2\/pages\/170"}],"wp:attachment":[{"href":"https:\/\/blogg.folkuniversitetet.nu\/japanska\/wp-json\/wp\/v2\/media?parent=111"}],"curies":[{"name":"wp","href":"https:\/\/api.w.org\/{rel}","templated":true}]}}