{"id":109,"date":"2014-03-02T20:29:23","date_gmt":"2014-03-02T19:29:23","guid":{"rendered":"http:\/\/blogg.folkuniversitetet.nu\/japanska\/?page_id=109"},"modified":"2017-10-27T16:16:16","modified_gmt":"2017-10-27T15:16:16","slug":"material","status":"publish","type":"page","link":"https:\/\/blogg.folkuniversitetet.nu\/japanska\/a1del1\/material\/","title":{"rendered":"A1del1 Material"},"content":{"rendered":"<h4><strong>L\u00e4nk till quizsidan<\/strong><\/h4>\n<div>\n<table style=\"border-collapse: collapse;font-size: inherit;width: 673px\" border=\"1\" cellspacing=\"1\" cellpadding=\"1\">\n<tbody>\n<tr>\n<td style=\"text-align: center;padding: 0px;margin: 0px\">vocab.Qs<\/td>\n<td style=\"text-align: center;padding: 0px;margin: 0px\">grammar Qs<\/td>\n<td style=\"text-align: center;padding: 0px;margin: 0px\">kana- \u00f6vningar <strong><span style=\"color: #f00\">OBS!<\/span><\/strong> f\u00f6r sj\u00e4lvstudier<\/td>\n<\/tr>\n<tr>\n<td style=\"padding: 0px;margin: 0px\">\n<ul style=\"padding: 0px 0px 0px 18px;margin: 0px 0px 0px 18px\">\n<li><a style=\"color: #004262\" href=\"http:\/\/fcweb.folkuniversitetet.se\/sue_test2\/FOV1-0005FC05\/vocabQ_1.htm\" target=\"_blank\" rel=\"noopener\">L1 vocab.Q<\/a><\/li>\n<li><a href=\"http:\/\/youtu.be\/B4NqsQHhF7g\" target=\"_blank\" rel=\"noopener\">Nyttiga uttryck #2<\/a><\/li>\n<li><a style=\"color: #004262\" href=\"http:\/\/fcweb.folkuniversitetet.se\/sue_test2\/FOV1-0005FC05\/vocabQ.htm\" target=\"_blank\" rel=\"noopener\">mer fr\u00e5geord<\/a><\/li>\n<li><a style=\"color: #004262\" href=\"http:\/\/fcweb.folkuniversitetet.se\/sue_test2\/FOV1-0005FC05\/vocabQ3_1.htm\" target=\"_blank\" rel=\"noopener\">L2 vocab.Q<\/a><\/li>\n<li><a href=\"http:\/\/fcweb.folkuniversitetet.se\/sue_test2\/FOV1-0005FC05\/vocabQ4_1.htm\" target=\"_blank\" rel=\"noopener\">L3 vocab.Q<\/a><\/li>\n<li><a href=\"http:\/\/genki.japantimes.co.jp\/site\/self\/site\/gakusyu\/clock.html\" target=\"_blank\" rel=\"noopener\">L3 tid<\/a><\/li>\n<li><a href=\"http:\/\/genki.japantimes.co.jp\/site\/self\/site\/gakusyu\/number.html\" target=\"_blank\" rel=\"noopener\">L4 siffror<br \/>\n<\/a><\/li>\n<li><a href=\"https:\/\/quizlet.com\/suesussi\/folders\/a1del1\">Quizlet<\/a><\/li>\n<\/ul>\n<\/td>\n<td style=\"padding: 0px;margin: 0px\">\n<ul style=\"padding: 0px 0px 0px 18px;margin: 0px 0px 0px 18px\">\n<li style=\"padding: 0px;margin: 0px\"><a href=\"http:\/\/fcweb.folkuniversitetet.se\/sue_test2\/FOV1-000783C2\/scrambled_S1.htm\">Scrambled sentences L1#1<\/a><\/li>\n<li style=\"padding: 0px;margin: 0px\"><a href=\"http:\/\/fcweb.folkuniversitetet.se\/sue_test2\/FOV1-000783C2\/L1_compoQ.htm\" target=\"_blank\" rel=\"noopener\">rep.\u00f6vers\u00e4ttning<\/a><\/li>\n<li style=\"padding: 0px;margin: 0px\"><a href=\"http:\/\/fcweb.folkuniversitetet.se\/sue_test2\/FOV1-000783C2\/particleQ_mo_to.htm\">Particle Q<\/a><\/li>\n<\/ul>\n<\/td>\n<td style=\"padding: 0px;margin: 0px\"><span style=\"color: #0072aa;font-size: inherit\">worksheets)<\/span><\/p>\n<ul>\n<li><a style=\"color: #004262\" href=\"http:\/\/fcweb.folkuniversitetet.se\/sue_test2\/FOV1-00063D63\/\" target=\"_blank\" rel=\"noopener\">worksheets<\/a><\/li>\n<\/ul>\n<p>&nbsp;<\/p>\n<p>&nbsp;<\/p>\n<p style=\"color: #0072aa\"><strong><span style=\"color: #ff0000\">OBS!\u00a0<\/span><\/strong>frivilligt att g\u00f6ra l\u00e4xan h\u00e4r.<\/p>\n<p style=\"color: #0072aa\">hiragana)<\/p>\n<ul>\n<li><a style=\"color: #004262\" href=\"http:\/\/fcweb.folkuniversitetet.se\/sue_test2\/FOV1-0005FC05\/veckanshiragana1.html\" target=\"_blank\" rel=\"noopener\">a~sa<\/a><\/li>\n<li><a style=\"color: #004262\" href=\"http:\/\/fcweb.folkuniversitetet.se\/sue_test2\/FOV1-0005FC05\/veckanshiragana2.html\" target=\"_blank\" rel=\"noopener\">ta~ha<\/a><\/li>\n<li><a style=\"color: #004262\" href=\"http:\/\/fcweb.folkuniversitetet.se\/sue_test2\/FOV1-0005FC05\/veckanshiragana3.html\" target=\"_blank\" rel=\"noopener\">ma~N<\/a><\/li>\n<li><a style=\"color: #004262\" href=\"http:\/\/fcweb.folkuniversitetet.se\/sue_test2\/FOV1-0005FC05\/veckanshiragana_specialsounds.html\" target=\"_blank\" rel=\"noopener\">yo-on, dubbelkonsonant, l\u00e5ngvokal<\/a><\/li>\n<\/ul>\n<p>n\u00e4tbaserade \u00f6vningar)<\/p>\n<ul>\n<li><a href=\"http:\/\/genki.japantimes.co.jp\/site\/self\/site\/gakusyu\/hiragana2.html\" target=\"_blank\" rel=\"noopener\">hiragana<\/a><\/li>\n<li><a href=\"http:\/\/fcweb.folkuniversitetet.se\/sue_test2\/FOV1-0005FC05\/hiragana3_Q1.htm\" target=\"_blank\" rel=\"noopener\">hiragana Q1<\/a><\/li>\n<li><a href=\"http:\/\/fcweb.folkuniversitetet.se\/sue_test2\/FOV1-0005FC05\/hiragana3_Q2.htm\" target=\"_blank\" rel=\"noopener\">hiragana Q2<\/a><\/li>\n<\/ul>\n<\/td>\n<\/tr>\n<\/tbody>\n<\/table>\n<p><strong><br \/>\n<\/strong><\/p>\n<\/div>\n<h4><strong>Veckans material<\/strong><\/h4>\n<div>\n<p><strong style=\"font-style: inherit;font-weight: bold\"><span style=\"color: #ff0000\">OBS!<\/span><\/strong>\u00a0Klicka p\u00e5 mappen.<\/p>\n<p><strong><span style=\"color: #ff0000\">FK:<\/span><\/strong> Jag har inte uppdaterat inneh\u00e5llet l\u00e4nge, urs\u00e4kta.<\/p>\n<p><a href=\"http:\/\/fcweb.folkuniversitetet.se\/sue_test2\/FOV1-0007C666\/?1-20\" target=\"_blank\" rel=\"noopener\">http:\/\/fcweb.folkuniversitetet.se\/sue_test2\/FOV1-0007C666\/?1-20<\/a><\/p>\n<p>&nbsp;<\/p>\n<\/div>\n<div>\n<h4>\u00a0<strong>Veckans slides<\/strong><\/h4>\n<ul>\n<li><a href=\"http:\/\/fcweb.folkuniversitetet.se\/sue_test2\/FOV1-0005FC05\/kana_introQ1.htm\">Kontrollfr\u00e5gor #1<\/a><\/li>\n<li><a href=\"http:\/\/fcweb.folkuniversitetet.se\/sue_test2\/FOV1-0005FC05\/kana_introQ2.htm\">Kontrollfr\u00e5gor #2<\/a><\/li>\n<\/ul>\n<h4><\/h4>\n<p><strong style=\"font-style: inherit;font-weight: bold\">Veckans movie &amp; ljudfil<\/strong><\/p>\n<ul>\n<li><a href=\"http:\/\/youtu.be\/dbM1HzAcIEQ\">L1 intro<\/a><\/li>\n<li><a href=\"http:\/\/youtu.be\/atmdbm64DcA\" target=\"_blank\" rel=\"noopener\">L1 ~ja-arimasen; ~ka~ka<\/a><\/li>\n<li><a href=\"http:\/\/youtu.be\/e9GgZizbpZE\" target=\"_blank\" rel=\"noopener\">L1 mer fr\u00e5geord<\/a><\/li>\n<li><a href=\"http:\/\/youtu.be\/B4NqsQHhF7g\" target=\"_blank\" rel=\"noopener\">Nyttiga uttryck #2a<\/a><\/li>\n<li><a href=\"https:\/\/www.youtube.com\/watch?v=SAgtIA-I2G8\" target=\"_blank\" rel=\"noopener\">Nyttiga uttryck #2b<\/a><\/li>\n<li><a href=\"https:\/\/youtu.be\/DhH6HdNEQFw\">Nyttiga uttryck #2b-1<\/a><\/li>\n<li><a style=\"color: #004262\" href=\"http:\/\/youtu.be\/glQKTM0cpOU\" target=\"_blank\" rel=\"noopener\">L1 dare\/doko<\/a><\/li>\n<li><a href=\"https:\/\/youtu.be\/TOMzbTo5OJA\">mer fr\u00e5geord intro<\/a><\/li>\n<li><a style=\"color: #004262\" href=\"http:\/\/youtu.be\/wMmuFBi1uEw\" target=\"_blank\" rel=\"noopener\">mer fr\u00e5geord- pic task<\/a><\/li>\n<li><a href=\"https:\/\/youtu.be\/Tj7WtxqIkEA\">L1 ~ja-arimasen YT<\/a><\/li>\n<li><a href=\"https:\/\/edpuzzle.com\/media\/598bd01ef7ea77481e8bcac6\">L1 ~ja-arimasen EDpuzzle<\/a><\/li>\n<li><a href=\"https:\/\/drive.google.com\/file\/d\/0B6ONVhwYNC9ZWXNzZU5rbHhyajQ\/view\">L1 att presentera A till B<\/a><\/li>\n<li><a href=\"http:\/\/youtu.be\/8JKuEL3O_vo\" target=\"_blank\" rel=\"noopener\">L1 extra Q-words (till 2nd person)<\/a><\/li>\n<li><a href=\"https:\/\/youtu.be\/LjgX37b8dck\">L1 nyttiga uttryck #2b; ~wa~ga suki desu YT<\/a><\/li>\n<li><a href=\"http:\/\/youtu.be\/h1urTm6x8lk\" target=\"_blank\" rel=\"noopener\">L1 extra om hobby<\/a><\/li>\n<li><a href=\"http:\/\/youtu.be\/MwTJNsVBvdA\" target=\"_blank\" rel=\"noopener\">L1 donata desu-ka<\/a><\/li>\n<li><a href=\"http:\/\/youtu.be\/h5-WGw1Txpc\" target=\"_blank\" rel=\"noopener\">L2 mer ord<\/a><\/li>\n<li><a href=\"https:\/\/www.erin.ne.jp\/en\/lesson08\/basic\/index.html\" target=\"_blank\" rel=\"noopener\">L2 att best\u00e4lla p\u00e5 restaurang<\/a><\/li>\n<li><a href=\"http:\/\/youtu.be\/rPRqmVat6nE\" target=\"_blank\" rel=\"noopener\">L2 tel.Nr.<\/a><\/li>\n<li><a href=\"http:\/\/youtu.be\/-KAbqBaLsNs\" target=\"_blank\" rel=\"noopener\">L2&amp;4 sthlm\/are wa nan desu-ka<\/a><\/li>\n<li><a href=\"https:\/\/drive.google.com\/file\/d\/0B6ONVhwYNC9ZR2JONjZQdVh4NFU\/view\">L2 att bes\u00f6ka granne<\/a><\/li>\n<li><a href=\"http:\/\/vk.com\/video?gid=9577271&amp;z=video-9577271_165139124%2Fclub9577271%2Calbum-9577271%2Fpl_-9577271\" target=\"_blank\" rel=\"noopener\">L2&amp;3 att fr\u00e5ga efter tel.Nr.\/\u00f6ppettid<\/a><\/li>\n<\/ul>\n<p style=\"margin-left: 40px\">Q1: Nihon-no denwa bang\u00f3 annai wa, 104 desu-ka.<br style=\"color: #141823;line-height: 15px;background-color: #f6f7f8\" \/>Q2: Bijutsukan-no denwa bang\u00f3 wa, nanban desu-ka.<br style=\"color: #141823;line-height: 15px;background-color: #f6f7f8\" \/>Q3: Bijutsukan wa, nanji kara nanji made desu-ka.<br style=\"color: #141823;line-height: 15px;background-color: #f6f7f8\" \/>Q4: Yasumi wa, nichiy\u00f3bi desu-ka, getsuy\u00f3bi desu-ka.<br style=\"color: #141823;line-height: 15px;background-color: #f6f7f8\" \/>* denwa bang\u00f3 annai= nummer upplyssning;\u00a0bijutsukan= konstmuseum;\u00a0yaumi= 1) paus, 2) semester, 3) st\u00e4ngd;\u00a0nichiy\u00f3bi= s\u00f6ndag, getsuy\u00f3bi= m\u00e5ndag<\/p>\n<ul>\n<li><a href=\"http:\/\/youtu.be\/gMTW-ieu8tE\">L3 ~ji~fun (intro)<\/a><\/li>\n<li><a href=\"http:\/\/youtu.be\/UJ80g-VMQig\">L3 ~kara~made (intro)<\/a><\/li>\n<li><a href=\"http:\/\/youtu.be\/-jG8EV3auaE\" target=\"_blank\" rel=\"noopener\">L3 ~kara~made<\/a><\/li>\n<li><a href=\"http:\/\/youtu.be\/y4Jc1_opY8c\">L4 stora siffror (intro)<\/a><\/li>\n<li><a href=\"http:\/\/youtu.be\/o7dbyVFT-GU\" target=\"_blank\" rel=\"noopener\">L4 stora siffror<\/a><\/li>\n<li><a href=\"https:\/\/drive.google.com\/file\/d\/0B6ONVhwYNC9ZODZYdk9ESFd3YU0\/view\">L4 att shoppa<\/a><\/li>\n<li><a href=\"http:\/\/youtu.be\/MpyHP5ZhkMg\" target=\"_blank\" rel=\"noopener\">L5 kono\/sono\/ano shopping #2<\/a><\/li>\n<li><a href=\"http:\/\/youtu.be\/FMJToXzlT1w\">L5 misete-kudasai v.2<\/a><\/li>\n<\/ul>\n<\/div>\n","protected":false},"excerpt":{"rendered":"<p>L\u00e4nk till quizsidan vocab.Qs grammar Qs kana- \u00f6vningar OBS! f\u00f6r sj\u00e4lvstudier L1 vocab.Q Nyttiga uttryck #2 mer fr\u00e5geord L2 vocab.Q L3 vocab.Q L3 tid L4 siffror Quizlet Scrambled sentences L1#1 rep.\u00f6vers\u00e4ttning Particle Q worksheets) worksheets &nbsp; &nbsp; OBS!\u00a0frivilligt att g\u00f6ra &hellip; <a href=\"https:\/\/blogg.folkuniversitetet.nu\/japanska\/a1del1\/material\/\">Continue reading <span class=\"meta-nav\">&rarr;<\/span><\/a><\/p>\n","protected":false},"author":4,"featured_media":0,"parent":74,"menu_order":0,"comment_status":"open","ping_status":"open","template":"","meta":{"footnotes":""},"class_list":["post-109","page","type-page","status-publish","hentry"],"_links":{"self":[{"href":"https:\/\/blogg.folkuniversitetet.nu\/japanska\/wp-json\/wp\/v2\/pages\/109","targetHints":{"allow":["GET"]}}],"collection":[{"href":"https:\/\/blogg.folkuniversitetet.nu\/japanska\/wp-json\/wp\/v2\/pages"}],"about":[{"href":"https:\/\/blogg.folkuniversitetet.nu\/japanska\/wp-json\/wp\/v2\/types\/page"}],"author":[{"embeddable":true,"href":"https:\/\/blogg.folkuniversitetet.nu\/japanska\/wp-json\/wp\/v2\/users\/4"}],"replies":[{"embeddable":true,"href":"https:\/\/blogg.folkuniversitetet.nu\/japanska\/wp-json\/wp\/v2\/comments?post=109"}],"version-history":[{"count":44,"href":"https:\/\/blogg.folkuniversitetet.nu\/japanska\/wp-json\/wp\/v2\/pages\/109\/revisions"}],"predecessor-version":[{"id":5120,"href":"https:\/\/blogg.folkuniversitetet.nu\/japanska\/wp-json\/wp\/v2\/pages\/109\/revisions\/5120"}],"up":[{"embeddable":true,"href":"https:\/\/blogg.folkuniversitetet.nu\/japanska\/wp-json\/wp\/v2\/pages\/74"}],"wp:attachment":[{"href":"https:\/\/blogg.folkuniversitetet.nu\/japanska\/wp-json\/wp\/v2\/media?parent=109"}],"curies":[{"name":"wp","href":"https:\/\/api.w.org\/{rel}","templated":true}]}}