{"id":605,"date":"2020-01-17T11:19:09","date_gmt":"2020-01-17T11:19:09","guid":{"rendered":"http:\/\/blogg.folkuniversitetet.nu\/itkorkort\/?page_id=605"},"modified":"2020-01-27T09:48:44","modified_gmt":"2020-01-27T09:48:44","slug":"ljud-2-att-badda-in-en-google-drive-ljudfil-pa-en-sida-eller-ett-inlagg","status":"publish","type":"page","link":"https:\/\/blogg.folkuniversitetet.nu\/itkorkort\/ljud-2-att-badda-in-en-google-drive-ljudfil-pa-en-sida-eller-ett-inlagg\/","title":{"rendered":"Ljud 2 &#8211; Att b\u00e4dda in en Google Drive-ljudfil p\u00e5 en sida eller ett inl\u00e4gg"},"content":{"rendered":"<p>Det h\u00e4r avsnittet antar att du redan har ett Google Drive-konto. Om inte, skapa ett konto. Se dokumentationen under &#8221;Moln&#8221; f\u00f6r v\u00e4gledning och hj\u00e4lp.<\/p>\n<p>1. Ladda upp din ljudfil till Google Drive och st\u00e4ll in dess delning till allm\u00e4nhet.<\/p>\n<p>2. H\u00f6gerklicka p\u00e5 filen och f\u00e5 delningsl\u00e4nken, n\u00e5got liknande:<\/p>\n<p><img loading=\"lazy\" decoding=\"async\" class=\"alignnone size-large wp-image-626\" src=\"http:\/\/blogg.folkuniversitetet.nu\/itkorkort\/files\/2020\/01\/GDrive-share-options-1024x849.png\" alt=\"\" width=\"660\" height=\"547\" srcset=\"https:\/\/blogg.folkuniversitetet.nu\/itkorkort\/files\/2020\/01\/GDrive-share-options-1024x849.png 1024w, https:\/\/blogg.folkuniversitetet.nu\/itkorkort\/files\/2020\/01\/GDrive-share-options-300x249.png 300w, https:\/\/blogg.folkuniversitetet.nu\/itkorkort\/files\/2020\/01\/GDrive-share-options-768x637.png 768w, https:\/\/blogg.folkuniversitetet.nu\/itkorkort\/files\/2020\/01\/GDrive-share-options.png 1077w\" sizes=\"auto, (max-width: 660px) 100vw, 660px\" \/><\/p>\n<p>L\u00e4nken ovanp\u00e5 &#8211; https:\/\/drive.google.com\/file\/d\/<strong>1xDN2MKaMRV8WrLpdUr4mirCwE&#8211;QFIyU<\/strong>\/view?usp=sharing<\/p>\n<p>obs! \u201c\/view?usp=sharing\u201d till\u00e4gg kanske inte finns.<\/p>\n<ol>\n<li style=\"list-style-type: none;\">\n<ol start=\"3\">\n<li><span class=\"tlid-translation translation\" lang=\"sv\"><span class=\"\" title=\"\">Skapa en ny URL med fil-ID som visas ovan med fet stil.<\/span> <span class=\"\" title=\"\"><span style=\"color: #ff0000;\">Anv\u00e4nd en vanlig textredigerare f\u00f6r den h\u00e4r operationen<\/span>.<\/span> <span class=\"\" title=\"\">Andra redakt\u00f6rer (t.ex. MS Word) aktiverar l\u00e4nken n\u00e4r du f\u00f6rs\u00f6ker markera och klippa URL-komponenterna.<\/span><\/span><\/li>\n<\/ol>\n<\/li>\n<\/ol>\n<p><span class=\"tlid-translation translation\" lang=\"sv\"><span class=\"\" title=\"\">Du kan t\u00e4nka p\u00e5 denna nya URL i tre delar:<\/span><\/span><\/p>\n<ul>\n<li style=\"list-style-type: none;\">\n<ul>\n<li>https:\/\/drive.google.com\/uc?\u00a0\u00a0\u00a0\u00a0\u00a0\u00a0\u00a0\u00a0\u00a0\u00a0\u00a0\u00a0\u00a0\u00a0\u00a0\u00a0\u00a0\u00a0\u00a0\u00a0\u00a0\u00a0\u00a0\u00a0\u00a0\u00a0\u00a0\u00a0\u00a0\u00a0\u00a0\u00a0\u00a0\u00a0\u00a0\u00a0\u00a0\u00a0\u00a0\u00a0\u00a0\u00a0\u00a0 .<\/li>\n<li>id=<strong>1xDN2MKaMRV8WrLpdUr4mirCwE&#8211;QFIyU<br \/>\n<\/strong><\/li>\n<li>&amp;export=download<\/li>\n<\/ul>\n<\/li>\n<\/ul>\n<ol>\n<li style=\"list-style-type: none;\">\n<ol start=\"4\">\n<li><span class=\"tlid-translation translation\" lang=\"sv\"><span title=\"\"><span style=\"color: #ff0000;\">Anv\u00e4nd fortfarande din vanliga textredigerare<\/span>, skapa f\u00f6ljande HTML-kod med hj\u00e4lp av ovanst\u00e5ende URL f\u00f6r &#8221;source src&#8221;.<\/span> <span title=\"\">Vi h\u00e4nvisar till den h\u00e4r koden som &#8221;ljudkontroller&#8221;.<\/span> <span title=\"\">Obs!<\/span> <span class=\"\" title=\"\">Src-URL: n m\u00e5ste bifogas citattecken.<\/span><\/span><\/li>\n<\/ol>\n<\/li>\n<\/ol>\n<p>&lt;audio controls&gt;<br \/>\n&lt;source src=&#8221;https:\/\/drive.google.com\/uc?id=0B28Gtf1n8u8DanhjM0UtdkQ3ZTQ&amp;export=download&#8221; type=&#8221;audio\/mpeg&#8221;&gt;<br \/>\nYour browser does not support the audio element.<br \/>\n&lt;\/audio&gt;<\/p>\n<ol>\n<li style=\"list-style-type: none;\">\n<ol start=\"5\">\n<li><span style=\"color: #ff0000;\"><span class=\"tlid-translation translation\" lang=\"sv\"><span class=\"\" title=\"\"><span style=\"color: #000000;\">S\u00e4tt i ljudkontrollerna med &#8221;text&#8221; -redigeraren<\/span> &#8211; inte den visuellt redigeraren.<\/span><\/span><\/span><\/li>\n<\/ol>\n<\/li>\n<\/ol>\n<p><span class=\"tlid-translation translation\" lang=\"sv\"><span title=\"\">Standardredigeraren \u00e4r den &#8221;visuella&#8221; redigeraren.<\/span> <span class=\"\" title=\"\">Om du inte har anv\u00e4nt textredigeraren tidigare kan den aktiveras via fliken &#8221;Text&#8221; som finns i det \u00f6vre h\u00f6gra h\u00f6rnet p\u00e5 redigeringssk\u00e4rmen bredvid fliken &#8221;Visual&#8221;.<\/span><\/span><\/p>\n<p><img loading=\"lazy\" decoding=\"async\" class=\"alignnone size-large wp-image-624\" src=\"http:\/\/blogg.folkuniversitetet.nu\/itkorkort\/files\/2020\/01\/Screenshot-2020-01-17-13.16.53-1024x254.png\" alt=\"\" width=\"660\" height=\"164\" srcset=\"https:\/\/blogg.folkuniversitetet.nu\/itkorkort\/files\/2020\/01\/Screenshot-2020-01-17-13.16.53-1024x254.png 1024w, https:\/\/blogg.folkuniversitetet.nu\/itkorkort\/files\/2020\/01\/Screenshot-2020-01-17-13.16.53-300x74.png 300w, https:\/\/blogg.folkuniversitetet.nu\/itkorkort\/files\/2020\/01\/Screenshot-2020-01-17-13.16.53-768x190.png 768w, https:\/\/blogg.folkuniversitetet.nu\/itkorkort\/files\/2020\/01\/Screenshot-2020-01-17-13.16.53-1536x380.png 1536w, https:\/\/blogg.folkuniversitetet.nu\/itkorkort\/files\/2020\/01\/Screenshot-2020-01-17-13.16.53-2048x507.png 2048w\" sizes=\"auto, (max-width: 660px) 100vw, 660px\" \/><\/p>\n<p><span class=\"tlid-translation translation\" lang=\"sv\"><span class=\"\" title=\"\">Obs: En sida eller ett inl\u00e4gg kan redigeras med b\u00e5de visuellt och textredigerare.<\/span> <span class=\"\" title=\"\">Du kan redigera en sida med den visuellt redigeraren som vanligt och n\u00e4r du vill s\u00e4tta in ljudspelaren byter du bara till textredigeraren.<\/span><\/p>\n<p><span class=\"\" title=\"\">N\u00e4r du \u00e5terv\u00e4nder till den visuella redigeraren ser inneh\u00e5llet s\u00e5 ut:<\/span><\/span><\/p>\n<p><img loading=\"lazy\" decoding=\"async\" class=\"alignnone size-large wp-image-621\" src=\"http:\/\/blogg.folkuniversitetet.nu\/itkorkort\/files\/2020\/01\/Screenshot-2020-01-17-12.43.11-1024x914.png\" alt=\"\" width=\"660\" height=\"589\" srcset=\"https:\/\/blogg.folkuniversitetet.nu\/itkorkort\/files\/2020\/01\/Screenshot-2020-01-17-12.43.11-1024x914.png 1024w, https:\/\/blogg.folkuniversitetet.nu\/itkorkort\/files\/2020\/01\/Screenshot-2020-01-17-12.43.11-300x268.png 300w, https:\/\/blogg.folkuniversitetet.nu\/itkorkort\/files\/2020\/01\/Screenshot-2020-01-17-12.43.11-768x686.png 768w, https:\/\/blogg.folkuniversitetet.nu\/itkorkort\/files\/2020\/01\/Screenshot-2020-01-17-12.43.11.png 1066w\" sizes=\"auto, (max-width: 660px) 100vw, 660px\" \/><\/p>\n<p><span class=\"tlid-translation translation\" lang=\"sv\"><span class=\"\" title=\"\">Men n\u00e4r det visas som en sida eller ett inl\u00e4gg, kommer ikonen f\u00f6r ljudspelare att visas:<\/span><\/span><img loading=\"lazy\" decoding=\"async\" class=\"alignnone size-large wp-image-622\" src=\"http:\/\/blogg.folkuniversitetet.nu\/itkorkort\/files\/2020\/01\/Screenshot-2020-01-17-12.42.17-1024x339.png\" alt=\"\" width=\"660\" height=\"218\" srcset=\"https:\/\/blogg.folkuniversitetet.nu\/itkorkort\/files\/2020\/01\/Screenshot-2020-01-17-12.42.17-1024x339.png 1024w, https:\/\/blogg.folkuniversitetet.nu\/itkorkort\/files\/2020\/01\/Screenshot-2020-01-17-12.42.17-300x99.png 300w, https:\/\/blogg.folkuniversitetet.nu\/itkorkort\/files\/2020\/01\/Screenshot-2020-01-17-12.42.17-768x254.png 768w, https:\/\/blogg.folkuniversitetet.nu\/itkorkort\/files\/2020\/01\/Screenshot-2020-01-17-12.42.17.png 1093w\" sizes=\"auto, (max-width: 660px) 100vw, 660px\" \/><\/p>\n<p>&nbsp;<\/p>\n","protected":false},"excerpt":{"rendered":"<p>Det h\u00e4r avsnittet antar att du redan har ett Google Drive-konto. Om inte, skapa ett konto. Se dokumentationen under &#8221;Moln&#8221; f\u00f6r v\u00e4gledning och hj\u00e4lp. 1. Ladda upp din ljudfil till Google Drive och st\u00e4ll in dess delning till allm\u00e4nhet. 2. H\u00f6gerklicka p\u00e5 filen och f\u00e5 delningsl\u00e4nken, n\u00e5got liknande: L\u00e4nken ovanp\u00e5 &#8211; https:\/\/drive.google.com\/file\/d\/1xDN2MKaMRV8WrLpdUr4mirCwE&#8211;QFIyU\/view?usp=sharing obs! \u201c\/view?usp=sharing\u201d till\u00e4gg &hellip; <a href=\"https:\/\/blogg.folkuniversitetet.nu\/itkorkort\/ljud-2-att-badda-in-en-google-drive-ljudfil-pa-en-sida-eller-ett-inlagg\/\" class=\"more-link\">Forts\u00e4tt l\u00e4sa <span class=\"screen-reader-text\">Ljud 2 &#8211; Att b\u00e4dda in en Google Drive-ljudfil p\u00e5 en sida eller ett inl\u00e4gg<\/span><\/a><\/p>\n","protected":false},"author":2,"featured_media":0,"parent":0,"menu_order":0,"comment_status":"closed","ping_status":"closed","template":"","meta":{"footnotes":""},"class_list":["post-605","page","type-page","status-publish","hentry"],"_links":{"self":[{"href":"https:\/\/blogg.folkuniversitetet.nu\/itkorkort\/wp-json\/wp\/v2\/pages\/605","targetHints":{"allow":["GET"]}}],"collection":[{"href":"https:\/\/blogg.folkuniversitetet.nu\/itkorkort\/wp-json\/wp\/v2\/pages"}],"about":[{"href":"https:\/\/blogg.folkuniversitetet.nu\/itkorkort\/wp-json\/wp\/v2\/types\/page"}],"author":[{"embeddable":true,"href":"https:\/\/blogg.folkuniversitetet.nu\/itkorkort\/wp-json\/wp\/v2\/users\/2"}],"replies":[{"embeddable":true,"href":"https:\/\/blogg.folkuniversitetet.nu\/itkorkort\/wp-json\/wp\/v2\/comments?post=605"}],"version-history":[{"count":12,"href":"https:\/\/blogg.folkuniversitetet.nu\/itkorkort\/wp-json\/wp\/v2\/pages\/605\/revisions"}],"predecessor-version":[{"id":642,"href":"https:\/\/blogg.folkuniversitetet.nu\/itkorkort\/wp-json\/wp\/v2\/pages\/605\/revisions\/642"}],"wp:attachment":[{"href":"https:\/\/blogg.folkuniversitetet.nu\/itkorkort\/wp-json\/wp\/v2\/media?parent=605"}],"curies":[{"name":"wp","href":"https:\/\/api.w.org\/{rel}","templated":true}]}}