{"id":599,"date":"2020-01-17T11:10:08","date_gmt":"2020-01-17T11:10:08","guid":{"rendered":"http:\/\/blogg.folkuniversitetet.nu\/itkorkort\/?page_id=599"},"modified":"2020-01-27T09:32:50","modified_gmt":"2020-01-27T09:32:50","slug":"ljud-2-liveinspelningar-pa-en-smartphone","status":"publish","type":"page","link":"https:\/\/blogg.folkuniversitetet.nu\/itkorkort\/ljud-2-liveinspelningar-pa-en-smartphone\/","title":{"rendered":"Ljud 2 &#8211; Liveinspelningar p\u00e5 en smartphone."},"content":{"rendered":"<p>Det \u00f6verl\u00e4gset enklaste s\u00e4ttet att skapa ljudinneh\u00e5ll \u00e4r att anv\u00e4nda din smarttelefons inbyggda ljudinspelare, eller att anv\u00e4nda en av de m\u00e5nga tillg\u00e4ngliga appar som \u00e4r fria att anv\u00e4nda, till exempel &#8221;Voice Record Pro&#8221;, som \u00e4r tillg\u00e4ngligt b\u00e5de f\u00f6r IOS och Android. Mycket kommer att bero p\u00e5 dina egna personliga preferenser.<\/p>\n<p>Denna dokumentation t\u00e4cker inte hur du anv\u00e4nder din valda inspelningsmetod f\u00f6r smartphone; r\u00e4cker med att s\u00e4ga att du kommer att kunna komma ig\u00e5ng utan f\u00f6r mycket besv\u00e4r.<\/p>\n<p>V\u00e5r utg\u00e5ngspunkt \u00e4r hur man g\u00f6r en ljudfil tillg\u00e4nglig p\u00e5 ett blogginl\u00e4gg eller en sida. Det kan vara l\u00e4tt att ladda upp en mp3-fil till ditt mediebibliotek och b\u00e4dda in filen p\u00e5 en sida eller inl\u00e4gg, men det finns viktiga filstorleksbegr\u00e4nsningar att beakta &#8211; <u>s\u00e5 det rekommenderas inte<\/u>.<\/p>\n<p>Den \u00f6verl\u00e4gset b\u00e4sta l\u00f6sningen \u00e4r att ladda upp ljudfilen direkt till Google Drive. Att streama en ljudfil fr\u00e5n Google Drive g\u00e5r lika snabbt som att spela ljudfilen direkt fr\u00e5n bloggservern, och de flesta smartphoneappar har en &#8221;Spara p\u00e5 Google Drive&#8221; -funktion inbyggd.<\/p>\n<p>H\u00e4r \u00e4r en sk\u00e4rmdump fr\u00e5n Voice Record Pro som visar n\u00e5gra av de alternativ som finns tillg\u00e4ngliga f\u00f6r en ljudfil.<\/p>\n<p><img loading=\"lazy\" decoding=\"async\" class=\"alignnone size-large wp-image-602\" src=\"http:\/\/blogg.folkuniversitetet.nu\/itkorkort\/files\/2020\/01\/voice-record-620x1024.png\" alt=\"\" width=\"620\" height=\"1024\" srcset=\"https:\/\/blogg.folkuniversitetet.nu\/itkorkort\/files\/2020\/01\/voice-record-620x1024.png 620w, https:\/\/blogg.folkuniversitetet.nu\/itkorkort\/files\/2020\/01\/voice-record-182x300.png 182w, https:\/\/blogg.folkuniversitetet.nu\/itkorkort\/files\/2020\/01\/voice-record.png 746w\" sizes=\"auto, (max-width: 620px) 100vw, 620px\" \/><\/p>\n<p>&nbsp;<\/p>\n<p>&nbsp;<\/p>\n","protected":false},"excerpt":{"rendered":"<p>Det \u00f6verl\u00e4gset enklaste s\u00e4ttet att skapa ljudinneh\u00e5ll \u00e4r att anv\u00e4nda din smarttelefons inbyggda ljudinspelare, eller att anv\u00e4nda en av de m\u00e5nga tillg\u00e4ngliga appar som \u00e4r fria att anv\u00e4nda, till exempel &#8221;Voice Record Pro&#8221;, som \u00e4r tillg\u00e4ngligt b\u00e5de f\u00f6r IOS och Android. Mycket kommer att bero p\u00e5 dina egna personliga preferenser. Denna dokumentation t\u00e4cker inte hur &hellip; <a href=\"https:\/\/blogg.folkuniversitetet.nu\/itkorkort\/ljud-2-liveinspelningar-pa-en-smartphone\/\" class=\"more-link\">Forts\u00e4tt l\u00e4sa <span class=\"screen-reader-text\">Ljud 2 &#8211; Liveinspelningar p\u00e5 en smartphone.<\/span><\/a><\/p>\n","protected":false},"author":2,"featured_media":0,"parent":0,"menu_order":0,"comment_status":"closed","ping_status":"closed","template":"","meta":{"footnotes":""},"class_list":["post-599","page","type-page","status-publish","hentry"],"_links":{"self":[{"href":"https:\/\/blogg.folkuniversitetet.nu\/itkorkort\/wp-json\/wp\/v2\/pages\/599","targetHints":{"allow":["GET"]}}],"collection":[{"href":"https:\/\/blogg.folkuniversitetet.nu\/itkorkort\/wp-json\/wp\/v2\/pages"}],"about":[{"href":"https:\/\/blogg.folkuniversitetet.nu\/itkorkort\/wp-json\/wp\/v2\/types\/page"}],"author":[{"embeddable":true,"href":"https:\/\/blogg.folkuniversitetet.nu\/itkorkort\/wp-json\/wp\/v2\/users\/2"}],"replies":[{"embeddable":true,"href":"https:\/\/blogg.folkuniversitetet.nu\/itkorkort\/wp-json\/wp\/v2\/comments?post=599"}],"version-history":[{"count":3,"href":"https:\/\/blogg.folkuniversitetet.nu\/itkorkort\/wp-json\/wp\/v2\/pages\/599\/revisions"}],"predecessor-version":[{"id":641,"href":"https:\/\/blogg.folkuniversitetet.nu\/itkorkort\/wp-json\/wp\/v2\/pages\/599\/revisions\/641"}],"wp:attachment":[{"href":"https:\/\/blogg.folkuniversitetet.nu\/itkorkort\/wp-json\/wp\/v2\/media?parent=599"}],"curies":[{"name":"wp","href":"https:\/\/api.w.org\/{rel}","templated":true}]}}