{"id":55,"date":"2015-09-01T14:33:45","date_gmt":"2015-09-01T14:33:45","guid":{"rendered":"http:\/\/blogg.folkuniversitetet.nu\/itkorkort\/?page_id=55"},"modified":"2019-11-08T11:09:16","modified_gmt":"2019-11-08T11:09:16","slug":"blogg-2-att-komma-igang","status":"publish","type":"page","link":"https:\/\/blogg.folkuniversitetet.nu\/itkorkort\/blogg\/blogg-2-att-komma-igang\/","title":{"rendered":"Blogg 2 &#8211; Att komma ig\u00e5ng"},"content":{"rendered":"<p>En blogg kommer att skapas f\u00f6r varje l\u00e4rare som registrerar f\u00f6r programmet. L\u00e4raren kommer att ha rollen som administrat\u00f6r. Information om l\u00e4rarens userid (se namn formel ovan) och ett initialt l\u00f6senord kommer att skickas till l\u00e4rarens registrerade e-postadress. (<strong>obs!<\/strong> Detta brev kan hamna i en spam-mapp).<\/p>\n<p><a href=\"http:\/\/blogg.folkuniversitetet.nu\/itkorkort\/files\/2017\/12\/new-login.png\"><img loading=\"lazy\" decoding=\"async\" class=\"alignright wp-image-501 size-full\" src=\"http:\/\/blogg.folkuniversitetet.nu\/itkorkort\/files\/2017\/12\/new-login.png\" alt=\"\" width=\"395\" height=\"530\" srcset=\"https:\/\/blogg.folkuniversitetet.nu\/itkorkort\/files\/2017\/12\/new-login.png 395w, https:\/\/blogg.folkuniversitetet.nu\/itkorkort\/files\/2017\/12\/new-login-224x300.png 224w\" sizes=\"auto, (max-width: 395px) 100vw, 395px\" \/><\/a><\/p>\n<p style=\"text-align: left;\">Brevet inneh\u00e5ller en aktiveringsl\u00e4nk. Genom att klicka p\u00e5 den h\u00e4r l\u00e4nken kommer du till standardinloggningssk\u00e4rmen. Fyll i dina uppgifter och logga in.<\/p>\n<p>Om du har gl\u00f6mt ditt l\u00f6senord, kan ett nytt l\u00f6senord skickas till din registrerade e-postadress.<\/p>\n<p>obs! Du kan alltid n\u00e5 login sidan via &#8221;login&#8221; flick p\u00e5 framsidan av blogg.folkuniversitetet.nu<\/p>\n<p><strong>\u00a0<\/strong><\/p>\n<p><strong>\u00a0<\/strong><span style=\"color: #800080;\"><strong>N\u00e4r du loggar in f\u00f6r f\u00f6rsta g\u00e5ngen<\/strong><\/span><\/p>\n<p>I det \u00f6vre h\u00f6gra h\u00f6rnet p\u00e5 sk\u00e4rmen ser du &#8221;Hej Lotta&#8221; (om ditt namn \u00e4r Lotta). H\u00e5ll muspekaren \u00f6ver &#8221;Hej Lotta&#8221; och klicka sedan p\u00e5 &#8221;\u00c4ndra profil&#8221;. Det f\u00f6rsta du b\u00f6r g\u00f6ra \u00e4r att \u00e4ndra ditt l\u00f6senord till n\u00e5got mer personligt (<strong>och ett starkt l\u00f6senord!<\/strong>). H\u00e4r kan du ocks\u00e5 ange ditt fullst\u00e4ndiga namn och best\u00e4mma hur du vill bli identifierad p\u00e5 n\u00e4tet. Du kan ocks\u00e5 v\u00e4lja ett f\u00e4rgschema f\u00f6r din adminpanel och kanske l\u00e4gga upp en &#8221;avatar&#8221; &#8211; ett personligt foto kanske. Det \u00e4r ocks\u00e5 en bra id\u00e9 att anv\u00e4nda samma bild f\u00f6r \u201dSite Avatar\u201d (under inst\u00e4llningar \/ site avatar).<\/p>\n<p>Till v\u00e4nster om &#8221;Hej Lotta&#8221;, kommer du att se &#8221;panelinst\u00e4llningar&#8221;. Klicka p\u00e5 denna f\u00f6r att v\u00e4lja vilken instrumentpanelen inneh\u00e5ll du vill visa.<\/p>\n<p>Om du h\u00e5ller muspekaren \u00f6ver ett element i Admin panelen kommer tillh\u00f6rande undermenyer att avsl\u00f6jas.<strong><br \/>\n<\/strong><\/p>\n<p><span style=\"color: #800080;\"><strong>Navigering: en snabb titt runt<\/strong><\/span><\/p>\n<p><a href=\"http:\/\/blogg.folkuniversitetet.nu\/itkorkort\/files\/2015\/09\/Blog-panel-2.png\"><img loading=\"lazy\" decoding=\"async\" class=\"alignnone wp-image-60 size-full\" src=\"http:\/\/blogg.folkuniversitetet.nu\/itkorkort\/files\/2015\/09\/Blog-panel-2.png\" alt=\"Blog panel 2\" width=\"716\" height=\"651\" srcset=\"https:\/\/blogg.folkuniversitetet.nu\/itkorkort\/files\/2015\/09\/Blog-panel-2.png 716w, https:\/\/blogg.folkuniversitetet.nu\/itkorkort\/files\/2015\/09\/Blog-panel-2-300x273.png 300w\" sizes=\"auto, (max-width: 716px) 100vw, 716px\" \/><\/a><\/p>\n<p><span style=\"color: #800080;\"><strong>Video Tutorials<\/strong><\/span><\/p>\n<p>Det finns 40 professionella filmer som t\u00e4cker allt som du vill veta om WordPress (endast p\u00e5 engelska, tyv\u00e4rr). Dessa filmer kommer ocks\u00e5 att visas i sitt sammanhang. Om du arbetar med Mediabibliotek och v\u00e4lj hj\u00e4lpknappen, kommer alla filmer som \u00e4r f\u00f6rknippade med mediehantering presenteras som ett komplement till grundtexten hj\u00e4lp.<\/p>\n<p>H\u00e4r \u00e4r en video som diskuterar alla komponenter av &#8221;dashboard&#8221;.<\/p>\n<p><strong>\r\n<div class=\"wpmudev-videos-shortcode\">\r\n\t\t\t\t\t\t<div class=\"wpmudev_video\" style=\"max-width:500px; max-height:281px;\">\r\n\t\t\t\t<iframe loading=\"lazy\" src=\"https:\/\/wpmudev.com\/video\/dashboard?id=199641&expire=1777762216&signature=6fa876e0943d867414380894e072a0a790099b80\" frameborder=\"0\" width=\"500\" height=\"281\" webkitAllowFullScreen mozallowfullscreen allowFullScreen><\/iframe>\t\t\t<\/div>\r\n\t\t\t<\/div><\/strong><\/p>\n<p><span style=\"color: #800080;\"><strong>N\u00e5gra viktiga grundinst\u00e4llningar<\/strong><\/span><strong><br \/>\n<\/strong><\/p>\n<p>Det finns n\u00e5gra viktiga inst\u00e4llningar som ska behandlas: titeln du vill ha f\u00f6r din blogg och spr\u00e5ket du vill anv\u00e4nda f\u00f6r din administrationspanel.<\/p>\n<p><strong>Inst\u00e4llningar: Allm\u00e4nt<\/strong><\/p>\n<p>Titeln f\u00f6r sajten och \u201dTagline\u201d \/ Slogan kan modifieras f\u00f6r att \u00e5terspegla vad anv\u00e4ndarna vill ha. Alla bloggar \u00e4r skapade med en vanlig titel: &#8221;Lottas Blogg&#8221; (om ditt namn \u00e4r Lotta).\u00a0 Du kan \u00e4ndra bloggtiteln till vad du vill.<br \/>\nSajtspr\u00e5k kan st\u00e4llas in p\u00e5 engelska eller svenska. OBS: Detta \u00e4r bara adminspr\u00e5ket. Inneh\u00e5llet kan skrivas p\u00e5 vilket spr\u00e5k \u00f6nskas &#8211; och som st\u00f6ds av UTF-8.<\/p>\n<p><strong>Inst\u00e4llningar: L\u00e4sa<\/strong><\/p>\n<p>Webbplatsens synlighet: Anv\u00e4ndare kan till\u00e5ta s\u00f6kmotorer som Google att indexera deras webbplatser n\u00e4r de \u00e4r n\u00f6jda med allt. Standardinst\u00e4llningen \u00e4r f\u00f6r att avskr\u00e4cka s\u00f6kmotorer fr\u00e5n att indexera din webbplats. OBS: Det kan ta ett par dagar, eller mer, innan resultaten syns i Google.<\/p>\n<p>Du kan ocks\u00e5 v\u00e4lja att begr\u00e4nsa din m\u00e5lgrupp till registrerade anv\u00e4ndare av bloggen, eller i n\u00e4tverket. Om du best\u00e4mmer dig f\u00f6r att k\u00f6ra en klass blogg (se ovan f\u00f6r en diskussion), kan det hj\u00e4lpa eleverna att bli mindre sj\u00e4lvmedvetna om sitt spr\u00e5k om de vet att bloggpubliken var begr\u00e4nsad till registrerade klassanv\u00e4ndare.<\/p>\n<p><strong>Inst\u00e4llningar: Site categories<br \/>\n<\/strong><\/p>\n<p>Den finns en kategoriseringsfunktion som g\u00f6r att alla bloggar f\u00f6r ett visst spr\u00e5k\/\u00e4mne eller Folkuniversitetet kontor kan hittas. Det finns en flik p\u00e5 menyn &#8221;\u00c4mnen\/Orter&#8221; som tar dig till en sammanfattnings sida f\u00f6r kategorin. Den h\u00e4r sidan \u00e4r en lista \u00f6ver kategoril\u00e4nkar med tillh\u00f6rande bloggantal. Om du klickar p\u00e5 en kategoril\u00e4nk tar du dig till en sida med alla offentliga bloggar f\u00f6r kategorin.<\/p>\n<p><span style=\"color: #ff0000;\"><strong><span style=\"color: #000000;\">F\u00f6r att din blogg ska visas i kategorilistan m\u00e5ste dina webbplats-synlighet alternativ indikera att bloggen \u00e4r s\u00f6kbar av Google (d.v.s. ej privat).\u00a0\u00a0<\/span>\u00a0\u00a0\u00a0\u00a0\u00a0\u00a0 Obs! Det \u00e4r viktigt att du st\u00e4ller in det h\u00e4r alternativet INNAN du tilldelar kategorier.<\/strong><\/span><\/p>\n<p>1. Under Inst\u00e4llningar \/ L\u00e4sa, markerar du kryssrutan: &#8221;Till\u00e5t s\u00f6kmotorer att indexera denna webbplats&#8221;. SPARA.<\/p>\n<p>2. Under Inst\u00e4llningar \/ \u201dSite categories\u201d, v\u00e4ljer du din spr\u00e5kkategori (eller \u00e4mne) fr\u00e5n den f\u00f6rsta rullgardinsmenyn. V\u00e4lj ditt Folkuniversitetet-kontor fr\u00e5n den andra listrutan. Om ditt kontor inte visas i listan, l\u00e4mna &#8221;None selected&#8221; vald. Under \u201dSite Description\u201d skriv om vad din blogg syslar med. SAVE SETTINGS.<\/p>\n<p><em><strong>Obs!<\/strong> D<span id=\"result_box\" class=\"\" lang=\"sv\"><span class=\"\">et \u00e4r nog en bra id\u00e9 att v\u00e4nta med din kategorisering tills du \u00e4r redo att visa din webbplats till v\u00e4rlden<\/span><\/span><\/em><\/p>\n<p><strong>Inst\u00e4llningar: Diskussion \/ Media<\/strong><\/p>\n<p>Borde inte vara sv\u00e5rt att f\u00f6rst\u00e5. Anv\u00e4ndare kan v\u00e4lja vad de vill.<\/p>\n<p><strong>Inst\u00e4llningar: Permal\u00e4nkar<\/strong><\/p>\n<p>Detta \u00e4r ett avancerat omr\u00e5de och anv\u00e4ndare b\u00f6r avskr\u00e4ckas fr\u00e5n att \u00e4ndra inst\u00e4llningarna h\u00e4r tills de f\u00f6rst\u00e5r b\u00e4ttre vad de g\u00f6r. Standardinst\u00e4llningen \u00e4r &#8221;inl\u00e4gg namn&#8221;, som kommer att g\u00f6ra SEO (Search Engine Optimization) l\u00e4ttare.<\/p>\n<p>&nbsp;<\/p>\n<p>H\u00e4r \u00e4r en video som g\u00e5r djupare in till &#8221;Inst\u00e4llningar&#8221;.<\/p>\n<p><strong>\r\n<div class=\"wpmudev-videos-shortcode\">\r\n\t\t\t\t\t\t<div class=\"wpmudev_video\" style=\"max-width:500px; max-height:281px;\">\r\n\t\t\t\t<iframe loading=\"lazy\" src=\"https:\/\/wpmudev.com\/video\/settings?id=199641&expire=1777762216&signature=6fa876e0943d867414380894e072a0a790099b80\" frameborder=\"0\" width=\"500\" height=\"281\" webkitAllowFullScreen mozallowfullscreen allowFullScreen><\/iframe>\t\t\t<\/div>\r\n\t\t\t<\/div><\/strong><\/p>\n","protected":false},"excerpt":{"rendered":"<p>En blogg kommer att skapas f\u00f6r varje l\u00e4rare som registrerar f\u00f6r programmet. L\u00e4raren kommer att ha rollen som administrat\u00f6r. Information om l\u00e4rarens userid (se namn formel ovan) och ett initialt l\u00f6senord kommer att skickas till l\u00e4rarens registrerade e-postadress. (obs! Detta brev kan hamna i en spam-mapp). Brevet inneh\u00e5ller en aktiveringsl\u00e4nk. Genom att klicka p\u00e5 den &hellip; <a href=\"https:\/\/blogg.folkuniversitetet.nu\/itkorkort\/blogg\/blogg-2-att-komma-igang\/\" class=\"more-link\">Forts\u00e4tt l\u00e4sa <span class=\"screen-reader-text\">Blogg 2 &#8211; Att komma ig\u00e5ng<\/span><\/a><\/p>\n","protected":false},"author":2,"featured_media":0,"parent":22,"menu_order":0,"comment_status":"closed","ping_status":"closed","template":"","meta":{"footnotes":""},"class_list":["post-55","page","type-page","status-publish","hentry"],"_links":{"self":[{"href":"https:\/\/blogg.folkuniversitetet.nu\/itkorkort\/wp-json\/wp\/v2\/pages\/55","targetHints":{"allow":["GET"]}}],"collection":[{"href":"https:\/\/blogg.folkuniversitetet.nu\/itkorkort\/wp-json\/wp\/v2\/pages"}],"about":[{"href":"https:\/\/blogg.folkuniversitetet.nu\/itkorkort\/wp-json\/wp\/v2\/types\/page"}],"author":[{"embeddable":true,"href":"https:\/\/blogg.folkuniversitetet.nu\/itkorkort\/wp-json\/wp\/v2\/users\/2"}],"replies":[{"embeddable":true,"href":"https:\/\/blogg.folkuniversitetet.nu\/itkorkort\/wp-json\/wp\/v2\/comments?post=55"}],"version-history":[{"count":12,"href":"https:\/\/blogg.folkuniversitetet.nu\/itkorkort\/wp-json\/wp\/v2\/pages\/55\/revisions"}],"predecessor-version":[{"id":565,"href":"https:\/\/blogg.folkuniversitetet.nu\/itkorkort\/wp-json\/wp\/v2\/pages\/55\/revisions\/565"}],"up":[{"embeddable":true,"href":"https:\/\/blogg.folkuniversitetet.nu\/itkorkort\/wp-json\/wp\/v2\/pages\/22"}],"wp:attachment":[{"href":"https:\/\/blogg.folkuniversitetet.nu\/itkorkort\/wp-json\/wp\/v2\/media?parent=55"}],"curies":[{"name":"wp","href":"https:\/\/api.w.org\/{rel}","templated":true}]}}