{"id":531,"date":"2018-09-30T09:27:03","date_gmt":"2018-09-30T09:27:03","guid":{"rendered":"http:\/\/blogg.folkuniversitetet.nu\/itkorkort\/?page_id=531"},"modified":"2019-11-08T15:03:31","modified_gmt":"2019-11-08T15:03:31","slug":"blogg-0-kursplan","status":"publish","type":"page","link":"https:\/\/blogg.folkuniversitetet.nu\/itkorkort\/blogg-0-kursplan\/","title":{"rendered":"Bloggning f\u00f6r nyb\u00f6rjare med WordPress"},"content":{"rendered":"<p><strong>Syfte:<\/strong><\/p>\n<p>Att ge Folkuniversitetets l\u00e4rare kunskap om grundl\u00e4ggande begrepp inom bloggning med WordPress. Bloggplattformen \u00e4r en viktig del av &#8221;Digitala verktyg f\u00f6r pedagoger&#8221; och kommer att anv\u00e4ndas av alla kursmoduler.<\/p>\n<p><span style=\"color: #ff0000;\"><strong>N\u00f6dv\u00e4ndiga f\u00f6ruts\u00e4ttningar:<\/strong><\/span><\/p>\n<p>F\u00f6r att tr\u00e4ffarna blir s\u00e5 smidiga som m\u00f6jligt, och att alla delar av kursen klaras av under 2 tr\u00e4ffar, \u00e4r det viktigt att f\u00f6ljande f\u00f6ruts\u00e4ttningar m\u00f6ts.<\/p>\n<ul>\n<li>Alla deltagare har f\u00e5tt inloggningsbrevet fr\u00e5n plattformen och har kunnat logga in.<\/li>\n<li>Alla deltagare har Skype och vet hur man kontrollerar ljud och video och hur man kan dela sin sk\u00e4rm.<\/li>\n<li>Alla deltagare ska ha tillg\u00e5ng till bilder som ska anv\u00e4ndas under kursen: relevanta till sitt \u00e4mnesomr\u00e5de eller vilka som helst. Gl\u00f6m inte att ha en bild (personlig eller annan) f\u00f6r anv\u00e4ndning som en avatar.<\/li>\n<li><strong>Alla deltagare har tittat p\u00e5 flera av plattformens bloggar och har f\u00e5tt en id\u00e9 om vad som \u00e4r m\u00f6jligt.\u00a0 H\u00e4r \u00e4r flera som kan ge inspiration:<\/strong><\/li>\n<\/ul>\n<ol>\n<li style=\"list-style-type: none;\">\n<ol>\n<li style=\"list-style-type: none;\">\n<ol>\n<li style=\"list-style-type: none;\">\n<ol>\n<li><a href=\"https:\/\/blogg.folkuniversitetet.nu\/gabrle\" target=\"_blank\" rel=\"noopener noreferrer\">Lenas blogg<\/a><\/li>\n<li><a href=\"https:\/\/blogg.folkuniversitetet.nu\/vivejo\">Johannes blogg<\/a><\/li>\n<li><a href=\"https:\/\/blogg.folkuniversitetet.nu\/rydnax\" target=\"_blank\" rel=\"noopener noreferrer\">Svenska med Ax<\/a><\/li>\n<li><a href=\"https:\/\/blogg.folkuniversitetet.nu\/hwanve\">Veronicas blogg<\/a><\/li>\n<li><a href=\"https:\/\/blogg.folkuniversitetet.nu\/gilchr\" target=\"_blank\" rel=\"noopener noreferrer\">Le blog de Christine<\/a><\/li>\n<\/ol>\n<\/li>\n<\/ol>\n<\/li>\n<\/ol>\n<\/li>\n<\/ol>\n<h4><span style=\"color: #800080;\"><strong>Kursplan:<\/strong><\/span><\/h4>\n<p>Under tr\u00e4ff 1 ska vi jobba med del 1 till del 4 (mer om tiden finns). De andra delar kan man jobba med hemma.<\/p>\n<ol>\n<li><strong> Kort diskussion om WordPress.<\/strong><\/li>\n<\/ol>\n<ul>\n<li>Varf\u00f6r ska jag anv\u00e4nda en blogg?<\/li>\n<li>WordPress och dess betydelse f\u00f6r internet <a href=\"http:\/\/www.internetlivestats.com\/\">http:\/\/www.internetlivestats.com\/<\/a><\/li>\n<li>Plattformen och dess historia<\/li>\n<li>bloggnamnkonvention<\/li>\n<\/ul>\n<ol start=\"2\">\n<li><strong> N\u00e4r man loggar in f\u00f6r f\u00f6rsta g\u00e5ngen<\/strong><\/li>\n<\/ol>\n<ul>\n<li>Din profil: byt l\u00f6senord + avatars<\/li>\n<li>Navigering<\/li>\n<li>Video hj\u00e4lpsystem<\/li>\n<li>Dokumentation: <a href=\"http:\/\/blogg.folkuniversitetet.nu\/itkorkort\">http:\/\/blogg.folkuniversitetet.nu\/itkorkort<\/a><\/li>\n<li>Media Bibliotek: ladda upp flera bilder (se f\u00f6ruts\u00e4ttningar ovanp\u00e5)<\/li>\n<\/ul>\n<ol start=\"3\">\n<li><strong> Personalisation \/ anpassningar<\/strong><strong>\u00a0\u00a0\u00a0\u00a0\u00a0\u00a0\u00a0\u00a0 <\/strong><\/li>\n<\/ol>\n<ul>\n<li>Inst\u00e4llningar<\/li>\n<li>Stilmallar<\/li>\n<li>Huvudbild \u2013 om det beh\u00f6vs f\u00f6r stilmallen<\/li>\n<li>Sidebar widgets 1<strong>\u00a0<\/strong><strong><br \/>\n<\/strong><\/li>\n<\/ul>\n<ol start=\"4\">\n<li><strong> Ditt f\u00f6rsta inl\u00e4gg<\/strong><strong>\u00a0\u00a0\u00a0\u00a0\u00a0\u00a0 <\/strong><\/li>\n<\/ol>\n<ul>\n<li>Skapa ett nytt inl\u00e4gg och publicera det. Titta p\u00e5 andra deltagares inl\u00e4gg och skriv en kommentar<\/li>\n<li>Hur man tar hand om kommentarer<\/li>\n<li>Tags<\/li>\n<li>Skapa ett nytt inl\u00e4gg och Infoga en bild fr\u00e5n ditt media bibliotek; enkel bildjustering<\/li>\n<li>\u201dInfoga fr\u00e5n URL\u201d<\/li>\n<li>L\u00e4nkar<\/li>\n<\/ul>\n<ol start=\"5\">\n<li><strong>Ytterligare inl\u00e4gg och anpassningsarbete<\/strong><\/li>\n<\/ol>\n<ul>\n<li>Publicerinsalternativ<\/li>\n<li>\u201cSticky Posts\u201d: alla ska skriva ett introduktionsinl\u00e4gg<\/li>\n<li>Inl\u00e4gg kategorier<\/li>\n<li>\u201dSite Categories\u201d<\/li>\n<li>Sidebar widgets 2 (mera alternativ)<\/li>\n<\/ul>\n<ol start=\"6\">\n<li><strong> Din f\u00f6rsta sida <\/strong><\/li>\n<\/ol>\n<ul>\n<li>Skapa en sida och en undersida<\/li>\n<li>Menyer<\/li>\n<\/ul>\n<ol start=\"7\">\n<li><strong> Embed videor och ljudfiler<\/strong><\/li>\n<\/ol>\n<ol start=\"8\">\n<li><strong> \u201cAdd Google File\u201d<\/strong><\/li>\n<\/ol>\n<ul>\n<li>Skapa ett Google Drive konto (om det beh\u00f6vs)<\/li>\n<li>Ladda up en fil till GDrive (pdf, Word doc, Google doc eller annat)<\/li>\n<li>Embed filen I ett inl\u00e4gg eller en sida<\/li>\n<\/ul>\n<ol start=\"9\">\n<li><strong> Diverse.<\/strong><\/li>\n<\/ol>\n<ul>\n<li>Integritetsinst\u00e4llningar<\/li>\n<li>\u201cSubscribe by email\u201d \/ RSS<\/li>\n<li>GDPR<\/li>\n<li>\u201cL\u00e4nklagen\u201d &#8211; Articles 11 and 13.<\/li>\n<li>\u201cCreative Commons<\/li>\n<\/ul>\n","protected":false},"excerpt":{"rendered":"<p>Syfte: Att ge Folkuniversitetets l\u00e4rare kunskap om grundl\u00e4ggande begrepp inom bloggning med WordPress. Bloggplattformen \u00e4r en viktig del av &#8221;Digitala verktyg f\u00f6r pedagoger&#8221; och kommer att anv\u00e4ndas av alla kursmoduler. N\u00f6dv\u00e4ndiga f\u00f6ruts\u00e4ttningar: F\u00f6r att tr\u00e4ffarna blir s\u00e5 smidiga som m\u00f6jligt, och att alla delar av kursen klaras av under 2 tr\u00e4ffar, \u00e4r det viktigt att &hellip; <a href=\"https:\/\/blogg.folkuniversitetet.nu\/itkorkort\/blogg-0-kursplan\/\" class=\"more-link\">Forts\u00e4tt l\u00e4sa <span class=\"screen-reader-text\">Bloggning f\u00f6r nyb\u00f6rjare med WordPress<\/span><\/a><\/p>\n","protected":false},"author":2,"featured_media":0,"parent":0,"menu_order":0,"comment_status":"closed","ping_status":"closed","template":"","meta":{"footnotes":""},"class_list":["post-531","page","type-page","status-publish","hentry"],"_links":{"self":[{"href":"https:\/\/blogg.folkuniversitetet.nu\/itkorkort\/wp-json\/wp\/v2\/pages\/531","targetHints":{"allow":["GET"]}}],"collection":[{"href":"https:\/\/blogg.folkuniversitetet.nu\/itkorkort\/wp-json\/wp\/v2\/pages"}],"about":[{"href":"https:\/\/blogg.folkuniversitetet.nu\/itkorkort\/wp-json\/wp\/v2\/types\/page"}],"author":[{"embeddable":true,"href":"https:\/\/blogg.folkuniversitetet.nu\/itkorkort\/wp-json\/wp\/v2\/users\/2"}],"replies":[{"embeddable":true,"href":"https:\/\/blogg.folkuniversitetet.nu\/itkorkort\/wp-json\/wp\/v2\/comments?post=531"}],"version-history":[{"count":13,"href":"https:\/\/blogg.folkuniversitetet.nu\/itkorkort\/wp-json\/wp\/v2\/pages\/531\/revisions"}],"predecessor-version":[{"id":578,"href":"https:\/\/blogg.folkuniversitetet.nu\/itkorkort\/wp-json\/wp\/v2\/pages\/531\/revisions\/578"}],"wp:attachment":[{"href":"https:\/\/blogg.folkuniversitetet.nu\/itkorkort\/wp-json\/wp\/v2\/media?parent=531"}],"curies":[{"name":"wp","href":"https:\/\/api.w.org\/{rel}","templated":true}]}}