{"id":478,"date":"2017-10-15T12:57:38","date_gmt":"2017-10-15T12:57:38","guid":{"rendered":"http:\/\/blogg.folkuniversitetet.nu\/itkorkort\/?page_id=478"},"modified":"2018-09-27T07:54:35","modified_gmt":"2018-09-27T07:54:35","slug":"blogg-11-add-google-file","status":"publish","type":"page","link":"https:\/\/blogg.folkuniversitetet.nu\/itkorkort\/blogg\/blogg-11-add-google-file\/","title":{"rendered":"Blogg 11 &#8211; Add Google file"},"content":{"rendered":"<p>F\u00f6r att l\u00e4gga till en fil fr\u00e5n ditt Google Drive konto, klicka p\u00e5 &#8221;Add Google File&#8221; knappen.\u00a0 Resultatet kommer att vara &#8221;google-drive-embed&#8221; shortcode.<\/p>\n<p><a href=\"http:\/\/blogg.folkuniversitetet.nu\/itkorkort\/files\/2018\/09\/Gdrive-embed-button-1.png\"><img loading=\"lazy\" decoding=\"async\" class=\"alignnone size-full wp-image-527\" src=\"http:\/\/blogg.folkuniversitetet.nu\/itkorkort\/files\/2018\/09\/Gdrive-embed-button-1.png\" alt=\"\" width=\"1708\" height=\"834\" srcset=\"https:\/\/blogg.folkuniversitetet.nu\/itkorkort\/files\/2018\/09\/Gdrive-embed-button-1.png 1708w, https:\/\/blogg.folkuniversitetet.nu\/itkorkort\/files\/2018\/09\/Gdrive-embed-button-1-300x146.png 300w, https:\/\/blogg.folkuniversitetet.nu\/itkorkort\/files\/2018\/09\/Gdrive-embed-button-1-768x375.png 768w, https:\/\/blogg.folkuniversitetet.nu\/itkorkort\/files\/2018\/09\/Gdrive-embed-button-1-1024x500.png 1024w\" sizes=\"auto, (max-width: 1708px) 100vw, 1708px\" \/><\/a><\/p>\n<p>Men f\u00f6rst m\u00e5ste du utf\u00f6ra en &#8217;handskakning&#8217; med Google. Denna process kan till en b\u00f6rjan verka lite komplicerad, och kanske skr\u00e4mmande &#8211; men oroa dig inte.<\/p>\n<p>F\u00f6rsta g\u00e5ngen du utf\u00f6r den h\u00e4r proceduren, kommer du att st\u00f6ta p\u00e5 en sk\u00e4rm som varnar dig mot att forts\u00e4tta om du inte \u00e4r s\u00e4ker p\u00e5 plattformens plugin-integritet. Allt \u00e4r s\u00e4kert &#8211; och du beh\u00f6ver bara g\u00e5 igenom denna &#8217;handskakning&#8217; en g\u00e5ng.<\/p>\n<p><a href=\"http:\/\/blogg.folkuniversitetet.nu\/itkorkort\/files\/2017\/10\/google_i_bloggen_1.png\"><img loading=\"lazy\" decoding=\"async\" class=\"alignnone size-full wp-image-481\" src=\"http:\/\/blogg.folkuniversitetet.nu\/itkorkort\/files\/2017\/10\/google_i_bloggen_1.png\" alt=\"\" width=\"620\" height=\"524\" srcset=\"https:\/\/blogg.folkuniversitetet.nu\/itkorkort\/files\/2017\/10\/google_i_bloggen_1.png 620w, https:\/\/blogg.folkuniversitetet.nu\/itkorkort\/files\/2017\/10\/google_i_bloggen_1-300x254.png 300w\" sizes=\"auto, (max-width: 620px) 100vw, 620px\" \/><\/a><\/p>\n<p>Klicka p\u00e5 &#8217;avancerat&#8217;<\/p>\n<p><a href=\"http:\/\/blogg.folkuniversitetet.nu\/itkorkort\/files\/2017\/10\/google_i_bloggen_2.png\"><img loading=\"lazy\" decoding=\"async\" class=\"alignnone size-full wp-image-482\" src=\"http:\/\/blogg.folkuniversitetet.nu\/itkorkort\/files\/2017\/10\/google_i_bloggen_2.png\" alt=\"\" width=\"601\" height=\"608\" srcset=\"https:\/\/blogg.folkuniversitetet.nu\/itkorkort\/files\/2017\/10\/google_i_bloggen_2.png 601w, https:\/\/blogg.folkuniversitetet.nu\/itkorkort\/files\/2017\/10\/google_i_bloggen_2-297x300.png 297w\" sizes=\"auto, (max-width: 601px) 100vw, 601px\" \/><\/a><\/p>\n<p>Klicka p\u00e5 &#8217;\u00f6ppna folkuniversitetet.nu (os\u00e4kert)&#8217;<\/p>\n<p>Du kommer nu till inloggningssk\u00e4rmen. \u00a0Ange din e-postadress f\u00f6r Google Drive-kontot och klicka p\u00e5 N\u00e4sta.<\/p>\n<p>Ange ditt l\u00f6senord och klicka p\u00e5 N\u00e4sta.<\/p>\n<p>Du ska nu se din Google Drive-katalog. V\u00e4lj filen du vill ha.<\/p>\n<p>N\u00e4sta g\u00e5ng du vill infoga en fil fr\u00e5n ditt Drive-konto g\u00e5r du direkt till inloggningssk\u00e4rmen.<\/p>\n","protected":false},"excerpt":{"rendered":"<p>F\u00f6r att l\u00e4gga till en fil fr\u00e5n ditt Google Drive konto, klicka p\u00e5 &#8221;Add Google File&#8221; knappen.\u00a0 Resultatet kommer att vara &#8221;google-drive-embed&#8221; shortcode. Men f\u00f6rst m\u00e5ste du utf\u00f6ra en &#8217;handskakning&#8217; med Google. Denna process kan till en b\u00f6rjan verka lite komplicerad, och kanske skr\u00e4mmande &#8211; men oroa dig inte. F\u00f6rsta g\u00e5ngen du utf\u00f6r den h\u00e4r &hellip; <a href=\"https:\/\/blogg.folkuniversitetet.nu\/itkorkort\/blogg\/blogg-11-add-google-file\/\" class=\"more-link\">Forts\u00e4tt l\u00e4sa <span class=\"screen-reader-text\">Blogg 11 &#8211; Add Google file<\/span><\/a><\/p>\n","protected":false},"author":2,"featured_media":0,"parent":22,"menu_order":0,"comment_status":"closed","ping_status":"closed","template":"","meta":{"footnotes":""},"class_list":["post-478","page","type-page","status-publish","hentry"],"_links":{"self":[{"href":"https:\/\/blogg.folkuniversitetet.nu\/itkorkort\/wp-json\/wp\/v2\/pages\/478","targetHints":{"allow":["GET"]}}],"collection":[{"href":"https:\/\/blogg.folkuniversitetet.nu\/itkorkort\/wp-json\/wp\/v2\/pages"}],"about":[{"href":"https:\/\/blogg.folkuniversitetet.nu\/itkorkort\/wp-json\/wp\/v2\/types\/page"}],"author":[{"embeddable":true,"href":"https:\/\/blogg.folkuniversitetet.nu\/itkorkort\/wp-json\/wp\/v2\/users\/2"}],"replies":[{"embeddable":true,"href":"https:\/\/blogg.folkuniversitetet.nu\/itkorkort\/wp-json\/wp\/v2\/comments?post=478"}],"version-history":[{"count":7,"href":"https:\/\/blogg.folkuniversitetet.nu\/itkorkort\/wp-json\/wp\/v2\/pages\/478\/revisions"}],"predecessor-version":[{"id":528,"href":"https:\/\/blogg.folkuniversitetet.nu\/itkorkort\/wp-json\/wp\/v2\/pages\/478\/revisions\/528"}],"up":[{"embeddable":true,"href":"https:\/\/blogg.folkuniversitetet.nu\/itkorkort\/wp-json\/wp\/v2\/pages\/22"}],"wp:attachment":[{"href":"https:\/\/blogg.folkuniversitetet.nu\/itkorkort\/wp-json\/wp\/v2\/media?parent=478"}],"curies":[{"name":"wp","href":"https:\/\/api.w.org\/{rel}","templated":true}]}}