{"id":450,"date":"2016-08-10T09:01:21","date_gmt":"2016-08-10T09:01:21","guid":{"rendered":"http:\/\/blogg.folkuniversitetet.nu\/itkorkort\/?page_id=450"},"modified":"2016-08-10T09:01:21","modified_gmt":"2016-08-10T09:01:21","slug":"enkel-bildhantering","status":"publish","type":"page","link":"https:\/\/blogg.folkuniversitetet.nu\/itkorkort\/enkel-bildhantering\/","title":{"rendered":"Enkel bildhantering"},"content":{"rendered":"<p>&nbsp;<\/p>\n<ol>\n<li><a href=\"http:\/\/blogg.folkuniversitetet.nu\/itkorkort\/files\/2016\/08\/F\u00f6rminska-en-bild-i-Picmonkey.pdf\">F\u00f6rminska en bild i Picmonkey<\/a><\/li>\n<li><a href=\"http:\/\/blogg.folkuniversitetet.nu\/itkorkort\/files\/2016\/08\/Besk\u00e4ra-ett-foto-i-Picmonkey.pdf\">Besk\u00e4ra ett foto i Picmonkey<\/a><\/li>\n<li><a href=\"http:\/\/blogg.folkuniversitetet.nu\/itkorkort\/files\/2016\/08\/L\u00e4gga-text-p\u00e5-ett-foto-i-Picmonkey.pdf\">L\u00e4gga text p\u00e5 ett foto i Picmonkey<\/a><\/li>\n<li><a href=\"http:\/\/blogg.folkuniversitetet.nu\/itkorkort\/files\/2016\/08\/F\u00f6rminska-en-bild-i-Windows.pdf\">F\u00f6rminska en bild i Windows<\/a><\/li>\n<li><a href=\"http:\/\/blogg.folkuniversitetet.nu\/itkorkort\/files\/2016\/08\/Besk\u00e4ra-en-bild-i-Windows.pdf\">Besk\u00e4ra en bild i Windows<\/a><\/li>\n<\/ol>\n","protected":false},"excerpt":{"rendered":"<p>&nbsp; F\u00f6rminska en bild i Picmonkey Besk\u00e4ra ett foto i Picmonkey L\u00e4gga text p\u00e5 ett foto i Picmonkey F\u00f6rminska en bild i Windows Besk\u00e4ra en bild i Windows<\/p>\n","protected":false},"author":10,"featured_media":0,"parent":0,"menu_order":0,"comment_status":"closed","ping_status":"closed","template":"","meta":{"footnotes":""},"class_list":["post-450","page","type-page","status-publish","hentry"],"_links":{"self":[{"href":"https:\/\/blogg.folkuniversitetet.nu\/itkorkort\/wp-json\/wp\/v2\/pages\/450","targetHints":{"allow":["GET"]}}],"collection":[{"href":"https:\/\/blogg.folkuniversitetet.nu\/itkorkort\/wp-json\/wp\/v2\/pages"}],"about":[{"href":"https:\/\/blogg.folkuniversitetet.nu\/itkorkort\/wp-json\/wp\/v2\/types\/page"}],"author":[{"embeddable":true,"href":"https:\/\/blogg.folkuniversitetet.nu\/itkorkort\/wp-json\/wp\/v2\/users\/10"}],"replies":[{"embeddable":true,"href":"https:\/\/blogg.folkuniversitetet.nu\/itkorkort\/wp-json\/wp\/v2\/comments?post=450"}],"version-history":[{"count":2,"href":"https:\/\/blogg.folkuniversitetet.nu\/itkorkort\/wp-json\/wp\/v2\/pages\/450\/revisions"}],"predecessor-version":[{"id":462,"href":"https:\/\/blogg.folkuniversitetet.nu\/itkorkort\/wp-json\/wp\/v2\/pages\/450\/revisions\/462"}],"wp:attachment":[{"href":"https:\/\/blogg.folkuniversitetet.nu\/itkorkort\/wp-json\/wp\/v2\/media?parent=450"}],"curies":[{"name":"wp","href":"https:\/\/api.w.org\/{rel}","templated":true}]}}