{"id":394,"date":"2016-03-29T08:48:26","date_gmt":"2016-03-29T08:48:26","guid":{"rendered":"http:\/\/blogg.folkuniversitetet.nu\/itkorkort\/?page_id=394"},"modified":"2016-03-29T08:53:44","modified_gmt":"2016-03-29T08:53:44","slug":"blogg-10-rss-eller-subscribe-by-email","status":"publish","type":"page","link":"https:\/\/blogg.folkuniversitetet.nu\/itkorkort\/blogg\/blogg-10-rss-eller-subscribe-by-email\/","title":{"rendered":"Blogg 10 &#8211; RSS eller Subscribe by email"},"content":{"rendered":"<p><strong>RSS<\/strong> (\u201cReally Simple Syndication\u201d eller \u201cRich Site Summary\u201d) \u00e4r ett enkelt s\u00e4tt att distribuera inneh\u00e5ll som publiceras som fl\u00f6den, och g\u00f6r det l\u00e4tt f\u00f6r inneh\u00e5llet att l\u00e4sas p\u00e5 n\u00e4tet och genom RSS-l\u00e4sare. Se h\u00e4r f\u00f6r Wikipedias definition av RSS. <a href=\"https:\/\/sv.wikipedia.org\/wiki\/RSS\">https:\/\/sv.wikipedia.org\/wiki\/RSS<\/a><\/p>\n<p><strong>RSS-prenumeration<\/strong> &#8211; typiskt kommer dina bes\u00f6kare att prenumerera p\u00e5 ditt fl\u00f6de s\u00e5 att de kan l\u00e4sa dina uppdateringar i sina RSS-l\u00e4sare. Detta \u00e4r det mest popul\u00e4ra s\u00e4ttet som RSS-fl\u00f6den anv\u00e4nds. Anv\u00e4ndarna kan prenumerera p\u00e5 RSS-fl\u00f6den av dina inl\u00e4gg och kommentarer och de \u00e4r underr\u00e4ttade varje g\u00e5ng det finns en uppdatering.<\/p>\n<p><strong>RSS Inst\u00e4llningar<\/strong><\/p>\n<p>I adminpanelen, g\u00e5 till Inst\u00e4llningar och v\u00e4lj l\u00e4sa. H\u00e4r hittar du n\u00e5gra inst\u00e4llningar f\u00f6r att ge dig kontroll \u00f6ver hur dina prenumeranter f\u00e5r dina RSS-fl\u00f6den.<\/p>\n<p>Syndikeringsfl\u00f6den: du kan v\u00e4lja antalet inl\u00e4gg som dyker upp i dina prenumeranters RSS-l\u00e4sare. 10 \u00e4r standard.<\/p>\n<p>Du kan ocks\u00e5 v\u00e4lja mellan hel text och sammanfattning. Om du v\u00e4ljer hel text kommer de inte att beh\u00f6va komma till din webbplats f\u00f6r att l\u00e4sa artikeln. Sammanfattning ger dem en liten del av artikeln och de kan besluta att komma tillbaka till din webbplats f\u00f6r att l\u00e4sa resten.<\/p>\n<p>&nbsp;<\/p>\n<p><strong>\u201dSubscribe by Email\u201d<\/strong> \u00e4r en widget som plattformen anv\u00e4nder som m\u00f6jligg\u00f6r att anv\u00e4ndare kan prenumerera p\u00e5 webbfl\u00f6den, det vill s\u00e4ga omedelbart bli underr\u00e4ttad n\u00e4r n\u00e5got nytt publicerats p\u00e5 din blogg. Skillnaden mellan &#8221;Subscribe by email&#8221; och RSS \u00e4r att prenumeranten anv\u00e4nder sin e-post adress ist\u00e4llet f\u00f6r en RSS-l\u00e4sare.<\/p>\n","protected":false},"excerpt":{"rendered":"<p>RSS (\u201cReally Simple Syndication\u201d eller \u201cRich Site Summary\u201d) \u00e4r ett enkelt s\u00e4tt att distribuera inneh\u00e5ll som publiceras som fl\u00f6den, och g\u00f6r det l\u00e4tt f\u00f6r inneh\u00e5llet att l\u00e4sas p\u00e5 n\u00e4tet och genom RSS-l\u00e4sare. Se h\u00e4r f\u00f6r Wikipedias definition av RSS. https:\/\/sv.wikipedia.org\/wiki\/RSS RSS-prenumeration &#8211; typiskt kommer dina bes\u00f6kare att prenumerera p\u00e5 ditt fl\u00f6de s\u00e5 att de kan &hellip; <a href=\"https:\/\/blogg.folkuniversitetet.nu\/itkorkort\/blogg\/blogg-10-rss-eller-subscribe-by-email\/\" class=\"more-link\">Forts\u00e4tt l\u00e4sa <span class=\"screen-reader-text\">Blogg 10 &#8211; RSS eller Subscribe by email<\/span><\/a><\/p>\n","protected":false},"author":2,"featured_media":0,"parent":22,"menu_order":0,"comment_status":"closed","ping_status":"closed","template":"","meta":{"footnotes":""},"class_list":["post-394","page","type-page","status-publish","hentry"],"_links":{"self":[{"href":"https:\/\/blogg.folkuniversitetet.nu\/itkorkort\/wp-json\/wp\/v2\/pages\/394","targetHints":{"allow":["GET"]}}],"collection":[{"href":"https:\/\/blogg.folkuniversitetet.nu\/itkorkort\/wp-json\/wp\/v2\/pages"}],"about":[{"href":"https:\/\/blogg.folkuniversitetet.nu\/itkorkort\/wp-json\/wp\/v2\/types\/page"}],"author":[{"embeddable":true,"href":"https:\/\/blogg.folkuniversitetet.nu\/itkorkort\/wp-json\/wp\/v2\/users\/2"}],"replies":[{"embeddable":true,"href":"https:\/\/blogg.folkuniversitetet.nu\/itkorkort\/wp-json\/wp\/v2\/comments?post=394"}],"version-history":[{"count":4,"href":"https:\/\/blogg.folkuniversitetet.nu\/itkorkort\/wp-json\/wp\/v2\/pages\/394\/revisions"}],"predecessor-version":[{"id":399,"href":"https:\/\/blogg.folkuniversitetet.nu\/itkorkort\/wp-json\/wp\/v2\/pages\/394\/revisions\/399"}],"up":[{"embeddable":true,"href":"https:\/\/blogg.folkuniversitetet.nu\/itkorkort\/wp-json\/wp\/v2\/pages\/22"}],"wp:attachment":[{"href":"https:\/\/blogg.folkuniversitetet.nu\/itkorkort\/wp-json\/wp\/v2\/media?parent=394"}],"curies":[{"name":"wp","href":"https:\/\/api.w.org\/{rel}","templated":true}]}}