{"id":383,"date":"2016-03-17T13:16:29","date_gmt":"2016-03-17T13:16:29","guid":{"rendered":"http:\/\/blogg.folkuniversitetet.nu\/itkorkort\/?page_id=383"},"modified":"2016-03-17T13:17:53","modified_gmt":"2016-03-17T13:17:53","slug":"kursplan","status":"publish","type":"page","link":"https:\/\/blogg.folkuniversitetet.nu\/itkorkort\/clouds\/kursplan\/","title":{"rendered":"Kursplan"},"content":{"rendered":"<h3>Syfte<\/h3>\n<p>Kursen ger dig en introduktion till Google Dokument. L\u00e4raren ska efter genomg\u00e5ngen kurs.<\/p>\n<ul>\n<li>Skapa filer med Google Dokument.<\/li>\n<li>Dela filer med andra anv\u00e4ndare.<\/li>\n<li>Hantera filer p\u00e5 Google Drive.<\/li>\n<\/ul>\n<h3>Tid<\/h3>\n<p>2 lekt. timmar<\/p>\n<h3>Uppl\u00e4gg<\/h3>\n<ol>\n<li>Skapa ett Google-konto.<\/li>\n<li>Ladda upp filer p\u00e5 Google Drive.<\/li>\n<li>Skapa filer med Google Dokument.<\/li>\n<li>Dela en fil med andra utan Gmail-konto.<\/li>\n<li>Hantera dina filer p\u00e5 Google Drive.<\/li>\n<li>Ta fram l\u00e4nken och l\u00e4gga till den p\u00e5 n\u00e5gon webbsida, t.ex. FUs bloggsida.<\/li>\n<\/ol>\n<h3>Framstegsm\u00e4tning\/M\u00e5l<\/h3>\n<p>Efter kursens slut ska man kunna:<\/p>\n<ul>\n<li>Skapa och dela filer med andra anv\u00e4ndare.<\/li>\n<\/ul>\n<h3>Undervisningsformer<\/h3>\n<p>Workshops och handledning av inl\u00e4mningsuppgifter.<\/p>\n<h3>Framstegsm\u00e4tning\/Examination<\/h3>\n<p>Kursen bed\u00f6ms genom:<\/p>\n<ul>\n<li>Tv\u00e5 fullgjorda uppgifter under workshopen<\/li>\n<li>En individuell inl\u00e4mningsuppgift i form<\/li>\n<\/ul>\n","protected":false},"excerpt":{"rendered":"<p>Syfte Kursen ger dig en introduktion till Google Dokument. L\u00e4raren ska efter genomg\u00e5ngen kurs. Skapa filer med Google Dokument. Dela filer med andra anv\u00e4ndare. Hantera filer p\u00e5 Google Drive. Tid 2 lekt. timmar Uppl\u00e4gg Skapa ett Google-konto. Ladda upp filer p\u00e5 Google Drive. Skapa filer med Google Dokument. Dela en fil med andra utan Gmail-konto. &hellip; <a href=\"https:\/\/blogg.folkuniversitetet.nu\/itkorkort\/clouds\/kursplan\/\" class=\"more-link\">Forts\u00e4tt l\u00e4sa <span class=\"screen-reader-text\">Kursplan<\/span><\/a><\/p>\n","protected":false},"author":4,"featured_media":0,"parent":32,"menu_order":0,"comment_status":"closed","ping_status":"closed","template":"","meta":{"footnotes":""},"class_list":["post-383","page","type-page","status-publish","hentry"],"_links":{"self":[{"href":"https:\/\/blogg.folkuniversitetet.nu\/itkorkort\/wp-json\/wp\/v2\/pages\/383","targetHints":{"allow":["GET"]}}],"collection":[{"href":"https:\/\/blogg.folkuniversitetet.nu\/itkorkort\/wp-json\/wp\/v2\/pages"}],"about":[{"href":"https:\/\/blogg.folkuniversitetet.nu\/itkorkort\/wp-json\/wp\/v2\/types\/page"}],"author":[{"embeddable":true,"href":"https:\/\/blogg.folkuniversitetet.nu\/itkorkort\/wp-json\/wp\/v2\/users\/4"}],"replies":[{"embeddable":true,"href":"https:\/\/blogg.folkuniversitetet.nu\/itkorkort\/wp-json\/wp\/v2\/comments?post=383"}],"version-history":[{"count":2,"href":"https:\/\/blogg.folkuniversitetet.nu\/itkorkort\/wp-json\/wp\/v2\/pages\/383\/revisions"}],"predecessor-version":[{"id":386,"href":"https:\/\/blogg.folkuniversitetet.nu\/itkorkort\/wp-json\/wp\/v2\/pages\/383\/revisions\/386"}],"up":[{"embeddable":true,"href":"https:\/\/blogg.folkuniversitetet.nu\/itkorkort\/wp-json\/wp\/v2\/pages\/32"}],"wp:attachment":[{"href":"https:\/\/blogg.folkuniversitetet.nu\/itkorkort\/wp-json\/wp\/v2\/media?parent=383"}],"curies":[{"name":"wp","href":"https:\/\/api.w.org\/{rel}","templated":true}]}}