{"id":354,"date":"2016-03-17T09:59:42","date_gmt":"2016-03-17T09:59:42","guid":{"rendered":"http:\/\/blogg.folkuniversitetet.nu\/itkorkort\/?page_id=354"},"modified":"2016-05-11T11:22:44","modified_gmt":"2016-05-11T11:22:44","slug":"att-konvertera-filen-till-g-docs","status":"publish","type":"page","link":"https:\/\/blogg.folkuniversitetet.nu\/itkorkort\/clouds\/att-konvertera-filen-till-g-docs\/","title":{"rendered":"Att konvertera filen till G-Docs"},"content":{"rendered":"<p><b><span class=\"\" style=\"color: #ef4540\">OBS! <\/span><\/b>Denna process \u00e4r v\u00e4ldigt viktigt f\u00f6r att kunna dela dokument med andra anv\u00e4ndare smidigt.<\/p>\n<p><iframe loading=\"lazy\" title=\"03convert file\" width=\"660\" height=\"371\" src=\"https:\/\/www.youtube.com\/embed\/o-V8IZtt67U?feature=oembed\" frameborder=\"0\" allow=\"accelerometer; autoplay; clipboard-write; encrypted-media; gyroscope; picture-in-picture; web-share\" referrerpolicy=\"strict-origin-when-cross-origin\" allowfullscreen><\/iframe><\/p>\n","protected":false},"excerpt":{"rendered":"<p>OBS! Denna process \u00e4r v\u00e4ldigt viktigt f\u00f6r att kunna dela dokument med andra anv\u00e4ndare smidigt.<\/p>\n","protected":false},"author":4,"featured_media":0,"parent":32,"menu_order":2,"comment_status":"closed","ping_status":"closed","template":"","meta":{"footnotes":""},"class_list":["post-354","page","type-page","status-publish","hentry"],"_links":{"self":[{"href":"https:\/\/blogg.folkuniversitetet.nu\/itkorkort\/wp-json\/wp\/v2\/pages\/354","targetHints":{"allow":["GET"]}}],"collection":[{"href":"https:\/\/blogg.folkuniversitetet.nu\/itkorkort\/wp-json\/wp\/v2\/pages"}],"about":[{"href":"https:\/\/blogg.folkuniversitetet.nu\/itkorkort\/wp-json\/wp\/v2\/types\/page"}],"author":[{"embeddable":true,"href":"https:\/\/blogg.folkuniversitetet.nu\/itkorkort\/wp-json\/wp\/v2\/users\/4"}],"replies":[{"embeddable":true,"href":"https:\/\/blogg.folkuniversitetet.nu\/itkorkort\/wp-json\/wp\/v2\/comments?post=354"}],"version-history":[{"count":2,"href":"https:\/\/blogg.folkuniversitetet.nu\/itkorkort\/wp-json\/wp\/v2\/pages\/354\/revisions"}],"predecessor-version":[{"id":433,"href":"https:\/\/blogg.folkuniversitetet.nu\/itkorkort\/wp-json\/wp\/v2\/pages\/354\/revisions\/433"}],"up":[{"embeddable":true,"href":"https:\/\/blogg.folkuniversitetet.nu\/itkorkort\/wp-json\/wp\/v2\/pages\/32"}],"wp:attachment":[{"href":"https:\/\/blogg.folkuniversitetet.nu\/itkorkort\/wp-json\/wp\/v2\/media?parent=354"}],"curies":[{"name":"wp","href":"https:\/\/api.w.org\/{rel}","templated":true}]}}