{"id":343,"date":"2016-02-26T09:09:56","date_gmt":"2016-02-26T09:09:56","guid":{"rendered":"http:\/\/blogg.folkuniversitetet.nu\/itkorkort\/?page_id=343"},"modified":"2019-11-08T10:55:33","modified_gmt":"2019-11-08T10:55:33","slug":"kursplan","status":"publish","type":"page","link":"https:\/\/blogg.folkuniversitetet.nu\/itkorkort\/kursplan\/","title":{"rendered":"Kursplan f\u00f6r programmet"},"content":{"rendered":"<h3><strong>Digitala verktyg f\u00f6r pedagoger<\/strong><\/h3>\n<p><strong>M\u00e5l<\/strong><\/p>\n<p>Efter genomg\u00e5ngen kurs ska\u00a0deltagaren\u00a0ha kunskap om och f\u00e4rdigheter i att anv\u00e4nda och v\u00e4rdera ett antal aktuella\u00a0digitala verktyg.\u00a0Deltagaren\u00a0ska ocks\u00e5 ha planerat, genomf\u00f6rt, dokumenterat, utv\u00e4rderat och reflekterat kring sin undervisning med hj\u00e4lp av moderna digitala verktyg, samt ha\u00a0anv\u00e4nt verktygen f\u00f6r kollaborativt, mobilt och spelbaserat l\u00e4rande.<\/p>\n<p><strong>F\u00f6rkunskaper<\/strong><\/p>\n<p>Grundl\u00e4ggande IT-kunskaper.<\/p>\n<p><strong>Inneh\u00e5ll<\/strong><\/p>\n<p>Kursen best\u00e5r av f\u00f6jlande delar:<\/p>\n<ul>\n<li>Introduktion &amp; Blogg<\/li>\n<li>Cloud<\/li>\n<li>Ljud<\/li>\n<li>Video<\/li>\n<\/ul>\n<p><strong>Kurslitteratur och \u00f6vriga l\u00e4romedel<\/strong><\/p>\n<ul>\n<li>S\u00e4rskilt framtaget, webbaserat material<\/li>\n<li>Filmer<\/li>\n<li>Material som tillhandah\u00e5lls i samband med undervisningen<\/li>\n<li>Dator, bredbanduppkoppling samt Skype<\/li>\n<\/ul>\n<p><strong>Undervisningsformer<\/strong><\/p>\n<p>Kursen ges p\u00e5 distans (Skype). I undervisningen anv\u00e4nds\u00a0Wordpress f\u00f6r distribution av uppgifter och material samt inl\u00e4mning av uppgifter. Undervisning meddelas \u00e4ven i form av \u00f6vningar och lektioner p\u00e5 schemalagda tider. En f\u00f6ruts\u00e4ttning f\u00f6r att kunna genomf\u00f6ra kursen \u00e4r att deltagarna har m\u00f6jlighet att undervisa samtidigt.<\/p>\n<p>Kursen best\u00e5r av 8 tr\u00e4ffar och varje tr\u00e4ff \u00e4r p\u00e5 1,5timme. Totalt 12 timmar<\/p>\n<p><strong>Bed\u00f6mning<\/strong><\/p>\n<p>Bed\u00f6mning av deltagarens prestationer sker b\u00e5de l\u00f6pande under kursens g\u00e5ng och genom sammanfattande uppgifter av varje modul.\u00a0 F\u00f6r att bli godk\u00e4nt p\u00e5 kursen ska deltagarna ha fullf\u00f6ljt alla uppgifter.<\/p>\n","protected":false},"excerpt":{"rendered":"<p>Digitala verktyg f\u00f6r pedagoger M\u00e5l Efter genomg\u00e5ngen kurs ska\u00a0deltagaren\u00a0ha kunskap om och f\u00e4rdigheter i att anv\u00e4nda och v\u00e4rdera ett antal aktuella\u00a0digitala verktyg.\u00a0Deltagaren\u00a0ska ocks\u00e5 ha planerat, genomf\u00f6rt, dokumenterat, utv\u00e4rderat och reflekterat kring sin undervisning med hj\u00e4lp av moderna digitala verktyg, samt ha\u00a0anv\u00e4nt verktygen f\u00f6r kollaborativt, mobilt och spelbaserat l\u00e4rande. F\u00f6rkunskaper Grundl\u00e4ggande IT-kunskaper. Inneh\u00e5ll Kursen best\u00e5r av &hellip; <a href=\"https:\/\/blogg.folkuniversitetet.nu\/itkorkort\/kursplan\/\" class=\"more-link\">Forts\u00e4tt l\u00e4sa <span class=\"screen-reader-text\">Kursplan f\u00f6r programmet<\/span><\/a><\/p>\n","protected":false},"author":3,"featured_media":0,"parent":0,"menu_order":0,"comment_status":"closed","ping_status":"closed","template":"","meta":{"footnotes":""},"class_list":["post-343","page","type-page","status-publish","hentry"],"_links":{"self":[{"href":"https:\/\/blogg.folkuniversitetet.nu\/itkorkort\/wp-json\/wp\/v2\/pages\/343","targetHints":{"allow":["GET"]}}],"collection":[{"href":"https:\/\/blogg.folkuniversitetet.nu\/itkorkort\/wp-json\/wp\/v2\/pages"}],"about":[{"href":"https:\/\/blogg.folkuniversitetet.nu\/itkorkort\/wp-json\/wp\/v2\/types\/page"}],"author":[{"embeddable":true,"href":"https:\/\/blogg.folkuniversitetet.nu\/itkorkort\/wp-json\/wp\/v2\/users\/3"}],"replies":[{"embeddable":true,"href":"https:\/\/blogg.folkuniversitetet.nu\/itkorkort\/wp-json\/wp\/v2\/comments?post=343"}],"version-history":[{"count":6,"href":"https:\/\/blogg.folkuniversitetet.nu\/itkorkort\/wp-json\/wp\/v2\/pages\/343\/revisions"}],"predecessor-version":[{"id":563,"href":"https:\/\/blogg.folkuniversitetet.nu\/itkorkort\/wp-json\/wp\/v2\/pages\/343\/revisions\/563"}],"wp:attachment":[{"href":"https:\/\/blogg.folkuniversitetet.nu\/itkorkort\/wp-json\/wp\/v2\/media?parent=343"}],"curies":[{"name":"wp","href":"https:\/\/api.w.org\/{rel}","templated":true}]}}