{"id":325,"date":"2016-02-26T08:46:52","date_gmt":"2016-02-26T08:46:52","guid":{"rendered":"http:\/\/blogg.folkuniversitetet.nu\/itkorkort\/?page_id=325"},"modified":"2016-02-26T08:59:21","modified_gmt":"2016-02-26T08:59:21","slug":"skapa-egna-interaktiva-ovningar-med-proprofs","status":"publish","type":"page","link":"https:\/\/blogg.folkuniversitetet.nu\/itkorkort\/skapa-egna-interaktiva-ovningar-med-proprofs\/","title":{"rendered":"Skapa egna interaktiva \u00f6vningar med Proprofs"},"content":{"rendered":"<p><strong>ProProfs<\/strong> kan anv\u00e4ndas till mycket och det finns en gratis grundversion och en betald version. Jag skulle i alla fall rekommendera att registrera dig f\u00f6r den fria versionen, s\u00e5 att du alltid har en enkel \u00f6versikt \u00f6ver dina \u00f6vningar. Om du registrerar dig som l\u00e4rare, kan du anv\u00e4nda v\u00e4ldigt m\u00e5nga verktyg &#8211; \u00e4ven i den fria versionen. Du hittar ProProfs p\u00e5: <span style=\"color: #008080\"><strong><a style=\"color: #008080\" href=\"http:\/\/www.proprofs.com\">www.proprofs.com<\/a><\/strong><\/span><\/p>\n<p>Vi kommer att g\u00e5 igenom Quiz Maker och Flashcards, men det finns m\u00e5nga andra verktyg i ProProfs<\/p>\n<p><strong><a href=\"http:\/\/blogg.folkuniversitetet.nu\/itkorkort\/quiz-maker\/\">Quizmaker<\/a><\/strong> [Skapa quiz och tester med ProProf]<\/p>\n<p><strong><a href=\"http:\/\/blogg.folkuniversitetet.nu\/itkorkort\/flashcards\/\">Flashcards<\/a><\/strong> [Skapa egna flashcards med glosor och fraser]<\/p>\n","protected":false},"excerpt":{"rendered":"<p>ProProfs kan anv\u00e4ndas till mycket och det finns en gratis grundversion och en betald version. Jag skulle i alla fall rekommendera att registrera dig f\u00f6r den fria versionen, s\u00e5 att du alltid har en enkel \u00f6versikt \u00f6ver dina \u00f6vningar. Om du registrerar dig som l\u00e4rare, kan du anv\u00e4nda v\u00e4ldigt m\u00e5nga verktyg &#8211; \u00e4ven i den &hellip; <a href=\"https:\/\/blogg.folkuniversitetet.nu\/itkorkort\/skapa-egna-interaktiva-ovningar-med-proprofs\/\" class=\"more-link\">Forts\u00e4tt l\u00e4sa <span class=\"screen-reader-text\">Skapa egna interaktiva \u00f6vningar med Proprofs<\/span><\/a><\/p>\n","protected":false},"author":3,"featured_media":0,"parent":0,"menu_order":0,"comment_status":"closed","ping_status":"closed","template":"","meta":{"footnotes":""},"class_list":["post-325","page","type-page","status-publish","hentry"],"_links":{"self":[{"href":"https:\/\/blogg.folkuniversitetet.nu\/itkorkort\/wp-json\/wp\/v2\/pages\/325","targetHints":{"allow":["GET"]}}],"collection":[{"href":"https:\/\/blogg.folkuniversitetet.nu\/itkorkort\/wp-json\/wp\/v2\/pages"}],"about":[{"href":"https:\/\/blogg.folkuniversitetet.nu\/itkorkort\/wp-json\/wp\/v2\/types\/page"}],"author":[{"embeddable":true,"href":"https:\/\/blogg.folkuniversitetet.nu\/itkorkort\/wp-json\/wp\/v2\/users\/3"}],"replies":[{"embeddable":true,"href":"https:\/\/blogg.folkuniversitetet.nu\/itkorkort\/wp-json\/wp\/v2\/comments?post=325"}],"version-history":[{"count":4,"href":"https:\/\/blogg.folkuniversitetet.nu\/itkorkort\/wp-json\/wp\/v2\/pages\/325\/revisions"}],"predecessor-version":[{"id":336,"href":"https:\/\/blogg.folkuniversitetet.nu\/itkorkort\/wp-json\/wp\/v2\/pages\/325\/revisions\/336"}],"wp:attachment":[{"href":"https:\/\/blogg.folkuniversitetet.nu\/itkorkort\/wp-json\/wp\/v2\/media?parent=325"}],"curies":[{"name":"wp","href":"https:\/\/api.w.org\/{rel}","templated":true}]}}