{"id":32,"date":"2015-08-27T13:07:28","date_gmt":"2015-08-27T13:07:28","guid":{"rendered":"http:\/\/blogg.folkuniversitetet.nu\/itkorkort\/?page_id=32"},"modified":"2017-11-28T12:27:30","modified_gmt":"2017-11-28T12:27:30","slug":"clouds","status":"publish","type":"page","link":"https:\/\/blogg.folkuniversitetet.nu\/itkorkort\/clouds\/","title":{"rendered":"Clouds"},"content":{"rendered":"<p>Vad \u00e4r Google-Drive? Vad kan man g\u00f6ra med detta?<\/p>\n<p><iframe loading=\"lazy\" title=\"This is Google Drive\" width=\"660\" height=\"371\" src=\"https:\/\/www.youtube.com\/embed\/1WTE6pa-EY4?feature=oembed\" frameborder=\"0\" allow=\"accelerometer; autoplay; clipboard-write; encrypted-media; gyroscope; picture-in-picture; web-share\" referrerpolicy=\"strict-origin-when-cross-origin\" allowfullscreen><\/iframe><\/p>\n<h3>Inneh\u00e5ll<\/h3>\n<ol>\n<li><span style=\"color: #3366ff\"><a href=\"http:\/\/blogg.folkuniversitetet.nu\/itkorkort\/clouds\/kursplan\/\"><span style=\"color: #3366ff\">Kursplan<\/span><\/a><\/span>\n<ol>\n<li><span style=\"color: #3366ff\"><a href=\"http:\/\/blogg.folkuniversitetet.nu\/itkorkort\/clouds\/att-ladda-upp-en-fil\/\"><span style=\"color: #3366ff\">Att ladda upp en fil<\/span><\/a><\/span><\/li>\n<li><a href=\"http:\/\/blogg.folkuniversitetet.nu\/itkorkort\/clouds\/att-konvertera-filen-till-g-docs\/\"><span style=\"color: #3366ff\">Att konvertera filen till <strong>Google-Docs<\/strong><\/span><\/a><\/li>\n<li><a href=\"http:\/\/blogg.folkuniversitetet.nu\/itkorkort\/clouds\/att-skapa-en-fil-direkt-pa-g-dirve\/\"><span style=\"color: #3366ff\">Att skapa en fil p\u00e5 <strong>Google-Drive<\/strong><\/span><\/a><\/li>\n<li><a href=\"https:\/\/youtu.be\/2BZC5-S8lz8\"><span style=\"color: #3366ff\">Att dela en fil med andra anv\u00e4ndare<\/span><\/a><\/li>\n<li><a href=\"http:\/\/blogg.folkuniversitetet.nu\/itkorkort\/clouds\/att-mottaga-en-delad-fil\/\"><span style=\"color: #3366ff\">Att mottaga en delad fil<\/span><\/a><\/li>\n<li><a href=\"http:\/\/blogg.folkuniversitetet.nu\/itkorkort\/clouds\/att-skapa-en-mapp-och-flytta-en-fil\/\"><span style=\"color: #3366ff\">Att skapa en mapp och flytta en fil<\/span><br \/>\n<\/a><\/li>\n<\/ol>\n<\/li>\n<li><a href=\"http:\/\/blogg.folkuniversitetet.nu\/itkorkort\/files\/2015\/08\/Modul-08-Clouds-Google-Drive-v3.pdf\"><span style=\"color: #3366ff\">Manual<\/span><\/a><\/li>\n<\/ol>\n<h4>Extra funktioner:<\/h4>\n<ol>\n<li>\u00a0<strong>Google-forms<\/strong>: f\u00f6r att skapa (sj\u00e4lvr\u00e4ttande) n\u00e4tbaserade \u00f6vningar eller enk\u00e4ter\n<ol>\n<li><a href=\"https:\/\/youtu.be\/KTsT4QilR9k\"><span style=\"color: #3366ff\">Att skapa<\/span><\/a><\/li>\n<li><a href=\"https:\/\/youtu.be\/ifKHdbPIFQg\"><span style=\"color: #3366ff\">Att se resultat<\/span><\/a><\/li>\n<\/ol>\n<\/li>\n<li><a href=\"https:\/\/youtu.be\/k_elj_KVscY\"><span style=\"color: #3366ff\"><strong>Google Hangouts<\/strong><\/span><\/a>: f\u00f6r att k\u00f6ra webbkonferens. Man kan skicka l\u00e4nken bara! \u00e4ven till dem utan G-mail konto!!!<\/li>\n<\/ol>\n","protected":false},"excerpt":{"rendered":"<p>Vad \u00e4r Google-Drive? Vad kan man g\u00f6ra med detta? Inneh\u00e5ll Kursplan Att ladda upp en fil Att konvertera filen till Google-Docs Att skapa en fil p\u00e5 Google-Drive Att dela en fil med andra anv\u00e4ndare Att mottaga en delad fil Att skapa en mapp och flytta en fil Manual Extra funktioner: \u00a0Google-forms: f\u00f6r att skapa (sj\u00e4lvr\u00e4ttande) &hellip; <a href=\"https:\/\/blogg.folkuniversitetet.nu\/itkorkort\/clouds\/\" class=\"more-link\">Forts\u00e4tt l\u00e4sa <span class=\"screen-reader-text\">Clouds<\/span><\/a><\/p>\n","protected":false},"author":2,"featured_media":0,"parent":0,"menu_order":0,"comment_status":"closed","ping_status":"closed","template":"","meta":{"footnotes":""},"class_list":["post-32","page","type-page","status-publish","hentry"],"_links":{"self":[{"href":"https:\/\/blogg.folkuniversitetet.nu\/itkorkort\/wp-json\/wp\/v2\/pages\/32","targetHints":{"allow":["GET"]}}],"collection":[{"href":"https:\/\/blogg.folkuniversitetet.nu\/itkorkort\/wp-json\/wp\/v2\/pages"}],"about":[{"href":"https:\/\/blogg.folkuniversitetet.nu\/itkorkort\/wp-json\/wp\/v2\/types\/page"}],"author":[{"embeddable":true,"href":"https:\/\/blogg.folkuniversitetet.nu\/itkorkort\/wp-json\/wp\/v2\/users\/2"}],"replies":[{"embeddable":true,"href":"https:\/\/blogg.folkuniversitetet.nu\/itkorkort\/wp-json\/wp\/v2\/comments?post=32"}],"version-history":[{"count":14,"href":"https:\/\/blogg.folkuniversitetet.nu\/itkorkort\/wp-json\/wp\/v2\/pages\/32\/revisions"}],"predecessor-version":[{"id":499,"href":"https:\/\/blogg.folkuniversitetet.nu\/itkorkort\/wp-json\/wp\/v2\/pages\/32\/revisions\/499"}],"wp:attachment":[{"href":"https:\/\/blogg.folkuniversitetet.nu\/itkorkort\/wp-json\/wp\/v2\/media?parent=32"}],"curies":[{"name":"wp","href":"https:\/\/api.w.org\/{rel}","templated":true}]}}