{"id":316,"date":"2016-02-26T08:34:18","date_gmt":"2016-02-26T08:34:18","guid":{"rendered":"http:\/\/blogg.folkuniversitetet.nu\/itkorkort\/?page_id=316"},"modified":"2016-02-26T08:34:18","modified_gmt":"2016-02-26T08:34:18","slug":"kursplan-ovningar-proprofs","status":"publish","type":"page","link":"https:\/\/blogg.folkuniversitetet.nu\/itkorkort\/kursplan-ovningar-proprofs\/","title":{"rendered":"Kursplan &#8211; \u00d6vningar [Proprofs]"},"content":{"rendered":"<p><strong>Syfte:<\/strong><\/p>\n<p>Deltagaren\u00a0ska efter genomg\u00e5ngen kurs<br \/>\n&#8211; kunskap om proprofs.<br \/>\n&#8211; f\u00f6rdjupad kunskap om hur du g\u00f6r dina egna \u00f6vningar.<\/p>\n<p><strong>Tid:\u00a0<\/strong>4 lekt timmar<\/p>\n<p><strong>M\u00e5lgrupp:\u00a0<\/strong>Spr\u00e5kl\u00e4rare<\/p>\n<p><strong>Uppl\u00e4gg:<\/strong><\/p>\n<p>\u2022 Administrera online tentor, eller skapa en fr\u00e5gesport<br \/>\n\u2022 B\u00e4dda fr\u00e5gesporter p\u00e5 din webbplats<br \/>\n\u2022 Kul fr\u00e5gesport f\u00f6r v\u00e4nner med video &amp; bild<br \/>\n\u2022 Omedelbar feedback &amp; sortering<br \/>\n\u2022 Rapportering, analys och statistik<br \/>\n\u2022 Spara fr\u00e5gesport resultat, att sp\u00e5ra varje deltagare<br \/>\n\u2022 Konfigurera s\u00e4kerhet, resultat, st\u00e4llning, timing, intyg och mer<br \/>\n\u2022 Dela p\u00e5 Twitter, bloggar, LMS eller din webbplats<\/p>\n<p><strong>Kurs Inneh\u00e5ll:<\/strong><\/p>\n<p>Skapa personliga fr\u00e5gesporter och pedagogiska fr\u00e5gesporter. Skapa online-omr\u00f6stningar, flashcards, och spel hj\u00e4rnan f\u00f6r studenterna. En av de viktigaste anv\u00e4ndningen av ProProfs f\u00f6rbereder flervalsfr\u00e5gor fr\u00e5gesporter, fyll-i fr\u00e5gor och ess\u00e4-typ fr\u00e5gor f\u00f6r studenterna.<\/p>\n<p><strong>Kurs Material:\u00a0<\/strong>Manualer i pdf, Instruktionsfilmer<\/p>\n<p><strong>Undervisningsformer: <\/strong>Internet f\u00f6rel\u00e4sningar, workshops och handledning av inl\u00e4mningsuppgifter.<\/p>\n<p><strong>Kursen examineras<\/strong><\/p>\n<p>Kursen bed\u00f6ms genom<br \/>\n\u2022 skapa fyra quizzes<br \/>\n\u2022 b\u00e4dda in p\u00e5 din blogg<br \/>\n\u2022 dela med studenterna<\/p>\n","protected":false},"excerpt":{"rendered":"<p>Syfte: Deltagaren\u00a0ska efter genomg\u00e5ngen kurs &#8211; kunskap om proprofs. &#8211; f\u00f6rdjupad kunskap om hur du g\u00f6r dina egna \u00f6vningar. Tid:\u00a04 lekt timmar M\u00e5lgrupp:\u00a0Spr\u00e5kl\u00e4rare Uppl\u00e4gg: \u2022 Administrera online tentor, eller skapa en fr\u00e5gesport \u2022 B\u00e4dda fr\u00e5gesporter p\u00e5 din webbplats \u2022 Kul fr\u00e5gesport f\u00f6r v\u00e4nner med video &amp; bild \u2022 Omedelbar feedback &amp; sortering \u2022 Rapportering, analys &hellip; <a href=\"https:\/\/blogg.folkuniversitetet.nu\/itkorkort\/kursplan-ovningar-proprofs\/\" class=\"more-link\">Forts\u00e4tt l\u00e4sa <span class=\"screen-reader-text\">Kursplan &#8211; \u00d6vningar [Proprofs]<\/span><\/a><\/p>\n","protected":false},"author":3,"featured_media":0,"parent":0,"menu_order":0,"comment_status":"closed","ping_status":"closed","template":"","meta":{"footnotes":""},"class_list":["post-316","page","type-page","status-publish","hentry"],"_links":{"self":[{"href":"https:\/\/blogg.folkuniversitetet.nu\/itkorkort\/wp-json\/wp\/v2\/pages\/316","targetHints":{"allow":["GET"]}}],"collection":[{"href":"https:\/\/blogg.folkuniversitetet.nu\/itkorkort\/wp-json\/wp\/v2\/pages"}],"about":[{"href":"https:\/\/blogg.folkuniversitetet.nu\/itkorkort\/wp-json\/wp\/v2\/types\/page"}],"author":[{"embeddable":true,"href":"https:\/\/blogg.folkuniversitetet.nu\/itkorkort\/wp-json\/wp\/v2\/users\/3"}],"replies":[{"embeddable":true,"href":"https:\/\/blogg.folkuniversitetet.nu\/itkorkort\/wp-json\/wp\/v2\/comments?post=316"}],"version-history":[{"count":1,"href":"https:\/\/blogg.folkuniversitetet.nu\/itkorkort\/wp-json\/wp\/v2\/pages\/316\/revisions"}],"predecessor-version":[{"id":317,"href":"https:\/\/blogg.folkuniversitetet.nu\/itkorkort\/wp-json\/wp\/v2\/pages\/316\/revisions\/317"}],"wp:attachment":[{"href":"https:\/\/blogg.folkuniversitetet.nu\/itkorkort\/wp-json\/wp\/v2\/media?parent=316"}],"curies":[{"name":"wp","href":"https:\/\/api.w.org\/{rel}","templated":true}]}}