{"id":311,"date":"2016-02-26T08:30:18","date_gmt":"2016-02-26T08:30:18","guid":{"rendered":"http:\/\/blogg.folkuniversitetet.nu\/itkorkort\/?page_id=311"},"modified":"2016-02-26T08:38:44","modified_gmt":"2016-02-26T08:38:44","slug":"skapa-screencasts-med-explain-everything","status":"publish","type":"page","link":"https:\/\/blogg.folkuniversitetet.nu\/itkorkort\/ovningar\/skapa-screencasts-med-explain-everything\/","title":{"rendered":"Skapa Screencasts med Explain Everything"},"content":{"rendered":"<p>&nbsp;<\/p>\n<p>&nbsp;<\/p>\n<p><a href=\"http:\/\/blogg.folkuniversitetet.nu\/itkorkort\/files\/2016\/02\/explaineverything.png\" rel=\"attachment wp-att-320\"><img loading=\"lazy\" decoding=\"async\" class=\"size-medium wp-image-320 aligncenter\" src=\"http:\/\/blogg.folkuniversitetet.nu\/itkorkort\/files\/2016\/02\/explaineverything-300x141.png\" alt=\"explaineverything\" width=\"300\" height=\"141\" srcset=\"https:\/\/blogg.folkuniversitetet.nu\/itkorkort\/files\/2016\/02\/explaineverything-300x141.png 300w, https:\/\/blogg.folkuniversitetet.nu\/itkorkort\/files\/2016\/02\/explaineverything-768x361.png 768w, https:\/\/blogg.folkuniversitetet.nu\/itkorkort\/files\/2016\/02\/explaineverything.png 844w\" sizes=\"auto, (max-width: 300px) 100vw, 300px\" \/><\/a><\/p>\n<p><strong>Explain Everything<\/strong> iPad app spela in din r\u00f6st och sk\u00e4rm i en screencast som kan spelas upp om och om igen. Skapa screencast iPad handledning f\u00f6r att visa begrepp till studenter i klassen, eller ge kursinneh\u00e5llet utanf\u00f6r klassrummet f\u00f6r v\u00e4nt l\u00e4rande.<\/p>\n<p><strong>Explain Everything<\/strong> g\u00f6r ocks\u00e5 ett fantastiskt jobb f\u00f6r att l\u00e4nka till den molnbaserade konton som Facebook, Dropbox, Evernote och YouTube, s\u00e5 att du kan importera filer enkelt.<\/p>\n","protected":false},"excerpt":{"rendered":"<p>&nbsp; &nbsp; Explain Everything iPad app spela in din r\u00f6st och sk\u00e4rm i en screencast som kan spelas upp om och om igen. Skapa screencast iPad handledning f\u00f6r att visa begrepp till studenter i klassen, eller ge kursinneh\u00e5llet utanf\u00f6r klassrummet f\u00f6r v\u00e4nt l\u00e4rande. Explain Everything g\u00f6r ocks\u00e5 ett fantastiskt jobb f\u00f6r att l\u00e4nka till den &hellip; <a href=\"https:\/\/blogg.folkuniversitetet.nu\/itkorkort\/ovningar\/skapa-screencasts-med-explain-everything\/\" class=\"more-link\">Forts\u00e4tt l\u00e4sa <span class=\"screen-reader-text\">Skapa Screencasts med Explain Everything<\/span><\/a><\/p>\n","protected":false},"author":3,"featured_media":0,"parent":38,"menu_order":2,"comment_status":"closed","ping_status":"closed","template":"","meta":{"footnotes":""},"class_list":["post-311","page","type-page","status-publish","hentry"],"_links":{"self":[{"href":"https:\/\/blogg.folkuniversitetet.nu\/itkorkort\/wp-json\/wp\/v2\/pages\/311","targetHints":{"allow":["GET"]}}],"collection":[{"href":"https:\/\/blogg.folkuniversitetet.nu\/itkorkort\/wp-json\/wp\/v2\/pages"}],"about":[{"href":"https:\/\/blogg.folkuniversitetet.nu\/itkorkort\/wp-json\/wp\/v2\/types\/page"}],"author":[{"embeddable":true,"href":"https:\/\/blogg.folkuniversitetet.nu\/itkorkort\/wp-json\/wp\/v2\/users\/3"}],"replies":[{"embeddable":true,"href":"https:\/\/blogg.folkuniversitetet.nu\/itkorkort\/wp-json\/wp\/v2\/comments?post=311"}],"version-history":[{"count":3,"href":"https:\/\/blogg.folkuniversitetet.nu\/itkorkort\/wp-json\/wp\/v2\/pages\/311\/revisions"}],"predecessor-version":[{"id":321,"href":"https:\/\/blogg.folkuniversitetet.nu\/itkorkort\/wp-json\/wp\/v2\/pages\/311\/revisions\/321"}],"up":[{"embeddable":true,"href":"https:\/\/blogg.folkuniversitetet.nu\/itkorkort\/wp-json\/wp\/v2\/pages\/38"}],"wp:attachment":[{"href":"https:\/\/blogg.folkuniversitetet.nu\/itkorkort\/wp-json\/wp\/v2\/media?parent=311"}],"curies":[{"name":"wp","href":"https:\/\/api.w.org\/{rel}","templated":true}]}}