{"id":26,"date":"2015-08-27T12:59:46","date_gmt":"2015-08-27T12:59:46","guid":{"rendered":"http:\/\/blogg.folkuniversitetet.nu\/itkorkort\/?page_id=26"},"modified":"2016-05-11T05:35:24","modified_gmt":"2016-05-11T05:35:24","slug":"video","status":"publish","type":"page","link":"https:\/\/blogg.folkuniversitetet.nu\/itkorkort\/video\/","title":{"rendered":"Video"},"content":{"rendered":"<ol>\n<li><a href=\"http:\/\/blogg.folkuniversitetet.nu\/itkorkort\/video\/en-egen-kanal-pa-youtube\/\">Starta en kanal <\/a>p\u00e5 Youtube<\/li>\n<li><a href=\"http:\/\/blogg.folkuniversitetet.nu\/itkorkort\/video\/youtube-ny-spellista-ta-bort-lista-lanka-till-lista\/\">Skapa spellistor<\/a> och l\u00e4nka till dem<\/li>\n<li><a href=\"http:\/\/blogg.folkuniversitetet.nu\/itkorkort\/video\/youtube-badda-in-en-spellista\/\">En inb\u00e4ddad<\/a> spellista i bloggen<\/li>\n<li><a href=\"http:\/\/blogg.folkuniversitetet.nu\/itkorkort\/ladda-upp-en-film-stalla-in-vem-som-kan-se-klippet\/\">Ladda upp film<\/a> till kanalen<\/li>\n<li><a href=\"http:\/\/blogg.folkuniversitetet.nu\/itkorkort\/video\/prenumerera-pa-en-annan-kanal\/\">Prenumerera <\/a>p\u00e5 en annan kanal<\/li>\n<li>Spela in film i Youtube<\/li>\n<li><\/li>\n<li>Spela in sig i <a href=\"http:\/\/blogg.folkuniversitetet.nu\/itkorkort\/video\/mailvu\/\" target=\"_blank\">Mailvu<\/a><\/li>\n<\/ol>\n","protected":false},"excerpt":{"rendered":"<p>Starta en kanal p\u00e5 Youtube Skapa spellistor och l\u00e4nka till dem En inb\u00e4ddad spellista i bloggen Ladda upp film till kanalen Prenumerera p\u00e5 en annan kanal Spela in film i Youtube Spela in sig i Mailvu<\/p>\n","protected":false},"author":2,"featured_media":0,"parent":0,"menu_order":0,"comment_status":"closed","ping_status":"closed","template":"","meta":{"footnotes":""},"class_list":["post-26","page","type-page","status-publish","hentry"],"_links":{"self":[{"href":"https:\/\/blogg.folkuniversitetet.nu\/itkorkort\/wp-json\/wp\/v2\/pages\/26","targetHints":{"allow":["GET"]}}],"collection":[{"href":"https:\/\/blogg.folkuniversitetet.nu\/itkorkort\/wp-json\/wp\/v2\/pages"}],"about":[{"href":"https:\/\/blogg.folkuniversitetet.nu\/itkorkort\/wp-json\/wp\/v2\/types\/page"}],"author":[{"embeddable":true,"href":"https:\/\/blogg.folkuniversitetet.nu\/itkorkort\/wp-json\/wp\/v2\/users\/2"}],"replies":[{"embeddable":true,"href":"https:\/\/blogg.folkuniversitetet.nu\/itkorkort\/wp-json\/wp\/v2\/comments?post=26"}],"version-history":[{"count":10,"href":"https:\/\/blogg.folkuniversitetet.nu\/itkorkort\/wp-json\/wp\/v2\/pages\/26\/revisions"}],"predecessor-version":[{"id":424,"href":"https:\/\/blogg.folkuniversitetet.nu\/itkorkort\/wp-json\/wp\/v2\/pages\/26\/revisions\/424"}],"wp:attachment":[{"href":"https:\/\/blogg.folkuniversitetet.nu\/itkorkort\/wp-json\/wp\/v2\/media?parent=26"}],"curies":[{"name":"wp","href":"https:\/\/api.w.org\/{rel}","templated":true}]}}