{"id":24,"date":"2015-08-27T12:59:16","date_gmt":"2015-08-27T12:59:16","guid":{"rendered":"http:\/\/blogg.folkuniversitetet.nu\/itkorkort\/?page_id=24"},"modified":"2020-01-27T09:50:44","modified_gmt":"2020-01-27T09:50:44","slug":"ljud","status":"publish","type":"page","link":"https:\/\/blogg.folkuniversitetet.nu\/itkorkort\/ljud\/","title":{"rendered":"Ljud"},"content":{"rendered":"<ol>\n<li><a href=\"http:\/\/blogg.folkuniversitetet.nu\/itkorkort\/ljud-2-introduktion\/\">Introduktion<\/a><\/li>\n<li><a href=\"http:\/\/blogg.folkuniversitetet.nu\/itkorkort\/ljud-2-liveinspelningar-pa-en-smartphone\/\"><span class=\"tlid-translation translation\" lang=\"sv\"><span class=\"\" title=\"\">F\u00e5nga liveinspelningar p\u00e5 en smartphone.<\/span><\/span><\/a><\/li>\n<li><a href=\"http:\/\/blogg.folkuniversitetet.nu\/itkorkort\/ljud-2-att-badda-in-en-google-drive-ljudfil-pa-en-sida-eller-ett-inlagg\/\"><span class=\"tlid-translation translation\" lang=\"sv\"><span class=\"\" title=\"\">B\u00e4dda in en Google Drive-ljudfil p\u00e5 en sida eller ett inl\u00e4gg.<\/span><\/span><\/a><\/li>\n<li><a href=\"http:\/\/vocaroo.com\/\" target=\"_blank\" rel=\"noopener noreferrer\">Vocaroo <\/a>\u00e4r ett webbaserat inspelningsverktyg d\u00e4r man kan <a href=\"http:\/\/blogg.folkuniversitetet.nu\/itkorkort\/vocaroo\/\" target=\"_blank\" rel=\"noopener noreferrer\">spela in sig<\/a>, ladda upp ljud och l\u00e4nka det vidare.<\/li>\n<li><a href=\"http:\/\/blogg.folkuniversitetet.nu\/itkorkort\/ljud\/audacity\/\" target=\"_blank\" rel=\"noopener noreferrer\">Audacity <\/a>\u00e4r ett gratis ljudredigeringsprogram som kan <a href=\"http:\/\/blogg.folkuniversitetet.nu\/itkorkort\/ljud\/181-2\/\" target=\"_blank\" rel=\"noopener noreferrer\">laddas ner <\/a>fr\u00e5n n\u00e4tet.<\/li>\n<li><a href=\"http:\/\/blogg.folkuniversitetet.nu\/itkorkort\/ljud\/audacity\/\" target=\"_blank\" rel=\"noopener noreferrer\">Redigering i Audacity 1 &#8211;<\/a>\u00a0spela in, spara, markera och anpassa f\u00f6nstret<\/li>\n<li><a href=\"http:\/\/blogg.folkuniversitetet.nu\/itkorkort\/ljud\/audacity-ta-bort-brus-lagga-till-bakgrundsljud\/\" target=\"_blank\" rel=\"noopener noreferrer\">Redigering i Audacity 2<\/a>&#8211; ta bort brus, l\u00e4gga till bakgrundsljud, flytta, tona in och tona ut<\/li>\n<\/ol>\n","protected":false},"excerpt":{"rendered":"<p>Introduktion F\u00e5nga liveinspelningar p\u00e5 en smartphone. B\u00e4dda in en Google Drive-ljudfil p\u00e5 en sida eller ett inl\u00e4gg. Vocaroo \u00e4r ett webbaserat inspelningsverktyg d\u00e4r man kan spela in sig, ladda upp ljud och l\u00e4nka det vidare. Audacity \u00e4r ett gratis ljudredigeringsprogram som kan laddas ner fr\u00e5n n\u00e4tet. Redigering i Audacity 1 &#8211;\u00a0spela in, spara, markera och &hellip; <a href=\"https:\/\/blogg.folkuniversitetet.nu\/itkorkort\/ljud\/\" class=\"more-link\">Forts\u00e4tt l\u00e4sa <span class=\"screen-reader-text\">Ljud<\/span><\/a><\/p>\n","protected":false},"author":2,"featured_media":0,"parent":0,"menu_order":0,"comment_status":"closed","ping_status":"closed","template":"","meta":{"footnotes":""},"class_list":["post-24","page","type-page","status-publish","hentry"],"_links":{"self":[{"href":"https:\/\/blogg.folkuniversitetet.nu\/itkorkort\/wp-json\/wp\/v2\/pages\/24","targetHints":{"allow":["GET"]}}],"collection":[{"href":"https:\/\/blogg.folkuniversitetet.nu\/itkorkort\/wp-json\/wp\/v2\/pages"}],"about":[{"href":"https:\/\/blogg.folkuniversitetet.nu\/itkorkort\/wp-json\/wp\/v2\/types\/page"}],"author":[{"embeddable":true,"href":"https:\/\/blogg.folkuniversitetet.nu\/itkorkort\/wp-json\/wp\/v2\/users\/2"}],"replies":[{"embeddable":true,"href":"https:\/\/blogg.folkuniversitetet.nu\/itkorkort\/wp-json\/wp\/v2\/comments?post=24"}],"version-history":[{"count":25,"href":"https:\/\/blogg.folkuniversitetet.nu\/itkorkort\/wp-json\/wp\/v2\/pages\/24\/revisions"}],"predecessor-version":[{"id":643,"href":"https:\/\/blogg.folkuniversitetet.nu\/itkorkort\/wp-json\/wp\/v2\/pages\/24\/revisions\/643"}],"wp:attachment":[{"href":"https:\/\/blogg.folkuniversitetet.nu\/itkorkort\/wp-json\/wp\/v2\/media?parent=24"}],"curies":[{"name":"wp","href":"https:\/\/api.w.org\/{rel}","templated":true}]}}