{"id":22,"date":"2015-08-27T12:58:56","date_gmt":"2015-08-27T12:58:56","guid":{"rendered":"http:\/\/blogg.folkuniversitetet.nu\/itkorkort\/?page_id=22"},"modified":"2018-09-30T09:36:22","modified_gmt":"2018-09-30T09:36:22","slug":"blogg","status":"publish","type":"page","link":"https:\/\/blogg.folkuniversitetet.nu\/itkorkort\/blogg\/","title":{"rendered":"WordPress"},"content":{"rendered":"<p><a href=\"http:\/\/blogg.folkuniversitetet.nu\/itkorkort\/blogg-0-kursplan\/\"><strong>Bloggning f\u00f6r nyb\u00f6rjare med WordPress &#8211; Kursplan<\/strong><\/a><\/p>\n<ol>\n<li><span style=\"color: #800080;\"><strong><a href=\"http:\/\/blogg.folkuniversitetet.nu\/itkorkort\/blogg\/1-introduktion\/\">Introduktion<\/a><\/strong><\/span><\/li>\n<li><span style=\"color: #800080;\"><strong><a href=\"http:\/\/blogg.folkuniversitetet.nu\/itkorkort\/blogg\/blogg-2-att-komma-igang\/\">Att komma ig\u00e5ng<\/a><\/strong><\/span><\/li>\n<li><span style=\"color: #000000;\"><a style=\"color: #000000;\" href=\"http:\/\/blogg.folkuniversitetet.nu\/itkorkort\/blogg\/blogg-3-personalisering-din-internetnarvaro\/\"><strong>Personalisering din internetn\u00e4rvaro (+ widgets)<\/strong><\/a><\/span><\/li>\n<li><span style=\"color: #800080;\"><strong><a href=\"http:\/\/blogg.folkuniversitetet.nu\/itkorkort\/blogg\/blogg-4-inlagg-kategorier-och-taggar\/\">Inl\u00e4gg, Kategorier och Taggar<\/a><\/strong><\/span><\/li>\n<li><span style=\"color: #800080;\"><strong><a href=\"http:\/\/blogg.folkuniversitetet.nu\/itkorkort\/blogg\/blogg-5-lankar\/\">L\u00e4nkar<\/a> <\/strong><\/span><\/li>\n<li><span style=\"color: #800080;\"><strong><a href=\"http:\/\/blogg.folkuniversitetet.nu\/itkorkort\/blogg\/blogg-6-infoga-bilder\/\">Infoga Bilder<\/a><\/strong><\/span><\/li>\n<li><span style=\"color: #800080;\"><strong><a href=\"http:\/\/blogg.folkuniversitetet.nu\/itkorkort\/blogg\/blogg-7-embed-video-och-ljud-filer\/\">Embed video-och ljud filer<\/a><\/strong><\/span><\/li>\n<li><span style=\"color: #800080;\"><strong><a href=\"http:\/\/blogg.folkuniversitetet.nu\/itkorkort\/blogg-8-sidor\/\">Sidor<\/a><\/strong><\/span><\/li>\n<li><span style=\"color: #800080;\"><strong><a href=\"http:\/\/blogg.folkuniversitetet.nu\/itkorkort\/blogg\/blogg-9-menyer\/\">Menyer<\/a><\/strong><\/span><\/li>\n<li><strong><a href=\"http:\/\/blogg.folkuniversitetet.nu\/itkorkort\/blogg\/blogg-10-rss-eller-subscribe-by-email\/\">RSS eller &#8221;Subscribe by Email&#8221;<\/a><\/strong><\/li>\n<li><a href=\"http:\/\/blogg.folkuniversitetet.nu\/itkorkort\/blogg\/blogg-11-add-google-file\/\"><strong>Add Google File<\/strong><\/a><\/li>\n<\/ol>\n","protected":false},"excerpt":{"rendered":"<p>Bloggning f\u00f6r nyb\u00f6rjare med WordPress &#8211; Kursplan Introduktion Att komma ig\u00e5ng Personalisering din internetn\u00e4rvaro (+ widgets) Inl\u00e4gg, Kategorier och Taggar L\u00e4nkar Infoga Bilder Embed video-och ljud filer Sidor Menyer RSS eller &#8221;Subscribe by Email&#8221; Add Google File<\/p>\n","protected":false},"author":2,"featured_media":0,"parent":0,"menu_order":0,"comment_status":"closed","ping_status":"closed","template":"","meta":{"footnotes":""},"class_list":["post-22","page","type-page","status-publish","hentry"],"_links":{"self":[{"href":"https:\/\/blogg.folkuniversitetet.nu\/itkorkort\/wp-json\/wp\/v2\/pages\/22","targetHints":{"allow":["GET"]}}],"collection":[{"href":"https:\/\/blogg.folkuniversitetet.nu\/itkorkort\/wp-json\/wp\/v2\/pages"}],"about":[{"href":"https:\/\/blogg.folkuniversitetet.nu\/itkorkort\/wp-json\/wp\/v2\/types\/page"}],"author":[{"embeddable":true,"href":"https:\/\/blogg.folkuniversitetet.nu\/itkorkort\/wp-json\/wp\/v2\/users\/2"}],"replies":[{"embeddable":true,"href":"https:\/\/blogg.folkuniversitetet.nu\/itkorkort\/wp-json\/wp\/v2\/comments?post=22"}],"version-history":[{"count":24,"href":"https:\/\/blogg.folkuniversitetet.nu\/itkorkort\/wp-json\/wp\/v2\/pages\/22\/revisions"}],"predecessor-version":[{"id":540,"href":"https:\/\/blogg.folkuniversitetet.nu\/itkorkort\/wp-json\/wp\/v2\/pages\/22\/revisions\/540"}],"wp:attachment":[{"href":"https:\/\/blogg.folkuniversitetet.nu\/itkorkort\/wp-json\/wp\/v2\/media?parent=22"}],"curies":[{"name":"wp","href":"https:\/\/api.w.org\/{rel}","templated":true}]}}